{"id":7772,"date":"2022-02-14T21:06:12","date_gmt":"2022-02-14T21:06:12","guid":{"rendered":"https:\/\/magichoney.com\/product\/magic-honey-caixa\/"},"modified":"2024-08-01T07:32:48","modified_gmt":"2024-08-01T07:32:48","slug":"magic-honey-caixa","status":"publish","type":"product","link":"https:\/\/magichoney.com\/pt-br\/produto\/magic-honey-caixa\/","title":{"rendered":"Caixa de Mel M\u00e1gico &#8211; Caixa com 24 sach\u00eas (10 gramas cada)"},"content":{"rendered":"<p><span style=\"font-weight: 400; color: #000000;\">24 sach\u00eas de Mel Energizante 100% Natural.<\/span><\/p>\n<ul>\n<li style=\"font-weight: 400;\" aria-level=\"1\"><span style=\"font-weight: 400; color: #000000;\">97% mel puro<\/span><\/li>\n<li style=\"font-weight: 400;\" aria-level=\"1\"><span style=\"font-weight: 400; color: #000000;\">1% Tongkat Ali<\/span><\/li>\n<li style=\"font-weight: 400;\" aria-level=\"1\"><span style=\"font-weight: 400; color: #000000;\">1% guaran\u00e1<\/span><\/li>\n<li style=\"font-weight: 400;\" aria-level=\"1\"><span style=\"font-weight: 400; color: #000000;\">1% canela<\/span><\/li>\n<\/ul>\n<p><span style=\"color: #000000;\"><b>Benef\u00edcios:<\/b><\/span><\/p>\n<ul>\n<li style=\"font-weight: 400;\" aria-level=\"1\"><span style=\"font-weight: 400; color: #000000;\"><strong>Enhancer:<\/strong> Leve suas qualidades ao m\u00e1ximo.<\/span><\/li>\n<li style=\"font-weight: 400;\" aria-level=\"1\"><span style=\"font-weight: 400; color: #000000;\"><strong>Imunizante:<\/strong> Fortalece seu sistema imunol\u00f3gico naturalmente<\/span><\/li>\n<li style=\"font-weight: 400;\" aria-level=\"1\"><span style=\"font-weight: 400; color: #000000;\"><strong>Energizante:<\/strong> obtenha pot\u00eancia e energia extras com cada disparo <\/span><\/li>\n<\/ul>\n<p><span style=\"font-weight: 400; color: #000000;\">Nossa f\u00f3rmula aumenta a energia do corpo por at\u00e9 72 horas<\/span><\/p>\n<p><span style=\"color: #000000;\"><b>Como usar<\/b><\/span><\/p>\n<p><span style=\"font-weight: 400; color: #000000;\">Pode ser consumido diretamente do sach\u00ea como uma dose de for\u00e7a e energia, voc\u00ea pode adicion\u00e1-lo aos seus sucos e funciona perfeitamente como ado\u00e7ante natural, voc\u00ea pode colocar o mel diretamente em seus alimentos favoritos. Cada saqueta de Mel M\u00e1gico 100% Mel Energizante Natural ter\u00e1 um efeito de 72 horas, pelo que n\u00e3o deve ser ultrapassado o consumo m\u00e1ximo de 2 saquetas por semana.<\/span><\/p>\n","protected":false},"excerpt":{"rendered":"<p><span style=\"font-weight: 400; color: #000000;\">Mistura perfeita entre a natureza e a ci\u00eancia, respondendo assim \u00e0s necessidades energ\u00e9ticas do homem, melhorando o seu desempenho sexual e fortalecendo o seu sistema imunit\u00e1rio.<\/span><\/p>\n","protected":false},"featured_media":8816,"comment_status":"open","ping_status":"closed","template":"","meta":[],"product_brand":[],"product_cat":[83],"product_tag":[],"class_list":{"0":"post-7772","1":"product","2":"type-product","3":"status-publish","4":"has-post-thumbnail","6":"product_cat-magic-honey-pt-br","7":"product_shipping_class-magic-honey-caixa","9":"first","10":"outofstock","11":"taxable","12":"shipping-taxable","13":"purchasable","14":"product-type-simple"},"_links":{"self":[{"href":"https:\/\/magichoney.com\/pt-br\/wp-json\/wp\/v2\/product\/7772","targetHints":{"allow":["GET"]}}],"collection":[{"href":"https:\/\/magichoney.com\/pt-br\/wp-json\/wp\/v2\/product"}],"about":[{"href":"https:\/\/magichoney.com\/pt-br\/wp-json\/wp\/v2\/types\/product"}],"replies":[{"embeddable":true,"href":"https:\/\/magichoney.com\/pt-br\/wp-json\/wp\/v2\/comments?post=7772"}],"version-history":[{"count":2,"href":"https:\/\/magichoney.com\/pt-br\/wp-json\/wp\/v2\/product\/7772\/revisions"}],"predecessor-version":[{"id":15407,"href":"https:\/\/magichoney.com\/pt-br\/wp-json\/wp\/v2\/product\/7772\/revisions\/15407"}],"wp:featuredmedia":[{"embeddable":true,"href":"https:\/\/magichoney.com\/pt-br\/wp-json\/wp\/v2\/media\/8816"}],"wp:attachment":[{"href":"https:\/\/magichoney.com\/pt-br\/wp-json\/wp\/v2\/media?parent=7772"}],"wp:term":[{"taxonomy":"product_brand","embeddable":true,"href":"https:\/\/magichoney.com\/pt-br\/wp-json\/wp\/v2\/product_brand?post=7772"},{"taxonomy":"product_cat","embeddable":true,"href":"https:\/\/magichoney.com\/pt-br\/wp-json\/wp\/v2\/product_cat?post=7772"},{"taxonomy":"product_tag","embeddable":true,"href":"https:\/\/magichoney.com\/pt-br\/wp-json\/wp\/v2\/product_tag?post=7772"}],"curies":[{"name":"wp","href":"https:\/\/api.w.org\/{rel}","templated":true}]}}