{"id":13943,"date":"2022-02-14T21:12:21","date_gmt":"2022-02-14T21:12:21","guid":{"rendered":"https:\/\/magichoney.com\/product\/atraso-magico\/"},"modified":"2024-02-16T00:01:25","modified_gmt":"2024-02-16T00:01:25","slug":"atraso-magico","status":"publish","type":"product","link":"https:\/\/magichoney.com\/pt-br\/produto\/atraso-magico\/","title":{"rendered":"Magic Delay &#8211; Caixa com 12 Toalhetes"},"content":{"rendered":"<ul>\n<li style=\"font-weight: 400;\" aria-level=\"1\"><span style=\"font-weight: 400; color: #000000;\">12 toalhetes completos para energizar magicamente o seu tempo.<\/span><\/li>\n<li style=\"font-weight: 400;\" aria-level=\"1\"><span style=\"font-weight: 400; color: #000000;\">100% Org\u00e2nico, sem efeitos colaterais.<\/span><\/li>\n<li style=\"font-weight: 400;\" aria-level=\"1\"><span style=\"font-weight: 400; color: #000000;\">1 caixa de Magic Delay cont\u00e9m 12 len\u00e7os umedecidos no total.<\/span><\/li>\n<\/ul>\n<p><span style=\"color: #000000;\"><b>Benef\u00edcios:<\/b><\/span><\/p>\n<ul>\n<li style=\"font-weight: 400;\" aria-level=\"1\"><span style=\"font-weight: 400; color: #000000;\">Proporciona maior dura\u00e7\u00e3o em suas reuni\u00f5es<\/span><\/li>\n<li style=\"font-weight: 400;\" aria-level=\"1\"><span style=\"font-weight: 400; color: #000000;\">100% Org\u00e2nico<\/span><\/li>\n<li style=\"font-weight: 400;\" aria-level=\"1\"><span style=\"font-weight: 400; color: #000000;\">Sem efeitos colaterais<\/span><\/li>\n<li style=\"font-weight: 400;\" aria-level=\"1\"><span style=\"font-weight: 400; color: #000000;\">Aplica\u00e7\u00e3o discreta<\/span><\/li>\n<\/ul>\n<p><span style=\"color: #000000;\"><b>Como usar<\/b><\/span><\/p>\n<p><span style=\"font-weight: 400; color: #000000;\">Toalhetes para homem, s\u00e3o um impulsionador da resist\u00eancia que o ajuda a durar mais e a aproveitar o momento. Ideal para divers\u00e3o de casais, suave e f\u00e1cil de usar, ajuda voc\u00ea a controlar quanto tempo deseja durar.<\/span><\/p>\n","protected":false},"excerpt":{"rendered":"<p><span style=\"font-weight: 400; color: #000000;\">12 toalhetes para aumentar magicamente o seu tempo. 100% org\u00e2nico sem efeitos colaterais.<\/span><\/p>\n","protected":false},"featured_media":8810,"comment_status":"open","ping_status":"closed","template":"","meta":[],"product_brand":[],"product_cat":[83],"product_tag":[],"class_list":{"0":"post-13943","1":"product","2":"type-product","3":"status-publish","4":"has-post-thumbnail","6":"product_cat-magic-honey-pt-br","7":"product_shipping_class-caixa-de-atraso-de-mel-magico","9":"first","10":"outofstock","11":"taxable","12":"shipping-taxable","13":"purchasable","14":"product-type-simple"},"_links":{"self":[{"href":"https:\/\/magichoney.com\/pt-br\/wp-json\/wp\/v2\/product\/13943","targetHints":{"allow":["GET"]}}],"collection":[{"href":"https:\/\/magichoney.com\/pt-br\/wp-json\/wp\/v2\/product"}],"about":[{"href":"https:\/\/magichoney.com\/pt-br\/wp-json\/wp\/v2\/types\/product"}],"replies":[{"embeddable":true,"href":"https:\/\/magichoney.com\/pt-br\/wp-json\/wp\/v2\/comments?post=13943"}],"version-history":[{"count":1,"href":"https:\/\/magichoney.com\/pt-br\/wp-json\/wp\/v2\/product\/13943\/revisions"}],"predecessor-version":[{"id":15405,"href":"https:\/\/magichoney.com\/pt-br\/wp-json\/wp\/v2\/product\/13943\/revisions\/15405"}],"wp:featuredmedia":[{"embeddable":true,"href":"https:\/\/magichoney.com\/pt-br\/wp-json\/wp\/v2\/media\/8810"}],"wp:attachment":[{"href":"https:\/\/magichoney.com\/pt-br\/wp-json\/wp\/v2\/media?parent=13943"}],"wp:term":[{"taxonomy":"product_brand","embeddable":true,"href":"https:\/\/magichoney.com\/pt-br\/wp-json\/wp\/v2\/product_brand?post=13943"},{"taxonomy":"product_cat","embeddable":true,"href":"https:\/\/magichoney.com\/pt-br\/wp-json\/wp\/v2\/product_cat?post=13943"},{"taxonomy":"product_tag","embeddable":true,"href":"https:\/\/magichoney.com\/pt-br\/wp-json\/wp\/v2\/product_tag?post=13943"}],"curies":[{"name":"wp","href":"https:\/\/api.w.org\/{rel}","templated":true}]}}