{"id":13941,"date":"2023-11-05T13:37:57","date_gmt":"2023-11-05T13:37:57","guid":{"rendered":"https:\/\/magichoney.com\/product\/bolha-de-3-mulheres\/"},"modified":"2024-02-16T00:01:25","modified_gmt":"2024-02-16T00:01:25","slug":"blister-de-3-mulheres","status":"publish","type":"product","link":"https:\/\/magichoney.com\/pt-br\/produto\/blister-de-3-mulheres\/","title":{"rendered":"Blister de 3 para mulheres (10 gr cada)"},"content":{"rendered":"<p><span style=\"color: #000000;\">3 saquetas de Mel Energizante 100% Natural para mulheres.<\/span><\/p>\n<p><span style=\"color: #000000;\"><strong>Benef\u00edcios:<\/strong><\/span><\/p>\n<ul>\n<li><span style=\"color: #000000;\"><strong>Resist\u00eancia:<\/strong> Mant\u00e9m voc\u00ea em constante movimento.<\/span><\/li>\n<li><span style=\"color: #000000;\"><strong>Imunizante:<\/strong> Fortalece o sistema imunol\u00f3gico naturalmente.<\/span><\/li>\n<li><span style=\"color: #000000;\"><strong>Energizando:<\/strong> Obtenha energia constante e sustent\u00e1vel.<\/span><\/li>\n<\/ul>\n<p><span style=\"color: #000000;\"><strong>Como usar?<\/strong><\/span><br \/>\n<span style=\"color: #000000;\">Pode ser consumido direto do sach\u00ea como uma dose de for\u00e7a e energia, voc\u00ea pode adicion\u00e1-lo aos seus sucos e funciona perfeitamente como ado\u00e7ante natural, voc\u00ea pode colocar o mel diretamente nos seus alimentos preferidos.<\/span><\/p>\n","protected":false},"excerpt":{"rendered":"<p><span style=\"font-weight: 400; color: #000000;\">Para mulheres que desejam manter-se ativas e com vitalidade durante longos per\u00edodos de atividade, o Blister de 3 Sach\u00eas de Mel M\u00e1gico \u00e9 a escolha ideal. Este pack fornece-lhe uma fonte constante de energia, permitindo-lhe desfrutar de cada momento sem se cansar.<\/span><\/p>\n","protected":false},"featured_media":12573,"comment_status":"closed","ping_status":"closed","template":"","meta":[],"product_brand":[],"product_cat":[83],"product_tag":[],"class_list":{"0":"post-13941","1":"product","2":"type-product","3":"status-publish","4":"has-post-thumbnail","6":"product_cat-magic-honey-pt-br","7":"product_shipping_class-blister-de-mel-magico","9":"first","10":"outofstock","11":"taxable","12":"shipping-taxable","13":"purchasable","14":"product-type-simple"},"_links":{"self":[{"href":"https:\/\/magichoney.com\/pt-br\/wp-json\/wp\/v2\/product\/13941","targetHints":{"allow":["GET"]}}],"collection":[{"href":"https:\/\/magichoney.com\/pt-br\/wp-json\/wp\/v2\/product"}],"about":[{"href":"https:\/\/magichoney.com\/pt-br\/wp-json\/wp\/v2\/types\/product"}],"replies":[{"embeddable":true,"href":"https:\/\/magichoney.com\/pt-br\/wp-json\/wp\/v2\/comments?post=13941"}],"version-history":[{"count":3,"href":"https:\/\/magichoney.com\/pt-br\/wp-json\/wp\/v2\/product\/13941\/revisions"}],"predecessor-version":[{"id":16082,"href":"https:\/\/magichoney.com\/pt-br\/wp-json\/wp\/v2\/product\/13941\/revisions\/16082"}],"wp:featuredmedia":[{"embeddable":true,"href":"https:\/\/magichoney.com\/pt-br\/wp-json\/wp\/v2\/media\/12573"}],"wp:attachment":[{"href":"https:\/\/magichoney.com\/pt-br\/wp-json\/wp\/v2\/media?parent=13941"}],"wp:term":[{"taxonomy":"product_brand","embeddable":true,"href":"https:\/\/magichoney.com\/pt-br\/wp-json\/wp\/v2\/product_brand?post=13941"},{"taxonomy":"product_cat","embeddable":true,"href":"https:\/\/magichoney.com\/pt-br\/wp-json\/wp\/v2\/product_cat?post=13941"},{"taxonomy":"product_tag","embeddable":true,"href":"https:\/\/magichoney.com\/pt-br\/wp-json\/wp\/v2\/product_tag?post=13941"}],"curies":[{"name":"wp","href":"https:\/\/api.w.org\/{rel}","templated":true}]}}