{"id":13940,"date":"2023-11-05T13:58:25","date_gmt":"2023-11-05T13:58:25","guid":{"rendered":"https:\/\/magichoney.com\/product\/caixa-de-24-mulheres\/"},"modified":"2024-02-16T00:01:25","modified_gmt":"2024-02-16T00:01:25","slug":"caixa-de-24-mulheres","status":"publish","type":"product","link":"https:\/\/magichoney.com\/pt-br\/produto\/caixa-de-24-mulheres\/","title":{"rendered":"Caixa de Mel M\u00e1gico de 24 sach\u00eas femininos (10 gramas cada)"},"content":{"rendered":"<p><span style=\"color: #000000;\">24 sach\u00eas de Mel Energizante 100% Natural para mulheres.<\/span><\/p>\n<p><span style=\"color: #000000;\"><strong>Benef\u00edcios:<\/strong><\/span><\/p>\n<ul>\n<li><span style=\"color: #000000;\"><strong>Resist\u00eancia:<\/strong> Mant\u00e9m voc\u00ea em constante movimento.<\/span><\/li>\n<li><span style=\"color: #000000;\"><strong>Imunizante:<\/strong> Fortalece o sistema imunol\u00f3gico naturalmente.<\/span><\/li>\n<li><span style=\"color: #000000;\"><strong>Energizante:<\/strong> Obtenha energia constante e sustent\u00e1vel.<\/span><\/li>\n<\/ul>\n<p><span style=\"color: #000000;\"><strong>Como usar?<\/strong><\/span><br \/>\n<span style=\"color: #000000;\">Pode ser consumido direto do sach\u00ea como uma dose de for\u00e7a e energia, voc\u00ea pode adicion\u00e1-lo aos seus sucos e funciona perfeitamente como ado\u00e7ante natural, voc\u00ea pode colocar o mel diretamente nos seus alimentos preferidos.<\/span><\/p>\n","protected":false},"excerpt":{"rendered":"<p><span style=\"font-weight: 400; color: #000000;\">Recupere a sua vitalidade com Magic Honey para mulher. Nossa f\u00f3rmula especial combina a ess\u00eancia da natureza e da nanotecnologia para proporcionar energia renovada e bem-estar em meio \u00e0 agita\u00e7\u00e3o da vida moderna.<\/span><\/p>\n","protected":false},"featured_media":12582,"comment_status":"open","ping_status":"closed","template":"","meta":[],"product_brand":[],"product_cat":[83],"product_tag":[],"class_list":{"0":"post-13940","1":"product","2":"type-product","3":"status-publish","4":"has-post-thumbnail","6":"product_cat-magic-honey-pt-br","7":"product_shipping_class-magic-honey-caixa","9":"first","10":"outofstock","11":"taxable","12":"shipping-taxable","13":"purchasable","14":"product-type-simple"},"_links":{"self":[{"href":"https:\/\/magichoney.com\/pt-br\/wp-json\/wp\/v2\/product\/13940","targetHints":{"allow":["GET"]}}],"collection":[{"href":"https:\/\/magichoney.com\/pt-br\/wp-json\/wp\/v2\/product"}],"about":[{"href":"https:\/\/magichoney.com\/pt-br\/wp-json\/wp\/v2\/types\/product"}],"replies":[{"embeddable":true,"href":"https:\/\/magichoney.com\/pt-br\/wp-json\/wp\/v2\/comments?post=13940"}],"version-history":[{"count":2,"href":"https:\/\/magichoney.com\/pt-br\/wp-json\/wp\/v2\/product\/13940\/revisions"}],"predecessor-version":[{"id":15396,"href":"https:\/\/magichoney.com\/pt-br\/wp-json\/wp\/v2\/product\/13940\/revisions\/15396"}],"wp:featuredmedia":[{"embeddable":true,"href":"https:\/\/magichoney.com\/pt-br\/wp-json\/wp\/v2\/media\/12582"}],"wp:attachment":[{"href":"https:\/\/magichoney.com\/pt-br\/wp-json\/wp\/v2\/media?parent=13940"}],"wp:term":[{"taxonomy":"product_brand","embeddable":true,"href":"https:\/\/magichoney.com\/pt-br\/wp-json\/wp\/v2\/product_brand?post=13940"},{"taxonomy":"product_cat","embeddable":true,"href":"https:\/\/magichoney.com\/pt-br\/wp-json\/wp\/v2\/product_cat?post=13940"},{"taxonomy":"product_tag","embeddable":true,"href":"https:\/\/magichoney.com\/pt-br\/wp-json\/wp\/v2\/product_tag?post=13940"}],"curies":[{"name":"wp","href":"https:\/\/api.w.org\/{rel}","templated":true}]}}