{"id":4900,"date":"2022-06-16T00:38:55","date_gmt":"2022-06-16T00:38:55","guid":{"rendered":"https:\/\/magichoney.com\/celebrities\/"},"modified":"2025-07-22T20:22:04","modified_gmt":"2025-07-22T20:22:04","slug":"celebridades","status":"publish","type":"page","link":"https:\/\/magichoney.com\/pt-br\/celebridades\/","title":{"rendered":"Celebridades"},"content":{"rendered":"\t\t<div data-elementor-type=\"wp-page\" data-elementor-id=\"4900\" class=\"elementor elementor-4900 elementor-3493\" data-elementor-post-type=\"page\">\n\t\t\t\t<div class=\"elementor-element elementor-element-408c833e e-flex e-con-boxed e-con e-parent\" data-id=\"408c833e\" data-element_type=\"container\" data-e-type=\"container\" data-settings=\"{&quot;background_background&quot;:&quot;classic&quot;}\">\n\t\t\t\t\t<div class=\"e-con-inner\">\n\t\t<div class=\"elementor-element elementor-element-31d5a1c6 e-con-full e-flex e-con e-child\" data-id=\"31d5a1c6\" data-element_type=\"container\" data-e-type=\"container\">\n\t\t\t\t<div class=\"elementor-element elementor-element-7b487f6c elementor-widget elementor-widget-image\" data-id=\"7b487f6c\" data-element_type=\"widget\" data-e-type=\"widget\" data-widget_type=\"image.default\">\n\t\t\t\t<div class=\"elementor-widget-container\">\n\t\t\t\t\t\t\t\t\t\t\t\t\t\t\t\t<a href=\"https:\/\/magichoney.com\/pt-br\/jailyne-ojeda\/\">\n\t\t\t\t\t\t\t<img fetchpriority=\"high\" decoding=\"async\" width=\"703\" height=\"600\" src=\"https:\/\/magichoney.com\/wp-content\/uploads\/2023\/11\/Jailyne-Ojeda-2.jpg\" class=\"attachment-large size-large wp-image-14955\" alt=\"\" srcset=\"https:\/\/magichoney.com\/wp-content\/uploads\/2023\/11\/Jailyne-Ojeda-2.jpg.webp 703w, https:\/\/magichoney.com\/wp-content\/uploads\/2023\/11\/Jailyne-Ojeda-2-300x256.jpg.webp 300w, https:\/\/magichoney.com\/wp-content\/uploads\/2023\/11\/Jailyne-Ojeda-2-600x512.jpg.webp 600w\" sizes=\"(max-width: 703px) 100vw, 703px\" \/>\t\t\t\t\t\t\t\t<\/a>\n\t\t\t\t\t\t\t\t\t\t\t\t\t\t\t<\/div>\n\t\t\t\t<\/div>\n\t\t\t\t<\/div>\n\t\t<div class=\"elementor-element elementor-element-10fb7b29 e-con-full e-flex e-con e-child\" data-id=\"10fb7b29\" data-element_type=\"container\" data-e-type=\"container\">\n\t\t\t\t<div class=\"elementor-element elementor-element-10632f35 elementor-widget elementor-widget-heading\" data-id=\"10632f35\" data-element_type=\"widget\" data-e-type=\"widget\" data-widget_type=\"heading.default\">\n\t\t\t\t<div class=\"elementor-widget-container\">\n\t\t\t\t\t<h1 class=\"elementor-heading-title elementor-size-default\"><a href=\"https:\/\/magichoney.com\/pt-br\/jailyne-ojeda\/\">JAILYNE OJEDA<\/a><\/h1>\t\t\t\t<\/div>\n\t\t\t\t<\/div>\n\t\t\t\t<div class=\"elementor-element elementor-element-57008341 elementor-widget elementor-widget-text-editor\" data-id=\"57008341\" data-element_type=\"widget\" data-e-type=\"widget\" data-widget_type=\"text-editor.default\">\n\t\t\t\t<div class=\"elementor-widget-container\">\n\t\t\t\t\t\t\t\t\t<p><strong>A modelo americana tend\u00eancia nas redes sociais junta-se ao Magic Honey para apresentar esta linha de Magic Honey By Jailyne Ojeda, um mel energizante que o levar\u00e1 a atingir a sua pot\u00eancia m\u00e1xima.<\/strong><\/p><p>Jailyne Ojeda\u00a0\u00e9 uma modelo fitness, influenciadora e empres\u00e1ria americana, nasceu na Calif\u00f3rnia, Estados Unidos e desde muito jovem come\u00e7ou a revolucionar as redes sociais com sua figura e beleza espetaculares. O mel energizante 100% natural de Jailyne Ojeda Magic Honey ser\u00e1 o vitalizante que preencher\u00e1 seus dias de energia, paix\u00e3o e sensualidade.<\/p>\t\t\t\t\t\t\t\t<\/div>\n\t\t\t\t<\/div>\n\t\t\t\t<\/div>\n\t\t\t\t\t<\/div>\n\t\t\t\t<\/div>\n\t\t<div class=\"elementor-element elementor-element-19e8da7a e-flex e-con-boxed e-con e-parent\" data-id=\"19e8da7a\" data-element_type=\"container\" data-e-type=\"container\" data-settings=\"{&quot;background_background&quot;:&quot;classic&quot;}\">\n\t\t\t\t\t<div class=\"e-con-inner\">\n\t\t<div class=\"elementor-element elementor-element-4332f19b e-con-full e-flex e-con e-child\" data-id=\"4332f19b\" data-element_type=\"container\" data-e-type=\"container\">\n\t\t\t\t<\/div>\n\t\t<div class=\"elementor-element elementor-element-643d53e4 e-con-full e-flex e-con e-child\" data-id=\"643d53e4\" data-element_type=\"container\" data-e-type=\"container\">\n\t\t\t\t<div class=\"elementor-element elementor-element-1b1ae6ed elementor-widget elementor-widget-image\" data-id=\"1b1ae6ed\" data-element_type=\"widget\" data-e-type=\"widget\" data-widget_type=\"image.default\">\n\t\t\t\t<div class=\"elementor-widget-container\">\n\t\t\t\t\t\t\t\t\t\t\t\t\t\t\t<img decoding=\"async\" width=\"800\" height=\"800\" src=\"https:\/\/magichoney.com\/wp-content\/uploads\/2022\/07\/Stephany-Gonzalez-1.png\" class=\"attachment-large size-large wp-image-4458\" alt=\"Stephany-Gonzalez\" srcset=\"https:\/\/magichoney.com\/wp-content\/uploads\/2022\/07\/Stephany-Gonzalez-1.png.webp 800w, https:\/\/magichoney.com\/wp-content\/uploads\/2022\/07\/Stephany-Gonzalez-1-300x300.png.webp 300w, https:\/\/magichoney.com\/wp-content\/uploads\/2022\/07\/Stephany-Gonzalez-1-150x150.png.webp 150w, https:\/\/magichoney.com\/wp-content\/uploads\/2022\/07\/Stephany-Gonzalez-1-768x768.png.webp 768w, https:\/\/magichoney.com\/wp-content\/uploads\/2022\/07\/Stephany-Gonzalez-1-100x100.png.webp 100w, https:\/\/magichoney.com\/wp-content\/uploads\/2022\/07\/Stephany-Gonzalez-1-140x140.png.webp 140w, https:\/\/magichoney.com\/wp-content\/uploads\/2022\/07\/Stephany-Gonzalez-1-500x500.png.webp 500w, https:\/\/magichoney.com\/wp-content\/uploads\/2022\/07\/Stephany-Gonzalez-1-350x350.png.webp 350w, https:\/\/magichoney.com\/wp-content\/uploads\/2022\/07\/Stephany-Gonzalez-1-600x600.png.webp 600w\" sizes=\"(max-width: 800px) 100vw, 800px\" \/>\t\t\t\t\t\t\t\t\t\t\t\t\t\t\t<\/div>\n\t\t\t\t<\/div>\n\t\t\t\t<\/div>\n\t\t<div class=\"elementor-element elementor-element-438abf0f e-con-full e-flex e-con e-child\" data-id=\"438abf0f\" data-element_type=\"container\" data-e-type=\"container\">\n\t\t\t\t<\/div>\n\t\t\t\t\t<\/div>\n\t\t\t\t<\/div>\n\t\t<div class=\"elementor-element elementor-element-78dfafa2 e-flex e-con-boxed e-con e-parent\" data-id=\"78dfafa2\" data-element_type=\"container\" data-e-type=\"container\" data-settings=\"{&quot;background_background&quot;:&quot;classic&quot;}\">\n\t\t\t\t\t<div class=\"e-con-inner\">\n\t\t<div class=\"elementor-element elementor-element-2146c169 e-con-full e-flex e-con e-child\" data-id=\"2146c169\" data-element_type=\"container\" data-e-type=\"container\">\n\t\t\t\t<div class=\"elementor-element elementor-element-6d809767 elementor-widget__width-inherit elementor-view-default elementor-widget elementor-widget-icon\" data-id=\"6d809767\" data-element_type=\"widget\" data-e-type=\"widget\" data-widget_type=\"icon.default\">\n\t\t\t\t<div class=\"elementor-widget-container\">\n\t\t\t\t\t\t\t<div class=\"elementor-icon-wrapper\">\n\t\t\t<div class=\"elementor-icon\">\n\t\t\t<svg aria-hidden=\"true\" class=\"e-font-icon-svg e-fab-instagram\" viewBox=\"0 0 448 512\" xmlns=\"http:\/\/www.w3.org\/2000\/svg\"><path d=\"M224.1 141c-63.6 0-114.9 51.3-114.9 114.9s51.3 114.9 114.9 114.9S339 319.5 339 255.9 287.7 141 224.1 141zm0 189.6c-41.1 0-74.7-33.5-74.7-74.7s33.5-74.7 74.7-74.7 74.7 33.5 74.7 74.7-33.6 74.7-74.7 74.7zm146.4-194.3c0 14.9-12 26.8-26.8 26.8-14.9 0-26.8-12-26.8-26.8s12-26.8 26.8-26.8 26.8 12 26.8 26.8zm76.1 27.2c-1.7-35.9-9.9-67.7-36.2-93.9-26.2-26.2-58-34.4-93.9-36.2-37-2.1-147.9-2.1-184.9 0-35.8 1.7-67.6 9.9-93.9 36.1s-34.4 58-36.2 93.9c-2.1 37-2.1 147.9 0 184.9 1.7 35.9 9.9 67.7 36.2 93.9s58 34.4 93.9 36.2c37 2.1 147.9 2.1 184.9 0 35.9-1.7 67.7-9.9 93.9-36.2 26.2-26.2 34.4-58 36.2-93.9 2.1-37 2.1-147.8 0-184.8zM398.8 388c-7.8 19.6-22.9 34.7-42.6 42.6-29.5 11.7-99.5 9-132.1 9s-102.7 2.6-132.1-9c-19.6-7.8-34.7-22.9-42.6-42.6-11.7-29.5-9-99.5-9-132.1s-2.6-102.7 9-132.1c7.8-19.6 22.9-34.7 42.6-42.6 29.5-11.7 99.5-9 132.1-9s102.7-2.6 132.1 9c19.6 7.8 34.7 22.9 42.6 42.6 11.7 29.5 9 99.5 9 132.1s2.7 102.7-9 132.1z\"><\/path><\/svg>\t\t\t<\/div>\n\t\t<\/div>\n\t\t\t\t\t\t<\/div>\n\t\t\t\t<\/div>\n\t\t\t\t<\/div>\n\t\t<div class=\"elementor-element elementor-element-2b7f8b94 e-con-full e-flex e-con e-child\" data-id=\"2b7f8b94\" data-element_type=\"container\" data-e-type=\"container\">\n\t\t\t\t<div class=\"elementor-element elementor-element-388a6b86 elementor-widget elementor-widget-heading\" data-id=\"388a6b86\" data-element_type=\"widget\" data-e-type=\"widget\" data-widget_type=\"heading.default\">\n\t\t\t\t<div class=\"elementor-widget-container\">\n\t\t\t\t\t<h2 class=\"elementor-heading-title elementor-size-default\">STEPHANY GONZALEZ<\/h2>\t\t\t\t<\/div>\n\t\t\t\t<\/div>\n\t\t\t\t<\/div>\n\t\t\t\t\t<\/div>\n\t\t\t\t<\/div>\n\t\t\t\t<\/div>\n\t\t","protected":false},"excerpt":{"rendered":"<p>JAILYNE OJEDA A modelo americana tend\u00eancia nas redes sociais junta-se ao Magic Honey para apresentar esta linha de Magic Honey By Jailyne Ojeda, um mel energizante que o levar\u00e1 a atingir a sua pot\u00eancia m\u00e1xima. Jailyne Ojeda\u00a0\u00e9 uma modelo fitness, influenciadora e empres\u00e1ria americana, nasceu na Calif\u00f3rnia, Estados Unidos e desde muito jovem come\u00e7ou a &#8230; <a title=\"Celebridades\" class=\"read-more\" href=\"https:\/\/magichoney.com\/pt-br\/celebridades\/\" aria-label=\"Read more about Celebridades\">Ler mais<\/a><\/p>\n","protected":false},"author":1,"featured_media":0,"parent":0,"menu_order":0,"comment_status":"closed","ping_status":"closed","template":"elementor_header_footer","meta":{"footnotes":""},"class_list":["post-4900","page","type-page","status-publish"],"_links":{"self":[{"href":"https:\/\/magichoney.com\/pt-br\/wp-json\/wp\/v2\/pages\/4900","targetHints":{"allow":["GET"]}}],"collection":[{"href":"https:\/\/magichoney.com\/pt-br\/wp-json\/wp\/v2\/pages"}],"about":[{"href":"https:\/\/magichoney.com\/pt-br\/wp-json\/wp\/v2\/types\/page"}],"author":[{"embeddable":true,"href":"https:\/\/magichoney.com\/pt-br\/wp-json\/wp\/v2\/users\/1"}],"replies":[{"embeddable":true,"href":"https:\/\/magichoney.com\/pt-br\/wp-json\/wp\/v2\/comments?post=4900"}],"version-history":[{"count":5,"href":"https:\/\/magichoney.com\/pt-br\/wp-json\/wp\/v2\/pages\/4900\/revisions"}],"predecessor-version":[{"id":28346,"href":"https:\/\/magichoney.com\/pt-br\/wp-json\/wp\/v2\/pages\/4900\/revisions\/28346"}],"wp:attachment":[{"href":"https:\/\/magichoney.com\/pt-br\/wp-json\/wp\/v2\/media?parent=4900"}],"curies":[{"name":"wp","href":"https:\/\/api.w.org\/{rel}","templated":true}]}}