{"id":4889,"date":"2022-02-01T22:31:00","date_gmt":"2022-02-01T22:31:00","guid":{"rendered":"https:\/\/magichoney.com\/compra-cancelamento-e-reembolso\/"},"modified":"2023-11-09T20:28:04","modified_gmt":"2023-11-09T20:28:04","slug":"compra-cancelamento-e-reembolso","status":"publish","type":"page","link":"https:\/\/magichoney.com\/pt-br\/compra-cancelamento-e-reembolso\/","title":{"rendered":"Compra, cancelamento e reembolso"},"content":{"rendered":"\t\t<div data-elementor-type=\"wp-page\" data-elementor-id=\"4889\" class=\"elementor elementor-4889 elementor-61\" data-elementor-post-type=\"page\">\n\t\t\t\t<div class=\"elementor-element elementor-element-379dae20 e-flex e-con-boxed e-con e-parent\" data-id=\"379dae20\" data-element_type=\"container\" data-e-type=\"container\">\n\t\t\t\t\t<div class=\"e-con-inner\">\n\t\t\t\t<div class=\"elementor-element elementor-element-c474d54 elementor-widget elementor-widget-heading\" data-id=\"c474d54\" data-element_type=\"widget\" data-e-type=\"widget\" data-widget_type=\"heading.default\">\n\t\t\t\t<div class=\"elementor-widget-container\">\n\t\t\t\t\t<h1 class=\"elementor-heading-title elementor-size-default\">Compra, cancelamento e reembolso\n<\/h1>\t\t\t\t<\/div>\n\t\t\t\t<\/div>\n\t\t\t\t<div class=\"elementor-element elementor-element-20e961de elementor-widget elementor-widget-text-editor\" data-id=\"20e961de\" data-element_type=\"widget\" data-e-type=\"widget\" data-widget_type=\"text-editor.default\">\n\t\t\t\t<div class=\"elementor-widget-container\">\n\t\t\t\t\t\t\t\t\t<p>Pol\u00edticas 8 dias de garantia de devolu\u00e7\u00e3o do dinheiro e pol\u00edtica de reembolso<\/p><p>Na The Magic Team LLC, queremos ter certeza de que voc\u00ea est\u00e1 100% satisfeito com sua compra.<\/p><p>Se voc\u00ea tiver alguma d\u00favida t\u00e9cnica ou comercial, n\u00e3o hesite em nos contatar support@themagiconey.com<br \/>Se, depois de tentar resolver problemas com a equipe de suporte, voc\u00ea achar que os produtos que comprou n\u00e3o atendem \u00e0s suas necessidades, adorar\u00edamos ouvi-lo deu errado e como podemos melhorar, ent\u00e3o inclua detalhes sobre o motivo de sua solicita\u00e7\u00e3o de reembolso.<br \/>Nossa pol\u00edtica oferece reembolso total em at\u00e9 8 dias a partir da data da compra e com 80% do produto dispon\u00edvel n\u00e3o consumido<\/p><p>Produtos consumidos em quantidade superior a 20% n\u00e3o ser\u00e3o reembols\u00e1veis<br \/><strong>A Magic Team LLC<\/strong>e nosso checkout processam o reembolso imediatamente e fazem todos os esfor\u00e7os para reembolsar o mais r\u00e1pido poss\u00edvel. Sua institui\u00e7\u00e3o financeira pode levar at\u00e9 20 dias para que o reembolso seja refletido em sua conta banc\u00e1ria\/cart\u00e3o. Mais detalhes podem ser encontrados em<a href=\"https:\/\/stripe.com\/es-us\" target=\"_blank\" rel=\"noopener nofollow\">Stripe.com<\/a>\u00a0em Tempo de processamento de reembolso do cliente.<\/p><h2>pol\u00edticas de cancelamento<\/h2><p>Se voc\u00ea n\u00e3o estiver completamente satisfeito com sua compra em nosso site https:\/\/magiconey.com, voc\u00ea pode cancel\u00e1-la em at\u00e9 24 horas ap\u00f3s o pagamento.<\/p><p>Ap\u00f3s 24 horas o pedido \u00e9 processado e n\u00e3o ser\u00e1 poss\u00edvel cancel\u00e1-lo No entanto, voc\u00ea pode entrar em contato com support@themagiconey.com e solicitar o cancelamento, embora isso n\u00e3o seja garantido Voc\u00ea receber\u00e1 um e-mail confirmando se o cancelamento foi poss\u00edvel. . Os pedidos j\u00e1 enviados n\u00e3o podem ser cancelados, portanto, nenhuma das duas op\u00e7\u00f5es acima se aplica.<\/p><p>Observe que n\u00e3o \u00e9 poss\u00edvel reativar pedidos cancelados. Caso pretenda receber algum dos produtos que foram cancelados, ter\u00e1 de efetuar uma nova encomenda. Ao concluir o cancelamento, voc\u00ea receber\u00e1 um e-mail de confirma\u00e7\u00e3o no endere\u00e7o de e-mail associado \u00e0 sua conta.<\/p><p><strong>Nota: A quantidade m\u00e1xima de compras \u00e9 de 4 caixas, caso pretenda fazer uma encomenda superior dever\u00e1 efetuar outra compra.<\/strong><\/p><h2>Aviso Legal<\/h2><p>A venda e expedi\u00e7\u00e3o dos produtos est\u00e1 sujeita \u00e0 sua disponibilidade e s tock de produtos Quando o produto n\u00e3o estiver dispon\u00edvel, a MAGIC TEAM LLC notificar\u00e1 o cliente imediatamente e reembolsar\u00e1 o valor total do pre\u00e7o pago.<\/p>\t\t\t\t\t\t\t\t<\/div>\n\t\t\t\t<\/div>\n\t\t\t\t\t<\/div>\n\t\t\t\t<\/div>\n\t\t\t\t<\/div>\n\t\t","protected":false},"excerpt":{"rendered":"<p>Compra, cancelamento e reembolso Pol\u00edticas 8 dias de garantia de devolu\u00e7\u00e3o do dinheiro e pol\u00edtica de reembolso Na The Magic Team LLC, queremos ter certeza de que voc\u00ea est\u00e1 100% satisfeito com sua compra. Se voc\u00ea tiver alguma d\u00favida t\u00e9cnica ou comercial, n\u00e3o hesite em nos contatar support@themagiconey.comSe, depois de tentar resolver problemas com a &#8230; <a title=\"Compra, cancelamento e reembolso\" class=\"read-more\" href=\"https:\/\/magichoney.com\/pt-br\/compra-cancelamento-e-reembolso\/\" aria-label=\"Read more about Compra, cancelamento e reembolso\">Ler mais<\/a><\/p>\n","protected":false},"author":1,"featured_media":0,"parent":0,"menu_order":0,"comment_status":"closed","ping_status":"closed","template":"elementor_header_footer","meta":{"footnotes":""},"class_list":["post-4889","page","type-page","status-publish"],"_links":{"self":[{"href":"https:\/\/magichoney.com\/pt-br\/wp-json\/wp\/v2\/pages\/4889","targetHints":{"allow":["GET"]}}],"collection":[{"href":"https:\/\/magichoney.com\/pt-br\/wp-json\/wp\/v2\/pages"}],"about":[{"href":"https:\/\/magichoney.com\/pt-br\/wp-json\/wp\/v2\/types\/page"}],"author":[{"embeddable":true,"href":"https:\/\/magichoney.com\/pt-br\/wp-json\/wp\/v2\/users\/1"}],"replies":[{"embeddable":true,"href":"https:\/\/magichoney.com\/pt-br\/wp-json\/wp\/v2\/comments?post=4889"}],"version-history":[{"count":5,"href":"https:\/\/magichoney.com\/pt-br\/wp-json\/wp\/v2\/pages\/4889\/revisions"}],"predecessor-version":[{"id":15331,"href":"https:\/\/magichoney.com\/pt-br\/wp-json\/wp\/v2\/pages\/4889\/revisions\/15331"}],"wp:attachment":[{"href":"https:\/\/magichoney.com\/pt-br\/wp-json\/wp\/v2\/media?parent=4889"}],"curies":[{"name":"wp","href":"https:\/\/api.w.org\/{rel}","templated":true}]}}