{"id":4886,"date":"2022-02-01T22:20:03","date_gmt":"2022-02-01T22:20:03","guid":{"rendered":"https:\/\/magichoney.com\/politicas-de-cookies\/"},"modified":"2023-11-09T20:46:57","modified_gmt":"2023-11-09T20:46:57","slug":"politicas-de-cookies","status":"publish","type":"page","link":"https:\/\/magichoney.com\/pt-br\/politicas-de-cookies\/","title":{"rendered":"Pol\u00edticas de cookies"},"content":{"rendered":"\t\t<div data-elementor-type=\"wp-page\" data-elementor-id=\"4886\" class=\"elementor elementor-4886 elementor-50\" data-elementor-post-type=\"page\">\n\t\t\t\t<div class=\"elementor-element elementor-element-47543d8 e-flex e-con-boxed e-con e-parent\" data-id=\"47543d8\" data-element_type=\"container\" data-e-type=\"container\">\n\t\t\t\t\t<div class=\"e-con-inner\">\n\t\t\t\t<div class=\"elementor-element elementor-element-114a745 elementor-widget elementor-widget-heading\" data-id=\"114a745\" data-element_type=\"widget\" data-e-type=\"widget\" data-widget_type=\"heading.default\">\n\t\t\t\t<div class=\"elementor-widget-container\">\n\t\t\t\t\t<h1 class=\"elementor-heading-title elementor-size-default\">Pol\u00edticas de cookies\n<\/h1>\t\t\t\t<\/div>\n\t\t\t\t<\/div>\n\t\t\t\t<div class=\"elementor-element elementor-element-a96ea93 elementor-widget elementor-widget-text-editor\" data-id=\"a96ea93\" data-element_type=\"widget\" data-e-type=\"widget\" data-widget_type=\"text-editor.default\">\n\t\t\t\t<div class=\"elementor-widget-container\">\n\t\t\t\t\t\t\t\t\t<p>Considera\u00e7\u00f5es Preliminares<br \/>Usu\u00e1rio ser\u00e1 entendido como qualquer pessoa que navegue no site themagiconey.com a partir de agora, simplesmente o site.<\/p><p>Editor significa o propriet\u00e1rio do site, que \u00e9 MAGIC TEAM LLC e est\u00e1 identificado no aviso legal.<\/p><p>Os cookies utilizados no navegador do usu\u00e1rio foram instalados com sua autoriza\u00e7\u00e3o Se a qualquer momento desejar revogar esta autoriza\u00e7\u00e3o, poder\u00e1 faz\u00ea-lo sem impedimentos. Para isso, voc\u00ea pode consultar a se\u00e7\u00e3o Desativa\u00e7\u00e3o ou elimina\u00e7\u00e3o de cookies, que est\u00e1 descrita nestas pol\u00edticas.<\/p><p>O Editor \u00e9 totalmente livre para fazer quaisquer altera\u00e7\u00f5es que considere pertinentes ao site Para tal, pode adicionar sec\u00e7\u00f5es, funcionalidades ou qualquer elemento que possa gerar a utiliza\u00e7\u00e3o de novos cookies, pelo que se recomenda que o utilizador consulte esta pol\u00edtica de cookies sempre que aceda ao website, para estar a par de eventuais altera\u00e7\u00f5es que pode ter acontecido desde a \u00faltima visita.<\/p><p>Defini\u00e7\u00e3o e fun\u00e7\u00e3o dos cookies<br \/>Cookies s\u00e3o informa\u00e7\u00f5es que s\u00e3o armazenadas no navegador do usu\u00e1rio de um site para poder consultar a atividade anterior que ele teve, bem como para lembrar determinados dados para uma pr\u00f3xima visita. Eles tamb\u00e9m podem ser chamados de web beacons, pixels, bugs, trackers, mas para os fins destas pol\u00edticas, ser\u00e3o entendidos apenas como cookies.<\/p><p>Geralmente armazenam dados t\u00e9cnicos, estat\u00edsticas de uso, personaliza\u00e7\u00e3o de perfis, links para redes sociais, administra\u00e7\u00e3o de prefer\u00eancias pessoais, entre outras fun\u00e7\u00f5es, para poder adaptar o site \u00e0s necessidades e configura\u00e7\u00f5es do usu\u00e1rio, melhorando assim a experi\u00eancia . navega\u00e7\u00e3o, n\u00e3o aceit\u00e1-los pode prejudicar o servi\u00e7o que o site deseja oferecer.<\/p><p>Eles n\u00e3o s\u00e3o arquivos de v\u00edrus, spam, cavalos de Tr\u00f3ia, worms, spyware ou programa\u00e7\u00e3o publicit\u00e1ria est\u00e1tica na p\u00e1gina ou em formato pop-up.<\/p><p>As informa\u00e7\u00f5es armazenadas referem-se ao navegador (Internet Explorer, Safari, Chrome, Firefox, etc.), e n\u00e3o ao usu\u00e1rio, para verificar isso voc\u00ea pode entrar no mesmo dom\u00ednio web e verificar em dois navegadores diferentes que voc\u00ea pode configurar prefer\u00eancias diferentes em cada um<\/p><p>Tipos de cookies de acordo com a entidade que os gere<br \/>Os cookies podem ser:<br \/>Pr\u00f3prios: quando s\u00e3o administrados pelo editor do site. S\u00e3o enviados ao equipamento terminal do utilizador a partir de um computador ou dom\u00ednio gerido pelo pr\u00f3prio editor e a partir do qual \u00e9 prestado o servi\u00e7o solicitado pelo utilizador.<br \/>De terceiros: quando s\u00e3o geridos por uma pessoa singular ou colectiva que n\u00e3o o editor<br \/>Este site usa cookies pr\u00f3prios e de terceiros.<\/p><p>Tipos de cookies de acordo com sua finalidade<\/p><p>Dependendo da fun\u00e7\u00e3o que cumprem, os cookies podem ser:<\/p><p>T\u00e9cnico: Permitem a gest\u00e3o operacional do website, para que o utilizador possa navegar sem qualquer problema. Eles podem ajudar a controlar o tr\u00e1fego e a comunica\u00e7\u00e3o de dados, identificar a sess\u00e3o, acessar partes de acesso restrito, lembrar os elementos que comp\u00f5em um pedido, realizar o processo de compra de um produto ou servi\u00e7o, gerenciar pagamentos, controlar fraudes, fazer o pedido de registro ou participa\u00e7\u00e3o em um evento, utilizar elementos de seguran\u00e7a durante a navega\u00e7\u00e3o, armazenar conte\u00fado para divulga\u00e7\u00e3o de v\u00eddeos ou som, habilitar conte\u00fado din\u00e2mico (por exemplo, carregar anima\u00e7\u00e3o de um texto ou imagem) ou compartilhar conte\u00fado atrav\u00e9s de redes sociais, entre muitas outras fun\u00e7\u00f5es que pode tenho.<br \/>Prefer\u00eancias ou personaliza\u00e7\u00e3o: s\u00e3o aquelas que permitem lembrar informa\u00e7\u00f5es para que o usu\u00e1rio navegue no site com determinadas caracter\u00edsticas personalizadas, como, por exemplo, o idioma, o n\u00famero de resultados a serem exibidos quando o usu\u00e1rio realiza uma pesquisa, a apar\u00eancia ou o conte\u00fado do website dependendo do tipo de navegador do usu\u00e1rio, cores de fundo utilizadas, imagem de perfil, entre outros.<br \/>An\u00e1lise ou medi\u00e7\u00e3o: permitem monitorizar e analisar o comportamento dos utilizadores no website e noutros que s\u00e3o propriedade do gestor de cookies, por exemplo, o tempo que passam numa determinada p\u00e1gina, as horas e dias de maior tr\u00e1fego.<br \/>Publicidade comportamental: s\u00e3o aquelas que armazenam informa\u00e7\u00f5es sobre o comportamento dos usu\u00e1rios obtidas por meio da observa\u00e7\u00e3o cont\u00ednua de seus h\u00e1bitos de navega\u00e7\u00e3o, o que permite o desenvolvimento de um perfil espec\u00edfico para exibir publicidade com base nele. A inten\u00e7\u00e3o \u00e9 mostrar an\u00fancios relevantes e atrativos para o usu\u00e1rio.<br \/>Publicidade: S\u00e3o aquelas que permitem a gest\u00e3o, da forma mais eficiente poss\u00edvel, dos espa\u00e7os publicit\u00e1rios que o website disp\u00f5e, com base em crit\u00e9rios como o conte\u00fado editado ou a frequ\u00eancia com que os an\u00fancios s\u00e3o exibidos.<br \/>Este website utiliza cookies t\u00e9cnicos, de personaliza\u00e7\u00e3o, de an\u00e1lise, de publicidade e de publicidade comportamental.<\/p><p>Alguns cookies podem ser polivalentes, ou seja, cumprir 2 ou mais fun\u00e7\u00f5es.<\/p><p>Tipos de cookies de acordo com sua dura\u00e7\u00e3o:<\/p><p>Dependendo do per\u00edodo de tempo em que permanecem ativados no equipamento terminal, os cookies podem ser:<\/p><p>Sess\u00e3o: S\u00e3o um tipo de cookies projetados para coletar e armazenar dados enquanto o usu\u00e1rio acessa uma p\u00e1gina da web. Geralmente s\u00e3o usados \u200b\u200bpara armazenar informa\u00e7\u00f5es que s\u00f3 interessam guardar para a presta\u00e7\u00e3o do servi\u00e7o solicitado pelo usu\u00e1rio em uma \u00fanica ocasi\u00e3o e desaparecem ao final da sess\u00e3o, por exemplo, uma lista de produtos escolhidos, uma sele\u00e7\u00e3o espec\u00edfica de fotografias, etc<br \/>Persistentes: S\u00e3o um tipo de cookie em que os dados ainda s\u00e3o armazenados no terminal e podem ser acessados \u200b\u200be processados \u200b\u200bpor um per\u00edodo definido pelo respons\u00e1vel pelo cookie, e que pode variar de alguns minutos a v\u00e1rios anos.<br \/>Consequ\u00eancias da desativa\u00e7\u00e3o de cookies<\/p><p>A t\u00edtulo de exemplo, os poss\u00edveis efeitos de n\u00e3o autorizar o uso de cookies podem ser os seguintes:<\/p><p>Os produtos escolhidos na loja n\u00e3o ser\u00e3o carregados, pelo que n\u00e3o ser\u00e1 criado um carrinho de compras, impedindo a possibilidade de terminar com a aquisi\u00e7\u00e3o dos produtos pretendidos<br \/>Voc\u00ea n\u00e3o poder\u00e1 acessar a \u00e1rea do cliente, \u00e1rea pessoal ou qualquer outra que exija confirma\u00e7\u00e3o<br \/>Os dados necess\u00e1rios para analisar o site n\u00e3o ser\u00e3o coletados, impedindo o editor de saber como melhorar<br \/>Voc\u00ea n\u00e3o poder\u00e1 compartilhar o conte\u00fado do site em redes sociais como Facebook, Twitter, Instagram, entre outras.<br \/>Voc\u00ea n\u00e3o poder\u00e1 fazer coment\u00e1rios no blog<br \/>. Voc\u00ea n\u00e3o poder\u00e1 usar nenhuma rede social, pois todas usam cookies para poder oferecer seu servi\u00e7o.<br \/>A publicidade de terceiros pode n\u00e3o ser exibida, reduzindo a renda de quem usa essa modalidade<br \/>Em determinados sites de dom\u00ednio da web, sua navega\u00e7\u00e3o pode ser considerada spam porque voc\u00ea n\u00e3o pode ser identificado<br \/>V\u00e1rios. Esta lista \u00e9 meramente ilustrativa, n\u00e3o limitativa.<br \/>Se o usu\u00e1rio excluiu os cookies e deseja navegar novamente neste site, ele deve aceitar novamente os cookies.<\/p><p>Cookies usados \u200b\u200bneste site<\/p><p>Este website utiliza os seguintes cookies: t\u00e9cnico, personaliza\u00e7\u00e3o, an\u00e1lise, publicidade comportamental.<\/p><p>Utilizamos o plug-in GDPR Cookie Compliance, que ativa o cookie moove_gdpr_popup por tempo limitado, a fim de armazenar a inten\u00e7\u00e3o de consentimento do usu\u00e1rio em rela\u00e7\u00e3o \u00e0 instala\u00e7\u00e3o de cookies. Este cookie \u00e9 necess\u00e1rio para o bom funcionamento do site.<\/p><p>Os cookies utilizados por este site encontram-se detalhados abaixo, no entanto, devido \u00e0 impossibilidade t\u00e9cnica que isso possa gerar, os cookies utilizados por terceiros n\u00e3o podem ser mostrados com exatid\u00e3o, mas todos os esfor\u00e7os foram feitos para que o usu\u00e1rio tenha todas as informa\u00e7\u00f5es necess\u00e1rias.<\/p><p>Nome do Provedor Descri\u00e7\u00e3o Tipo de Dura\u00e7\u00e3o<br \/>moove_gdpr_popup themagiconey.com armazena o status de consentimento de cookies do usu\u00e1rio para o dom\u00ednio atual 30 dias necess\u00e1rios<br \/>Desativa\u00e7\u00e3o ou exclus\u00e3o de cookies<\/p><p>A qualquer momento o usu\u00e1rio pode exercer seu direito de recusar cookies e, consequentemente, desativ\u00e1-los ou exclu\u00ed-los, exceto aqueles necess\u00e1rios para o funcionamento do site.<\/p><p>O utilizador poder\u00e1 eliminar e\/ou bloquear cookies, para toda a navega\u00e7\u00e3o que realize ou para um dom\u00ednio web espec\u00edfico Esta configura\u00e7\u00e3o deve ser feita em cada navegador, se o fizer num navegador e n\u00e3o no resto do mesmo dispositivo, assumir-se-\u00e1 que nos restantes se aceitar a utiliza\u00e7\u00e3o de cookies . O Editor n\u00e3o pode realizar esta a\u00e7\u00e3o para o usu\u00e1rio, ela deve ser realizada de forma respons\u00e1vel e individualizada em cada navegador e\/ou dispositivo que assim o desejar.<\/p><p>Como cada navegador possui configura\u00e7\u00f5es diferentes, o usu\u00e1rio deve acessar a se\u00e7\u00e3o de ajuda de cada um para ver o caso em particular. Esta se\u00e7\u00e3o menciona os mais comuns, no entanto, devido a atualiza\u00e7\u00f5es nos navegadores ou no sistema operacional que voc\u00ea est\u00e1 usando, isso pode variar O utilizador deve sempre consultar os manuais de utilizador do seu navegador, este guia \u00e9 meramente indicativo.<\/p><p>Chrome: V\u00e1 para Menu \u2013 Configura\u00e7\u00f5es (no Mac: Prefer\u00eancias) \u2013 Configura\u00e7\u00f5es avan\u00e7adas \u2013 Privacidade \u2013 Aqui voc\u00ea escolhe se deseja definir cookies ou excluir cookies existentes Para obter mais informa\u00e7\u00f5es, visite a ajuda do Chrome https:\/\/support.google.com\/chrome\/answer\/95647?hl=es (se quiser pode encurtar ou fazer um hiperlink, o mesmo nos outros)<br \/>Internet Explorer: V\u00e1 para Ferramentas \u2013 Op\u00e7\u00f5es da Internet \u2013 Privacidade \u2013 Privacidade \u2013 Configura\u00e7\u00f5es \u2013 Op\u00e7\u00f5es Avan\u00e7adas Configure o que quiser Para obter mais informa\u00e7\u00f5es, voc\u00ea pode visitar a se\u00e7\u00e3o de ajuda do pr\u00f3prio navegador https:\/\/support.microsoft.com\/es-es\/help\/17442\/windows-internet-ex plorer-delete-manage-cookies<br \/>Firefox: V\u00e1 para Menu \u2013 Prefer\u00eancias \u2013 Privacidade \u2013 Mostrar Cookies \u2013 Defina o que voc\u00ea deseja Para mais informa\u00e7\u00f5es, voc\u00ea pode visitar a se\u00e7\u00e3o de ajuda do navegador<br \/>https:\/\/www.mozilla.org\/es-ES\/privacy\/websites\/#cookies<br \/>Safari: Safari \u2013 Prefer\u00eancias \u2013 Privacidade \u2013 Fa\u00e7a as configura\u00e7\u00f5es desejadas Para obter mais informa\u00e7\u00f5es, voc\u00ea pode visitar a ajuda da Apple<br \/>https:\/\/support.apple.com\/es-es\/guide\/safari\/sfri11471\/mac<br \/>Avisos relacionados a cookies<\/p><p>O Editor n\u00e3o se responsabiliza por falhas t\u00e9cnicas que o usu\u00e1rio possa encontrar no site ou em seu navegador por manipular erroneamente a desativa\u00e7\u00e3o ou elimina\u00e7\u00e3o de cookies, a todo momento o usu\u00e1rio deve verificar a informa\u00e7\u00e3o sobre sua desativa\u00e7\u00e3o ou elimina\u00e7\u00e3o na se\u00e7\u00e3o de ajuda do navegador correspondente O usu\u00e1rio assume a responsabilidade de excluir ou desativar os cookies em seu navegador e, portanto, assume as consequ\u00eancias que possam surgir disso.<\/p><p>A qualquer momento, o usu\u00e1rio pode se comunicar com o Editor por e-mail. info@themagiconey. com.<\/p>\t\t\t\t\t\t\t\t<\/div>\n\t\t\t\t<\/div>\n\t\t\t\t\t<\/div>\n\t\t\t\t<\/div>\n\t\t\t\t<\/div>\n\t\t","protected":false},"excerpt":{"rendered":"<p>Pol\u00edticas de cookies Considera\u00e7\u00f5es PreliminaresUsu\u00e1rio ser\u00e1 entendido como qualquer pessoa que navegue no site themagiconey.com a partir de agora, simplesmente o site. Editor significa o propriet\u00e1rio do site, que \u00e9 MAGIC TEAM LLC e est\u00e1 identificado no aviso legal. Os cookies utilizados no navegador do usu\u00e1rio foram instalados com sua autoriza\u00e7\u00e3o Se a qualquer momento &#8230; <a title=\"Pol\u00edticas de cookies\" class=\"read-more\" href=\"https:\/\/magichoney.com\/pt-br\/politicas-de-cookies\/\" aria-label=\"Read more about Pol\u00edticas de cookies\">Ler mais<\/a><\/p>\n","protected":false},"author":1,"featured_media":0,"parent":0,"menu_order":0,"comment_status":"closed","ping_status":"closed","template":"elementor_header_footer","meta":{"footnotes":""},"class_list":["post-4886","page","type-page","status-publish"],"_links":{"self":[{"href":"https:\/\/magichoney.com\/pt-br\/wp-json\/wp\/v2\/pages\/4886","targetHints":{"allow":["GET"]}}],"collection":[{"href":"https:\/\/magichoney.com\/pt-br\/wp-json\/wp\/v2\/pages"}],"about":[{"href":"https:\/\/magichoney.com\/pt-br\/wp-json\/wp\/v2\/types\/page"}],"author":[{"embeddable":true,"href":"https:\/\/magichoney.com\/pt-br\/wp-json\/wp\/v2\/users\/1"}],"replies":[{"embeddable":true,"href":"https:\/\/magichoney.com\/pt-br\/wp-json\/wp\/v2\/comments?post=4886"}],"version-history":[{"count":3,"href":"https:\/\/magichoney.com\/pt-br\/wp-json\/wp\/v2\/pages\/4886\/revisions"}],"predecessor-version":[{"id":15368,"href":"https:\/\/magichoney.com\/pt-br\/wp-json\/wp\/v2\/pages\/4886\/revisions\/15368"}],"wp:attachment":[{"href":"https:\/\/magichoney.com\/pt-br\/wp-json\/wp\/v2\/media?parent=4886"}],"curies":[{"name":"wp","href":"https:\/\/api.w.org\/{rel}","templated":true}]}}