{"id":4884,"date":"2022-02-01T22:29:20","date_gmt":"2022-02-01T22:29:20","guid":{"rendered":"https:\/\/magichoney.com\/politicas-de-privacidade\/"},"modified":"2025-08-22T15:53:44","modified_gmt":"2025-08-22T15:53:44","slug":"politicas-de-privacidade","status":"publish","type":"page","link":"https:\/\/magichoney.com\/pt-br\/politicas-de-privacidade\/","title":{"rendered":"Pol\u00edticas de privacidade"},"content":{"rendered":"\t\t<div data-elementor-type=\"wp-page\" data-elementor-id=\"4884\" class=\"elementor elementor-4884 elementor-56\" data-elementor-post-type=\"page\">\n\t\t\t\t<div class=\"elementor-element elementor-element-12008648 e-flex e-con-boxed e-con e-parent\" data-id=\"12008648\" data-element_type=\"container\" data-e-type=\"container\">\n\t\t\t\t\t<div class=\"e-con-inner\">\n\t\t\t\t<div class=\"elementor-element elementor-element-516c5a0 elementor-widget elementor-widget-heading\" data-id=\"516c5a0\" data-element_type=\"widget\" data-e-type=\"widget\" data-widget_type=\"heading.default\">\n\t\t\t\t<div class=\"elementor-widget-container\">\n\t\t\t\t\t<h2 class=\"elementor-heading-title elementor-size-default\">Pol\u00edticas de privacidade\n<\/h2>\t\t\t\t<\/div>\n\t\t\t\t<\/div>\n\t\t\t\t<div class=\"elementor-element elementor-element-73430cd9 elementor-widget elementor-widget-text-editor\" data-id=\"73430cd9\" data-element_type=\"widget\" data-e-type=\"widget\" data-widget_type=\"text-editor.default\">\n\t\t\t\t<div class=\"elementor-widget-container\">\n\t\t\t\t\t\t\t\t\t<p>Respons\u00e1vel pelos dados pessoais: Magic Team LLC com endere\u00e7o em 601 Brickell Key Dr. Suite 700, Miami Fl 33131, Estados Unidos, doravante Magic Team LLC, e cujo e-mail de contato \u00e9 info@themagiconey.com<\/p><h2>Dados solicitados no site e finalidade do tratamento.<\/h2><p>Nome, sobrenomes e e-mail nos formul\u00e1rios de contato: para fazer qualquer contato direto com a Magic Team LLC, seja para fazer consultas, coment\u00e1rios, sugest\u00f5es, solicitar um servi\u00e7o ou produto, ou qualquer outra informa\u00e7\u00e3o Se voc\u00ea n\u00e3o fornecer os dados pessoais m\u00ednimos necess\u00e1rios, a Magic Team LLC n\u00e3o poder\u00e1 responder \u00e0 solicita\u00e7\u00e3o.<\/p><p>Nome e email: para poder fazer coment\u00e1rios no web blog<\/p><p>\u2013 Nome, apelidos, morada, telefone, email, NIF: estes dados ser\u00e3o solicitados no momento do pagamento do servi\u00e7o, de forma a tratar tudo o que se relaciona com o cliente.<\/p><p>E-mail: o e-mail ser\u00e1 solicitado para acessar a \u00e1rea do cliente, de acordo com os dados fornecidos no momento da cria\u00e7\u00e3o da conta Se o usu\u00e1rio for menor de 16 anos, dever\u00e1 ter a autoriza\u00e7\u00e3o de seus pais ou respons\u00e1veis \u200b\u200blegais para entregar seus dados pessoais. A Magic Team LLC n\u00e3o tem como verificar efetivamente a idade dos usu\u00e1rios, por isso se isenta de qualquer responsabilidade caso o usu\u00e1rio n\u00e3o cumpra o estabelecido aqui.<\/p><p>A Magic Team LLC garantir\u00e1 em todos os momentos que o uso dado ao site, seu conte\u00fado e o processamento dos dados pessoais do usu\u00e1rio seja realizado da maneira mais correta poss\u00edvel. Para isso, o usu\u00e1rio pode sempre exercer seus direitos de acesso, retifica\u00e7\u00e3o, cancelamento, portabilidade, esquecimento ou oposi\u00e7\u00e3o, tudo em fiel cumprimento \u00e0s diretrizes das leis que regem o assunto, escrevendo para info@themagiconey.com<\/p><p>Em nenhum momento a Magic Team LLC compartilhar\u00e1 os dados que possui com terceiros. No caso de faz\u00ea-lo para cumprir os servi\u00e7os contratados por um participante, enviar a newsletter, cumprir requisitos legais ou para a administra\u00e7\u00e3o do site, ser\u00e3o fornecidos os devidos acordos de confidencialidade entre as partes.<\/p><p>Links para terceiros que podem ser encontrados no Site possuem pol\u00edticas de privacidade independentes da Magic Team LLC O acesso a esses sites deve ser de responsabilidade do usu\u00e1rio, sendo sua responsabilidade conhec\u00ea-los e sua decis\u00e3o de aceit\u00e1-los ou n\u00e3o<\/p><h2>\u2013 Formato<\/h2><p>A web tem 3 tipos de formul\u00e1rios:<\/p><p><strong>Contato:<\/strong>o usu\u00e1rio, cliente ou participante poder\u00e1 encontrar formul\u00e1rios que facilitar\u00e3o a comunica\u00e7\u00e3o com Magic Team LLC, para tirar d\u00favidas, coment\u00e1rios, solicitar um or\u00e7amento, reservar qualquer um dos servi\u00e7os oferecidos na web ou reivindicar os direitos que os auxiliam. Se voc\u00ea n\u00e3o fornecer os dados pessoais m\u00ednimos necess\u00e1rios, a Magic Team LLC n\u00e3o poder\u00e1 responder \u00e0 solicita\u00e7\u00e3o. Este tratamento ser\u00e1 considerado leg\u00edtimo por fazer parte de um procedimento pr\u00e9-contratua O site e o servidor de e-mail da Magic Team LLC ser\u00e3o os processadores de dados.<\/p><p><strong>Para coment\u00e1rios no blog:<\/strong>\u00a0para evitar spam, mensagens inapropriadas e realizar um acompanhamento correto, ser\u00e1 solicitado ao usu\u00e1rio seu nome, e-mail e site para identific\u00e1-lo nos coment\u00e1rios que deseja fazer no blog Ingressos. Esses dados ser\u00e3o vis\u00edveis para outros usu\u00e1rios do site. Esses dados ser\u00e3o vis\u00edveis para outros usu\u00e1rios do site. Se voc\u00ea n\u00e3o quiser que os dados sejam vis\u00edveis para outras pessoas, voc\u00ea deve entrar em contato com Magic Team LLC em info@themagiconey.com O servidor do site ser\u00e1 respons\u00e1vel pelo tratamento e ser\u00e1 feito com o consentimento do propriet\u00e1rio dos dados.<\/p><p><strong>Para processar a compra de produtos:<\/strong>usu\u00e1rios, clientes ou participantes ser\u00e3o solicitados seus dados para que Magic Team LLC possa processar os servi\u00e7os solicitados pelo cliente. Tratamento leg\u00edtimo de dados pessoais devido \u00e0 rela\u00e7\u00e3o contratual que existe com o cliente ou participante. Os dados ser\u00e3o armazenados no servidor do site<\/p><h2>PROCESSADOR DE DADOS<\/h2><p>Magic Team LLC precisa do apoio de terceiros para oferecer adequadamente seus servi\u00e7os e produtos, com os quais celebra os acordos de confidencialidade correspondentes e verifica o cumprimento dos regulamentos sobre prote\u00e7\u00e3o de dados pessoais.<\/p><p>Os dados fornecidos a esses terceiros n\u00e3o podem ser usados \u200b\u200bpara outros fins n\u00e3o autorizados pelo propriet\u00e1rio dos dados.<\/p><p>De acordo com os princ\u00edpios de informa\u00e7\u00e3o e transpar\u00eancia, informa-se que estes terceiros s\u00e3o:<\/p><p>Google: Ferramenta utilizada como gestor de visitantes Este servi\u00e7o \u00e9 gerido pela empresa Google LLC, com sede em Mountain View, Calif\u00f3rnia, Estados Unidos da Am\u00e9rica, e est\u00e1 subscrita no EU-US Privacy Shield que pode ser encontrado em https:\/\/www.privacyshield.gov\/participant?id=a2zt000000001L5AAI&amp;status=Active. Se pretender mais informa\u00e7\u00f5es sobre a sua pol\u00edtica de privacidade, pode consultar: https:\/\/policies.google.com\/privacy.<\/p><p>Stripe Inc: usado para gerenciar pagamentos com cart\u00e3o de d\u00e9bito e cr\u00e9dito no site Esta empresa est\u00e1 localizada nos Estados Unidos, possui um acordo de seguran\u00e7a denominado Privacy Shield, de acordo com os requisitos do European Committee for Data Protection que pode ser consultado aqui https:\/\/www.privacyshield.gov\/participant?id=a2zt0000000TQOUAA4&amp; status =Ativo Para mais informa\u00e7\u00f5es em https:\/\/stripe.com\/us\/privacy<\/p><p>WhatsApp: Ferramenta utilizada para comunica\u00e7\u00e3o com usu\u00e1rios, compradores, clientes e participantes por meio da empresa WhatsApp Ireland Limited (para a qual est\u00e3o localizados na Europa), que pode ser contatada atrav\u00e9s do link https:\/\/www. .whatsapp.com\/contact\/ ? subject= messenger e sua pol\u00edtica de privacidade podem ser visualizadas em https:\/\/www.whatsapp.com\/legal?eea=1#privacy-policy<\/p><p>Em casos espec\u00edficos Magic Team LLC pode usar aplicativos ou ferramentas que n\u00e3o foram inclu\u00eddos ou nomeados nesta lista, o acima, porque \u00e9 uma op\u00e7\u00e3o melhor que ajuda a realizar uma determinada tarefa; Se isso ocorrer, a Magic Team LLC notificar\u00e1 seus usu\u00e1rios, clientes ou participantes dessa situa\u00e7\u00e3o, conforme o caso.<\/p><h2>DURA\u00c7\u00c3O DO TRATAMENTO<\/h2><p>No caso de dados pessoais fornecidos para fatura\u00e7\u00e3o e compra de produtos ou servi\u00e7os, os mesmos ser\u00e3o conservados pelo tempo legalmente aplic\u00e1vel pela plataforma que efetua a fatura\u00e7\u00e3o.<\/p><p>No caso de dados pessoais fornecidos para newsletters de e-commerce e coment\u00e1rios em blogs, ser\u00e1 pelo tempo que o titular dos dados desejar permanecer na lista de assinaturas, podendo cancelar a assinatura sempre que desejar automaticamente conforme indicado em cada newsletter, ou escrevendo para info@themagiconey.com<\/p>\t\t\t\t\t\t\t\t<\/div>\n\t\t\t\t<\/div>\n\t\t\t\t\t<\/div>\n\t\t\t\t<\/div>\n\t\t\t\t<\/div>\n\t\t","protected":false},"excerpt":{"rendered":"<p>Pol\u00edticas de privacidade Respons\u00e1vel pelos dados pessoais: Magic Team LLC com endere\u00e7o em 601 Brickell Key Dr. Suite 700, Miami Fl 33131, Estados Unidos, doravante Magic Team LLC, e cujo e-mail de contato \u00e9 info@themagiconey.com Dados solicitados no site e finalidade do tratamento. Nome, sobrenomes e e-mail nos formul\u00e1rios de contato: para fazer qualquer contato &#8230; <a title=\"Pol\u00edticas de privacidade\" class=\"read-more\" href=\"https:\/\/magichoney.com\/pt-br\/politicas-de-privacidade\/\" aria-label=\"Read more about Pol\u00edticas de privacidade\">Ler mais<\/a><\/p>\n","protected":false},"author":1,"featured_media":0,"parent":0,"menu_order":0,"comment_status":"closed","ping_status":"closed","template":"elementor_header_footer","meta":{"footnotes":""},"class_list":["post-4884","page","type-page","status-publish"],"_links":{"self":[{"href":"https:\/\/magichoney.com\/pt-br\/wp-json\/wp\/v2\/pages\/4884","targetHints":{"allow":["GET"]}}],"collection":[{"href":"https:\/\/magichoney.com\/pt-br\/wp-json\/wp\/v2\/pages"}],"about":[{"href":"https:\/\/magichoney.com\/pt-br\/wp-json\/wp\/v2\/types\/page"}],"author":[{"embeddable":true,"href":"https:\/\/magichoney.com\/pt-br\/wp-json\/wp\/v2\/users\/1"}],"replies":[{"embeddable":true,"href":"https:\/\/magichoney.com\/pt-br\/wp-json\/wp\/v2\/comments?post=4884"}],"version-history":[{"count":4,"href":"https:\/\/magichoney.com\/pt-br\/wp-json\/wp\/v2\/pages\/4884\/revisions"}],"predecessor-version":[{"id":28741,"href":"https:\/\/magichoney.com\/pt-br\/wp-json\/wp\/v2\/pages\/4884\/revisions\/28741"}],"wp:attachment":[{"href":"https:\/\/magichoney.com\/pt-br\/wp-json\/wp\/v2\/media?parent=4884"}],"curies":[{"name":"wp","href":"https:\/\/api.w.org\/{rel}","templated":true}]}}