{"id":4881,"date":"2022-02-01T22:14:24","date_gmt":"2022-02-01T22:14:24","guid":{"rendered":"https:\/\/magichoney.com\/aviso-legal\/"},"modified":"2023-11-09T20:30:09","modified_gmt":"2023-11-09T20:30:09","slug":"aviso-legal","status":"publish","type":"page","link":"https:\/\/magichoney.com\/pt-br\/aviso-legal\/","title":{"rendered":"Aviso Legal"},"content":{"rendered":"\t\t<div data-elementor-type=\"wp-page\" data-elementor-id=\"4881\" class=\"elementor elementor-4881 elementor-44\" data-elementor-post-type=\"page\">\n\t\t\t\t<div class=\"elementor-element elementor-element-5767520 e-flex e-con-boxed e-con e-parent\" data-id=\"5767520\" data-element_type=\"container\" data-e-type=\"container\">\n\t\t\t\t\t<div class=\"e-con-inner\">\n\t\t\t\t<div class=\"elementor-element elementor-element-a41c260 elementor-widget elementor-widget-heading\" data-id=\"a41c260\" data-element_type=\"widget\" data-e-type=\"widget\" data-widget_type=\"heading.default\">\n\t\t\t\t<div class=\"elementor-widget-container\">\n\t\t\t\t\t<h2 class=\"elementor-heading-title elementor-size-default\">Aviso Legal\n<\/h2>\t\t\t\t<\/div>\n\t\t\t\t<\/div>\n\t\t\t\t<div class=\"elementor-element elementor-element-c2ce453 elementor-widget elementor-widget-text-editor\" data-id=\"c2ce453\" data-element_type=\"widget\" data-e-type=\"widget\" data-widget_type=\"text-editor.default\">\n\t\t\t\t<div class=\"elementor-widget-container\">\n\t\t\t\t\t\t\t\t\t<div class=\"wpb_text_column wpb_content_element \"><div class=\"wpb_wrapper\"><p><strong>DADOS DE IDENTIFICA\u00c7\u00c3O<\/strong><\/p><p>De acordo com o requisito legal estabelecido, cumpre-se a obriga\u00e7\u00e3o de informar a todos os utilizadores e interessados \u200b\u200bque a responsabilidade e titularidade do dom\u00ednio web themagiconey.com, bem como das redes sociais e do site associado, doravante \u201csite\u201d pertence para <strong style=\"font-size: inherit;\">MAGIC TEAM LLC<\/strong><span style=\"font-size: inherit;\">com endere\u00e7o em 601 Brickell Key Dr. Suite 700 Miami Fl 33131, Estados Unidos, doravante Brickell Key Dr. Suite 700, Miami, Fl. 33131, e cujo e-mail de contato \u00e9 info@magiconey.com<\/span><\/p><\/div><\/div><div class=\"wpb_text_column wpb_content_element \"><div class=\"wpb_wrapper\"><p><strong>TERMOS E CONDI\u00c7\u00d5ES USO E APLICA\u00c7\u00c3O<\/strong><\/p><p>Estes termos e condi\u00e7\u00f5es aplicam-se tanto \u00e0 p\u00e1gina inicial de themagiconey.com como a outras que tenham sido criadas por\u00a0<strong>MAGIC TEAM LLC<\/strong>e que indiquem expressa e inequivocamente que fazem parte integrante deste site.<\/p><p><strong>USU\u00c1RIOS<\/strong><\/p><p>Entende-se por utilizador qualquer pessoa que navegue no website, aceda a qualquer uma das suas p\u00e1ginas ou sec\u00e7\u00f5es, simplesmente aceda e\/ou utilize este website, aceitando desse acesso e\/ou uso, os termos e condi\u00e7\u00f5es aqui refletidos.<\/p><p>Caso o usu\u00e1rio deseje contratar ou adquirir algum dos servi\u00e7os ou produtos oferecidos no site, aplicar-se-\u00e3o tamb\u00e9m as pol\u00edticas de contrata\u00e7\u00e3o, que ser\u00e3o obrigat\u00f3rias para todos os usu\u00e1rios com condi\u00e7\u00f5es especiais, com problemas de sa\u00fade, problemas card\u00edacos ou de marcapasso. Voc\u00ea deve consultar seu m\u00e9dico antes de consumir o produto.<\/p><p><strong>FORMUL\u00c1RIOS DE CONTATO<\/strong><\/p><p>Se um usu\u00e1rio deseja entrar em contato com a<strong>MAGIC TEAM LLC<\/strong>, ele pode enviar um e-mail para info@themagiconey.com<\/p><p><strong>USO DO SITE<\/strong><\/p><p>Todas as informa\u00e7\u00f5es gr\u00e1ficas, textuais, multim\u00eddia, fotografias, imagens, v\u00eddeos ou qualquer outro formato de arquivo digital encontrado no site, doravante denominados \u201cos conte\u00fados\u201d, pertencem \u00e0\u00a0<strong>MAGIC TEAM LLC<\/strong>e est\u00e3o protegidos pelas leis nacionais e internacionais de direitos autorais<\/p><p>O utilizador assume a responsabilidade pela utiliza\u00e7\u00e3o do website, n\u00e3o podendo utiliz\u00e1-lo para:<\/p><p>Praticar atividades il\u00edcitas, ilegais ou contr\u00e1rias \u00e0 moral, aos bons costumes, \u00e0 boa f\u00e9 e \u00e0 ordem p\u00fablica;<br \/>Fazer coment\u00e1rios ou divulgar conte\u00fado ou propaganda de natureza racista, xen\u00f3foba, pornogr\u00e1fica, a favor do terrorismo, que viole os direitos humanos ou civis em geral;<br \/>Causar danos \u00e0 pessoa f\u00edsica, intelectual ou moral da\u00a0<strong>MAGIC TEAM LLC<\/strong>, seus fornecedores ou terceiros;<br \/>Introduzir ou difundir v\u00edrus inform\u00e1ticos ou quaisquer outros sistemas f\u00edsicos ou l\u00f3gicos que sejam capazes de causar os referidos danos;<br \/>Tentar acessar e\/ou usar as contas de e-mail de outros usu\u00e1rios e modificar ou manipular suas mensagens.<br \/><strong>A MAGIC TEAM LLC<\/strong>\u00a0reserva-se o direito de retirar todos os coment\u00e1rios que violem o respeito pela dignidade da pessoa, que sejam discriminat\u00f3rios, xen\u00f3fobos, racistas, pornogr\u00e1ficos, que atentem contra a juventude ou a inf\u00e2ncia, a ordem p\u00fablica ou a seguran\u00e7a ou que, em sua opini\u00e3o, sejam n\u00e3o \u00e9 adequado para publica\u00e7\u00e3o. Em qualquer caso, a\u00a0<strong>MAGIC TEAM LLC<\/strong>\u00a0n\u00e3o ser\u00e1 respons\u00e1vel pelas opini\u00f5es expressas pelos usu\u00e1rios em qualquer ferramenta de opini\u00e3o que o site contenha.<\/p><p><strong>PROPRIEDADE INTELECTUAL<\/strong><\/p><p><strong>MAGIC TEAM LLC<\/strong>\u00a0\u00e9 titular de todos os direitos de propriedade intelectual e industrial do website, bem como dos elementos nele contidos, incluindo mas n\u00e3o limitado a: imagens, som, fotografias, \u00e1udio, v\u00eddeo, software, textos, marcas, log\u00f3tipos, combina\u00e7\u00f5es de cores, estrutura, design, sele\u00e7\u00e3o de materiais utilizados, programas necess\u00e1rios para seu funcionamento, acesso e uso, reprodu\u00e7\u00e3o, distribui\u00e7\u00e3o e comunica\u00e7\u00e3o p\u00fablica, incluindo sua modalidade de comunica\u00e7\u00e3o, sendo expressamente proibidas. disponibilizar, todo ou parte do conte\u00fado do site, em qualquer suporte e por qualquer meio t\u00e9cnico, com ou sem fins comerciais sem a autoriza\u00e7\u00e3o da\u00a0<strong>MAGIC TEAM LLC<\/strong><\/p><p>O usu\u00e1rio concorda em respeitar os direitos autorais de propriedade da\u00a0<strong>MAGIC TEAM LLC<\/strong>, podendo, portanto, visualizar, imprimir, armazenar em um dispositivo eletr\u00f4nico ou virtual, mas \u00fanica e exclusivamente para uso pessoal e privado ford, n\u00e3o podendo a qualquer momento distribu\u00ed-los, reproduzi-los, onerosos ou gratuitos, a terceiros ou efetuar qualquer transforma\u00e7\u00e3o dos mesmos . Em qualquer caso, voc\u00ea deve sempre mencionar a autoria da\u00a0<strong>MAGIC TEAM LLC<\/strong>e do site quando decidir compartilhar qualquer conte\u00fado em qualquer rede social, n\u00e3o podendo modificar, total ou parcialmente, nenhum conte\u00fado em nenhum momento.<\/p><p>Voc\u00ea n\u00e3o pode compartilhar nenhum trecho de um curso, livro, postagem de blog ou qualquer parte do site, incluindo men\u00e7\u00e3o a terceiros.<\/p><p><strong>EXCLUS\u00c3O DE GARANTIAS E RESPONSABILIDADE<\/strong><\/p><p><strong>MAGIC TEAM LLC<\/strong>\u00a0adotou todas as medidas tecnol\u00f3gicas necess\u00e1rias no site, para evitar danos de qualquer natureza que possam causar, a t\u00edtulo de exemplo: erros ou omiss\u00f5es nos conte\u00fados, falta de disponibilidade do site ou transmiss\u00e3o de v\u00edrus. v\u00edrus maliciosos ou maliciosos. programas nocivos nos conte\u00fados ou nos dados dos usu\u00e1rios, n\u00e3o se responsabilizando se em algum momento alguma dessas medidas falhar como resultado de uso impr\u00f3prio e\/ou abusivo por terceiros.<\/p><p>O usu\u00e1rio deve abster-se a todo momento de excluir, alterar, evadir ou manipular qualquer dispositivo de prote\u00e7\u00e3o ou sistema de seguran\u00e7a que tenha sido instalado no site.<\/p><p><strong>MODIFICA\u00c7\u00d5ES<\/strong><\/p><p><strong>MAGIC TEAM LLC<\/strong>\u00a0reserva-se o direito de efetuar, sem aviso pr\u00e9vio, as modifica\u00e7\u00f5es que considere oportunas no site, podendo alterar, eliminar ou adicionar tanto os conte\u00fados e servi\u00e7os prestados atrav\u00e9s do mesmo, como a forma como s\u00e3o apresentados. ou localizados, bem como seu desenho e estrutura.<\/p><p><strong>LINKS<\/strong><\/p><p><strong>MAGIC TEAM LLC<\/strong>\u00a0n\u00e3o tem controle sobre os links e\/ou conte\u00fados externos que possam existir no site, por isso n\u00e3o se responsabiliza por eles, nem garantir\u00e1 a disponibilidade t\u00e9cnica, qualidade, confiabilidade, precis\u00e3o, amplitude, veracidade ou validade de nenhum deles. material ou informa\u00e7\u00e3o neles contidos, e estes links externos n\u00e3o ser\u00e3o entendidos como uma poss\u00edvel associa\u00e7\u00e3o, fus\u00e3o, colabora\u00e7\u00e3o ou participa\u00e7\u00e3o com o titular e\/ou respons\u00e1vel do dom\u00ednio web ao qual est\u00e3o associados.<\/p><p><strong>DIREITO DE EXCLUS\u00c3O<\/strong><\/p><p><strong>A MAGIC TEAM LLC<\/strong>reserva-se o direito de negar ou retirar o acesso ao portal e\/ou aos servi\u00e7os oferecidos sem aviso pr\u00e9vio, a seu pr\u00f3prio pedido ou de terceiros, aos utilizadores que n\u00e3o cumpram estes termos e condi\u00e7\u00f5es.<\/p><p><strong>GARANTIA DE RESULTADOS<\/strong><\/p><p><strong>A MAGIC TEAM LLC<\/strong>\u00a0n\u00e3o ser\u00e1 respons\u00e1vel pelo sucesso ou fracasso dos usu\u00e1rios na aplica\u00e7\u00e3o das informa\u00e7\u00f5es que recebem do site ou dos servi\u00e7os oferecidos pela\u00a0<strong>MAGIC TEAM LLC.<\/strong>\u00a0O usu\u00e1rio ser\u00e1 o \u00fanico respons\u00e1vel pela aplica\u00e7\u00e3o do que foi aprendido com o material fornecido pela\u00a0<strong>MAGIC TEAM LLC<\/strong>.<\/p><p>Os conte\u00fados que s\u00e3o fornecidos s\u00e3o fornecidos de forma informativa, e a\u00a0<strong>MAGIC TEAM LLC<\/strong>\u00a0n\u00e3o deseja em nenhum momento substituir qualquer aconselhamento profissional personalizado que o usu\u00e1rio, cliente ou participante solicite sobre um t\u00f3pico espec\u00edfico, e n\u00e3o se responsabiliza pelos problemas que o este \u00faltimo possa ter pelo uso, correto ou n\u00e3o, das informa\u00e7\u00f5es fornecidas ou por n\u00e3o levar em conta problemas de sa\u00fade, ideol\u00f3gicos, econ\u00f4micos ou quaisquer outros que possam ser afetados pelo conte\u00fado gratuito ou n\u00e3o expostos no site.<\/p><p><strong>MODIFICA\u00c7\u00c3O DESTE AVISO LEGAL E DURA\u00c7\u00c3O<\/strong><\/p><p><strong>A MAGIC TEAM LLC<\/strong>\u00a0poder\u00e1 modificar, a qualquer momento, os termos e condi\u00e7\u00f5es aqui estabelecidos, sem pr\u00e9vio aviso e vigorar\u00e3o desde que devidamente publicados.<\/p><p><strong>A\u00c7\u00d5ES LEGAIS<\/strong><\/p><p><strong>A MAGIC TEAM LLC<\/strong>\u00a0pode, a qualquer momento, tomar medidas legais civis ou criminais contra qualquer pessoa que fa\u00e7a uso indevido do conte\u00fado exibido no site ou por viola\u00e7\u00e3o destes termos e condi\u00e7\u00f5es A legisla\u00e7\u00e3o do territ\u00f3rio dos ESTADOS UNIDOS ser\u00e1 aplicada em todos os momentos e em caso de conflito as partes se submeter\u00e3o \u00e0 jurisdi\u00e7\u00e3o da FL\u00d3RIDA, ESTADOS UNIDOS, pois \u00e9 o domic\u00edlio do propriet\u00e1rio do site.<\/p><\/div><\/div>\t\t\t\t\t\t\t\t<\/div>\n\t\t\t\t<\/div>\n\t\t\t\t\t<\/div>\n\t\t\t\t<\/div>\n\t\t\t\t<\/div>\n\t\t","protected":false},"excerpt":{"rendered":"<p>Aviso Legal DADOS DE IDENTIFICA\u00c7\u00c3O De acordo com o requisito legal estabelecido, cumpre-se a obriga\u00e7\u00e3o de informar a todos os utilizadores e interessados \u200b\u200bque a responsabilidade e titularidade do dom\u00ednio web themagiconey.com, bem como das redes sociais e do site associado, doravante \u201csite\u201d pertence para MAGIC TEAM LLCcom endere\u00e7o em 601 Brickell Key Dr. Suite &#8230; <a title=\"Aviso Legal\" class=\"read-more\" href=\"https:\/\/magichoney.com\/pt-br\/aviso-legal\/\" aria-label=\"Read more about Aviso Legal\">Ler mais<\/a><\/p>\n","protected":false},"author":1,"featured_media":0,"parent":0,"menu_order":0,"comment_status":"closed","ping_status":"closed","template":"elementor_header_footer","meta":{"footnotes":""},"class_list":["post-4881","page","type-page","status-publish"],"_links":{"self":[{"href":"https:\/\/magichoney.com\/pt-br\/wp-json\/wp\/v2\/pages\/4881","targetHints":{"allow":["GET"]}}],"collection":[{"href":"https:\/\/magichoney.com\/pt-br\/wp-json\/wp\/v2\/pages"}],"about":[{"href":"https:\/\/magichoney.com\/pt-br\/wp-json\/wp\/v2\/types\/page"}],"author":[{"embeddable":true,"href":"https:\/\/magichoney.com\/pt-br\/wp-json\/wp\/v2\/users\/1"}],"replies":[{"embeddable":true,"href":"https:\/\/magichoney.com\/pt-br\/wp-json\/wp\/v2\/comments?post=4881"}],"version-history":[{"count":4,"href":"https:\/\/magichoney.com\/pt-br\/wp-json\/wp\/v2\/pages\/4881\/revisions"}],"predecessor-version":[{"id":15335,"href":"https:\/\/magichoney.com\/pt-br\/wp-json\/wp\/v2\/pages\/4881\/revisions\/15335"}],"wp:attachment":[{"href":"https:\/\/magichoney.com\/pt-br\/wp-json\/wp\/v2\/media?parent=4881"}],"curies":[{"name":"wp","href":"https:\/\/api.w.org\/{rel}","templated":true}]}}