{"id":14856,"date":"2023-11-08T16:11:10","date_gmt":"2023-11-08T16:11:10","guid":{"rendered":"https:\/\/magichoney.com\/?page_id=14856"},"modified":"2024-01-09T17:49:51","modified_gmt":"2024-01-09T17:49:51","slug":"ginseng","status":"publish","type":"page","link":"https:\/\/magichoney.com\/pt-br\/ginseng\/","title":{"rendered":"Ginseng"},"content":{"rendered":"\t\t<div data-elementor-type=\"wp-page\" data-elementor-id=\"14856\" class=\"elementor elementor-14856 elementor-14744\" data-elementor-post-type=\"page\">\n\t\t\t\t<div class=\"elementor-element elementor-element-7d429465 e-con-full e-flex e-con e-parent\" data-id=\"7d429465\" data-element_type=\"container\" data-e-type=\"container\" data-settings=\"{&quot;background_background&quot;:&quot;classic&quot;}\">\n\t\t\t\t<\/div>\n\t\t<div class=\"elementor-element elementor-element-305b0b93 e-flex e-con-boxed e-con e-parent\" data-id=\"305b0b93\" data-element_type=\"container\" data-e-type=\"container\">\n\t\t\t\t\t<div class=\"e-con-inner\">\n\t\t<div class=\"elementor-element elementor-element-1c8b12ab e-con-full e-flex e-con e-child\" data-id=\"1c8b12ab\" data-element_type=\"container\" data-e-type=\"container\">\n\t\t\t\t<div class=\"elementor-element elementor-element-802a9bd elementor-widget-mobile__width-initial elementor-widget elementor-widget-heading\" data-id=\"802a9bd\" data-element_type=\"widget\" data-e-type=\"widget\" data-widget_type=\"heading.default\">\n\t\t\t\t<div class=\"elementor-widget-container\">\n\t\t\t\t\t<div class=\"elementor-heading-title elementor-size-default\">INGREDIENTES<\/div>\t\t\t\t<\/div>\n\t\t\t\t<\/div>\n\t\t\t\t<\/div>\n\t\t<div class=\"elementor-element elementor-element-741dd9b8 e-con-full e-flex e-con e-child\" data-id=\"741dd9b8\" data-element_type=\"container\" data-e-type=\"container\">\n\t\t\t\t<div class=\"elementor-element elementor-element-7b310068 elementor-widget elementor-widget-heading\" data-id=\"7b310068\" data-element_type=\"widget\" data-e-type=\"widget\" data-widget_type=\"heading.default\">\n\t\t\t\t<div class=\"elementor-widget-container\">\n\t\t\t\t\t<h1 class=\"elementor-heading-title elementor-size-default\">O QUE \u00c9 GINSENG?: A raiz que aumenta a sua energia e vitalidade<\/h1>\t\t\t\t<\/div>\n\t\t\t\t<\/div>\n\t\t\t\t<\/div>\n\t\t\t\t\t<\/div>\n\t\t\t\t<\/div>\n\t\t<div class=\"elementor-element elementor-element-719f6323 e-flex e-con-boxed e-con e-parent\" data-id=\"719f6323\" data-element_type=\"container\" data-e-type=\"container\" data-settings=\"{&quot;background_background&quot;:&quot;classic&quot;}\">\n\t\t\t\t\t<div class=\"e-con-inner\">\n\t\t\t\t<div class=\"elementor-element elementor-element-184e0caa elementor-widget elementor-widget-text-editor\" data-id=\"184e0caa\" data-element_type=\"widget\" data-e-type=\"widget\" data-widget_type=\"text-editor.default\">\n\t\t\t\t<div class=\"elementor-widget-container\">\n\t\t\t\t\t\t\t\t\t<p>O Ginseng \u00e9 uma planta reconhecida pelas suas propriedades revitalizantes e energizantes em diversas culturas asi\u00e1ticas e americanas. Cientificamente conhecida como Panax ginseng, esta raiz tem sido amplamente utilizada na medicina tradicional pelos seus efeitos positivos na sa\u00fade mental, sexual e f\u00edsica de homens e mulheres.<\/p>\t\t\t\t\t\t\t\t<\/div>\n\t\t\t\t<\/div>\n\t\t\t\t<div class=\"elementor-element elementor-element-29fb7c0d elementor-toc--minimized-on-tablet elementor-widget elementor-widget-table-of-contents\" data-id=\"29fb7c0d\" data-element_type=\"widget\" data-e-type=\"widget\" data-settings=\"{&quot;exclude_headings_by_selector&quot;:&quot;H1, H3&quot;,&quot;marker_view&quot;:&quot;bullets&quot;,&quot;headings_by_tags&quot;:[&quot;h2&quot;,&quot;h3&quot;,&quot;h4&quot;,&quot;h5&quot;,&quot;h6&quot;],&quot;icon&quot;:{&quot;value&quot;:&quot;fas fa-circle&quot;,&quot;library&quot;:&quot;fa-solid&quot;,&quot;rendered_tag&quot;:&quot;&lt;svg class=\\&quot;e-font-icon-svg e-fas-circle\\&quot; viewBox=\\&quot;0 0 512 512\\&quot; xmlns=\\&quot;http:\\\/\\\/www.w3.org\\\/2000\\\/svg\\&quot;&gt;&lt;path d=\\&quot;M256 8C119 8 8 119 8 256s111 248 248 248 248-111 248-248S393 8 256 8z\\&quot;&gt;&lt;\\\/path&gt;&lt;\\\/svg&gt;&quot;},&quot;no_headings_message&quot;:&quot;N\\u00e3o foram encontrados cabe\\u00e7alhos nesta p\\u00e1gina.&quot;,&quot;minimize_box&quot;:&quot;yes&quot;,&quot;minimized_on&quot;:&quot;tablet&quot;,&quot;hierarchical_view&quot;:&quot;yes&quot;,&quot;min_height&quot;:{&quot;unit&quot;:&quot;px&quot;,&quot;size&quot;:&quot;&quot;,&quot;sizes&quot;:[]},&quot;min_height_tablet&quot;:{&quot;unit&quot;:&quot;px&quot;,&quot;size&quot;:&quot;&quot;,&quot;sizes&quot;:[]},&quot;min_height_mobile&quot;:{&quot;unit&quot;:&quot;px&quot;,&quot;size&quot;:&quot;&quot;,&quot;sizes&quot;:[]}}\" data-widget_type=\"table-of-contents.default\">\n\t\t\t\t<div class=\"elementor-widget-container\">\n\t\t\t\t\t\t\t\t\t<div class=\"elementor-toc__header\">\n\t\t\t\t\t\t<div class=\"elementor-toc__header-title\">\n\t\t\t\t\u00cdNDICE\t\t\t<\/div>\n\t\t\t\t\t\t\t\t\t\t<div class=\"elementor-toc__toggle-button elementor-toc__toggle-button--expand\" role=\"button\" tabindex=\"0\" aria-controls=\"elementor-toc__29fb7c0d\" aria-expanded=\"true\" aria-label=\"Abrir Tabela de Conte\u00fados\"><svg aria-hidden=\"true\" class=\"e-font-icon-svg e-fas-chevron-down\" viewBox=\"0 0 448 512\" xmlns=\"http:\/\/www.w3.org\/2000\/svg\"><path d=\"M207.029 381.476L12.686 187.132c-9.373-9.373-9.373-24.569 0-33.941l22.667-22.667c9.357-9.357 24.522-9.375 33.901-.04L224 284.505l154.745-154.021c9.379-9.335 24.544-9.317 33.901.04l22.667 22.667c9.373 9.373 9.373 24.569 0 33.941L240.971 381.476c-9.373 9.372-24.569 9.372-33.942 0z\"><\/path><\/svg><\/div>\n\t\t\t\t<div class=\"elementor-toc__toggle-button elementor-toc__toggle-button--collapse\" role=\"button\" tabindex=\"0\" aria-controls=\"elementor-toc__29fb7c0d\" aria-expanded=\"true\" aria-label=\"Fechar Tabela de Conte\u00fados\"><svg aria-hidden=\"true\" class=\"e-font-icon-svg e-fas-chevron-up\" viewBox=\"0 0 448 512\" xmlns=\"http:\/\/www.w3.org\/2000\/svg\"><path d=\"M240.971 130.524l194.343 194.343c9.373 9.373 9.373 24.569 0 33.941l-22.667 22.667c-9.357 9.357-24.522 9.375-33.901.04L224 227.495 69.255 381.516c-9.379 9.335-24.544 9.317-33.901-.04l-22.667-22.667c-9.373-9.373-9.373-24.569 0-33.941L207.03 130.525c9.372-9.373 24.568-9.373 33.941-.001z\"><\/path><\/svg><\/div>\n\t\t\t\t\t<\/div>\n\t\t\t\t<div id=\"elementor-toc__29fb7c0d\" class=\"elementor-toc__body\">\n\t\t\t<div class=\"elementor-toc__spinner-container\">\n\t\t\t\t<svg class=\"elementor-toc__spinner eicon-animation-spin e-font-icon-svg e-eicon-loading\" aria-hidden=\"true\" viewBox=\"0 0 1000 1000\" xmlns=\"http:\/\/www.w3.org\/2000\/svg\"><path d=\"M500 975V858C696 858 858 696 858 500S696 142 500 142 142 304 142 500H25C25 237 238 25 500 25S975 237 975 500 763 975 500 975Z\"><\/path><\/svg>\t\t\t<\/div>\n\t\t<\/div>\n\t\t\t\t\t\t<\/div>\n\t\t\t\t<\/div>\n\t\t\t\t\t<\/div>\n\t\t\t\t<\/div>\n\t\t<div class=\"elementor-element elementor-element-59ee5004 e-flex e-con-boxed e-con e-parent\" data-id=\"59ee5004\" data-element_type=\"container\" data-e-type=\"container\" data-settings=\"{&quot;background_background&quot;:&quot;classic&quot;}\">\n\t\t\t\t\t<div class=\"e-con-inner\">\n\t\t\t\t<div class=\"elementor-element elementor-element-35e41342 elementor-widget elementor-widget-heading\" data-id=\"35e41342\" data-element_type=\"widget\" data-e-type=\"widget\" data-widget_type=\"heading.default\">\n\t\t\t\t<div class=\"elementor-widget-container\">\n\t\t\t\t\t<h2 class=\"elementor-heading-title elementor-size-default\">Propriedades do ginseng<\/h2>\t\t\t\t<\/div>\n\t\t\t\t<\/div>\n\t\t\t\t<div class=\"elementor-element elementor-element-3b63fa86 elementor-widget elementor-widget-text-editor\" data-id=\"3b63fa86\" data-element_type=\"widget\" data-e-type=\"widget\" data-widget_type=\"text-editor.default\">\n\t\t\t\t<div class=\"elementor-widget-container\">\n\t\t\t\t\t\t\t\t\t<p>O Ginseng tem sido valorizado ao longo dos s\u00e9culos pelas suas propriedades terap\u00eauticas. Entre seus diversos benef\u00edcios, observou-se que:<\/p><ul><li>Ativa o sistema imunol\u00f3gico: estimula a prolifera\u00e7\u00e3o de linf\u00f3citos e, em pacientes com sistema imunol\u00f3gico comprometido, fortalece as defesas e ajuda a combater agentes infecciosos.<\/li><li>Aumenta o desempenho f\u00edsico e mental: atenua os efeitos da fadiga psicof\u00edsica derivada do estresse e das atividades f\u00edsicas intensas.<\/li><li>Estimula o sistema cardiovascular: reduz a press\u00e3o arterial, o que evita a forma\u00e7\u00e3o de co\u00e1gulos e doen\u00e7as relacionadas \u00e0 aterosclerose.<\/li><li>Melhora a qualidade de vida na velhice: ajuda os idosos a manter um sistema imunol\u00f3gico resistente, uma circula\u00e7\u00e3o saud\u00e1vel e previne problemas cerebrais.<\/li><\/ul>\t\t\t\t\t\t\t\t<\/div>\n\t\t\t\t<\/div>\n\t\t\t\t<div class=\"elementor-element elementor-element-4fc501da elementor-widget elementor-widget-heading\" data-id=\"4fc501da\" data-element_type=\"widget\" data-e-type=\"widget\" data-widget_type=\"heading.default\">\n\t\t\t\t<div class=\"elementor-widget-container\">\n\t\t\t\t\t<h2 class=\"elementor-heading-title elementor-size-default\">Benef\u00edcios do ginseng<\/h2>\t\t\t\t<\/div>\n\t\t\t\t<\/div>\n\t\t\t\t<div class=\"elementor-element elementor-element-79caf7a2 elementor-widget elementor-widget-text-editor\" data-id=\"79caf7a2\" data-element_type=\"widget\" data-e-type=\"widget\" data-widget_type=\"text-editor.default\">\n\t\t\t\t<div class=\"elementor-widget-container\">\n\t\t\t\t\t\t\t\t\t<p>Foi demonstrado que o ginseng traz v\u00e1rios benef\u00edcios not\u00e1veis \u200b\u200b\u00e0 sa\u00fade. Alguns de seus principais recursos incluem:<\/p><ul><li>Redu\u00e7\u00e3o da inflama\u00e7\u00e3o: Foi comprovado que o ginseng tem propriedades antiinflamat\u00f3rias e antioxidantes. Consumir 2 gramas de ginseng vermelho coreano tr\u00eas vezes ao dia pode ter efeitos significativos na redu\u00e7\u00e3o da inflama\u00e7\u00e3o, mesmo durante um per\u00edodo de 72 horas.<\/li><li>Fun\u00e7\u00e3o cerebral melhorada: O Ginseng \u00e9 conhecido pela sua capacidade de melhorar a mem\u00f3ria e neutralizar o cansa\u00e7o e a fadiga emocional. No entanto, a sua efic\u00e1cia pode diminuir com o uso prolongado.<\/li><li>Redu\u00e7\u00e3o da disfun\u00e7\u00e3o er\u00e9ctil: Um dos benef\u00edcios mais not\u00e1veis \u200b\u200bdo ginseng, particularmente nos homens, \u00e9 a sua capacidade de proteger os vasos sangu\u00edneos e os tecidos do p\u00e9nis, o que pode contribuir para o seu funcionamento normal durante as rela\u00e7\u00f5es sexuais.<\/li><li>Aumento dos n\u00edveis de energia: O Ginseng ajuda a reduzir o stress oxidativo e a fadiga, resultando em maior energia e vitalidade para atividades desportivas ou rotinas di\u00e1rias.<\/li><\/ul><p>Hoje, o ginseng est\u00e1 dispon\u00edvel em diversas formas, como c\u00e1psulas que melhoram a mem\u00f3ria e a resist\u00eancia f\u00edsica. Al\u00e9m disso, sua apresenta\u00e7\u00e3o em creme \u00e9 reconhecida por sua efic\u00e1cia no tratamento da acne e como parte de diversos tratamentos capilares.<\/p>\t\t\t\t\t\t\t\t<\/div>\n\t\t\t\t<\/div>\n\t\t\t\t<div class=\"elementor-element elementor-element-12d2809d elementor-widget elementor-widget-heading\" data-id=\"12d2809d\" data-element_type=\"widget\" data-e-type=\"widget\" data-widget_type=\"heading.default\">\n\t\t\t\t<div class=\"elementor-widget-container\">\n\t\t\t\t\t<h2 class=\"elementor-heading-title elementor-size-default\">Benef\u00edcios do ginseng para mulheres<\/h2>\t\t\t\t<\/div>\n\t\t\t\t<\/div>\n\t\t\t\t\t<\/div>\n\t\t\t\t<\/div>\n\t\t<div class=\"elementor-element elementor-element-6e47e672 e-flex e-con-boxed e-con e-parent\" data-id=\"6e47e672\" data-element_type=\"container\" data-e-type=\"container\" data-settings=\"{&quot;background_background&quot;:&quot;classic&quot;}\">\n\t\t\t\t\t<div class=\"e-con-inner\">\n\t\t<div class=\"elementor-element elementor-element-38d751f8 e-con-full e-flex e-con e-child\" data-id=\"38d751f8\" data-element_type=\"container\" data-e-type=\"container\">\n\t\t\t\t<div class=\"elementor-element elementor-element-2af174b5 elementor-widget elementor-widget-text-editor\" data-id=\"2af174b5\" data-element_type=\"widget\" data-e-type=\"widget\" data-widget_type=\"text-editor.default\">\n\t\t\t\t<div class=\"elementor-widget-container\">\n\t\t\t\t\t\t\t\t\t<p>Equil\u00edbrio hormonal: Observou-se que o ginseng contribui para o equil\u00edbrio dos n\u00edveis hormonais nas mulheres, especialmente durante a menopausa. Esse equil\u00edbrio pode ajudar a aliviar sintomas como ondas de calor, secura vaginal e altera\u00e7\u00f5es de humor.<\/p>\t\t\t\t\t\t\t\t<\/div>\n\t\t\t\t<\/div>\n\t\t\t\t<\/div>\n\t\t<div class=\"elementor-element elementor-element-18e6ffc5 e-con-full e-flex e-con e-child\" data-id=\"18e6ffc5\" data-element_type=\"container\" data-e-type=\"container\">\n\t\t\t\t<div class=\"elementor-element elementor-element-54654ea1 elementor-widget elementor-widget-text-editor\" data-id=\"54654ea1\" data-element_type=\"widget\" data-e-type=\"widget\" data-widget_type=\"text-editor.default\">\n\t\t\t\t<div class=\"elementor-widget-container\">\n\t\t\t\t\t\t\t\t\t<p>Aumento de energia: O ginseng \u00e9 conhecido por sua capacidade de fornecer um aumento de energia, tanto f\u00edsica quanto mental, nas mulheres. Pode neutralizar a fadiga e melhorar a resist\u00eancia, permitindo que as mulheres permane\u00e7am alertas e ativas durante todo o dia.<\/p>\t\t\t\t\t\t\t\t<\/div>\n\t\t\t\t<\/div>\n\t\t\t\t<\/div>\n\t\t<div class=\"elementor-element elementor-element-1104843b e-con-full e-flex e-con e-child\" data-id=\"1104843b\" data-element_type=\"container\" data-e-type=\"container\">\n\t\t\t\t<div class=\"elementor-element elementor-element-2dfd6284 elementor-widget elementor-widget-text-editor\" data-id=\"2dfd6284\" data-element_type=\"widget\" data-e-type=\"widget\" data-widget_type=\"text-editor.default\">\n\t\t\t\t<div class=\"elementor-widget-container\">\n\t\t\t\t\t\t\t\t\t<p>Melhoria Cognitiva: O Ginseng tamb\u00e9m pode melhorar a mem\u00f3ria, o foco e a concentra\u00e7\u00e3o nas mulheres. Suas propriedades estimulantes podem melhorar a fun\u00e7\u00e3o cognitiva e promover maior clareza mental.<\/p>\t\t\t\t\t\t\t\t<\/div>\n\t\t\t\t<\/div>\n\t\t\t\t<\/div>\n\t\t<div class=\"elementor-element elementor-element-7ef199c0 e-con-full e-flex e-con e-child\" data-id=\"7ef199c0\" data-element_type=\"container\" data-e-type=\"container\">\n\t\t\t\t<div class=\"elementor-element elementor-element-6b19dac1 elementor-widget elementor-widget-text-editor\" data-id=\"6b19dac1\" data-element_type=\"widget\" data-e-type=\"widget\" data-widget_type=\"text-editor.default\">\n\t\t\t\t<div class=\"elementor-widget-container\">\n\t\t\t\t\t\t\t\t\t<p>Redu\u00e7\u00e3o do estresse: Observou-se que o ginseng ajuda a reduzir os n\u00edveis de cortisol, o horm\u00f4nio do estresse. Isso pode promover um humor mais equilibrado e positivo, o que por sua vez pode ajudar a melhorar a sa\u00fade mental e emocional das mulheres.<\/p>\t\t\t\t\t\t\t\t<\/div>\n\t\t\t\t<\/div>\n\t\t\t\t<\/div>\n\t\t\t\t\t<\/div>\n\t\t\t\t<\/div>\n\t\t<div class=\"elementor-element elementor-element-649ccc9c e-flex e-con-boxed e-con e-parent\" data-id=\"649ccc9c\" data-element_type=\"container\" data-e-type=\"container\" data-settings=\"{&quot;background_background&quot;:&quot;classic&quot;}\">\n\t\t\t\t\t<div class=\"e-con-inner\">\n\t\t\t\t<div class=\"elementor-element elementor-element-6fbc1c7d elementor-widget elementor-widget-text-editor\" data-id=\"6fbc1c7d\" data-element_type=\"widget\" data-e-type=\"widget\" data-widget_type=\"text-editor.default\">\n\t\t\t\t<div class=\"elementor-widget-container\">\n\t\t\t\t\t\t\t\t\t<p>Aproveite ao m\u00e1ximo a energia e vitalidade que o Magic Honey oferece \u00e0s mulheres! Com a sua combina\u00e7\u00e3o \u00fanica de mel e ginseng, juntamente com outros ingredientes naturais, garante-lhe o impulso necess\u00e1rio para enfrentar cada dia com for\u00e7a e vigor. N\u00e3o perca a oportunidade de experimentar uma vida cheia de energia e vitalidade com Magic Honey para mulheres.<\/p>\t\t\t\t\t\t\t\t<\/div>\n\t\t\t\t<\/div>\n\t\t\t\t\t<\/div>\n\t\t\t\t<\/div>\n\t\t\t\t<\/div>\n\t\t","protected":false},"excerpt":{"rendered":"<p>INGREDIENTES O QUE \u00c9 GINSENG?: A raiz que aumenta a sua energia e vitalidade O Ginseng \u00e9 uma planta reconhecida pelas suas propriedades revitalizantes e energizantes em diversas culturas asi\u00e1ticas e americanas. Cientificamente conhecida como Panax ginseng, esta raiz tem sido amplamente utilizada na medicina tradicional pelos seus efeitos positivos na sa\u00fade mental, sexual e &#8230; <a title=\"Ginseng\" class=\"read-more\" href=\"https:\/\/magichoney.com\/pt-br\/ginseng\/\" aria-label=\"Read more about Ginseng\">Ler mais<\/a><\/p>\n","protected":false},"author":1,"featured_media":0,"parent":0,"menu_order":0,"comment_status":"closed","ping_status":"closed","template":"elementor_header_footer","meta":{"footnotes":""},"class_list":["post-14856","page","type-page","status-publish"],"_links":{"self":[{"href":"https:\/\/magichoney.com\/pt-br\/wp-json\/wp\/v2\/pages\/14856","targetHints":{"allow":["GET"]}}],"collection":[{"href":"https:\/\/magichoney.com\/pt-br\/wp-json\/wp\/v2\/pages"}],"about":[{"href":"https:\/\/magichoney.com\/pt-br\/wp-json\/wp\/v2\/types\/page"}],"author":[{"embeddable":true,"href":"https:\/\/magichoney.com\/pt-br\/wp-json\/wp\/v2\/users\/1"}],"replies":[{"embeddable":true,"href":"https:\/\/magichoney.com\/pt-br\/wp-json\/wp\/v2\/comments?post=14856"}],"version-history":[{"count":5,"href":"https:\/\/magichoney.com\/pt-br\/wp-json\/wp\/v2\/pages\/14856\/revisions"}],"predecessor-version":[{"id":17218,"href":"https:\/\/magichoney.com\/pt-br\/wp-json\/wp\/v2\/pages\/14856\/revisions\/17218"}],"wp:attachment":[{"href":"https:\/\/magichoney.com\/pt-br\/wp-json\/wp\/v2\/media?parent=14856"}],"curies":[{"name":"wp","href":"https:\/\/api.w.org\/{rel}","templated":true}]}}