{"id":14813,"date":"2023-11-08T16:39:59","date_gmt":"2023-11-08T16:39:59","guid":{"rendered":"https:\/\/magichoney.com\/?page_id=14813"},"modified":"2024-01-09T17:29:30","modified_gmt":"2024-01-09T17:29:30","slug":"extratos-de-ervas","status":"publish","type":"page","link":"https:\/\/magichoney.com\/pt-br\/extratos-de-ervas\/","title":{"rendered":"Extratos de ervas"},"content":{"rendered":"\t\t<div data-elementor-type=\"wp-page\" data-elementor-id=\"14813\" class=\"elementor elementor-14813 elementor-14796\" data-elementor-post-type=\"page\">\n\t\t\t\t<div class=\"elementor-element elementor-element-6a36fb09 e-con-full e-flex e-con e-parent\" data-id=\"6a36fb09\" data-element_type=\"container\" data-e-type=\"container\" data-settings=\"{&quot;background_background&quot;:&quot;classic&quot;}\">\n\t\t\t\t<\/div>\n\t\t<div class=\"elementor-element elementor-element-3848397e e-flex e-con-boxed e-con e-child\" data-id=\"3848397e\" data-element_type=\"container\" data-e-type=\"container\">\n\t\t\t\t\t<div class=\"e-con-inner\">\n\t\t<div class=\"elementor-element elementor-element-1e63f528 e-con-full e-flex e-con e-child\" data-id=\"1e63f528\" data-element_type=\"container\" data-e-type=\"container\">\n\t\t\t\t<div class=\"elementor-element elementor-element-55c0d6d1 elementor-widget-mobile__width-initial elementor-widget elementor-widget-heading\" data-id=\"55c0d6d1\" data-element_type=\"widget\" data-e-type=\"widget\" data-widget_type=\"heading.default\">\n\t\t\t\t<div class=\"elementor-widget-container\">\n\t\t\t\t\t<div class=\"elementor-heading-title elementor-size-default\">INGREDIENTES<\/div>\t\t\t\t<\/div>\n\t\t\t\t<\/div>\n\t\t\t\t<\/div>\n\t\t<div class=\"elementor-element elementor-element-70a4f7da e-con-full e-flex e-con e-child\" data-id=\"70a4f7da\" data-element_type=\"container\" data-e-type=\"container\">\n\t\t\t\t<div class=\"elementor-element elementor-element-78fad864 elementor-widget elementor-widget-heading\" data-id=\"78fad864\" data-element_type=\"widget\" data-e-type=\"widget\" data-widget_type=\"heading.default\">\n\t\t\t\t<div class=\"elementor-widget-container\">\n\t\t\t\t\t<h1 class=\"elementor-heading-title elementor-size-default\">Extratos de ervas: uma alternativa natural e eficaz para melhorar a sa\u00fade f\u00edsica<\/h1>\t\t\t\t<\/div>\n\t\t\t\t<\/div>\n\t\t\t\t<\/div>\n\t\t\t\t\t<\/div>\n\t\t\t\t<\/div>\n\t\t<div class=\"elementor-element elementor-element-43423ecc e-flex e-con-boxed e-con e-parent\" data-id=\"43423ecc\" data-element_type=\"container\" data-e-type=\"container\" data-settings=\"{&quot;background_background&quot;:&quot;classic&quot;}\">\n\t\t\t\t\t<div class=\"e-con-inner\">\n\t\t\t\t<div class=\"elementor-element elementor-element-7e6a08ec elementor-widget elementor-widget-heading\" data-id=\"7e6a08ec\" data-element_type=\"widget\" data-e-type=\"widget\" data-widget_type=\"heading.default\">\n\t\t\t\t<div class=\"elementor-widget-container\">\n\t\t\t\t\t<h2 class=\"elementor-heading-title elementor-size-default\">Isoflavonas de soja, o que \u00e9 e para que serve?<\/h2>\t\t\t\t<\/div>\n\t\t\t\t<\/div>\n\t\t\t\t<div class=\"elementor-element elementor-element-35881b68 elementor-widget elementor-widget-text-editor\" data-id=\"35881b68\" data-element_type=\"widget\" data-e-type=\"widget\" data-widget_type=\"text-editor.default\">\n\t\t\t\t<div class=\"elementor-widget-container\">\n\t\t\t\t\t\t\t\t\t<p>As isoflavonas de soja s\u00e3o um grupo de mol\u00e9culas encontradas em vegetais conhecidas como fitoestr\u00f3genos devido \u00e0 sua semelhan\u00e7a com o estrog\u00eanio no corpo. Gra\u00e7as \u00e0s suas propriedades, essas mol\u00e9culas oferecem uma s\u00e9rie de benef\u00edcios ao organismo, principalmente durante a menopausa e outras fases cr\u00edticas da vida da mulher. Al\u00e9m da presen\u00e7a na soja, tamb\u00e9m podem ser encontrados em alimentos como ovos, pistache e trevo vermelho, onde s\u00e3o complementados por biochanina A, daidze\u00edna e geniste\u00edna. Descubra mais sobre este composto fascinante e suas implica\u00e7\u00f5es para a sa\u00fade.<\/p>\t\t\t\t\t\t\t\t<\/div>\n\t\t\t\t<\/div>\n\t\t\t\t<div class=\"elementor-element elementor-element-6766a57c elementor-widget elementor-widget-heading\" data-id=\"6766a57c\" data-element_type=\"widget\" data-e-type=\"widget\" data-widget_type=\"heading.default\">\n\t\t\t\t<div class=\"elementor-widget-container\">\n\t\t\t\t\t<h2 class=\"elementor-heading-title elementor-size-default\">Benef\u00edcios das isoflavonas para mulheres<\/h2>\t\t\t\t<\/div>\n\t\t\t\t<\/div>\n\t\t\t\t<div class=\"elementor-element elementor-element-487b87ee elementor-widget elementor-widget-text-editor\" data-id=\"487b87ee\" data-element_type=\"widget\" data-e-type=\"widget\" data-widget_type=\"text-editor.default\">\n\t\t\t\t<div class=\"elementor-widget-container\">\n\t\t\t\t\t\t\t\t\t<p>As isoflavonas de soja t\u00eam um impacto not\u00e1vel na redu\u00e7\u00e3o dos sintomas pr\u00e9-menstruais, incluindo ondas de calor, ins\u00f4nia, secura vaginal e ansiedade relacionada a altera\u00e7\u00f5es hormonais. Essa capacidade se deve \u00e0 sua interven\u00e7\u00e3o nos receptores de estrog\u00eanio, especialmente no estradiol, a forma mais importante de estrog\u00eanio no corpo.<\/p><p>\u00c9 essencial observar que os efeitos das isoflavonas podem variar dependendo do est\u00e1gio hormonal em que a mulher se encontra, o que pode resultar em efeitos estrog\u00eanicos ou antiestrog\u00eanicos, conforme necess\u00e1rio.<\/p><p>Al\u00e9m disso, essas mol\u00e9culas t\u00eam a capacidade de bloquear a liga\u00e7\u00e3o de estrog\u00eanios mais poderosos que podem desencadear c\u00e2ncer no colo do \u00fatero ou nos test\u00edculos. Apesar da sua semelhan\u00e7a estrutural com o estrog\u00e9nio, a isoflavona n\u00e3o provoca efeitos negativos nos homens, uma vez que a sua estrutura \u00e9 semelhante mas n\u00e3o id\u00eantica.<\/p><p>Na menopausa, quando os n\u00edveis de estrog\u00eanio diminuem, a absor\u00e7\u00e3o de c\u00e1lcio, crucial para a sa\u00fade \u00f3ssea, pode ser afetada. As isoflavonas ajudam a fortalecer os ossos e a melhorar a estabilidade \u00f3ssea em geral durante esse processo.<\/p><p>Embora muitas vezes associadas erroneamente a uma vitamina, as isoflavonas s\u00e3o compostos vegetais bioativos presentes na soja e pertencem \u00e0 fam\u00edlia dos fitoestr\u00f3genos. Apesar de sua semelhan\u00e7a estrutural com os estrog\u00eanios humanos, sua atividade no organismo \u00e9 diferente e tem efeitos ben\u00e9ficos not\u00e1veis.<\/p>\t\t\t\t\t\t\t\t<\/div>\n\t\t\t\t<\/div>\n\t\t\t\t<div class=\"elementor-element elementor-element-1229fe3d elementor-widget elementor-widget-heading\" data-id=\"1229fe3d\" data-element_type=\"widget\" data-e-type=\"widget\" data-widget_type=\"heading.default\">\n\t\t\t\t<div class=\"elementor-widget-container\">\n\t\t\t\t\t<h2 class=\"elementor-heading-title elementor-size-default\">Desfrute de mel m\u00e1gico para mulheres<\/h2>\t\t\t\t<\/div>\n\t\t\t\t<\/div>\n\t\t\t\t<div class=\"elementor-element elementor-element-4671e033 elementor-widget elementor-widget-text-editor\" data-id=\"4671e033\" data-element_type=\"widget\" data-e-type=\"widget\" data-widget_type=\"text-editor.default\">\n\t\t\t\t<div class=\"elementor-widget-container\">\n\t\t\t\t\t\t\t\t\t<p>Sinta a diferen\u00e7a com a nova f\u00f3rmula Magic Honey para mulheres! Com seu poderoso conte\u00fado de isoflavonas e uma mistura cuidadosa de ingredientes naturais, este produto foi desenvolvido para aumentar sua resist\u00eancia di\u00e1ria e melhorar a intimidade.<\/p><p>N\u00e3o perca a oportunidade de desfrutar de uma vida plena e energ\u00e9tica com Magic Honey!<\/p>\t\t\t\t\t\t\t\t<\/div>\n\t\t\t\t<\/div>\n\t\t\t\t<div class=\"elementor-element elementor-element-ccf4998 elementor-widget elementor-widget-heading\" data-id=\"ccf4998\" data-element_type=\"widget\" data-e-type=\"widget\" data-widget_type=\"heading.default\">\n\t\t\t\t<div class=\"elementor-widget-container\">\n\t\t\t\t\t<h2 class=\"elementor-heading-title elementor-size-default\">\u00c9 verdade que a isoflavona de soja aumenta os seios ou as n\u00e1degas?<\/h2>\t\t\t\t<\/div>\n\t\t\t\t<\/div>\n\t\t\t\t<div class=\"elementor-element elementor-element-50da0b51 elementor-widget elementor-widget-text-editor\" data-id=\"50da0b51\" data-element_type=\"widget\" data-e-type=\"widget\" data-widget_type=\"text-editor.default\">\n\t\t\t\t<div class=\"elementor-widget-container\">\n\t\t\t\t\t\t\t\t\t<p>Desmascarar o mito! N\u00e3o h\u00e1 evid\u00eancias cient\u00edficas s\u00f3lidas para apoiar a ideia de que as isoflavonas da soja possam aumentar o tamanho dos seios ou das n\u00e1degas. Embora o seu impacto na sa\u00fade geral tenha sido exaustivamente pesquisado, n\u00e3o foram comprovados efeitos significativos nestas \u00e1reas espec\u00edficas do corpo. Vamos esclarecer os equ\u00edvocos e focar nos fatos respaldados pela ci\u00eancia!<\/p>\t\t\t\t\t\t\t\t<\/div>\n\t\t\t\t<\/div>\n\t\t\t\t<div class=\"elementor-element elementor-element-e20e1fb elementor-widget elementor-widget-heading\" data-id=\"e20e1fb\" data-element_type=\"widget\" data-e-type=\"widget\" data-widget_type=\"heading.default\">\n\t\t\t\t<div class=\"elementor-widget-container\">\n\t\t\t\t\t<h2 class=\"elementor-heading-title elementor-size-default\">Benef\u00edcios da Isoflavona para a pele<\/h2>\t\t\t\t<\/div>\n\t\t\t\t<\/div>\n\t\t\t\t<div class=\"elementor-element elementor-element-65c6ae65 elementor-widget elementor-widget-text-editor\" data-id=\"65c6ae65\" data-element_type=\"widget\" data-e-type=\"widget\" data-widget_type=\"text-editor.default\">\n\t\t\t\t<div class=\"elementor-widget-container\">\n\t\t\t\t\t\t\t\t\t<p>Revela\u00e7\u00e3o incr\u00edvel! Estudos demonstraram que a isoflavona de soja, em todas as suas apresenta\u00e7\u00f5es, traz benef\u00edcios not\u00e1veis \u200b\u200bpara a pele, gra\u00e7as ao seu poderoso efeito antioxidante. Isto evita o envelhecimento prematuro, mantendo a pele perfeitamente hidratada e brilhante.<\/p><p>Al\u00e9m disso, o seu consumo a longo prazo promove a recupera\u00e7\u00e3o da firmeza e espessura da epiderme, combatendo o ressecamento, manchas e rugas ligadas ao processo de envelhecimento. Experimente os milagres da isoflavona de soja para uma pele radiante e jovem!<\/p>\t\t\t\t\t\t\t\t<\/div>\n\t\t\t\t<\/div>\n\t\t\t\t<div class=\"elementor-element elementor-element-3b4a592a elementor-widget elementor-widget-heading\" data-id=\"3b4a592a\" data-element_type=\"widget\" data-e-type=\"widget\" data-widget_type=\"heading.default\">\n\t\t\t\t<div class=\"elementor-widget-container\">\n\t\t\t\t\t<h2 class=\"elementor-heading-title elementor-size-default\">O que \u00e9 Tribulus?<\/h2>\t\t\t\t<\/div>\n\t\t\t\t<\/div>\n\t\t\t\t<div class=\"elementor-element elementor-element-ccb8654 elementor-widget elementor-widget-text-editor\" data-id=\"ccb8654\" data-element_type=\"widget\" data-e-type=\"widget\" data-widget_type=\"text-editor.default\">\n\t\t\t\t<div class=\"elementor-widget-container\">\n\t\t\t\t\t\t\t\t\t<p>Tribulus \u00e9 uma planta perene encontrada na fam\u00edlia Zygophyllaceae. Seus frutos espinhosos abrigam sementes tradicionalmente valorizadas na fitoterapia. Estas sementes s\u00e3o uma fonte concentrada de compostos bioativos como saponinas ester\u00f3ides, flavon\u00f3ides, alcal\u00f3ides e fitoester\u00f3is, considerados respons\u00e1veis \u200b\u200bpelos efeitos positivos associados ao Tribulus.<\/p>\t\t\t\t\t\t\t\t<\/div>\n\t\t\t\t<\/div>\n\t\t\t\t<div class=\"elementor-element elementor-element-72fdd2bd elementor-widget elementor-widget-heading\" data-id=\"72fdd2bd\" data-element_type=\"widget\" data-e-type=\"widget\" data-widget_type=\"heading.default\">\n\t\t\t\t<div class=\"elementor-widget-container\">\n\t\t\t\t\t<h2 class=\"elementor-heading-title elementor-size-default\">Para que \u00e9 usada a erva Tribulus?<\/h2>\t\t\t\t<\/div>\n\t\t\t\t<\/div>\n\t\t\t\t<div class=\"elementor-element elementor-element-152fa6ba elementor-widget elementor-widget-text-editor\" data-id=\"152fa6ba\" data-element_type=\"widget\" data-e-type=\"widget\" data-widget_type=\"text-editor.default\">\n\t\t\t\t<div class=\"elementor-widget-container\">\n\t\t\t\t\t\t\t\t\t<p>Tribulus Herb tem sido usado na medicina tradicional para tratar uma ampla gama de condi\u00e7\u00f5es, incluindo problemas urin\u00e1rios, dist\u00farbios sexuais, problemas hep\u00e1ticos e card\u00edacos.<\/p><p>Al\u00e9m disso, a sua utiliza\u00e7\u00e3o como suplemento desportivo e melhorador do desempenho sexual \u00e9 conhecida pela sua capacidade de melhorar a resist\u00eancia f\u00edsica e o desejo sexual, em combina\u00e7\u00e3o com outros componentes naturais.<\/p>\t\t\t\t\t\t\t\t<\/div>\n\t\t\t\t<\/div>\n\t\t\t\t<div class=\"elementor-element elementor-element-3ec01b66 elementor-widget elementor-widget-heading\" data-id=\"3ec01b66\" data-element_type=\"widget\" data-e-type=\"widget\" data-widget_type=\"heading.default\">\n\t\t\t\t<div class=\"elementor-widget-container\">\n\t\t\t\t\t<h2 class=\"elementor-heading-title elementor-size-default\">Benef\u00edcios do tribulus nas mulheres<\/h2>\t\t\t\t<\/div>\n\t\t\t\t<\/div>\n\t\t\t\t<div class=\"elementor-element elementor-element-149cdb8e elementor-widget elementor-widget-text-editor\" data-id=\"149cdb8e\" data-element_type=\"widget\" data-e-type=\"widget\" data-widget_type=\"text-editor.default\">\n\t\t\t\t<div class=\"elementor-widget-container\">\n\t\t\t\t\t\t\t\t\t<p>Embora a maioria dos estudos tenha se concentrado nos efeitos do Tribulus nos homens, seu impacto positivo nas mulheres tamb\u00e9m foi investigado.<\/p><p>Algumas pesquisas sugerem que o Tribulus pode ajudar a melhorar a libido e aliviar os sintomas da menopausa, como ondas de calor e secura vaginal.<\/p><p>Aproveite esses e outros benef\u00edcios com a nova f\u00f3rmula Magic Honey para mulheres, que cont\u00e9m ingredientes naturais como mel, vitamina B, tribulus e outros componentes naturais que ajudam a aumentar o desejo sexual e a resist\u00eancia f\u00edsica.<\/p>\t\t\t\t\t\t\t\t<\/div>\n\t\t\t\t<\/div>\n\t\t\t\t<div class=\"elementor-element elementor-element-2697f4c9 elementor-widget elementor-widget-heading\" data-id=\"2697f4c9\" data-element_type=\"widget\" data-e-type=\"widget\" data-widget_type=\"heading.default\">\n\t\t\t\t<div class=\"elementor-widget-container\">\n\t\t\t\t\t<h2 class=\"elementor-heading-title elementor-size-default\">Benef\u00edcios do tribulus nos homens<\/h2>\t\t\t\t<\/div>\n\t\t\t\t<\/div>\n\t\t\t\t<div class=\"elementor-element elementor-element-268a7681 elementor-widget elementor-widget-text-editor\" data-id=\"268a7681\" data-element_type=\"widget\" data-e-type=\"widget\" data-widget_type=\"text-editor.default\">\n\t\t\t\t<div class=\"elementor-widget-container\">\n\t\t\t\t\t\t\t\t\t<p>Sem d\u00favida, os benef\u00edcios do Tribulus tamb\u00e9m se estendem aos homens. Esta planta tem sido amplamente promovida como um melhorador da sa\u00fade sexual masculina e do desempenho.<\/p><p>A pesquisa sugere que o Tribulus pode aumentar os n\u00edveis de testosterona, melhorando assim a libido, a qualidade do esperma e a fun\u00e7\u00e3o er\u00e9til.<\/p><p>Aproveite os efeitos revitalizantes do Tribulus com Mel M\u00e1gico para homem, uma f\u00f3rmula desenvolvida para melhorar a resist\u00eancia e aumentar a vitalidade nos seus momentos \u00edntimos.<\/p>\t\t\t\t\t\t\t\t<\/div>\n\t\t\t\t<\/div>\n\t\t\t\t<div class=\"elementor-element elementor-element-6081e5ac elementor-widget elementor-widget-heading\" data-id=\"6081e5ac\" data-element_type=\"widget\" data-e-type=\"widget\" data-widget_type=\"heading.default\">\n\t\t\t\t<div class=\"elementor-widget-container\">\n\t\t\t\t\t<h2 class=\"elementor-heading-title elementor-size-default\">Como tomar Tribulus<\/h2>\t\t\t\t<\/div>\n\t\t\t\t<\/div>\n\t\t\t\t<div class=\"elementor-element elementor-element-dd051ba elementor-widget elementor-widget-text-editor\" data-id=\"dd051ba\" data-element_type=\"widget\" data-e-type=\"widget\" data-widget_type=\"text-editor.default\">\n\t\t\t\t<div class=\"elementor-widget-container\">\n\t\t\t\t\t\t\t\t\t<p>Definitivamente! Tribulus est\u00e1 dispon\u00edvel em v\u00e1rias formas, desde c\u00e1psulas e comprimidos at\u00e9 extratos l\u00edquidos e p\u00f3s. No caso do Mel M\u00e1gico, esta poderosa erva vem na forma de mel, proporcionando \u00e0 mulher uma fonte concentrada de vitalidade e energia para valorizar cada momento do dia. N\u00e3o perca a oportunidade de aumentar o seu n\u00edvel de energia e vitalidade!<\/p>\t\t\t\t\t\t\t\t<\/div>\n\t\t\t\t<\/div>\n\t\t\t\t<div class=\"elementor-element elementor-element-247d5f0a elementor-widget elementor-widget-heading\" data-id=\"247d5f0a\" data-element_type=\"widget\" data-e-type=\"widget\" data-widget_type=\"heading.default\">\n\t\t\t\t<div class=\"elementor-widget-container\">\n\t\t\t\t\t<h2 class=\"elementor-heading-title elementor-size-default\">Jealous Goat Weed: propriedades e benef\u00edcios para o bem-estar da mulher<\/h2>\t\t\t\t<\/div>\n\t\t\t\t<\/div>\n\t\t\t\t<div class=\"elementor-element elementor-element-2a10a765 elementor-widget elementor-widget-text-editor\" data-id=\"2a10a765\" data-element_type=\"widget\" data-e-type=\"widget\" data-widget_type=\"text-editor.default\">\n\t\t\t\t<div class=\"elementor-widget-container\">\n\t\t\t\t\t\t\t\t\t<p>Jealous Goat Weed, ou Epimedium, tem sido um elemento central na medicina tradicional chinesa h\u00e1 gera\u00e7\u00f5es. Tamb\u00e9m conhecida como Yin Yang Huo ou Horny Goat Weed, esta planta herb\u00e1cea perene oferece uma ampla gama de benef\u00edcios para o bem-estar das mulheres. Mergulhe em seu mundo fascinante e descubra como ele pode melhorar sua qualidade de vida.<\/p>\t\t\t\t\t\t\t\t<\/div>\n\t\t\t\t<\/div>\n\t\t\t\t<div class=\"elementor-element elementor-element-13665f40 elementor-widget elementor-widget-heading\" data-id=\"13665f40\" data-element_type=\"widget\" data-e-type=\"widget\" data-widget_type=\"heading.default\">\n\t\t\t\t<div class=\"elementor-widget-container\">\n\t\t\t\t\t<h2 class=\"elementor-heading-title elementor-size-default\">O que \u00e9 erva daninha de cabra e para que \u00e9 utilizada?<\/h2>\t\t\t\t<\/div>\n\t\t\t\t<\/div>\n\t\t\t\t<div class=\"elementor-element elementor-element-4000b3cd elementor-widget elementor-widget-text-editor\" data-id=\"4000b3cd\" data-element_type=\"widget\" data-e-type=\"widget\" data-widget_type=\"text-editor.default\">\n\t\t\t\t<div class=\"elementor-widget-container\">\n\t\t\t\t\t\t\t\t\t<p>Epimedium, pertencente \u00e0 fam\u00edlia Berberidaceae, \u00e9 nativo de regi\u00f5es selecionadas da \u00c1sia e do Mediterr\u00e2neo. Abundante em compostos bioativos, como icari\u00edna, flavon\u00f3ides e ester\u00f3ides, acredita-se que esta planta contribui para uma s\u00e9rie de propriedades medicinais e promotoras da sa\u00fade.<\/p><p>Esta planta tem sido usada na medicina tradicional chinesa h\u00e1 s\u00e9culos como afrodis\u00edaco e t\u00f4nico para melhorar a sa\u00fade geral. Acredita-se que ajuda a aumentar a libido, melhorar a fun\u00e7\u00e3o sexual e aumentar a energia. Al\u00e9m de seus benef\u00edcios para a fun\u00e7\u00e3o sexual, tamb\u00e9m tem sido usado para tratar outras condi\u00e7\u00f5es, como fadiga cr\u00f4nica, osteoporose e dist\u00farbios renais.<\/p><ul><li>Fun\u00e7\u00e3o sexual melhorada: Jealous Goat Weed tem sido amplamente utilizado para aumentar a libido e melhorar a fun\u00e7\u00e3o sexual em mulheres. Estimula a circula\u00e7\u00e3o sangu\u00ednea e aumenta a sensibilidade nas zonas \u00edntimas, o que pode resultar numa maior satisfa\u00e7\u00e3o sexual.<\/li><li>Al\u00edvio dos sintomas da menopausa: Algumas mulheres apresentam sintomas desconfort\u00e1veis \u200b\u200b\u200b\u200bdurante a menopausa, como ondas de calor, secura vaginal e altera\u00e7\u00f5es de humor. Horny Goat Weed pode ajudar a aliviar esses sintomas, equilibrando os n\u00edveis hormonais e melhorando a circula\u00e7\u00e3o.<\/li><li>Aumento de energia e vitalidade: Acredita-se que esta planta tenha propriedades t\u00f4nicas e estimulantes que podem aumentar a energia e reduzir a fadiga nas mulheres.<\/li><\/ul><p>Al\u00e9m disso, Magic Honey para mulheres \u00e9 um suplemento nutricional que ajuda a aumentar a libido nas mulheres e refor\u00e7a a sua vitalidade em todos os momentos. Cont\u00e9m erva daninha de cabra c\u00f3rnea, juntamente com outros ingredientes naturais essenciais para o bem-estar f\u00edsico.<\/p>\t\t\t\t\t\t\t\t<\/div>\n\t\t\t\t<\/div>\n\t\t\t\t<div class=\"elementor-element elementor-element-2cbcf9b1 elementor-widget elementor-widget-heading\" data-id=\"2cbcf9b1\" data-element_type=\"widget\" data-e-type=\"widget\" data-widget_type=\"heading.default\">\n\t\t\t\t<div class=\"elementor-widget-container\">\n\t\t\t\t\t<h2 class=\"elementor-heading-title elementor-size-default\">Usos desta planta medicinal<\/h2>\t\t\t\t<\/div>\n\t\t\t\t<\/div>\n\t\t\t\t<div class=\"elementor-element elementor-element-63fbad68 elementor-widget elementor-widget-text-editor\" data-id=\"63fbad68\" data-element_type=\"widget\" data-e-type=\"widget\" data-widget_type=\"text-editor.default\">\n\t\t\t\t<div class=\"elementor-widget-container\">\n\t\t\t\t\t\t\t\t\t<p>Os suplementos Jealous Goat Weed est\u00e3o amplamente dispon\u00edveis em v\u00e1rias formas, como c\u00e1psulas, comprimidos ou extratos l\u00edquidos. Podem ser adquiridos em lojas de produtos naturais ou por meio de plataformas online, proporcionando grande comodidade para o consumo.<\/p><p>Al\u00e9m disso, para quem prefere m\u00e9todos mais naturais, fazer ch\u00e1 ou decoc\u00e7\u00f5es com Jealous Goat Weed \u00e9 uma op\u00e7\u00e3o popular. O processo envolve ferver as folhas ou caules da planta em \u00e1gua por alguns minutos, resultando em uma infus\u00e3o ben\u00e9fica e f\u00e1cil de consumir.<\/p>\t\t\t\t\t\t\t\t<\/div>\n\t\t\t\t<\/div>\n\t\t\t\t<div class=\"elementor-element elementor-element-7bae9a9b elementor-widget-mobile__width-initial elementor-widget elementor-widget-heading\" data-id=\"7bae9a9b\" data-element_type=\"widget\" data-e-type=\"widget\" data-widget_type=\"heading.default\">\n\t\t\t\t<div class=\"elementor-widget-container\">\n\t\t\t\t\t<h3 class=\"elementor-heading-title elementor-size-default\">DESCUBRA MAIS DO MEL M\u00c1GICO PARA MULHERES<\/h3>\t\t\t\t<\/div>\n\t\t\t\t<\/div>\n\t\t\t\t\t<\/div>\n\t\t\t\t<\/div>\n\t\t\t\t<\/div>\n\t\t","protected":false},"excerpt":{"rendered":"<p>INGREDIENTES Extratos de ervas: uma alternativa natural e eficaz para melhorar a sa\u00fade f\u00edsica Isoflavonas de soja, o que \u00e9 e para que serve? As isoflavonas de soja s\u00e3o um grupo de mol\u00e9culas encontradas em vegetais conhecidas como fitoestr\u00f3genos devido \u00e0 sua semelhan\u00e7a com o estrog\u00eanio no corpo. Gra\u00e7as \u00e0s suas propriedades, essas mol\u00e9culas oferecem &#8230; <a title=\"Extratos de ervas\" class=\"read-more\" href=\"https:\/\/magichoney.com\/pt-br\/extratos-de-ervas\/\" aria-label=\"Read more about Extratos de ervas\">Ler mais<\/a><\/p>\n","protected":false},"author":1,"featured_media":0,"parent":0,"menu_order":0,"comment_status":"closed","ping_status":"closed","template":"elementor_header_footer","meta":{"footnotes":""},"class_list":["post-14813","page","type-page","status-publish"],"_links":{"self":[{"href":"https:\/\/magichoney.com\/pt-br\/wp-json\/wp\/v2\/pages\/14813","targetHints":{"allow":["GET"]}}],"collection":[{"href":"https:\/\/magichoney.com\/pt-br\/wp-json\/wp\/v2\/pages"}],"about":[{"href":"https:\/\/magichoney.com\/pt-br\/wp-json\/wp\/v2\/types\/page"}],"author":[{"embeddable":true,"href":"https:\/\/magichoney.com\/pt-br\/wp-json\/wp\/v2\/users\/1"}],"replies":[{"embeddable":true,"href":"https:\/\/magichoney.com\/pt-br\/wp-json\/wp\/v2\/comments?post=14813"}],"version-history":[{"count":5,"href":"https:\/\/magichoney.com\/pt-br\/wp-json\/wp\/v2\/pages\/14813\/revisions"}],"predecessor-version":[{"id":17213,"href":"https:\/\/magichoney.com\/pt-br\/wp-json\/wp\/v2\/pages\/14813\/revisions\/17213"}],"wp:attachment":[{"href":"https:\/\/magichoney.com\/pt-br\/wp-json\/wp\/v2\/media?parent=14813"}],"curies":[{"name":"wp","href":"https:\/\/api.w.org\/{rel}","templated":true}]}}