{"id":14703,"date":"2023-11-05T15:00:28","date_gmt":"2023-11-05T15:00:28","guid":{"rendered":"https:\/\/magichoney.com\/?page_id=14703"},"modified":"2023-11-20T20:57:29","modified_gmt":"2023-11-20T20:57:29","slug":"magic-delay","status":"publish","type":"page","link":"https:\/\/magichoney.com\/pt-br\/magic-delay\/","title":{"rendered":"MAGIC DELAY"},"content":{"rendered":"\t\t<div data-elementor-type=\"wp-page\" data-elementor-id=\"14703\" class=\"elementor elementor-14703 elementor-13821\" data-elementor-post-type=\"page\">\n\t\t\t\t<div class=\"elementor-element elementor-element-605afe0 e-flex e-con-boxed e-con e-parent\" data-id=\"605afe0\" data-element_type=\"container\" data-e-type=\"container\" data-settings=\"{&quot;background_background&quot;:&quot;classic&quot;}\">\n\t\t\t\t\t<div class=\"e-con-inner\">\n\t\t\t\t<div class=\"elementor-element elementor-element-c6f33f4 elementor-widget-tablet__width-initial elementor-widget__width-initial elementor-widget elementor-widget-heading\" data-id=\"c6f33f4\" data-element_type=\"widget\" data-e-type=\"widget\" data-widget_type=\"heading.default\">\n\t\t\t\t<div class=\"elementor-widget-container\">\n\t\t\t\t\t<div class=\"elementor-heading-title elementor-size-default\">BREVE<\/div>\t\t\t\t<\/div>\n\t\t\t\t<\/div>\n\t\t\t\t<div class=\"elementor-element elementor-element-c20a64c elementor-widget-mobile__width-initial elementor-widget elementor-widget-heading\" data-id=\"c20a64c\" data-element_type=\"widget\" data-e-type=\"widget\" data-widget_type=\"heading.default\">\n\t\t\t\t<div class=\"elementor-widget-container\">\n\t\t\t\t\t<div class=\"elementor-heading-title elementor-size-default\">DESCUBRA OS NOSSOS PRODUTOS DISPON\u00cdVEIS<\/div>\t\t\t\t<\/div>\n\t\t\t\t<\/div>\n\t\t\t\t<div class=\"elementor-element elementor-element-8c98b71 elementor-align-left elementor-mobile-align-left elementor-widget-mobile__width-initial elementor-widget elementor-widget-button\" data-id=\"8c98b71\" data-element_type=\"widget\" data-e-type=\"widget\" data-widget_type=\"button.default\">\n\t\t\t\t<div class=\"elementor-widget-container\">\n\t\t\t\t\t\t\t\t\t<div class=\"elementor-button-wrapper\">\n\t\t\t\t\t<a class=\"elementor-button elementor-button-link elementor-size-md elementor-animation-grow\" href=\"https:\/\/magichoney.com\/pt-br\/loja\/\">\n\t\t\t\t\t\t<span class=\"elementor-button-content-wrapper\">\n\t\t\t\t\t\t\t\t\t<span class=\"elementor-button-text\">LOJA DE VISITA<\/span>\n\t\t\t\t\t<\/span>\n\t\t\t\t\t<\/a>\n\t\t\t\t<\/div>\n\t\t\t\t\t\t\t\t<\/div>\n\t\t\t\t<\/div>\n\t\t\t\t\t<\/div>\n\t\t\t\t<\/div>\n\t\t<div class=\"elementor-element elementor-element-4121ce00 e-flex e-con-boxed e-con e-parent\" data-id=\"4121ce00\" data-element_type=\"container\" data-e-type=\"container\" data-settings=\"{&quot;background_background&quot;:&quot;classic&quot;}\">\n\t\t\t\t\t<div class=\"e-con-inner\">\n\t\t\t\t<div class=\"elementor-element elementor-element-3938a37e elementor-widget elementor-widget-spacer\" data-id=\"3938a37e\" data-element_type=\"widget\" data-e-type=\"widget\" data-widget_type=\"spacer.default\">\n\t\t\t\t<div class=\"elementor-widget-container\">\n\t\t\t\t\t\t\t<div class=\"elementor-spacer\">\n\t\t\t<div class=\"elementor-spacer-inner\"><\/div>\n\t\t<\/div>\n\t\t\t\t\t\t<\/div>\n\t\t\t\t<\/div>\n\t\t<div class=\"elementor-element elementor-element-76d3cbdf e-flex e-con-boxed e-con e-child\" data-id=\"76d3cbdf\" data-element_type=\"container\" data-e-type=\"container\" data-settings=\"{&quot;background_background&quot;:&quot;classic&quot;}\">\n\t\t\t\t\t<div class=\"e-con-inner\">\n\t\t<div class=\"elementor-element elementor-element-30327daa e-con-full e-flex e-con e-child\" data-id=\"30327daa\" data-element_type=\"container\" data-e-type=\"container\">\n\t\t\t\t<div class=\"elementor-element elementor-element-c2db85 elementor-widget__width-initial elementor-widget elementor-widget-image\" data-id=\"c2db85\" data-element_type=\"widget\" data-e-type=\"widget\" data-widget_type=\"image.default\">\n\t\t\t\t<div class=\"elementor-widget-container\">\n\t\t\t\t\t\t\t\t\t\t\t\t\t\t\t<img fetchpriority=\"high\" decoding=\"async\" width=\"600\" height=\"599\" src=\"https:\/\/magichoney.com\/wp-content\/uploads\/2023\/10\/magic-delay.webp\" class=\"attachment-full size-full wp-image-12618\" alt=\"Magic Delay\" srcset=\"https:\/\/magichoney.com\/wp-content\/uploads\/2023\/10\/magic-delay.webp 600w, https:\/\/magichoney.com\/wp-content\/uploads\/2023\/10\/magic-delay-300x300.webp 300w, https:\/\/magichoney.com\/wp-content\/uploads\/2023\/10\/magic-delay-100x100.webp 100w, https:\/\/magichoney.com\/wp-content\/uploads\/2023\/10\/magic-delay-150x150.webp 150w, https:\/\/magichoney.com\/wp-content\/uploads\/2023\/10\/magic-delay-140x140.webp 140w, https:\/\/magichoney.com\/wp-content\/uploads\/2023\/10\/magic-delay-500x500.webp 500w, https:\/\/magichoney.com\/wp-content\/uploads\/2023\/10\/magic-delay-350x350.webp 350w\" sizes=\"(max-width: 600px) 100vw, 600px\" \/>\t\t\t\t\t\t\t\t\t\t\t\t\t\t\t<\/div>\n\t\t\t\t<\/div>\n\t\t\t\t<\/div>\n\t\t<div class=\"elementor-element elementor-element-6a719e45 e-con-full e-flex e-con e-child\" data-id=\"6a719e45\" data-element_type=\"container\" data-e-type=\"container\">\n\t\t\t\t<div class=\"elementor-element elementor-element-6050037a elementor-widget-mobile__width-initial elementor-widget elementor-widget-heading\" data-id=\"6050037a\" data-element_type=\"widget\" data-e-type=\"widget\" data-widget_type=\"heading.default\">\n\t\t\t\t<div class=\"elementor-widget-container\">\n\t\t\t\t\t<h1 class=\"elementor-heading-title elementor-size-default\">Magic Delay Descubra como parar o tempo com Magic Delay<\/h1>\t\t\t\t<\/div>\n\t\t\t\t<\/div>\n\t\t\t\t<div class=\"elementor-element elementor-element-4399431 elementor-widget elementor-widget-heading\" data-id=\"4399431\" data-element_type=\"widget\" data-e-type=\"widget\" data-widget_type=\"heading.default\">\n\t\t\t\t<div class=\"elementor-widget-container\">\n\t\t\t\t\t<h2 class=\"elementor-heading-title elementor-size-default\">12 LIMPOS<\/h2>\t\t\t\t<\/div>\n\t\t\t\t<\/div>\n\t\t\t\t<div class=\"elementor-element elementor-element-4fac7da2 elementor-widget-mobile__width-initial elementor-widget elementor-widget-text-editor\" data-id=\"4fac7da2\" data-element_type=\"widget\" data-e-type=\"widget\" data-widget_type=\"text-editor.default\">\n\t\t\t\t<div class=\"elementor-widget-container\">\n\t\t\t\t\t\t\t\t\t<p>Prolongar a dura\u00e7\u00e3o ou durar mais \u00e9 uma das perguntas que os homens se fazem quando est\u00e3o no momento de prazer. Mas chegou a hora de atender e mostrar a solu\u00e7\u00e3o para aquele momento especial.<\/p>\t\t\t\t\t\t\t\t<\/div>\n\t\t\t\t<\/div>\n\t\t\t\t<div class=\"elementor-element elementor-element-4a926090 elementor-widget-mobile__width-initial elementor-widget elementor-widget-heading\" data-id=\"4a926090\" data-element_type=\"widget\" data-e-type=\"widget\" data-widget_type=\"heading.default\">\n\t\t\t\t<div class=\"elementor-widget-container\">\n\t\t\t\t\t<h2 class=\"elementor-heading-title elementor-size-default\">Benef\u00edcios do Magic delay<\/h2>\t\t\t\t<\/div>\n\t\t\t\t<\/div>\n\t\t\t\t<div class=\"elementor-element elementor-element-22bdf36 elementor-widget-mobile__width-initial elementor-widget elementor-widget-text-editor\" data-id=\"22bdf36\" data-element_type=\"widget\" data-e-type=\"widget\" data-widget_type=\"text-editor.default\">\n\t\t\t\t<div class=\"elementor-widget-container\">\n\t\t\t\t\t\t\t\t\t<p>Descubra uma forma revolucion\u00e1ria de melhorar a sua vida \u00edntima e alcan\u00e7ar um prazer duradouro. Magic Delay foi criado com uma abordagem inovadora para proporcionar uma experi\u00eancia \u00edntima mais completa e satisfat\u00f3ria. Com a sua f\u00f3rmula org\u00e2nica e eficaz, estes discretos toalhetes retardadores permitem-lhe desfrutar de momentos \u00edntimos mais longos e gratificantes. Mergulhe num mundo de sensa\u00e7\u00f5es renovadas e descubra os m\u00faltiplos benef\u00edcios que Magic Delay tem para oferecer. Prepare-se para viver uma experi\u00eancia \u00edntima inesquec\u00edvel<\/p><ul><li>Prolonga a dura\u00e7\u00e3o dos encontros \u00edntimos para uma experi\u00eancia mais satisfat\u00f3ria.<\/li><li>Melhora a sensibilidade e o prazer, permitindo uma conex\u00e3o mais profunda.<\/li><li>Ajuda a manter a ere\u00e7\u00e3o por per\u00edodos mais longos, melhorando o desempenho sexual.<\/li><li>Proporciona cuidado e estimula\u00e7\u00e3o sexual, elevando a experi\u00eancia a um n\u00edvel superior.<\/li><li>Previne irrita\u00e7\u00f5es e desconfortos, garantindo uma experi\u00eancia confort\u00e1vel e agrad\u00e1vel.<\/li><li>Oferece propriedades antibacterianas, promovendo uma \u00f3tima higiene \u00edntima e uma sensa\u00e7\u00e3o de frescor.<\/li><li>S\u00e3o f\u00e1ceis de usar, pois s\u00e3o para uso t\u00f3pico.<\/li><\/ul><p>Desperte seu potencial em cada encontro com Magic Honey for Men e Magic Delay. Experimente momentos \u00edntimos mais intensos e duradouros que o deixar\u00e3o sem f\u00f4lego. Seja para fortalecer a sua vitalidade ou prolongar as suas experi\u00eancias \u00edntimas, esta combina\u00e7\u00e3o proporciona-lhe uma sinfonia de prazer e energia. Ouse viver uma vida \u00edntima plena e satisfat\u00f3ria.<\/p>\t\t\t\t\t\t\t\t<\/div>\n\t\t\t\t<\/div>\n\t\t\t\t<\/div>\n\t\t\t\t\t<\/div>\n\t\t\t\t<\/div>\n\t\t\t\t\t<\/div>\n\t\t\t\t<\/div>\n\t\t<div class=\"elementor-element elementor-element-5e3f288 e-flex e-con-boxed e-con e-parent\" data-id=\"5e3f288\" data-element_type=\"container\" data-e-type=\"container\" data-settings=\"{&quot;background_background&quot;:&quot;classic&quot;}\">\n\t\t\t\t\t<div class=\"e-con-inner\">\n\t\t\t\t<div class=\"elementor-element elementor-element-09f86ac elementor-widget-mobile__width-initial elementor-widget elementor-widget-heading\" data-id=\"09f86ac\" data-element_type=\"widget\" data-e-type=\"widget\" data-widget_type=\"heading.default\">\n\t\t\t\t<div class=\"elementor-widget-container\">\n\t\t\t\t\t<h3 class=\"elementor-heading-title elementor-size-default\">ESCLARECEMOS SUAS D\u00daVIDAS<\/h3>\t\t\t\t<\/div>\n\t\t\t\t<\/div>\n\t\t\t\t<div class=\"elementor-element elementor-element-53f7440 elementor-widget elementor-widget-heading\" data-id=\"53f7440\" data-element_type=\"widget\" data-e-type=\"widget\" data-widget_type=\"heading.default\">\n\t\t\t\t<div class=\"elementor-widget-container\">\n\t\t\t\t\t<h2 class=\"elementor-heading-title elementor-size-default\">O que \u00e9 Magic Delay e para que serve?<\/h2>\t\t\t\t<\/div>\n\t\t\t\t<\/div>\n\t\t\t\t<div class=\"elementor-element elementor-element-c26ba33 elementor-widget-mobile__width-initial elementor-widget elementor-widget-text-editor\" data-id=\"c26ba33\" data-element_type=\"widget\" data-e-type=\"widget\" data-widget_type=\"text-editor.default\">\n\t\t\t\t<div class=\"elementor-widget-container\">\n\t\t\t\t\t\t\t\t\t<p>Voc\u00ea quer prolongar o prazer e a intimidade? Descubra como Magic Delay redefine sua experi\u00eancia \u00edntima com sua f\u00f3rmula org\u00e2nica em toalhetes retardadores discretos. Experimente a emo\u00e7\u00e3o de um maior prazer sexual sem preocupa\u00e7\u00f5es.<\/p><p>Com Magic Delay, voc\u00ea n\u00e3o s\u00f3 desfrutar\u00e1 de encontros mais longos, mas tamb\u00e9m se beneficiar\u00e1 de seu poder de manter ere\u00e7\u00f5es e melhorar a sensibilidade. Al\u00e9m disso, se voc\u00ea est\u00e1 preocupado com a higiene \u00edntima e com a preven\u00e7\u00e3o de irrita\u00e7\u00f5es, o Magic Delay tem tudo sob controle! apoiando voc\u00ea para alcan\u00e7ar uma experi\u00eancia suave e agrad\u00e1vel.<\/p><p>Voc\u00ea est\u00e1 pronto para descobrir um novo mundo de prazer e cuidado \u00edntimo? Experimente Magic Delay hoje e transforme sua vida sexual com apenas uma limpeza!<\/p>\t\t\t\t\t\t\t\t<\/div>\n\t\t\t\t<\/div>\n\t\t\t\t<div class=\"elementor-element elementor-element-2c4b677 elementor-widget elementor-widget-heading\" data-id=\"2c4b677\" data-element_type=\"widget\" data-e-type=\"widget\" data-widget_type=\"heading.default\">\n\t\t\t\t<div class=\"elementor-widget-container\">\n\t\t\t\t\t<h2 class=\"elementor-heading-title elementor-size-default\">COMO VOC\u00ca USA O ATRASO M\u00c1GICO?<\/h2>\t\t\t\t<\/div>\n\t\t\t\t<\/div>\n\t\t\t\t<div class=\"elementor-element elementor-element-1ae6e3e elementor-widget-mobile__width-initial elementor-widget elementor-widget-text-editor\" data-id=\"1ae6e3e\" data-element_type=\"widget\" data-e-type=\"widget\" data-widget_type=\"text-editor.default\">\n\t\t\t\t<div class=\"elementor-widget-container\">\n\t\t\t\t\t\t\t\t\t<p>Experimente prazer ilimitado com Magic Delay, apresentado em uma embalagem discreta contendo 12 len\u00e7os umedecidos org\u00e2nicos. A sua aplica\u00e7\u00e3o \u00e9 r\u00e1pida e f\u00e1cil: basta deslizar um pano sobre o membro 20 a 30 minutos antes do seu encontro \u00edntimo. Prepare o seu momento especial e desfrute de longas reuni\u00f5es cheias de paix\u00e3o. Atreva-se a descobrir uma nova dimens\u00e3o de prazer com Magic Delay!<\/p>\t\t\t\t\t\t\t\t<\/div>\n\t\t\t\t<\/div>\n\t\t\t\t<div class=\"elementor-element elementor-element-a187ab2 elementor-widget elementor-widget-heading\" data-id=\"a187ab2\" data-element_type=\"widget\" data-e-type=\"widget\" data-widget_type=\"heading.default\">\n\t\t\t\t<div class=\"elementor-widget-container\">\n\t\t\t\t\t<h3 class=\"elementor-heading-title elementor-size-default\">MAGIC TIPS<\/h3>\t\t\t\t<\/div>\n\t\t\t\t<\/div>\n\t\t\t\t<div class=\"elementor-element elementor-element-6abc13a elementor-widget elementor-widget-heading\" data-id=\"6abc13a\" data-element_type=\"widget\" data-e-type=\"widget\" data-widget_type=\"heading.default\">\n\t\t\t\t<div class=\"elementor-widget-container\">\n\t\t\t\t\t<h2 class=\"elementor-heading-title elementor-size-default\">Interessado em truques para desfrutar de maior resist\u00eancia na cama?<\/h2>\t\t\t\t<\/div>\n\t\t\t\t<\/div>\n\t\t\t\t<div class=\"elementor-element elementor-element-29ef6fc elementor-widget-mobile__width-initial elementor-widget elementor-widget-text-editor\" data-id=\"29ef6fc\" data-element_type=\"widget\" data-e-type=\"widget\" data-widget_type=\"text-editor.default\">\n\t\t\t\t<div class=\"elementor-widget-container\">\n\t\t\t\t\t\t\t\t\t<p>Al\u00e9m de usar o Magic Delay, existem algumas dicas e t\u00e9cnicas que podem ajud\u00e1-lo a prolongar o prazer e alcan\u00e7ar novos patamares de satisfa\u00e7\u00e3o em seus relacionamentos \u00edntimos. Desde exerc\u00edcios espec\u00edficos para fortalecer certos m\u00fasculos at\u00e9 pr\u00e1ticas de controle respirat\u00f3rio, h\u00e1 uma variedade de abordagens que podem ajudar a melhorar sua resist\u00eancia sexual. Acompanhe o uso do Magic Delay com estes truques e descubra um mundo de prazer prolongado e satisfat\u00f3rio.<\/p>\t\t\t\t\t\t\t\t<\/div>\n\t\t\t\t<\/div>\n\t\t\t\t<div class=\"elementor-element elementor-element-fce7757 elementor-widget elementor-widget-heading\" data-id=\"fce7757\" data-element_type=\"widget\" data-e-type=\"widget\" data-widget_type=\"heading.default\">\n\t\t\t\t<div class=\"elementor-widget-container\">\n\t\t\t\t\t<h3 class=\"elementor-heading-title elementor-size-default\">Exerc\u00edcios de respira\u00e7\u00e3o<\/h3>\t\t\t\t<\/div>\n\t\t\t\t<\/div>\n\t\t\t\t<div class=\"elementor-element elementor-element-80d7c4a elementor-widget elementor-widget-text-editor\" data-id=\"80d7c4a\" data-element_type=\"widget\" data-e-type=\"widget\" data-widget_type=\"text-editor.default\">\n\t\t\t\t<div class=\"elementor-widget-container\">\n\t\t\t\t\t\t\t\t\t<p>Em muitas ocasi\u00f5es, nas rela\u00e7\u00f5es sexuais, o nervosismo e a excita\u00e7\u00e3o ocupam o centro das aten\u00e7\u00f5es, por isso \u00e9 aconselh\u00e1vel realizar previamente exerc\u00edcios respirat\u00f3rios para diminuir e controlar a frequ\u00eancia card\u00edaca, evitando assim a ejacula\u00e7\u00e3o precoce.<\/p>\t\t\t\t\t\t\t\t<\/div>\n\t\t\t\t<\/div>\n\t\t\t\t<div class=\"elementor-element elementor-element-5c16d04 elementor-widget elementor-widget-heading\" data-id=\"5c16d04\" data-element_type=\"widget\" data-e-type=\"widget\" data-widget_type=\"heading.default\">\n\t\t\t\t<div class=\"elementor-widget-container\">\n\t\t\t\t\t<h3 class=\"elementor-heading-title elementor-size-default\">Treine e controle sua mente<\/h3>\t\t\t\t<\/div>\n\t\t\t\t<\/div>\n\t\t\t\t<div class=\"elementor-element elementor-element-9cceac8 elementor-widget elementor-widget-text-editor\" data-id=\"9cceac8\" data-element_type=\"widget\" data-e-type=\"widget\" data-widget_type=\"text-editor.default\">\n\t\t\t\t<div class=\"elementor-widget-container\">\n\t\t\t\t\t\t\t\t\t<p>O \u00f3rg\u00e3o sexual mais poderoso do corpo \u00e9 o c\u00e9rebro, por isso ao praticar esta atividade a mente foca apenas no prazer e \u00e9 da\u00ed que vem o controle; Todas as d\u00favidas, inseguran\u00e7as e preocupa\u00e7\u00f5es devem ser tiradas da sua mente, pois podem ser o motivo pelo qual voc\u00ea n\u00e3o dura muito na cama, ent\u00e3o concentre-se em aproveitar o momento.<\/p>\t\t\t\t\t\t\t\t<\/div>\n\t\t\t\t<\/div>\n\t\t\t\t<div class=\"elementor-element elementor-element-f8efa27 elementor-widget elementor-widget-heading\" data-id=\"f8efa27\" data-element_type=\"widget\" data-e-type=\"widget\" data-widget_type=\"heading.default\">\n\t\t\t\t<div class=\"elementor-widget-container\">\n\t\t\t\t\t<h3 class=\"elementor-heading-title elementor-size-default\">Treine fisicamente seu corpo<\/h3>\t\t\t\t<\/div>\n\t\t\t\t<\/div>\n\t\t\t\t<div class=\"elementor-element elementor-element-854d17c elementor-widget elementor-widget-text-editor\" data-id=\"854d17c\" data-element_type=\"widget\" data-e-type=\"widget\" data-widget_type=\"text-editor.default\">\n\t\t\t\t<div class=\"elementor-widget-container\">\n\t\t\t\t\t\t\t\t\t<p>\u00c9 recomendado que voc\u00ea leve uma vida fisicamente ativa, evitando o sedentarismo; o que o ajudar\u00e1 e lhe permitir\u00e1 obter grandes benef\u00edcios tanto f\u00edsicos como psicol\u00f3gicos, obtendo mais energia e resist\u00eancia nas rela\u00e7\u00f5es sexuais.<\/p>\t\t\t\t\t\t\t\t<\/div>\n\t\t\t\t<\/div>\n\t\t\t\t<div class=\"elementor-element elementor-element-07606cf elementor-widget elementor-widget-heading\" data-id=\"07606cf\" data-element_type=\"widget\" data-e-type=\"widget\" data-widget_type=\"heading.default\">\n\t\t\t\t<div class=\"elementor-widget-container\">\n\t\t\t\t\t<h3 class=\"elementor-heading-title elementor-size-default\">Exerc\u00edcios de Kegel para fortalecer o assoalho p\u00e9lvico<\/h3>\t\t\t\t<\/div>\n\t\t\t\t<\/div>\n\t\t\t\t<div class=\"elementor-element elementor-element-0bfff31 elementor-widget elementor-widget-text-editor\" data-id=\"0bfff31\" data-element_type=\"widget\" data-e-type=\"widget\" data-widget_type=\"text-editor.default\">\n\t\t\t\t<div class=\"elementor-widget-container\">\n\t\t\t\t\t\t\t\t\t<p>Este exerc\u00edcio costuma ser praticado por mulheres, mas n\u00e3o h\u00e1 problema para os homens pratic\u00e1-lo tamb\u00e9m, e consiste em realizar contra\u00e7\u00f5es e relaxamentos musculares para aumentar a for\u00e7a e resist\u00eancia da regi\u00e3o.<\/p>\t\t\t\t\t\t\t\t<\/div>\n\t\t\t\t<\/div>\n\t\t\t\t<div class=\"elementor-element elementor-element-c80e638 elementor-widget elementor-widget-heading\" data-id=\"c80e638\" data-element_type=\"widget\" data-e-type=\"widget\" data-widget_type=\"heading.default\">\n\t\t\t\t<div class=\"elementor-widget-container\">\n\t\t\t\t\t<h3 class=\"elementor-heading-title elementor-size-default\">Treine com masturba\u00e7\u00e3o masculina<\/h3>\t\t\t\t<\/div>\n\t\t\t\t<\/div>\n\t\t\t\t<div class=\"elementor-element elementor-element-d4315a2 elementor-widget elementor-widget-text-editor\" data-id=\"d4315a2\" data-element_type=\"widget\" data-e-type=\"widget\" data-widget_type=\"text-editor.default\">\n\t\t\t\t<div class=\"elementor-widget-container\">\n\t\t\t\t\t\t\t\t\t<p>Isso vai te ajudar a controlar e segurar mais a cama, pois \u00e9 uma forma de praticar mais.<\/p>\t\t\t\t\t\t\t\t<\/div>\n\t\t\t\t<\/div>\n\t\t\t\t<div class=\"elementor-element elementor-element-509dae9 elementor-widget elementor-widget-heading\" data-id=\"509dae9\" data-element_type=\"widget\" data-e-type=\"widget\" data-widget_type=\"heading.default\">\n\t\t\t\t<div class=\"elementor-widget-container\">\n\t\t\t\t\t<h3 class=\"elementor-heading-title elementor-size-default\">Pratique posi\u00e7\u00f5es que retardam a ejacula\u00e7\u00e3o<\/h3>\t\t\t\t<\/div>\n\t\t\t\t<\/div>\n\t\t\t\t<div class=\"elementor-element elementor-element-b52c4c6 elementor-widget elementor-widget-text-editor\" data-id=\"b52c4c6\" data-element_type=\"widget\" data-e-type=\"widget\" data-widget_type=\"text-editor.default\">\n\t\t\t\t<div class=\"elementor-widget-container\">\n\t\t\t\t\t\t\t\t\t<p>Essas posi\u00e7\u00f5es s\u00e3o aquelas em que voc\u00ea n\u00e3o \u00e9 dominante, como mulher por cima ou posi\u00e7\u00e3o de colher; que voc\u00ea acaba aproveitando e controlando melhor; Embora seja recomend\u00e1vel que voc\u00ea experimente as diferentes posi\u00e7\u00f5es e decida por si mesmo quais s\u00e3o as melhores posi\u00e7\u00f5es para durar mais tempo na cama.<\/p>\t\t\t\t\t\t\t\t<\/div>\n\t\t\t\t<\/div>\n\t\t\t\t<div class=\"elementor-element elementor-element-1dfcf9f elementor-widget elementor-widget-heading\" data-id=\"1dfcf9f\" data-element_type=\"widget\" data-e-type=\"widget\" data-widget_type=\"heading.default\">\n\t\t\t\t<div class=\"elementor-widget-container\">\n\t\t\t\t\t<h3 class=\"elementor-heading-title elementor-size-default\">Gengibre nas refei\u00e7\u00f5es ou em infus\u00e3o<\/h3>\t\t\t\t<\/div>\n\t\t\t\t<\/div>\n\t\t\t\t<div class=\"elementor-element elementor-element-ef7d928 elementor-widget elementor-widget-text-editor\" data-id=\"ef7d928\" data-element_type=\"widget\" data-e-type=\"widget\" data-widget_type=\"text-editor.default\">\n\t\t\t\t<div class=\"elementor-widget-container\">\n\t\t\t\t\t\t\t\t\t<p>O gengibre \u00e9 um afrodis\u00edaco, ajudando a estimular e aumentar o desejo sexual, aumentando a dura\u00e7\u00e3o das suas rela\u00e7\u00f5es sexuais.<\/p>\t\t\t\t\t\t\t\t<\/div>\n\t\t\t\t<\/div>\n\t\t\t\t<div class=\"elementor-element elementor-element-0cbc7bf elementor-widget elementor-widget-heading\" data-id=\"0cbc7bf\" data-element_type=\"widget\" data-e-type=\"widget\" data-widget_type=\"heading.default\">\n\t\t\t\t<div class=\"elementor-widget-container\">\n\t\t\t\t\t<h3 class=\"elementor-heading-title elementor-size-default\">Mel no seu caf\u00e9 da manh\u00e3 ou lanche<\/h3>\t\t\t\t<\/div>\n\t\t\t\t<\/div>\n\t\t\t\t<div class=\"elementor-element elementor-element-499aa95 elementor-widget elementor-widget-text-editor\" data-id=\"499aa95\" data-element_type=\"widget\" data-e-type=\"widget\" data-widget_type=\"text-editor.default\">\n\t\t\t\t<div class=\"elementor-widget-container\">\n\t\t\t\t\t\t\t\t\t<p>Aqui o protagonista dos nossos produtos, querida; um afrodis\u00edaco natural que prolonga a dura\u00e7\u00e3o na cama; e por causa de seu sabor, voc\u00ea pode adicion\u00e1-lo ao ch\u00e1, iogurte e cereais.<\/p>\t\t\t\t\t\t\t\t<\/div>\n\t\t\t\t<\/div>\n\t\t\t\t\t<\/div>\n\t\t\t\t<\/div>\n\t\t\t\t<\/div>\n\t\t","protected":false},"excerpt":{"rendered":"<p>BREVE DESCUBRA OS NOSSOS PRODUTOS DISPON\u00cdVEIS LOJA DE VISITA Magic Delay Descubra como parar o tempo com Magic Delay 12 LIMPOS Prolongar a dura\u00e7\u00e3o ou durar mais \u00e9 uma das perguntas que os homens se fazem quando est\u00e3o no momento de prazer. Mas chegou a hora de atender e mostrar a solu\u00e7\u00e3o para aquele momento &#8230; <a title=\"MAGIC DELAY\" class=\"read-more\" href=\"https:\/\/magichoney.com\/pt-br\/magic-delay\/\" aria-label=\"Read more about MAGIC DELAY\">Ler mais<\/a><\/p>\n","protected":false},"author":1,"featured_media":0,"parent":0,"menu_order":0,"comment_status":"closed","ping_status":"closed","template":"elementor_header_footer","meta":{"footnotes":""},"class_list":["post-14703","page","type-page","status-publish"],"_links":{"self":[{"href":"https:\/\/magichoney.com\/pt-br\/wp-json\/wp\/v2\/pages\/14703","targetHints":{"allow":["GET"]}}],"collection":[{"href":"https:\/\/magichoney.com\/pt-br\/wp-json\/wp\/v2\/pages"}],"about":[{"href":"https:\/\/magichoney.com\/pt-br\/wp-json\/wp\/v2\/types\/page"}],"author":[{"embeddable":true,"href":"https:\/\/magichoney.com\/pt-br\/wp-json\/wp\/v2\/users\/1"}],"replies":[{"embeddable":true,"href":"https:\/\/magichoney.com\/pt-br\/wp-json\/wp\/v2\/comments?post=14703"}],"version-history":[{"count":5,"href":"https:\/\/magichoney.com\/pt-br\/wp-json\/wp\/v2\/pages\/14703\/revisions"}],"predecessor-version":[{"id":16289,"href":"https:\/\/magichoney.com\/pt-br\/wp-json\/wp\/v2\/pages\/14703\/revisions\/16289"}],"wp:attachment":[{"href":"https:\/\/magichoney.com\/pt-br\/wp-json\/wp\/v2\/media?parent=14703"}],"curies":[{"name":"wp","href":"https:\/\/api.w.org\/{rel}","templated":true}]}}