{"id":14678,"date":"2023-11-04T21:04:23","date_gmt":"2023-11-04T21:04:23","guid":{"rendered":"https:\/\/magichoney.com\/?page_id=14678"},"modified":"2023-11-20T18:59:54","modified_gmt":"2023-11-20T18:59:54","slug":"caixa-de-24-mulheres","status":"publish","type":"page","link":"https:\/\/magichoney.com\/pt-br\/caixa-de-24-mulheres\/","title":{"rendered":"Caixa de 24 mulheres"},"content":{"rendered":"\t\t<div data-elementor-type=\"wp-page\" data-elementor-id=\"14678\" class=\"elementor elementor-14678 elementor-13763\" data-elementor-post-type=\"page\">\n\t\t\t\t<div class=\"elementor-element elementor-element-63c8d435 e-flex e-con-boxed e-con e-parent\" data-id=\"63c8d435\" data-element_type=\"container\" data-e-type=\"container\" data-settings=\"{&quot;background_background&quot;:&quot;classic&quot;}\">\n\t\t\t\t\t<div class=\"e-con-inner\">\n\t\t<div class=\"elementor-element elementor-element-381722b4 e-flex e-con-boxed e-con e-child\" data-id=\"381722b4\" data-element_type=\"container\" data-e-type=\"container\" data-settings=\"{&quot;background_background&quot;:&quot;classic&quot;}\">\n\t\t\t\t\t<div class=\"e-con-inner\">\n\t\t\t\t<div class=\"elementor-element elementor-element-2f1c791a elementor-widget elementor-widget-spacer\" data-id=\"2f1c791a\" data-element_type=\"widget\" data-e-type=\"widget\" data-widget_type=\"spacer.default\">\n\t\t\t\t<div class=\"elementor-widget-container\">\n\t\t\t\t\t\t\t<div class=\"elementor-spacer\">\n\t\t\t<div class=\"elementor-spacer-inner\"><\/div>\n\t\t<\/div>\n\t\t\t\t\t\t<\/div>\n\t\t\t\t<\/div>\n\t\t\t\t\t<\/div>\n\t\t\t\t<\/div>\n\t\t\t\t\t<\/div>\n\t\t\t\t<\/div>\n\t\t<div class=\"elementor-element elementor-element-4117f4a0 e-flex e-con-boxed e-con e-parent\" data-id=\"4117f4a0\" data-element_type=\"container\" data-e-type=\"container\" data-settings=\"{&quot;background_background&quot;:&quot;classic&quot;}\">\n\t\t\t\t\t<div class=\"e-con-inner\">\n\t\t<div class=\"elementor-element elementor-element-1915cfb2 e-flex e-con-boxed e-con e-child\" data-id=\"1915cfb2\" data-element_type=\"container\" data-e-type=\"container\" data-settings=\"{&quot;background_background&quot;:&quot;classic&quot;}\">\n\t\t\t\t\t<div class=\"e-con-inner\">\n\t\t<div class=\"elementor-element elementor-element-1f72a00 e-con-full e-flex e-con e-child\" data-id=\"1f72a00\" data-element_type=\"container\" data-e-type=\"container\">\n\t\t\t\t<div class=\"elementor-element elementor-element-d5826dd elementor-widget-mobile__width-initial elementor-widget elementor-widget-image\" data-id=\"d5826dd\" data-element_type=\"widget\" data-e-type=\"widget\" data-widget_type=\"image.default\">\n\t\t\t\t<div class=\"elementor-widget-container\">\n\t\t\t\t\t\t\t\t\t\t\t\t\t\t\t<img fetchpriority=\"high\" decoding=\"async\" width=\"600\" height=\"600\" src=\"https:\/\/magichoney.com\/wp-content\/uploads\/2023\/10\/caja-de-24-mujeres.webp\" class=\"attachment-full size-full wp-image-12582\" alt=\"Caja de 24 sobres para mujer\" srcset=\"https:\/\/magichoney.com\/wp-content\/uploads\/2023\/10\/caja-de-24-mujeres.webp 600w, https:\/\/magichoney.com\/wp-content\/uploads\/2023\/10\/caja-de-24-mujeres-300x300.webp 300w, https:\/\/magichoney.com\/wp-content\/uploads\/2023\/10\/caja-de-24-mujeres-100x100.webp 100w, https:\/\/magichoney.com\/wp-content\/uploads\/2023\/10\/caja-de-24-mujeres-150x150.webp 150w, https:\/\/magichoney.com\/wp-content\/uploads\/2023\/10\/caja-de-24-mujeres-140x140.webp 140w, https:\/\/magichoney.com\/wp-content\/uploads\/2023\/10\/caja-de-24-mujeres-500x500.webp 500w, https:\/\/magichoney.com\/wp-content\/uploads\/2023\/10\/caja-de-24-mujeres-350x350.webp 350w\" sizes=\"(max-width: 600px) 100vw, 600px\" \/>\t\t\t\t\t\t\t\t\t\t\t\t\t\t\t<\/div>\n\t\t\t\t<\/div>\n\t\t\t\t<\/div>\n\t\t<div class=\"elementor-element elementor-element-4dd36030 e-con-full e-flex e-con e-child\" data-id=\"4dd36030\" data-element_type=\"container\" data-e-type=\"container\">\n\t\t\t\t<div class=\"elementor-element elementor-element-6c19d4e6 elementor-widget-mobile__width-initial elementor-widget elementor-widget-heading\" data-id=\"6c19d4e6\" data-element_type=\"widget\" data-e-type=\"widget\" data-widget_type=\"heading.default\">\n\t\t\t\t<div class=\"elementor-widget-container\">\n\t\t\t\t\t<h1 class=\"elementor-heading-title elementor-size-default\">Mel M\u00e1gico para Mulheres<br>Eleve sua vitalidade com a caixa de 24 sach\u00eas<\/h1>\t\t\t\t<\/div>\n\t\t\t\t<\/div>\n\t\t\t\t<div class=\"elementor-element elementor-element-25630f33 elementor-widget elementor-widget-heading\" data-id=\"25630f33\" data-element_type=\"widget\" data-e-type=\"widget\" data-widget_type=\"heading.default\">\n\t\t\t\t<div class=\"elementor-widget-container\">\n\t\t\t\t\t<div class=\"elementor-heading-title elementor-size-default\">ENVELOPES DE 10 GRAMAS<\/div>\t\t\t\t<\/div>\n\t\t\t\t<\/div>\n\t\t\t\t<div class=\"elementor-element elementor-element-528ef19b elementor-widget-mobile__width-initial elementor-widget elementor-widget-text-editor\" data-id=\"528ef19b\" data-element_type=\"widget\" data-e-type=\"widget\" data-widget_type=\"text-editor.default\">\n\t\t\t\t<div class=\"elementor-widget-container\">\n\t\t\t\t\t\t\t\t\t<p>Recupere a sua vitalidade com Magic Honey Caixa de 24 mulheres. Nossa f\u00f3rmula especial combina a ess\u00eancia da natureza e da nanotecnologia para proporcionar energia renovada e bem-estar em meio \u00e0 agita\u00e7\u00e3o da vida moderna.<\/p>\t\t\t\t\t\t\t\t<\/div>\n\t\t\t\t<\/div>\n\t\t\t\t<div class=\"elementor-element elementor-element-699c557a elementor-widget-mobile__width-initial elementor-widget elementor-widget-heading\" data-id=\"699c557a\" data-element_type=\"widget\" data-e-type=\"widget\" data-widget_type=\"heading.default\">\n\t\t\t\t<div class=\"elementor-widget-container\">\n\t\t\t\t\t<h2 class=\"elementor-heading-title elementor-size-default\">CARACTERISTICAS<\/h2>\t\t\t\t<\/div>\n\t\t\t\t<\/div>\n\t\t\t\t<div class=\"elementor-element elementor-element-56e1fe7c elementor-widget elementor-widget-text-editor\" data-id=\"56e1fe7c\" data-element_type=\"widget\" data-e-type=\"widget\" data-widget_type=\"text-editor.default\">\n\t\t\t\t<div class=\"elementor-widget-container\">\n\t\t\t\t\t\t\t\t\t<ul><li>Sua caixa de 24 sach\u00eas \u00e9 ideal para ter aquele impulso de energia di\u00e1rio em todos os seus treinos e no dia a dia.<\/li><li>Voc\u00ea pode adicionar mel m\u00e1gico \u00e0s suas receitas, sobremesas, smoothies ou bebidas favoritas.<\/li><li>Uma saqueta d\u00e1-lhe energia durante 24 horas.<\/li><li>Para sentir os efeitos da nova f\u00f3rmula do Magic Honey para mulheres, recomenda-se tom\u00e1-lo por 7 dias seguidos.<\/li><\/ul>\t\t\t\t\t\t\t\t<\/div>\n\t\t\t\t<\/div>\n\t\t\t\t<\/div>\n\t\t\t\t\t<\/div>\n\t\t\t\t<\/div>\n\t\t\t\t\t<\/div>\n\t\t\t\t<\/div>\n\t\t<div class=\"elementor-element elementor-element-131fd91e e-flex e-con-boxed e-con e-parent\" data-id=\"131fd91e\" data-element_type=\"container\" data-e-type=\"container\" data-settings=\"{&quot;background_background&quot;:&quot;classic&quot;}\">\n\t\t\t\t\t<div class=\"e-con-inner\">\n\t\t\t\t<div class=\"elementor-element elementor-element-73050d67 elementor-widget elementor-widget-text-editor\" data-id=\"73050d67\" data-element_type=\"widget\" data-e-type=\"widget\" data-widget_type=\"text-editor.default\">\n\t\t\t\t<div class=\"elementor-widget-container\">\n\t\t\t\t\t\t\t\t\t<p>Magic Honey foi concebido para neutralizar os efeitos do esgotamento e das m\u00faltiplas responsabilidades que muitas vezes nos deixam exaustos. Quer voc\u00ea enfrente longas horas de trabalho ou fique sobrecarregado com tarefas di\u00e1rias, o mel para mulheres est\u00e1 aqui para lhe dar o impulso que voc\u00ea precisa.<\/p>\t\t\t\t\t\t\t\t<\/div>\n\t\t\t\t<\/div>\n\t\t\t\t<div class=\"elementor-element elementor-element-254624fc elementor-widget-mobile__width-initial elementor-widget elementor-widget-heading\" data-id=\"254624fc\" data-element_type=\"widget\" data-e-type=\"widget\" data-widget_type=\"heading.default\">\n\t\t\t\t<div class=\"elementor-widget-container\">\n\t\t\t\t\t<h2 class=\"elementor-heading-title elementor-size-default\">O SEGREDO DO MEL M\u00c1GICO, UMA F\u00d3RMULA PODEROSA<\/h2>\t\t\t\t<\/div>\n\t\t\t\t<\/div>\n\t\t\t\t<div class=\"elementor-element elementor-element-5692818b elementor-widget-mobile__width-initial elementor-widget elementor-widget-text-editor\" data-id=\"5692818b\" data-element_type=\"widget\" data-e-type=\"widget\" data-widget_type=\"text-editor.default\">\n\t\t\t\t<div class=\"elementor-widget-container\">\n\t\t\t\t\t\t\t\t\t<p>Saiba como o mel feminino se distingue pela sua excepcional composi\u00e7\u00e3o qu\u00edmica, cuidadosamente selecionada para as necessidades espec\u00edficas da mulher:<\/p>\t\t\t\t\t\t\t\t<\/div>\n\t\t\t\t<\/div>\n\t\t\t\t\t<\/div>\n\t\t\t\t<\/div>\n\t\t<div class=\"elementor-element elementor-element-337fdc8 e-flex e-con-boxed e-con e-parent\" data-id=\"337fdc8\" data-element_type=\"container\" data-e-type=\"container\" data-settings=\"{&quot;background_background&quot;:&quot;classic&quot;}\">\n\t\t\t\t\t<div class=\"e-con-inner\">\n\t\t<div class=\"elementor-element elementor-element-671a290 e-con-full e-flex elementor-invisible e-con e-child\" data-id=\"671a290\" data-element_type=\"container\" data-e-type=\"container\" data-settings=\"{&quot;background_background&quot;:&quot;classic&quot;,&quot;animation&quot;:&quot;pulse&quot;}\">\n\t\t\t\t<div class=\"elementor-element elementor-element-4aa624d8 elementor-widget__width-inherit elementor-widget elementor-widget-heading\" data-id=\"4aa624d8\" data-element_type=\"widget\" data-e-type=\"widget\" data-widget_type=\"heading.default\">\n\t\t\t\t<div class=\"elementor-widget-container\">\n\t\t\t\t\t<h2 class=\"elementor-heading-title elementor-size-default\"><a href=\"https:\/\/magichoney.com\/pt-br\/mel-de-abelha\/\">MEL DE ABELHAS<\/a><\/h2>\t\t\t\t<\/div>\n\t\t\t\t<\/div>\n\t\t\t\t<\/div>\n\t\t<div class=\"elementor-element elementor-element-733a3183 e-con-full e-flex elementor-invisible e-con e-child\" data-id=\"733a3183\" data-element_type=\"container\" data-e-type=\"container\" data-settings=\"{&quot;background_background&quot;:&quot;classic&quot;,&quot;animation&quot;:&quot;pulse&quot;}\">\n\t\t\t\t<div class=\"elementor-element elementor-element-4bf1ead7 elementor-widget__width-inherit elementor-widget elementor-widget-heading\" data-id=\"4bf1ead7\" data-element_type=\"widget\" data-e-type=\"widget\" data-widget_type=\"heading.default\">\n\t\t\t\t<div class=\"elementor-widget-container\">\n\t\t\t\t\t<h2 class=\"elementor-heading-title elementor-size-default\"><a href=\"https:\/\/magichoney.com\/pt-br\/vitamina-b\/\">VITAMINA B<\/a><\/h2>\t\t\t\t<\/div>\n\t\t\t\t<\/div>\n\t\t\t\t<\/div>\n\t\t<div class=\"elementor-element elementor-element-2c13f88a e-con-full e-flex elementor-invisible e-con e-child\" data-id=\"2c13f88a\" data-element_type=\"container\" data-e-type=\"container\" data-settings=\"{&quot;background_background&quot;:&quot;classic&quot;,&quot;animation&quot;:&quot;pulse&quot;}\">\n\t\t\t\t<div class=\"elementor-element elementor-element-4a1032ae elementor-widget__width-inherit elementor-widget elementor-widget-heading\" data-id=\"4a1032ae\" data-element_type=\"widget\" data-e-type=\"widget\" data-widget_type=\"heading.default\">\n\t\t\t\t<div class=\"elementor-widget-container\">\n\t\t\t\t\t<h2 class=\"elementor-heading-title elementor-size-default\"><a href=\"https:\/\/magichoney.com\/pt-br\/ginseng\/\">GINSENG<\/a><\/h2>\t\t\t\t<\/div>\n\t\t\t\t<\/div>\n\t\t\t\t<\/div>\n\t\t<div class=\"elementor-element elementor-element-4b6a4b67 e-con-full e-flex elementor-invisible e-con e-child\" data-id=\"4b6a4b67\" data-element_type=\"container\" data-e-type=\"container\" data-settings=\"{&quot;background_background&quot;:&quot;classic&quot;,&quot;animation&quot;:&quot;pulse&quot;}\">\n\t\t\t\t<div class=\"elementor-element elementor-element-7b8d9c81 elementor-widget__width-inherit elementor-widget elementor-widget-heading\" data-id=\"7b8d9c81\" data-element_type=\"widget\" data-e-type=\"widget\" data-widget_type=\"heading.default\">\n\t\t\t\t<div class=\"elementor-widget-container\">\n\t\t\t\t\t<h2 class=\"elementor-heading-title elementor-size-default\"><a href=\"https:\/\/magichoney.com\/pt-br\/arginina\/\">ARGININA<\/a><\/h2>\t\t\t\t<\/div>\n\t\t\t\t<\/div>\n\t\t\t\t<\/div>\n\t\t\t\t\t<\/div>\n\t\t\t\t<\/div>\n\t\t<div class=\"elementor-element elementor-element-2f5b5be4 e-flex e-con-boxed e-con e-parent\" data-id=\"2f5b5be4\" data-element_type=\"container\" data-e-type=\"container\" data-settings=\"{&quot;background_background&quot;:&quot;classic&quot;}\">\n\t\t\t\t\t<div class=\"e-con-inner\">\n\t\t<div class=\"elementor-element elementor-element-352fda4e e-con-full e-flex elementor-invisible e-con e-child\" data-id=\"352fda4e\" data-element_type=\"container\" data-e-type=\"container\" data-settings=\"{&quot;background_background&quot;:&quot;classic&quot;,&quot;animation&quot;:&quot;pulse&quot;}\">\n\t\t\t\t<div class=\"elementor-element elementor-element-1b380d91 elementor-widget__width-inherit elementor-widget elementor-widget-heading\" data-id=\"1b380d91\" data-element_type=\"widget\" data-e-type=\"widget\" data-widget_type=\"heading.default\">\n\t\t\t\t<div class=\"elementor-widget-container\">\n\t\t\t\t\t<h2 class=\"elementor-heading-title elementor-size-default\"><a href=\"https:\/\/magichoney.com\/pt-br\/glicinias\/\">GLIC\u00cdNIAS<\/a><\/h2>\t\t\t\t<\/div>\n\t\t\t\t<\/div>\n\t\t\t\t<\/div>\n\t\t<div class=\"elementor-element elementor-element-4ffe6255 e-con-full e-flex elementor-invisible e-con e-child\" data-id=\"4ffe6255\" data-element_type=\"container\" data-e-type=\"container\" data-settings=\"{&quot;background_background&quot;:&quot;classic&quot;,&quot;animation&quot;:&quot;pulse&quot;}\">\n\t\t\t\t<div class=\"elementor-element elementor-element-6deadbb8 elementor-widget__width-inherit elementor-widget elementor-widget-heading\" data-id=\"6deadbb8\" data-element_type=\"widget\" data-e-type=\"widget\" data-widget_type=\"heading.default\">\n\t\t\t\t<div class=\"elementor-widget-container\">\n\t\t\t\t\t<h2 class=\"elementor-heading-title elementor-size-default\"><a href=\"https:\/\/magichoney.com\/pt-br\/extratos-de-ervas\/\">FOLHA DE CABRA NA QUENTE<\/a><\/h2>\t\t\t\t<\/div>\n\t\t\t\t<\/div>\n\t\t\t\t<\/div>\n\t\t<div class=\"elementor-element elementor-element-624a338d e-con-full e-flex elementor-invisible e-con e-child\" data-id=\"624a338d\" data-element_type=\"container\" data-e-type=\"container\" data-settings=\"{&quot;background_background&quot;:&quot;classic&quot;,&quot;animation&quot;:&quot;pulse&quot;}\">\n\t\t\t\t<div class=\"elementor-element elementor-element-3825c231 elementor-widget__width-inherit elementor-widget elementor-widget-heading\" data-id=\"3825c231\" data-element_type=\"widget\" data-e-type=\"widget\" data-widget_type=\"heading.default\">\n\t\t\t\t<div class=\"elementor-widget-container\">\n\t\t\t\t\t<h2 class=\"elementor-heading-title elementor-size-default\"><a href=\"https:\/\/magichoney.com\/pt-br\/extratos-de-ervas\/\">L\u00c2MINA TR\u00cdBULO<\/a><\/h2>\t\t\t\t<\/div>\n\t\t\t\t<\/div>\n\t\t\t\t<\/div>\n\t\t<div class=\"elementor-element elementor-element-4ac5e915 e-con-full e-flex elementor-invisible e-con e-child\" data-id=\"4ac5e915\" data-element_type=\"container\" data-e-type=\"container\" data-settings=\"{&quot;background_background&quot;:&quot;classic&quot;,&quot;animation&quot;:&quot;pulse&quot;}\">\n\t\t\t\t<div class=\"elementor-element elementor-element-450842f1 elementor-widget__width-inherit elementor-widget elementor-widget-heading\" data-id=\"450842f1\" data-element_type=\"widget\" data-e-type=\"widget\" data-widget_type=\"heading.default\">\n\t\t\t\t<div class=\"elementor-widget-container\">\n\t\t\t\t\t<h2 class=\"elementor-heading-title elementor-size-default\"><a href=\"https:\/\/magichoney.com\/pt-br\/extratos-de-ervas\/\">ISOFLAVONA (EXTRATO DE SOJA)<\/a><\/h2>\t\t\t\t<\/div>\n\t\t\t\t<\/div>\n\t\t\t\t<\/div>\n\t\t\t\t\t<\/div>\n\t\t\t\t<\/div>\n\t\t<div class=\"elementor-element elementor-element-1bc42743 e-flex e-con-boxed e-con e-parent\" data-id=\"1bc42743\" data-element_type=\"container\" data-e-type=\"container\" data-settings=\"{&quot;background_background&quot;:&quot;classic&quot;}\">\n\t\t\t\t\t<div class=\"e-con-inner\">\n\t\t<div class=\"elementor-element elementor-element-9be9b1a e-flex e-con-boxed e-con e-child\" data-id=\"9be9b1a\" data-element_type=\"container\" data-e-type=\"container\" data-settings=\"{&quot;background_background&quot;:&quot;classic&quot;}\">\n\t\t\t\t\t<div class=\"e-con-inner\">\n\t\t\t\t<div class=\"elementor-element elementor-element-5d84a4ea elementor-widget-mobile__width-initial elementor-widget__width-initial elementor-widget elementor-widget-heading\" data-id=\"5d84a4ea\" data-element_type=\"widget\" data-e-type=\"widget\" data-widget_type=\"heading.default\">\n\t\t\t\t<div class=\"elementor-widget-container\">\n\t\t\t\t\t<h2 class=\"elementor-heading-title elementor-size-default\">Descubra a sua verdadeira ess\u00eancia feminina com seus benef\u00edcios<\/h2>\t\t\t\t<\/div>\n\t\t\t\t<\/div>\n\t\t\t\t<div class=\"elementor-element elementor-element-3938e6d7 elementor-widget elementor-widget-text-editor\" data-id=\"3938e6d7\" data-element_type=\"widget\" data-e-type=\"widget\" data-widget_type=\"text-editor.default\">\n\t\t\t\t<div class=\"elementor-widget-container\">\n\t\t\t\t\t\t\t\t\t<ul><li>O mel puro \u00e9 uma fonte de energia natural e est\u00e1 cheio de antioxidantes que ajudam a proteger o corpo contra os danos dos radicais livres. Al\u00e9m do sabor adocicado, o mel tamb\u00e9m tem sido tradicionalmente utilizado por suas propriedades medicinais, como ajudar no al\u00edvio de dores de garganta e tosse.<\/li><li>Amino\u00e1cidos essenciais, como L-Glicina e L-Arginina, s\u00e3o essenciais para fortalecer os m\u00fasculos e melhorar a circula\u00e7\u00e3o sangu\u00ednea.<\/li><li>Esses amino\u00e1cidos fornecem energia duradoura e apoiam a sa\u00fade geral do corpo.<br \/>As vitaminas B3 e B9, tamb\u00e9m conhecidas como niacina e \u00e1cido f\u00f3lico respectivamente, s\u00e3o essenciais para aumentar a energia e melhorar a resist\u00eancia.<\/li><li>O complexo B desempenha um papel importante no metabolismo alimentar e na produ\u00e7\u00e3o de energia no corpo.<\/li><li>Tamb\u00e9m s\u00e3o considerados aliados naturais no combate ao cansa\u00e7o.<\/li><li>Extratos, como soja, ginseng, folha de cabra com tes\u00e3o e erva Tribulus. Ingredientes selecionados pelas suas propriedades revitalizantes e pela capacidade de aumentar a intensidade e o bem-estar. O Ginseng, por exemplo, tem sido tradicionalmente usado para aumentar a energia e melhorar a resist\u00eancia f\u00edsica e mental. A erva Tribulus tem sido usada na medicina tradicional para melhorar a libido e o desempenho sexual.<\/li><\/ul>\t\t\t\t\t\t\t\t<\/div>\n\t\t\t\t<\/div>\n\t\t\t\t\t<\/div>\n\t\t\t\t<\/div>\n\t\t\t\t\t<\/div>\n\t\t\t\t<\/div>\n\t\t<div class=\"elementor-element elementor-element-6d8a52fc e-flex e-con-boxed e-con e-parent\" data-id=\"6d8a52fc\" data-element_type=\"container\" data-e-type=\"container\" data-settings=\"{&quot;background_background&quot;:&quot;classic&quot;}\">\n\t\t\t\t\t<div class=\"e-con-inner\">\n\t\t\t\t<div class=\"elementor-element elementor-element-2f603b59 elementor-widget-tablet__width-initial elementor-widget__width-initial elementor-widget elementor-widget-heading\" data-id=\"2f603b59\" data-element_type=\"widget\" data-e-type=\"widget\" data-widget_type=\"heading.default\">\n\t\t\t\t<div class=\"elementor-widget-container\">\n\t\t\t\t\t<div class=\"elementor-heading-title elementor-size-default\">N\u00c3O PERCA A OPORTUNIDADE DE SE CAPACITAR E BRILHAR<\/div>\t\t\t\t<\/div>\n\t\t\t\t<\/div>\n\t\t\t\t<div class=\"elementor-element elementor-element-360cb818 elementor-widget-mobile__width-initial elementor-widget elementor-widget-text-editor\" data-id=\"360cb818\" data-element_type=\"widget\" data-e-type=\"widget\" data-widget_type=\"text-editor.default\">\n\t\t\t\t<div class=\"elementor-widget-container\">\n\t\t\t\t\t\t\t\t\t<p><strong>COMO NUNCA ANTES! DESCUBRA O PODER TRANSFORMADOR DO MEL M\u00c1GICO PARA MULHERES<\/strong><\/p>\t\t\t\t\t\t\t\t<\/div>\n\t\t\t\t<\/div>\n\t\t\t\t<div class=\"elementor-element elementor-element-28888f5 elementor-align-left elementor-mobile-align-left elementor-widget-mobile__width-initial elementor-widget elementor-widget-button\" data-id=\"28888f5\" data-element_type=\"widget\" data-e-type=\"widget\" data-widget_type=\"button.default\">\n\t\t\t\t<div class=\"elementor-widget-container\">\n\t\t\t\t\t\t\t\t\t<div class=\"elementor-button-wrapper\">\n\t\t\t\t\t<a class=\"elementor-button elementor-button-link elementor-size-md elementor-animation-grow\" href=\"https:\/\/magichoney.com\/pt-br\/loja\/\">\n\t\t\t\t\t\t<span class=\"elementor-button-content-wrapper\">\n\t\t\t\t\t\t\t\t\t<span class=\"elementor-button-text\">LOJA DE VISITA<\/span>\n\t\t\t\t\t<\/span>\n\t\t\t\t\t<\/a>\n\t\t\t\t<\/div>\n\t\t\t\t\t\t\t\t<\/div>\n\t\t\t\t<\/div>\n\t\t\t\t\t<\/div>\n\t\t\t\t<\/div>\n\t\t\t\t<\/div>\n\t\t","protected":false},"excerpt":{"rendered":"<p>Mel M\u00e1gico para MulheresEleve sua vitalidade com a caixa de 24 sach\u00eas ENVELOPES DE 10 GRAMAS Caixa de Mel M\u00e1gico de 24 sach\u00eas femininos (10 gramas cada) quantidade ADICIONAR AO CARRINHO Recupere a sua vitalidade com Magic Honey Caixa de 24 mulheres. Nossa f\u00f3rmula especial combina a ess\u00eancia da natureza e da nanotecnologia para proporcionar &#8230; <a title=\"Caixa de 24 mulheres\" class=\"read-more\" href=\"https:\/\/magichoney.com\/pt-br\/caixa-de-24-mulheres\/\" aria-label=\"Read more about Caixa de 24 mulheres\">Ler mais<\/a><\/p>\n","protected":false},"author":1,"featured_media":0,"parent":0,"menu_order":0,"comment_status":"closed","ping_status":"closed","template":"elementor_header_footer","meta":{"footnotes":""},"class_list":["post-14678","page","type-page","status-publish"],"_links":{"self":[{"href":"https:\/\/magichoney.com\/pt-br\/wp-json\/wp\/v2\/pages\/14678","targetHints":{"allow":["GET"]}}],"collection":[{"href":"https:\/\/magichoney.com\/pt-br\/wp-json\/wp\/v2\/pages"}],"about":[{"href":"https:\/\/magichoney.com\/pt-br\/wp-json\/wp\/v2\/types\/page"}],"author":[{"embeddable":true,"href":"https:\/\/magichoney.com\/pt-br\/wp-json\/wp\/v2\/users\/1"}],"replies":[{"embeddable":true,"href":"https:\/\/magichoney.com\/pt-br\/wp-json\/wp\/v2\/comments?post=14678"}],"version-history":[{"count":5,"href":"https:\/\/magichoney.com\/pt-br\/wp-json\/wp\/v2\/pages\/14678\/revisions"}],"predecessor-version":[{"id":16211,"href":"https:\/\/magichoney.com\/pt-br\/wp-json\/wp\/v2\/pages\/14678\/revisions\/16211"}],"wp:attachment":[{"href":"https:\/\/magichoney.com\/pt-br\/wp-json\/wp\/v2\/media?parent=14678"}],"curies":[{"name":"wp","href":"https:\/\/api.w.org\/{rel}","templated":true}]}}