{"id":14674,"date":"2023-11-04T21:00:40","date_gmt":"2023-11-04T21:00:40","guid":{"rendered":"https:\/\/magichoney.com\/?page_id=14674"},"modified":"2023-11-20T20:18:25","modified_gmt":"2023-11-20T20:18:25","slug":"caixa-de-24-homens","status":"publish","type":"page","link":"https:\/\/magichoney.com\/pt-br\/caixa-de-24-homens\/","title":{"rendered":"Caixa de 24 homens"},"content":{"rendered":"\t\t<div data-elementor-type=\"wp-page\" data-elementor-id=\"14674\" class=\"elementor elementor-14674 elementor-13746\" data-elementor-post-type=\"page\">\n\t\t\t\t<div class=\"elementor-element elementor-element-7fd88162 e-flex e-con-boxed e-con e-parent\" data-id=\"7fd88162\" data-element_type=\"container\" data-e-type=\"container\" data-settings=\"{&quot;background_background&quot;:&quot;classic&quot;}\">\n\t\t\t\t\t<div class=\"e-con-inner\">\n\t\t\t\t<div class=\"elementor-element elementor-element-702f5b1a elementor-widget elementor-widget-spacer\" data-id=\"702f5b1a\" data-element_type=\"widget\" data-e-type=\"widget\" data-widget_type=\"spacer.default\">\n\t\t\t\t<div class=\"elementor-widget-container\">\n\t\t\t\t\t\t\t<div class=\"elementor-spacer\">\n\t\t\t<div class=\"elementor-spacer-inner\"><\/div>\n\t\t<\/div>\n\t\t\t\t\t\t<\/div>\n\t\t\t\t<\/div>\n\t\t\t\t\t<\/div>\n\t\t\t\t<\/div>\n\t\t<div class=\"elementor-element elementor-element-11090a81 e-flex e-con-boxed e-con e-parent\" data-id=\"11090a81\" data-element_type=\"container\" data-e-type=\"container\" data-settings=\"{&quot;background_background&quot;:&quot;classic&quot;}\">\n\t\t\t\t\t<div class=\"e-con-inner\">\n\t\t<div class=\"elementor-element elementor-element-23851af5 e-flex e-con-boxed e-con e-child\" data-id=\"23851af5\" data-element_type=\"container\" data-e-type=\"container\" data-settings=\"{&quot;background_background&quot;:&quot;classic&quot;}\">\n\t\t\t\t\t<div class=\"e-con-inner\">\n\t\t<div class=\"elementor-element elementor-element-5ed8e36c e-con-full e-flex e-con e-child\" data-id=\"5ed8e36c\" data-element_type=\"container\" data-e-type=\"container\">\n\t\t\t\t<div class=\"elementor-element elementor-element-598d548e elementor-widget-mobile__width-initial elementor-widget elementor-widget-image\" data-id=\"598d548e\" data-element_type=\"widget\" data-e-type=\"widget\" data-widget_type=\"image.default\">\n\t\t\t\t<div class=\"elementor-widget-container\">\n\t\t\t\t\t\t\t\t\t\t\t\t\t\t\t<img fetchpriority=\"high\" decoding=\"async\" width=\"600\" height=\"600\" src=\"https:\/\/magichoney.com\/wp-content\/uploads\/2023\/10\/caja-de-24-hombres.webp\" class=\"attachment-full size-full wp-image-12579\" alt=\"Caja de 24 sobres para hombres\" srcset=\"https:\/\/magichoney.com\/wp-content\/uploads\/2023\/10\/caja-de-24-hombres.webp 600w, https:\/\/magichoney.com\/wp-content\/uploads\/2023\/10\/caja-de-24-hombres-300x300.webp 300w, https:\/\/magichoney.com\/wp-content\/uploads\/2023\/10\/caja-de-24-hombres-100x100.webp 100w, https:\/\/magichoney.com\/wp-content\/uploads\/2023\/10\/caja-de-24-hombres-150x150.webp 150w, https:\/\/magichoney.com\/wp-content\/uploads\/2023\/10\/caja-de-24-hombres-140x140.webp 140w, https:\/\/magichoney.com\/wp-content\/uploads\/2023\/10\/caja-de-24-hombres-500x500.webp 500w, https:\/\/magichoney.com\/wp-content\/uploads\/2023\/10\/caja-de-24-hombres-350x350.webp 350w\" sizes=\"(max-width: 600px) 100vw, 600px\" \/>\t\t\t\t\t\t\t\t\t\t\t\t\t\t\t<\/div>\n\t\t\t\t<\/div>\n\t\t\t\t<\/div>\n\t\t<div class=\"elementor-element elementor-element-2459e675 e-con-full e-flex e-con e-child\" data-id=\"2459e675\" data-element_type=\"container\" data-e-type=\"container\">\n\t\t\t\t<div class=\"elementor-element elementor-element-cc981c7 elementor-widget elementor-widget-heading\" data-id=\"cc981c7\" data-element_type=\"widget\" data-e-type=\"widget\" data-widget_type=\"heading.default\">\n\t\t\t\t<div class=\"elementor-widget-container\">\n\t\t\t\t\t<div class=\"elementor-heading-title elementor-size-default\">DISPON\u00cdVEL EM BREVE<\/div>\t\t\t\t<\/div>\n\t\t\t\t<\/div>\n\t\t\t\t<div class=\"elementor-element elementor-element-3de0c485 elementor-widget-mobile__width-initial elementor-widget elementor-widget-heading\" data-id=\"3de0c485\" data-element_type=\"widget\" data-e-type=\"widget\" data-widget_type=\"heading.default\">\n\t\t\t\t<div class=\"elementor-widget-container\">\n\t\t\t\t\t<h1 class=\"elementor-heading-title elementor-size-default\">MEL M\u00c1GICO PARA HOMENS AUMENTO DE ENERGIA E VITALIDADE PARA SEUS EXERC\u00cdCIOS CAIXA DE 24 ENVELOPES<\/h1>\t\t\t\t<\/div>\n\t\t\t\t<\/div>\n\t\t\t\t<div class=\"elementor-element elementor-element-6458e2a8 elementor-widget elementor-widget-heading\" data-id=\"6458e2a8\" data-element_type=\"widget\" data-e-type=\"widget\" data-widget_type=\"heading.default\">\n\t\t\t\t<div class=\"elementor-widget-container\">\n\t\t\t\t\t<div class=\"elementor-heading-title elementor-size-default\">ENVELOPES DE 10 GRAMAS CADA<\/div>\t\t\t\t<\/div>\n\t\t\t\t<\/div>\n\t\t\t\t<div class=\"elementor-element elementor-element-4972a46b elementor-widget-mobile__width-initial elementor-widget elementor-widget-text-editor\" data-id=\"4972a46b\" data-element_type=\"widget\" data-e-type=\"widget\" data-widget_type=\"text-editor.default\">\n\t\t\t\t<div class=\"elementor-widget-container\">\n\t\t\t\t\t\t\t\t\t<p>Magic Honey, um mel energizante traz sua nova apresenta\u00e7\u00e3o da Caixa de 24 Homens, projetada exclusivamente para homens. Com sua f\u00f3rmula \u00fanica combina o melhor da naturalidade e a inova\u00e7\u00e3o nanotecnol\u00f3gica para aumentar sua energia em cada treinamento.<\/p>\t\t\t\t\t\t\t\t<\/div>\n\t\t\t\t<\/div>\n\t\t\t\t<div class=\"elementor-element elementor-element-2a9eb5e0 elementor-widget-mobile__width-initial elementor-widget elementor-widget-heading\" data-id=\"2a9eb5e0\" data-element_type=\"widget\" data-e-type=\"widget\" data-widget_type=\"heading.default\">\n\t\t\t\t<div class=\"elementor-widget-container\">\n\t\t\t\t\t<h2 class=\"elementor-heading-title elementor-size-default\">CARACTER\u00cdSTICAS DA CAIXA DE MEL M\u00c1GICA DE 24<\/h2>\t\t\t\t<\/div>\n\t\t\t\t<\/div>\n\t\t\t\t<div class=\"elementor-element elementor-element-1a30a3b6 elementor-widget elementor-widget-text-editor\" data-id=\"1a30a3b6\" data-element_type=\"widget\" data-e-type=\"widget\" data-widget_type=\"text-editor.default\">\n\t\t\t\t<div class=\"elementor-widget-container\">\n\t\t\t\t\t\t\t\t\t<ul><li>Caixa de 24 saquetas para satisfazer rotinas exigentes de alto n\u00edvel.<\/li><li>Cuidadosamente formulado para oferecer resultados excepcionais.<\/li><li>Fortalece sua vitalidade e desempenho durante encontros \u00edntimos.<\/li><li>Fornece um impulso extra de energia para enfrentar todos os desafios da vida.<\/li><\/ul>\t\t\t\t\t\t\t\t<\/div>\n\t\t\t\t<\/div>\n\t\t\t\t<\/div>\n\t\t\t\t\t<\/div>\n\t\t\t\t<\/div>\n\t\t\t\t\t<\/div>\n\t\t\t\t<\/div>\n\t\t<div class=\"elementor-element elementor-element-6fbebc96 e-flex e-con-boxed e-con e-parent\" data-id=\"6fbebc96\" data-element_type=\"container\" data-e-type=\"container\" data-settings=\"{&quot;background_background&quot;:&quot;classic&quot;}\">\n\t\t\t\t\t<div class=\"e-con-inner\">\n\t\t\t\t<div class=\"elementor-element elementor-element-5e79ca33 elementor-widget-mobile__width-initial elementor-widget elementor-widget-heading\" data-id=\"5e79ca33\" data-element_type=\"widget\" data-e-type=\"widget\" data-widget_type=\"heading.default\">\n\t\t\t\t<div class=\"elementor-widget-container\">\n\t\t\t\t\t<h2 class=\"elementor-heading-title elementor-size-default\">BENEF\u00cdCIOS QUE O MEL M\u00c1GICO TRAZ PARA O SEU TREINO<\/h2>\t\t\t\t<\/div>\n\t\t\t\t<\/div>\n\t\t\t\t<div class=\"elementor-element elementor-element-5e814336 elementor-widget-mobile__width-initial elementor-widget elementor-widget-text-editor\" data-id=\"5e814336\" data-element_type=\"widget\" data-e-type=\"widget\" data-widget_type=\"text-editor.default\">\n\t\t\t\t<div class=\"elementor-widget-container\">\n\t\t\t\t\t\t\t\t\t<p>Se voc\u00ea \u00e9 um homem ativo que busca maximizar seu desempenho f\u00edsico e mental, Magic Honey em sua caixa de 24 sach\u00eas \u00e9 seu aliado perfeito. Conhe\u00e7a alguns de seus benef\u00edcios:<\/p>\t\t\t\t\t\t\t\t<\/div>\n\t\t\t\t<\/div>\n\t\t\t\t<div class=\"elementor-element elementor-element-499fe054 elementor-widget elementor-widget-heading\" data-id=\"499fe054\" data-element_type=\"widget\" data-e-type=\"widget\" data-widget_type=\"heading.default\">\n\t\t\t\t<div class=\"elementor-widget-container\">\n\t\t\t\t\t<h3 class=\"elementor-heading-title elementor-size-default\">ENERGIA DE LONGA DURA\u00c7\u00c3O<\/h3>\t\t\t\t<\/div>\n\t\t\t\t<\/div>\n\t\t\t\t<div class=\"elementor-element elementor-element-13ccccaa elementor-widget-mobile__width-initial elementor-widget elementor-widget-text-editor\" data-id=\"13ccccaa\" data-element_type=\"widget\" data-e-type=\"widget\" data-widget_type=\"text-editor.default\">\n\t\t\t\t<div class=\"elementor-widget-container\">\n\t\t\t\t\t\t\t\t\t<p>Cada saqueta de Magic Honey cont\u00e9m ingredientes naturais e vitaminas do complexo B que lhe dar\u00e3o um impulso de energia sustentado. Diga adeus \u00e0s quedas de energia durante o treino; Voc\u00ea estar\u00e1 pronto para dar tudo de si do in\u00edcio ao fim.<\/p>\t\t\t\t\t\t\t\t<\/div>\n\t\t\t\t<\/div>\n\t\t\t\t<div class=\"elementor-element elementor-element-3c0cbff0 elementor-widget elementor-widget-heading\" data-id=\"3c0cbff0\" data-element_type=\"widget\" data-e-type=\"widget\" data-widget_type=\"heading.default\">\n\t\t\t\t<div class=\"elementor-widget-container\">\n\t\t\t\t\t<h3 class=\"elementor-heading-title elementor-size-default\">MAIOR RESIST\u00caNCIA<\/h3>\t\t\t\t<\/div>\n\t\t\t\t<\/div>\n\t\t\t\t<div class=\"elementor-element elementor-element-40985b70 elementor-widget-mobile__width-initial elementor-widget elementor-widget-text-editor\" data-id=\"40985b70\" data-element_type=\"widget\" data-e-type=\"widget\" data-widget_type=\"text-editor.default\">\n\t\t\t\t<div class=\"elementor-widget-container\">\n\t\t\t\t\t\t\t\t\t<p>A Glicina e a Arginina presentes na f\u00f3rmula masculina s\u00e3o amino\u00e1cidos essenciais que fortalecem os m\u00fasculos e melhoram a circula\u00e7\u00e3o sangu\u00ednea. O que provoca maior resist\u00eancia durante treinos de alta intensidade e recupera\u00e7\u00e3o mais r\u00e1pida.<\/p>\t\t\t\t\t\t\t\t<\/div>\n\t\t\t\t<\/div>\n\t\t\t\t<div class=\"elementor-element elementor-element-747b68c5 elementor-widget elementor-widget-heading\" data-id=\"747b68c5\" data-element_type=\"widget\" data-e-type=\"widget\" data-widget_type=\"heading.default\">\n\t\t\t\t<div class=\"elementor-widget-container\">\n\t\t\t\t\t<h3 class=\"elementor-heading-title elementor-size-default\">CONCENTRA\u00c7\u00c3O E FOCO<\/h3>\t\t\t\t<\/div>\n\t\t\t\t<\/div>\n\t\t\t\t<div class=\"elementor-element elementor-element-58860750 elementor-widget-mobile__width-initial elementor-widget elementor-widget-text-editor\" data-id=\"58860750\" data-element_type=\"widget\" data-e-type=\"widget\" data-widget_type=\"text-editor.default\">\n\t\t\t\t<div class=\"elementor-widget-container\">\n\t\t\t\t\t\t\t\t\t<p>Foi demonstrado que as vitaminas do complexo B, especialmente B6 e B12, melhoram a concentra\u00e7\u00e3o e o foco mental. O que ajuda voc\u00ea a realizar exerc\u00edcios com precis\u00e3o e aten\u00e7\u00e3o, maximizando os resultados.<\/p>\t\t\t\t\t\t\t\t<\/div>\n\t\t\t\t<\/div>\n\t\t\t\t<div class=\"elementor-element elementor-element-40a4cc7 elementor-widget elementor-widget-heading\" data-id=\"40a4cc7\" data-element_type=\"widget\" data-e-type=\"widget\" data-widget_type=\"heading.default\">\n\t\t\t\t<div class=\"elementor-widget-container\">\n\t\t\t\t\t<h3 class=\"elementor-heading-title elementor-size-default\">FORTALECE SEU SISTEMA IMUNOL\u00d3GICO<\/h3>\t\t\t\t<\/div>\n\t\t\t\t<\/div>\n\t\t\t\t<div class=\"elementor-element elementor-element-123647dc elementor-widget-mobile__width-initial elementor-widget elementor-widget-text-editor\" data-id=\"123647dc\" data-element_type=\"widget\" data-e-type=\"widget\" data-widget_type=\"text-editor.default\">\n\t\t\t\t<div class=\"elementor-widget-container\">\n\t\t\t\t\t\t\t\t\t<p>A rotina di\u00e1ria pode enfraquecer o sistema imunol\u00f3gico. As vitaminas do complexo B do Magic Honey s\u00e3o essenciais para um sistema imunol\u00f3gico forte, ajudando voc\u00ea a se manter saud\u00e1vel mesmo no meio de sess\u00f5es intensas de exerc\u00edcios.<\/p>\t\t\t\t\t\t\t\t<\/div>\n\t\t\t\t<\/div>\n\t\t\t\t<div class=\"elementor-element elementor-element-39e711af elementor-widget elementor-widget-heading\" data-id=\"39e711af\" data-element_type=\"widget\" data-e-type=\"widget\" data-widget_type=\"heading.default\">\n\t\t\t\t<div class=\"elementor-widget-container\">\n\t\t\t\t\t<h3 class=\"elementor-heading-title elementor-size-default\">VITALIDADE TODOS OS DIAS<\/h3>\t\t\t\t<\/div>\n\t\t\t\t<\/div>\n\t\t\t\t<div class=\"elementor-element elementor-element-6f7910b5 elementor-widget-mobile__width-initial elementor-widget elementor-widget-text-editor\" data-id=\"6f7910b5\" data-element_type=\"widget\" data-e-type=\"widget\" data-widget_type=\"text-editor.default\">\n\t\t\t\t<div class=\"elementor-widget-container\">\n\t\t\t\t\t\t\t\t\t<p>Nossa f\u00f3rmula fornece energia f\u00edsica e tamb\u00e9m revitaliza seu bem-estar geral. Voc\u00ea experimentar\u00e1 maior vitalidade e se sentir\u00e1 mais ativo e en\u00e9rgico em todas as \u00e1reas da sua vida, n\u00e3o apenas na academia.<\/p>\t\t\t\t\t\t\t\t<\/div>\n\t\t\t\t<\/div>\n\t\t\t\t<div class=\"elementor-element elementor-element-7a7c30b4 elementor-widget-mobile__width-initial elementor-widget elementor-widget-heading\" data-id=\"7a7c30b4\" data-element_type=\"widget\" data-e-type=\"widget\" data-widget_type=\"heading.default\">\n\t\t\t\t<div class=\"elementor-widget-container\">\n\t\t\t\t\t<h2 class=\"elementor-heading-title elementor-size-default\">DESCUBRA OS INGREDIENTES DO MEL M\u00c1GICO<\/h2>\t\t\t\t<\/div>\n\t\t\t\t<\/div>\n\t\t\t\t\t<\/div>\n\t\t\t\t<\/div>\n\t\t<div class=\"elementor-element elementor-element-1e5a56e3 e-flex e-con-boxed e-con e-parent\" data-id=\"1e5a56e3\" data-element_type=\"container\" data-e-type=\"container\" data-settings=\"{&quot;background_background&quot;:&quot;classic&quot;}\">\n\t\t\t\t\t<div class=\"e-con-inner\">\n\t\t<div class=\"elementor-element elementor-element-136c0362 e-con-full e-flex elementor-invisible e-con e-child\" data-id=\"136c0362\" data-element_type=\"container\" data-e-type=\"container\" data-settings=\"{&quot;background_background&quot;:&quot;classic&quot;,&quot;animation&quot;:&quot;pulse&quot;}\">\n\t\t\t\t<div class=\"elementor-element elementor-element-cb27b51 elementor-widget__width-inherit elementor-widget elementor-widget-heading\" data-id=\"cb27b51\" data-element_type=\"widget\" data-e-type=\"widget\" data-widget_type=\"heading.default\">\n\t\t\t\t<div class=\"elementor-widget-container\">\n\t\t\t\t\t<h2 class=\"elementor-heading-title elementor-size-default\"><a href=\"https:\/\/magichoney.com\/pt-br\/vitamina-b\/\">VITAMINA B6<\/a><\/h2>\t\t\t\t<\/div>\n\t\t\t\t<\/div>\n\t\t\t\t<\/div>\n\t\t<div class=\"elementor-element elementor-element-7a3ff3d0 e-con-full e-flex elementor-invisible e-con e-child\" data-id=\"7a3ff3d0\" data-element_type=\"container\" data-e-type=\"container\" data-settings=\"{&quot;background_background&quot;:&quot;classic&quot;,&quot;animation&quot;:&quot;pulse&quot;}\">\n\t\t\t\t<div class=\"elementor-element elementor-element-386b932b elementor-widget__width-inherit elementor-widget elementor-widget-heading\" data-id=\"386b932b\" data-element_type=\"widget\" data-e-type=\"widget\" data-widget_type=\"heading.default\">\n\t\t\t\t<div class=\"elementor-widget-container\">\n\t\t\t\t\t<h2 class=\"elementor-heading-title elementor-size-default\"><a href=\"https:\/\/magichoney.com\/pt-br\/arginina\/\">ARGININA<\/a><\/h2>\t\t\t\t<\/div>\n\t\t\t\t<\/div>\n\t\t\t\t<\/div>\n\t\t<div class=\"elementor-element elementor-element-310d22c1 e-con-full e-flex elementor-invisible e-con e-child\" data-id=\"310d22c1\" data-element_type=\"container\" data-e-type=\"container\" data-settings=\"{&quot;background_background&quot;:&quot;classic&quot;,&quot;animation&quot;:&quot;pulse&quot;}\">\n\t\t\t\t<div class=\"elementor-element elementor-element-5ade484f elementor-widget__width-inherit elementor-widget elementor-widget-heading\" data-id=\"5ade484f\" data-element_type=\"widget\" data-e-type=\"widget\" data-widget_type=\"heading.default\">\n\t\t\t\t<div class=\"elementor-widget-container\">\n\t\t\t\t\t<h2 class=\"elementor-heading-title elementor-size-default\"><a href=\"https:\/\/magichoney.com\/pt-br\/glicinias\/\">GLIC\u00cdNIAS<\/a><\/h2>\t\t\t\t<\/div>\n\t\t\t\t<\/div>\n\t\t\t\t<\/div>\n\t\t<div class=\"elementor-element elementor-element-5ce4f6c2 e-con-full e-flex elementor-invisible e-con e-child\" data-id=\"5ce4f6c2\" data-element_type=\"container\" data-e-type=\"container\" data-settings=\"{&quot;background_background&quot;:&quot;classic&quot;,&quot;animation&quot;:&quot;pulse&quot;}\">\n\t\t\t\t<div class=\"elementor-element elementor-element-17b98528 elementor-widget__width-inherit elementor-widget elementor-widget-heading\" data-id=\"17b98528\" data-element_type=\"widget\" data-e-type=\"widget\" data-widget_type=\"heading.default\">\n\t\t\t\t<div class=\"elementor-widget-container\">\n\t\t\t\t\t<h2 class=\"elementor-heading-title elementor-size-default\"><a href=\"https:\/\/magichoney.com\/pt-br\/vitamina-b\/\">VITAMINA B12<\/a><\/h2>\t\t\t\t<\/div>\n\t\t\t\t<\/div>\n\t\t\t\t<\/div>\n\t\t\t\t\t<\/div>\n\t\t\t\t<\/div>\n\t\t<div class=\"elementor-element elementor-element-36869d2e e-flex e-con-boxed e-con e-parent\" data-id=\"36869d2e\" data-element_type=\"container\" data-e-type=\"container\" data-settings=\"{&quot;background_background&quot;:&quot;classic&quot;}\">\n\t\t\t\t\t<div class=\"e-con-inner\">\n\t\t\t\t<div class=\"elementor-element elementor-element-591435a6 elementor-widget-mobile__width-initial elementor-widget elementor-widget-heading\" data-id=\"591435a6\" data-element_type=\"widget\" data-e-type=\"widget\" data-widget_type=\"heading.default\">\n\t\t\t\t<div class=\"elementor-widget-container\">\n\t\t\t\t\t<h2 class=\"elementor-heading-title elementor-size-default\">COMO INCLUIR MAGIC HONEY NA MINHA ROTINA DI\u00c1RIA<\/h2>\t\t\t\t<\/div>\n\t\t\t\t<\/div>\n\t\t\t\t<div class=\"elementor-element elementor-element-5a8d527e elementor-widget elementor-widget-text-editor\" data-id=\"5a8d527e\" data-element_type=\"widget\" data-e-type=\"widget\" data-widget_type=\"text-editor.default\">\n\t\t\t\t<div class=\"elementor-widget-container\">\n\t\t\t\t\t\t\t\t\t<p>Escolha um hor\u00e1rio conveniente durante sua rotina esportiva di\u00e1ria para tomar Magic Honey.<\/p><ul><li>Pode ser antes do exerc\u00edcio para aumentar a energia ou depois para ajudar na recupera\u00e7\u00e3o.<\/li><li>Evite exceder a dose recomendada por dia.<\/li><li>Voc\u00ea pode consumir o Magic Honey diretamente do sach\u00ea ou mistur\u00e1-lo com \u00e1gua ou outra bebida de sua prefer\u00eancia.<\/li><\/ul><p>O importante \u00e9 ser consistente na hora de tomar, para ter aquela energia extra diariamente.<\/p>\t\t\t\t\t\t\t\t<\/div>\n\t\t\t\t<\/div>\n\t\t\t\t\t<\/div>\n\t\t\t\t<\/div>\n\t\t<div class=\"elementor-element elementor-element-59f73fff e-flex e-con-boxed e-con e-parent\" data-id=\"59f73fff\" data-element_type=\"container\" data-e-type=\"container\" data-settings=\"{&quot;background_background&quot;:&quot;classic&quot;}\">\n\t\t\t\t\t<div class=\"e-con-inner\">\n\t\t\t\t<div class=\"elementor-element elementor-element-69dcc85f elementor-widget elementor-widget-heading\" data-id=\"69dcc85f\" data-element_type=\"widget\" data-e-type=\"widget\" data-widget_type=\"heading.default\">\n\t\t\t\t<div class=\"elementor-widget-container\">\n\t\t\t\t\t<h3 class=\"elementor-heading-title elementor-size-default\">PERGUNTAS FREQUENTES<\/h3>\t\t\t\t<\/div>\n\t\t\t\t<\/div>\n\t\t\t\t<div class=\"elementor-element elementor-element-6eef5c26 elementor-widget elementor-widget-heading\" data-id=\"6eef5c26\" data-element_type=\"widget\" data-e-type=\"widget\" data-widget_type=\"heading.default\">\n\t\t\t\t<div class=\"elementor-widget-container\">\n\t\t\t\t\t<h2 class=\"elementor-heading-title elementor-size-default\">O QUE \u00c9 MEL M\u00c1GICO?<\/h2>\t\t\t\t<\/div>\n\t\t\t\t<\/div>\n\t\t\t\t<div class=\"elementor-element elementor-element-5038e3f6 elementor-widget elementor-widget-text-editor\" data-id=\"5038e3f6\" data-element_type=\"widget\" data-e-type=\"widget\" data-widget_type=\"text-editor.default\">\n\t\t\t\t<div class=\"elementor-widget-container\">\n\t\t\t\t\t\t\t\t\t<p>Magic Honey \u00e9 um mel puro e nutritivo, fortificado com uma mistura de L-arginina e L-glicina, juntamente com complexos de vitaminas B.<\/p><p>A f\u00f3rmula do Magic Honey permite aumentar os n\u00edveis de energia para os treinos.<\/p><p>Tamb\u00e9m fortalece o sistema imunol\u00f3gico e auxilia em casos de impot\u00eancia sexual e\/ou disfun\u00e7\u00e3o er\u00e9til. Uma \u00fanica bebida de Magic Honey enche voc\u00ea de energia e vitalidade por 24 horas.<\/p>\t\t\t\t\t\t\t\t<\/div>\n\t\t\t\t<\/div>\n\t\t\t\t<div class=\"elementor-element elementor-element-3d1038ad elementor-widget elementor-widget-heading\" data-id=\"3d1038ad\" data-element_type=\"widget\" data-e-type=\"widget\" data-widget_type=\"heading.default\">\n\t\t\t\t<div class=\"elementor-widget-container\">\n\t\t\t\t\t<h2 class=\"elementor-heading-title elementor-size-default\">COMO POSSO TOMAR MAGIC HONEY?<\/h2>\t\t\t\t<\/div>\n\t\t\t\t<\/div>\n\t\t\t\t<div class=\"elementor-element elementor-element-3482feae elementor-widget elementor-widget-text-editor\" data-id=\"3482feae\" data-element_type=\"widget\" data-e-type=\"widget\" data-widget_type=\"text-editor.default\">\n\t\t\t\t<div class=\"elementor-widget-container\">\n\t\t\t\t\t\t\t\t\t<p>Voc\u00ea pode consumir direto do sach\u00ea ou fazer receitas deliciosas. Voc\u00ea pode adicionar um toque doce aos seus shakes de prote\u00edna ou prepar\u00e1-los em sobremesas.<\/p>\t\t\t\t\t\t\t\t<\/div>\n\t\t\t\t<\/div>\n\t\t\t\t<div class=\"elementor-element elementor-element-4b27ae37 elementor-widget elementor-widget-heading\" data-id=\"4b27ae37\" data-element_type=\"widget\" data-e-type=\"widget\" data-widget_type=\"heading.default\">\n\t\t\t\t<div class=\"elementor-widget-container\">\n\t\t\t\t\t<h2 class=\"elementor-heading-title elementor-size-default\">O QUE ACONTECE QUANDO VOC\u00ca TOMA MAGIC HONEY?<\/h2>\t\t\t\t<\/div>\n\t\t\t\t<\/div>\n\t\t\t\t<div class=\"elementor-element elementor-element-533f5192 elementor-widget elementor-widget-text-editor\" data-id=\"533f5192\" data-element_type=\"widget\" data-e-type=\"widget\" data-widget_type=\"text-editor.default\">\n\t\t\t\t<div class=\"elementor-widget-container\">\n\t\t\t\t\t\t\t\t\t<p>Melhore o seu desempenho f\u00edsico nas atividades esportivas, fortale\u00e7a o sistema imunol\u00f3gico, aumente o desejo sexual e reduza os problemas de libido.<\/p>\t\t\t\t\t\t\t\t<\/div>\n\t\t\t\t<\/div>\n\t\t\t\t\t<\/div>\n\t\t\t\t<\/div>\n\t\t<div class=\"elementor-element elementor-element-25698f97 e-flex e-con-boxed e-con e-parent\" data-id=\"25698f97\" data-element_type=\"container\" data-e-type=\"container\" data-settings=\"{&quot;background_background&quot;:&quot;classic&quot;}\">\n\t\t\t\t\t<div class=\"e-con-inner\">\n\t\t\t\t<div class=\"elementor-element elementor-element-4e30786f elementor-widget-tablet__width-initial elementor-widget__width-initial elementor-widget elementor-widget-heading\" data-id=\"4e30786f\" data-element_type=\"widget\" data-e-type=\"widget\" data-widget_type=\"heading.default\">\n\t\t\t\t<div class=\"elementor-widget-container\">\n\t\t\t\t\t<div class=\"elementor-heading-title elementor-size-default\">VOC\u00ca QUER SER IMPAR\u00c1VEL? FA\u00c7A PARTE DA MAGIA<\/div>\t\t\t\t<\/div>\n\t\t\t\t<\/div>\n\t\t\t\t<div class=\"elementor-element elementor-element-551bd33b elementor-align-left elementor-mobile-align-left elementor-widget-mobile__width-initial elementor-widget elementor-widget-button\" data-id=\"551bd33b\" data-element_type=\"widget\" data-e-type=\"widget\" data-widget_type=\"button.default\">\n\t\t\t\t<div class=\"elementor-widget-container\">\n\t\t\t\t\t\t\t\t\t<div class=\"elementor-button-wrapper\">\n\t\t\t\t\t<a class=\"elementor-button elementor-button-link elementor-size-md elementor-animation-grow\" href=\"https:\/\/magichoney.com\/pt-br\/loja\/\">\n\t\t\t\t\t\t<span class=\"elementor-button-content-wrapper\">\n\t\t\t\t\t\t\t\t\t<span class=\"elementor-button-text\">LOJA DE VISITA<\/span>\n\t\t\t\t\t<\/span>\n\t\t\t\t\t<\/a>\n\t\t\t\t<\/div>\n\t\t\t\t\t\t\t\t<\/div>\n\t\t\t\t<\/div>\n\t\t\t\t\t<\/div>\n\t\t\t\t<\/div>\n\t\t\t\t<\/div>\n\t\t","protected":false},"excerpt":{"rendered":"<p>DISPON\u00cdVEL EM BREVE MEL M\u00c1GICO PARA HOMENS AUMENTO DE ENERGIA E VITALIDADE PARA SEUS EXERC\u00cdCIOS CAIXA DE 24 ENVELOPES ENVELOPES DE 10 GRAMAS CADA Magic Honey, um mel energizante traz sua nova apresenta\u00e7\u00e3o da Caixa de 24 Homens, projetada exclusivamente para homens. Com sua f\u00f3rmula \u00fanica combina o melhor da naturalidade e a inova\u00e7\u00e3o nanotecnol\u00f3gica &#8230; <a title=\"Caixa de 24 homens\" class=\"read-more\" href=\"https:\/\/magichoney.com\/pt-br\/caixa-de-24-homens\/\" aria-label=\"Read more about Caixa de 24 homens\">Ler mais<\/a><\/p>\n","protected":false},"author":1,"featured_media":0,"parent":0,"menu_order":0,"comment_status":"closed","ping_status":"closed","template":"elementor_header_footer","meta":{"footnotes":""},"class_list":["post-14674","page","type-page","status-publish"],"_links":{"self":[{"href":"https:\/\/magichoney.com\/pt-br\/wp-json\/wp\/v2\/pages\/14674","targetHints":{"allow":["GET"]}}],"collection":[{"href":"https:\/\/magichoney.com\/pt-br\/wp-json\/wp\/v2\/pages"}],"about":[{"href":"https:\/\/magichoney.com\/pt-br\/wp-json\/wp\/v2\/types\/page"}],"author":[{"embeddable":true,"href":"https:\/\/magichoney.com\/pt-br\/wp-json\/wp\/v2\/users\/1"}],"replies":[{"embeddable":true,"href":"https:\/\/magichoney.com\/pt-br\/wp-json\/wp\/v2\/comments?post=14674"}],"version-history":[{"count":5,"href":"https:\/\/magichoney.com\/pt-br\/wp-json\/wp\/v2\/pages\/14674\/revisions"}],"predecessor-version":[{"id":16261,"href":"https:\/\/magichoney.com\/pt-br\/wp-json\/wp\/v2\/pages\/14674\/revisions\/16261"}],"wp:attachment":[{"href":"https:\/\/magichoney.com\/pt-br\/wp-json\/wp\/v2\/media?parent=14674"}],"curies":[{"name":"wp","href":"https:\/\/api.w.org\/{rel}","templated":true}]}}