{"id":14670,"date":"2023-11-04T21:14:38","date_gmt":"2023-11-04T21:14:38","guid":{"rendered":"https:\/\/magichoney.com\/?page_id=14670"},"modified":"2023-11-20T19:22:47","modified_gmt":"2023-11-20T19:22:47","slug":"blister-de-3-mulheres","status":"publish","type":"page","link":"https:\/\/magichoney.com\/pt-br\/blister-de-3-mulheres\/","title":{"rendered":"Blister de 3 Mulheres"},"content":{"rendered":"\t\t<div data-elementor-type=\"wp-page\" data-elementor-id=\"14670\" class=\"elementor elementor-14670 elementor-13774\" data-elementor-post-type=\"page\">\n\t\t\t\t<div class=\"elementor-element elementor-element-2732956d e-flex e-con-boxed e-con e-parent\" data-id=\"2732956d\" data-element_type=\"container\" data-e-type=\"container\" data-settings=\"{&quot;background_background&quot;:&quot;classic&quot;}\">\n\t\t\t\t\t<div class=\"e-con-inner\">\n\t\t<div class=\"elementor-element elementor-element-7b0b1280 e-flex e-con-boxed e-con e-child\" data-id=\"7b0b1280\" data-element_type=\"container\" data-e-type=\"container\" data-settings=\"{&quot;background_background&quot;:&quot;classic&quot;}\">\n\t\t\t\t\t<div class=\"e-con-inner\">\n\t\t\t\t<div class=\"elementor-element elementor-element-ac86d41 elementor-widget elementor-widget-spacer\" data-id=\"ac86d41\" data-element_type=\"widget\" data-e-type=\"widget\" data-widget_type=\"spacer.default\">\n\t\t\t\t<div class=\"elementor-widget-container\">\n\t\t\t\t\t\t\t<div class=\"elementor-spacer\">\n\t\t\t<div class=\"elementor-spacer-inner\"><\/div>\n\t\t<\/div>\n\t\t\t\t\t\t<\/div>\n\t\t\t\t<\/div>\n\t\t\t\t\t<\/div>\n\t\t\t\t<\/div>\n\t\t\t\t\t<\/div>\n\t\t\t\t<\/div>\n\t\t<div class=\"elementor-element elementor-element-4940832d e-flex e-con-boxed e-con e-parent\" data-id=\"4940832d\" data-element_type=\"container\" data-e-type=\"container\" data-settings=\"{&quot;background_background&quot;:&quot;classic&quot;}\">\n\t\t\t\t\t<div class=\"e-con-inner\">\n\t\t<div class=\"elementor-element elementor-element-1fcc9307 e-flex e-con-boxed e-con e-child\" data-id=\"1fcc9307\" data-element_type=\"container\" data-e-type=\"container\" data-settings=\"{&quot;background_background&quot;:&quot;classic&quot;}\">\n\t\t\t\t\t<div class=\"e-con-inner\">\n\t\t<div class=\"elementor-element elementor-element-b3d4225 e-con-full e-flex e-con e-child\" data-id=\"b3d4225\" data-element_type=\"container\" data-e-type=\"container\">\n\t\t\t\t<div class=\"elementor-element elementor-element-13afd079 elementor-widget-tablet__width-initial elementor-widget-mobile__width-initial elementor-widget elementor-widget-image\" data-id=\"13afd079\" data-element_type=\"widget\" data-e-type=\"widget\" data-widget_type=\"image.default\">\n\t\t\t\t<div class=\"elementor-widget-container\">\n\t\t\t\t\t\t\t\t\t\t\t\t\t\t\t<img fetchpriority=\"high\" decoding=\"async\" width=\"600\" height=\"789\" src=\"https:\/\/magichoney.com\/wp-content\/uploads\/2023\/10\/blister-de-3-mujer.webp\" class=\"attachment-full size-full wp-image-12573\" alt=\"Bl\u00edster de 3 sobres para mujer\" srcset=\"https:\/\/magichoney.com\/wp-content\/uploads\/2023\/10\/blister-de-3-mujer.webp 600w, https:\/\/magichoney.com\/wp-content\/uploads\/2023\/10\/blister-de-3-mujer-228x300.webp 228w\" sizes=\"(max-width: 600px) 100vw, 600px\" \/>\t\t\t\t\t\t\t\t\t\t\t\t\t\t\t<\/div>\n\t\t\t\t<\/div>\n\t\t\t\t<\/div>\n\t\t<div class=\"elementor-element elementor-element-2f8bf537 e-con-full e-flex e-con e-child\" data-id=\"2f8bf537\" data-element_type=\"container\" data-e-type=\"container\">\n\t\t\t\t<div class=\"elementor-element elementor-element-370ef4c1 elementor-widget-mobile__width-initial elementor-widget__width-initial elementor-widget elementor-widget-heading\" data-id=\"370ef4c1\" data-element_type=\"widget\" data-e-type=\"widget\" data-widget_type=\"heading.default\">\n\t\t\t\t<div class=\"elementor-widget-container\">\n\t\t\t\t\t<h1 class=\"elementor-heading-title elementor-size-default\">Blister m\u00e1gico de mel com 3 envelopes de energia duradoura para mulheres ativas<\/h1>\t\t\t\t<\/div>\n\t\t\t\t<\/div>\n\t\t\t\t<div class=\"elementor-element elementor-element-2e8a0524 elementor-widget elementor-widget-heading\" data-id=\"2e8a0524\" data-element_type=\"widget\" data-e-type=\"widget\" data-widget_type=\"heading.default\">\n\t\t\t\t<div class=\"elementor-widget-container\">\n\t\t\t\t\t<div class=\"elementor-heading-title elementor-size-default\">(10 GRAMAS CADA)<\/div>\t\t\t\t<\/div>\n\t\t\t\t<\/div>\n\t\t\t\t<div class=\"elementor-element elementor-element-2968cf94 elementor-widget-mobile__width-initial elementor-widget elementor-widget-text-editor\" data-id=\"2968cf94\" data-element_type=\"widget\" data-e-type=\"widget\" data-widget_type=\"text-editor.default\">\n\t\t\t\t<div class=\"elementor-widget-container\">\n\t\t\t\t\t\t\t\t\t<p>Para mulheres ativas que procuram manter-se en\u00e9rgicas e vitais durante todo o fim de semana ou per\u00edodos de alta atividade, o Blister de 3 mulheres de Magic Honey \u00e9 a escolha perfeita. Este pack oferece-lhe uma fonte constante de energia para que possa desfrutar de cada momento sem se cansar.<\/p><p>Com a combina\u00e7\u00e3o \u00fanica de ingredientes do Magic Honey, cada saqueta proporciona-lhe o impulso necess\u00e1rio para enfrentar os seus desafios com vitalidade e entusiasmo.<\/p>\t\t\t\t\t\t\t\t<\/div>\n\t\t\t\t<\/div>\n\t\t\t\t<div class=\"elementor-element elementor-element-624317ba elementor-widget-mobile__width-initial elementor-widget elementor-widget-heading\" data-id=\"624317ba\" data-element_type=\"widget\" data-e-type=\"widget\" data-widget_type=\"heading.default\">\n\t\t\t\t<div class=\"elementor-widget-container\">\n\t\t\t\t\t<h2 class=\"elementor-heading-title elementor-size-default\">CARACTER\u00cdSTICAS DO BLISTER DE 3 PARA MULHERES<\/h2>\t\t\t\t<\/div>\n\t\t\t\t<\/div>\n\t\t\t\t<div class=\"elementor-element elementor-element-50ebd84 elementor-widget-mobile__width-initial elementor-widget elementor-widget-text-editor\" data-id=\"50ebd84\" data-element_type=\"widget\" data-e-type=\"widget\" data-widget_type=\"text-editor.default\">\n\t\t\t\t<div class=\"elementor-widget-container\">\n\t\t\t\t\t\t\t\t\t<ul><li>Se planeia uma viagem curta, o conjunto de 3 envelopes \u00e9 ideal.<\/li><li>Compacto e f\u00e1cil de transportar com voc\u00ea.<\/li><li>Fornece energia sustentada durante um dia inteiro.<\/li><li>Melhore sua capacidade de concentra\u00e7\u00e3o em situa\u00e7\u00f5es \u00edntimas e rom\u00e2nticas.<\/li><\/ul>\t\t\t\t\t\t\t\t<\/div>\n\t\t\t\t<\/div>\n\t\t\t\t<\/div>\n\t\t\t\t\t<\/div>\n\t\t\t\t<\/div>\n\t\t\t\t\t<\/div>\n\t\t\t\t<\/div>\n\t\t<div class=\"elementor-element elementor-element-4b2d71dd e-flex e-con-boxed e-con e-parent\" data-id=\"4b2d71dd\" data-element_type=\"container\" data-e-type=\"container\" data-settings=\"{&quot;background_background&quot;:&quot;classic&quot;}\">\n\t\t\t\t\t<div class=\"e-con-inner\">\n\t\t<div class=\"elementor-element elementor-element-25ec4ded e-flex e-con-boxed e-con e-child\" data-id=\"25ec4ded\" data-element_type=\"container\" data-e-type=\"container\" data-settings=\"{&quot;background_background&quot;:&quot;classic&quot;}\">\n\t\t\t\t\t<div class=\"e-con-inner\">\n\t\t\t\t<div class=\"elementor-element elementor-element-6886fcb9 elementor-widget-mobile__width-initial elementor-widget elementor-widget-heading\" data-id=\"6886fcb9\" data-element_type=\"widget\" data-e-type=\"widget\" data-widget_type=\"heading.default\">\n\t\t\t\t<div class=\"elementor-widget-container\">\n\t\t\t\t\t<h2 class=\"elementor-heading-title elementor-size-default\">Experimente os benef\u00edcios ao escolher Magic Honey para mulheres<\/h2>\t\t\t\t<\/div>\n\t\t\t\t<\/div>\n\t\t\t\t<div class=\"elementor-element elementor-element-30a4885c elementor-widget elementor-widget-heading\" data-id=\"30a4885c\" data-element_type=\"widget\" data-e-type=\"widget\" data-widget_type=\"heading.default\">\n\t\t\t\t<div class=\"elementor-widget-container\">\n\t\t\t\t\t<h3 class=\"elementor-heading-title elementor-size-default\">RESIST\u00caNCIA DE FIM DE SEMANA<\/h3>\t\t\t\t<\/div>\n\t\t\t\t<\/div>\n\t\t\t\t<div class=\"elementor-element elementor-element-1104ef12 elementor-widget-mobile__width-initial elementor-widget elementor-widget-text-editor\" data-id=\"1104ef12\" data-element_type=\"widget\" data-e-type=\"widget\" data-widget_type=\"text-editor.default\">\n\t\t\t\t<div class=\"elementor-widget-container\">\n\t\t\t\t\t\t\t\t\t<p>Com tr\u00eas envelopes \u00e0 sua disposi\u00e7\u00e3o, voc\u00ea estar\u00e1 preparado para enfrentar um fim de semana repleto de atividades e aventuras. Quer seja uma escapadela rom\u00e2ntica, um dia de caminhada ou simplesmente um per\u00edodo de muita atividade, Magic Honey mant\u00e9m voc\u00ea em movimento.<\/p>\t\t\t\t\t\t\t\t<\/div>\n\t\t\t\t<\/div>\n\t\t\t\t<div class=\"elementor-element elementor-element-a767b29 elementor-widget elementor-widget-heading\" data-id=\"a767b29\" data-element_type=\"widget\" data-e-type=\"widget\" data-widget_type=\"heading.default\">\n\t\t\t\t<div class=\"elementor-widget-container\">\n\t\t\t\t\t<h3 class=\"elementor-heading-title elementor-size-default\">OBTENHA ENERGIA CONSTANTE<\/h3>\t\t\t\t<\/div>\n\t\t\t\t<\/div>\n\t\t\t\t<div class=\"elementor-element elementor-element-164ba318 elementor-widget-mobile__width-initial elementor-widget elementor-widget-text-editor\" data-id=\"164ba318\" data-element_type=\"widget\" data-e-type=\"widget\" data-widget_type=\"text-editor.default\">\n\t\t\t\t<div class=\"elementor-widget-container\">\n\t\t\t\t\t\t\t\t\t<p>Ao contr\u00e1rio dos produtos energ\u00e9ticos convencionais que podem resultar em picos e quedas de energia, o Magic Honey oferece energia consistente e sustent\u00e1vel. Isso significa que voc\u00ea pode desfrutar de suas atividades sem se preocupar em ficar exausto.<\/p>\t\t\t\t\t\t\t\t<\/div>\n\t\t\t\t<\/div>\n\t\t\t\t<div class=\"elementor-element elementor-element-be17a08 elementor-widget elementor-widget-heading\" data-id=\"be17a08\" data-element_type=\"widget\" data-e-type=\"widget\" data-widget_type=\"heading.default\">\n\t\t\t\t<div class=\"elementor-widget-container\">\n\t\t\t\t\t<h3 class=\"elementor-heading-title elementor-size-default\">AUMENTE SUA ENERGIA VITAL<\/h3>\t\t\t\t<\/div>\n\t\t\t\t<\/div>\n\t\t\t\t<div class=\"elementor-element elementor-element-609bbe77 elementor-widget-mobile__width-initial elementor-widget elementor-widget-text-editor\" data-id=\"609bbe77\" data-element_type=\"widget\" data-e-type=\"widget\" data-widget_type=\"text-editor.default\">\n\t\t\t\t<div class=\"elementor-widget-container\">\n\t\t\t\t\t\t\t\t\t<p>Os amino\u00e1cidos Glicina e Arginina do Magic Honey fortalecem os m\u00fasculos e melhoram a circula\u00e7\u00e3o sangu\u00ednea, proporcionando uma sensa\u00e7\u00e3o de energia que dura todo o fim de semana.<\/p>\t\t\t\t\t\t\t\t<\/div>\n\t\t\t\t<\/div>\n\t\t\t\t<div class=\"elementor-element elementor-element-5c2fd53d elementor-widget-mobile__width-initial elementor-widget elementor-widget-heading\" data-id=\"5c2fd53d\" data-element_type=\"widget\" data-e-type=\"widget\" data-widget_type=\"heading.default\">\n\t\t\t\t<div class=\"elementor-widget-container\">\n\t\t\t\t\t<h3 class=\"elementor-heading-title elementor-size-default\">VIVA MOMENTOS DE INTENSIDADE NA SUA PRIVACIDADE<\/h3>\t\t\t\t<\/div>\n\t\t\t\t<\/div>\n\t\t\t\t<div class=\"elementor-element elementor-element-61523d49 elementor-widget-mobile__width-initial elementor-widget elementor-widget-text-editor\" data-id=\"61523d49\" data-element_type=\"widget\" data-e-type=\"widget\" data-widget_type=\"text-editor.default\">\n\t\t\t\t<div class=\"elementor-widget-container\">\n\t\t\t\t\t\t\t\t\t<p>Al\u00e9m de manter a energia f\u00edsica, o mel feminino d\u00e1 um impulso extra na intimidade. Esta funcionalidade \u00e9 perfeita para desfrutar de um fim de semana a dois cheio de paix\u00e3o e momentos especiais. Com Magic Honey voc\u00ea pode levar sua conex\u00e3o \u00edntima a um n\u00edvel mais intenso e vibrante, criando mem\u00f3rias inesquec\u00edveis e experi\u00eancias prazerosas.<\/p>\t\t\t\t\t\t\t\t<\/div>\n\t\t\t\t<\/div>\n\t\t\t\t\t<\/div>\n\t\t\t\t<\/div>\n\t\t\t\t\t<\/div>\n\t\t\t\t<\/div>\n\t\t<div class=\"elementor-element elementor-element-67d47a0d e-flex e-con-boxed e-con e-parent\" data-id=\"67d47a0d\" data-element_type=\"container\" data-e-type=\"container\" data-settings=\"{&quot;background_background&quot;:&quot;classic&quot;}\">\n\t\t\t\t\t<div class=\"e-con-inner\">\n\t\t\t\t<div class=\"elementor-element elementor-element-329a8fb9 elementor-widget-tablet__width-initial elementor-widget__width-initial elementor-widget elementor-widget-heading\" data-id=\"329a8fb9\" data-element_type=\"widget\" data-e-type=\"widget\" data-widget_type=\"heading.default\">\n\t\t\t\t<div class=\"elementor-widget-container\">\n\t\t\t\t\t<div class=\"elementor-heading-title elementor-size-default\">FA\u00c7A SEU FIM DE SEMANA INESQUEC\u00cdVEL COM MAGIC HONEY!<\/div>\t\t\t\t<\/div>\n\t\t\t\t<\/div>\n\t\t\t\t<div class=\"elementor-element elementor-element-710366a3 elementor-align-left elementor-mobile-align-left elementor-widget-mobile__width-initial elementor-widget elementor-widget-button\" data-id=\"710366a3\" data-element_type=\"widget\" data-e-type=\"widget\" data-widget_type=\"button.default\">\n\t\t\t\t<div class=\"elementor-widget-container\">\n\t\t\t\t\t\t\t\t\t<div class=\"elementor-button-wrapper\">\n\t\t\t\t\t<a class=\"elementor-button elementor-button-link elementor-size-md elementor-animation-grow\" href=\"https:\/\/magichoney.com\/pt-br\/loja\/\">\n\t\t\t\t\t\t<span class=\"elementor-button-content-wrapper\">\n\t\t\t\t\t\t\t\t\t<span class=\"elementor-button-text\">VEJA MAIS PRODUTOS<\/span>\n\t\t\t\t\t<\/span>\n\t\t\t\t\t<\/a>\n\t\t\t\t<\/div>\n\t\t\t\t\t\t\t\t<\/div>\n\t\t\t\t<\/div>\n\t\t\t\t\t<\/div>\n\t\t\t\t<\/div>\n\t\t\t\t<\/div>\n\t\t","protected":false},"excerpt":{"rendered":"<p>Blister m\u00e1gico de mel com 3 envelopes de energia duradoura para mulheres ativas (10 GRAMAS CADA) Blister de 3 para mulheres (10 gr cada) quantidade ADICIONAR AO CARRINHO Para mulheres ativas que procuram manter-se en\u00e9rgicas e vitais durante todo o fim de semana ou per\u00edodos de alta atividade, o Blister de 3 mulheres de Magic &#8230; <a title=\"Blister de 3 Mulheres\" class=\"read-more\" href=\"https:\/\/magichoney.com\/pt-br\/blister-de-3-mulheres\/\" aria-label=\"Read more about Blister de 3 Mulheres\">Ler mais<\/a><\/p>\n","protected":false},"author":1,"featured_media":0,"parent":0,"menu_order":0,"comment_status":"closed","ping_status":"closed","template":"elementor_header_footer","meta":{"footnotes":""},"class_list":["post-14670","page","type-page","status-publish"],"_links":{"self":[{"href":"https:\/\/magichoney.com\/pt-br\/wp-json\/wp\/v2\/pages\/14670","targetHints":{"allow":["GET"]}}],"collection":[{"href":"https:\/\/magichoney.com\/pt-br\/wp-json\/wp\/v2\/pages"}],"about":[{"href":"https:\/\/magichoney.com\/pt-br\/wp-json\/wp\/v2\/types\/page"}],"author":[{"embeddable":true,"href":"https:\/\/magichoney.com\/pt-br\/wp-json\/wp\/v2\/users\/1"}],"replies":[{"embeddable":true,"href":"https:\/\/magichoney.com\/pt-br\/wp-json\/wp\/v2\/comments?post=14670"}],"version-history":[{"count":5,"href":"https:\/\/magichoney.com\/pt-br\/wp-json\/wp\/v2\/pages\/14670\/revisions"}],"predecessor-version":[{"id":16232,"href":"https:\/\/magichoney.com\/pt-br\/wp-json\/wp\/v2\/pages\/14670\/revisions\/16232"}],"wp:attachment":[{"href":"https:\/\/magichoney.com\/pt-br\/wp-json\/wp\/v2\/media?parent=14670"}],"curies":[{"name":"wp","href":"https:\/\/api.w.org\/{rel}","templated":true}]}}