{"id":14662,"date":"2023-11-05T15:43:19","date_gmt":"2023-11-05T15:43:19","guid":{"rendered":"https:\/\/magichoney.com\/?page_id=14662"},"modified":"2023-11-20T19:46:34","modified_gmt":"2023-11-20T19:46:34","slug":"sobre-de-mulher","status":"publish","type":"page","link":"https:\/\/magichoney.com\/pt-br\/sobre-de-mulher\/","title":{"rendered":"Sobre de Mulher"},"content":{"rendered":"\t\t<div data-elementor-type=\"wp-page\" data-elementor-id=\"14662\" class=\"elementor elementor-14662 elementor-13857\" data-elementor-post-type=\"page\">\n\t\t\t\t<div class=\"elementor-element elementor-element-2301008 e-flex e-con-boxed e-con e-parent\" data-id=\"2301008\" data-element_type=\"container\" data-e-type=\"container\" data-settings=\"{&quot;background_background&quot;:&quot;classic&quot;}\">\n\t\t\t\t\t<div class=\"e-con-inner\">\n\t\t\t\t<div class=\"elementor-element elementor-element-54c9e997 elementor-widget elementor-widget-spacer\" data-id=\"54c9e997\" data-element_type=\"widget\" data-e-type=\"widget\" data-widget_type=\"spacer.default\">\n\t\t\t\t<div class=\"elementor-widget-container\">\n\t\t\t\t\t\t\t<div class=\"elementor-spacer\">\n\t\t\t<div class=\"elementor-spacer-inner\"><\/div>\n\t\t<\/div>\n\t\t\t\t\t\t<\/div>\n\t\t\t\t<\/div>\n\t\t\t\t\t<\/div>\n\t\t\t\t<\/div>\n\t\t<div class=\"elementor-element elementor-element-5a72daa5 e-flex e-con-boxed e-con e-parent\" data-id=\"5a72daa5\" data-element_type=\"container\" data-e-type=\"container\" data-settings=\"{&quot;background_background&quot;:&quot;classic&quot;}\">\n\t\t\t\t\t<div class=\"e-con-inner\">\n\t\t<div class=\"elementor-element elementor-element-75a1218f e-con-full e-flex e-con e-child\" data-id=\"75a1218f\" data-element_type=\"container\" data-e-type=\"container\">\n\t\t\t\t<div class=\"elementor-element elementor-element-2539875a elementor-widget-mobile__width-initial elementor-widget elementor-widget-image\" data-id=\"2539875a\" data-element_type=\"widget\" data-e-type=\"widget\" data-widget_type=\"image.default\">\n\t\t\t\t<div class=\"elementor-widget-container\">\n\t\t\t\t\t\t\t\t\t\t\t\t\t\t\t<img fetchpriority=\"high\" decoding=\"async\" width=\"599\" height=\"302\" src=\"https:\/\/magichoney.com\/wp-content\/uploads\/2023\/10\/sachet-mujer.webp\" class=\"attachment-large size-large wp-image-12600\" alt=\"Sachet de mujer\" srcset=\"https:\/\/magichoney.com\/wp-content\/uploads\/2023\/10\/sachet-mujer.webp 599w, https:\/\/magichoney.com\/wp-content\/uploads\/2023\/10\/sachet-mujer-300x151.webp 300w\" sizes=\"(max-width: 599px) 100vw, 599px\" \/>\t\t\t\t\t\t\t\t\t\t\t\t\t\t\t<\/div>\n\t\t\t\t<\/div>\n\t\t\t\t<\/div>\n\t\t<div class=\"elementor-element elementor-element-744c2609 e-con-full e-flex e-con e-child\" data-id=\"744c2609\" data-element_type=\"container\" data-e-type=\"container\">\n\t\t\t\t<div class=\"elementor-element elementor-element-15df6475 elementor-widget-mobile__width-initial elementor-widget elementor-widget-heading\" data-id=\"15df6475\" data-element_type=\"widget\" data-e-type=\"widget\" data-widget_type=\"heading.default\">\n\t\t\t\t<div class=\"elementor-widget-container\">\n\t\t\t\t\t<h1 class=\"elementor-heading-title elementor-size-default\">BLISTER DE MEL M\u00c1GICO DE 1 AMOSTRA PARA MULHERES<br>SUA DOSE DE VITALIDADE INSTANT\u00c2NEA<\/h1>\t\t\t\t<\/div>\n\t\t\t\t<\/div>\n\t\t\t\t<div class=\"elementor-element elementor-element-fead3d6 elementor-widget elementor-widget-heading\" data-id=\"fead3d6\" data-element_type=\"widget\" data-e-type=\"widget\" data-widget_type=\"heading.default\">\n\t\t\t\t<div class=\"elementor-widget-container\">\n\t\t\t\t\t<div class=\"elementor-heading-title elementor-size-default\">ENVELOPE DE 10 GRAMAS<\/div>\t\t\t\t<\/div>\n\t\t\t\t<\/div>\n\t\t\t\t<div class=\"elementor-element elementor-element-6f625b5a elementor-widget-mobile__width-initial elementor-widget elementor-widget-text-editor\" data-id=\"6f625b5a\" data-element_type=\"widget\" data-e-type=\"widget\" data-widget_type=\"text-editor.default\">\n\t\t\t\t<div class=\"elementor-widget-container\">\n\t\t\t\t\t\t\t\t\t<p>Magic Honey sobre de mulher \u00e9 um impulso instant\u00e2neo de vitalidade e energia em momentos-chave da sua vida. Foi concebido para proporcionar aquele impulso extra quando \u00e9 mais necess\u00e1rio, proporcionando uma dose concentrada de vitalidade e energia numa \u00fanica saqueta.<\/p>\t\t\t\t\t\t\t\t<\/div>\n\t\t\t\t<\/div>\n\t\t\t\t<div class=\"elementor-element elementor-element-2224b38 elementor-widget-mobile__width-initial elementor-widget elementor-widget-heading\" data-id=\"2224b38\" data-element_type=\"widget\" data-e-type=\"widget\" data-widget_type=\"heading.default\">\n\t\t\t\t<div class=\"elementor-widget-container\">\n\t\t\t\t\t<h2 class=\"elementor-heading-title elementor-size-default\">CARACTER\u00cdSTICAS DO MEL M\u00c1GICO PARA MULHERES<\/h2>\t\t\t\t<\/div>\n\t\t\t\t<\/div>\n\t\t\t\t<div class=\"elementor-element elementor-element-516fe278 elementor-widget elementor-widget-text-editor\" data-id=\"516fe278\" data-element_type=\"widget\" data-e-type=\"widget\" data-widget_type=\"text-editor.default\">\n\t\t\t\t<div class=\"elementor-widget-container\">\n\t\t\t\t\t\t\t\t\t<ul><li style=\"font-weight: 400;\" aria-level=\"1\">Com uma saqueta ter\u00e1 toda a energia que necessita para o seu dia.<\/li><li style=\"font-weight: 400;\" aria-level=\"1\">F\u00e1cil de levar.<\/li><li style=\"font-weight: 400;\" aria-level=\"1\">Perfeito para um encontro de paix\u00f5es, surpresas ou para treinos de alta intensidade.<\/li><li style=\"font-weight: 400;\" aria-level=\"1\">Lembre-se que o mel para a mulher \u00e9 energia para o seu dia a dia.<\/li><\/ul>\t\t\t\t\t\t\t\t<\/div>\n\t\t\t\t<\/div>\n\t\t\t\t<\/div>\n\t\t\t\t\t<\/div>\n\t\t\t\t<\/div>\n\t\t<div class=\"elementor-element elementor-element-349d6272 e-flex e-con-boxed e-con e-parent\" data-id=\"349d6272\" data-element_type=\"container\" data-e-type=\"container\" data-settings=\"{&quot;background_background&quot;:&quot;classic&quot;}\">\n\t\t\t\t\t<div class=\"e-con-inner\">\n\t\t\t\t<div class=\"elementor-element elementor-element-69981930 elementor-widget-mobile__width-initial elementor-widget elementor-widget-heading\" data-id=\"69981930\" data-element_type=\"widget\" data-e-type=\"widget\" data-widget_type=\"heading.default\">\n\t\t\t\t<div class=\"elementor-widget-container\">\n\t\t\t\t\t<h2 class=\"elementor-heading-title elementor-size-default\">APROVEITE OS BENEF\u00cdCIOS DE UMA DOSE INSTANT\u00c2NEA<\/h2>\t\t\t\t<\/div>\n\t\t\t\t<\/div>\n\t\t\t\t<div class=\"elementor-element elementor-element-55eeacf6 elementor-widget-mobile__width-initial elementor-widget elementor-widget-text-editor\" data-id=\"55eeacf6\" data-element_type=\"widget\" data-e-type=\"widget\" data-widget_type=\"text-editor.default\">\n\t\t\t\t<div class=\"elementor-widget-container\">\n\t\t\t\t\t\t\t\t\t<p>A nova f\u00f3rmula feminina do Magic Honey d\u00e1-lhe a energia necess\u00e1ria para enfrentar todos os obst\u00e1culos do seu dia a dia.<\/p>\t\t\t\t\t\t\t\t<\/div>\n\t\t\t\t<\/div>\n\t\t\t\t<div class=\"elementor-element elementor-element-491b89f3 elementor-widget elementor-widget-heading\" data-id=\"491b89f3\" data-element_type=\"widget\" data-e-type=\"widget\" data-widget_type=\"heading.default\">\n\t\t\t\t<div class=\"elementor-widget-container\">\n\t\t\t\t\t<h3 class=\"elementor-heading-title elementor-size-default\">ENERGIA IMEDIATA<\/h3>\t\t\t\t<\/div>\n\t\t\t\t<\/div>\n\t\t\t\t<div class=\"elementor-element elementor-element-3d946c2d elementor-widget-mobile__width-initial elementor-widget elementor-widget-text-editor\" data-id=\"3d946c2d\" data-element_type=\"widget\" data-e-type=\"widget\" data-widget_type=\"text-editor.default\">\n\t\t\t\t<div class=\"elementor-widget-container\">\n\t\t\t\t\t\t\t\t\t<p>Com sua f\u00f3rmula \u00fanica e poderosa, Magic Honey \u00e9 seu aliado confi\u00e1vel para recarregar as energias e enfrentar os desafios di\u00e1rios com determina\u00e7\u00e3o renovada. Com apenas um sach\u00ea voc\u00ea consegue ter energia para o dia inteiro.<\/p>\t\t\t\t\t\t\t\t<\/div>\n\t\t\t\t<\/div>\n\t\t\t\t<div class=\"elementor-element elementor-element-d4c1a9d elementor-widget-mobile__width-initial elementor-widget elementor-widget-heading\" data-id=\"d4c1a9d\" data-element_type=\"widget\" data-e-type=\"widget\" data-widget_type=\"heading.default\">\n\t\t\t\t<div class=\"elementor-widget-container\">\n\t\t\t\t\t<h3 class=\"elementor-heading-title elementor-size-default\">MAIOR RESIST\u00caNCIA<\/h3>\t\t\t\t<\/div>\n\t\t\t\t<\/div>\n\t\t\t\t<div class=\"elementor-element elementor-element-73ff365 elementor-widget-mobile__width-initial elementor-widget elementor-widget-text-editor\" data-id=\"73ff365\" data-element_type=\"widget\" data-e-type=\"widget\" data-widget_type=\"text-editor.default\">\n\t\t\t\t<div class=\"elementor-widget-container\">\n\t\t\t\t\t\t\t\t\t<p>Os amino\u00e1cidos essenciais Glicina e Arginina s\u00e3o seus aliados para obter resist\u00eancia adicional no dia a dia. Esses nutrientes essenciais fornecem o suporte necess\u00e1rio para manter um ritmo constante durante treinos de alta intensidade ou encontros \u00edntimos.<\/p>\t\t\t\t\t\t\t\t<\/div>\n\t\t\t\t<\/div>\n\t\t\t\t<div class=\"elementor-element elementor-element-72c431ad elementor-widget elementor-widget-heading\" data-id=\"72c431ad\" data-element_type=\"widget\" data-e-type=\"widget\" data-widget_type=\"heading.default\">\n\t\t\t\t<div class=\"elementor-widget-container\">\n\t\t\t\t\t<h3 class=\"elementor-heading-title elementor-size-default\">CLAREZA MENTAL<\/h3>\t\t\t\t<\/div>\n\t\t\t\t<\/div>\n\t\t\t\t<div class=\"elementor-element elementor-element-694bc425 elementor-widget-mobile__width-initial elementor-widget elementor-widget-text-editor\" data-id=\"694bc425\" data-element_type=\"widget\" data-e-type=\"widget\" data-widget_type=\"text-editor.default\">\n\t\t\t\t<div class=\"elementor-widget-container\">\n\t\t\t\t\t\t\t\t\t<p>Uma mente clara \u00e9 um \u00f3timo fator para o desempenho, a combina\u00e7\u00e3o de vitaminas B, como B3 e B9, ir\u00e1 mant\u00ea-lo concentrado e alerta. Isso \u00e9 essencial para enfrentar qualquer tarefa com confian\u00e7a e efic\u00e1cia.<\/p>\t\t\t\t\t\t\t\t<\/div>\n\t\t\t\t<\/div>\n\t\t\t\t<div class=\"elementor-element elementor-element-7b741b3f elementor-widget elementor-widget-heading\" data-id=\"7b741b3f\" data-element_type=\"widget\" data-e-type=\"widget\" data-widget_type=\"heading.default\">\n\t\t\t\t<div class=\"elementor-widget-container\">\n\t\t\t\t\t<h3 class=\"elementor-heading-title elementor-size-default\">CONVENI\u00caNCIA PORT\u00c1TIL<\/h3>\t\t\t\t<\/div>\n\t\t\t\t<\/div>\n\t\t\t\t<div class=\"elementor-element elementor-element-7bf32c62 elementor-widget-mobile__width-initial elementor-widget elementor-widget-text-editor\" data-id=\"7bf32c62\" data-element_type=\"widget\" data-e-type=\"widget\" data-widget_type=\"text-editor.default\">\n\t\t\t\t<div class=\"elementor-widget-container\">\n\t\t\t\t\t\t\t\t\t<p>O blister de 1 saqueta \u00e9 compacto e f\u00e1cil de transportar consigo. Voc\u00ea pode guard\u00e1-lo na bolsa, na mochila ou at\u00e9 no bolso para t\u00ea-lo \u00e0 m\u00e3o sempre que precisar.<\/p>\t\t\t\t\t\t\t\t<\/div>\n\t\t\t\t<\/div>\n\t\t\t\t\t<\/div>\n\t\t\t\t<\/div>\n\t\t<div class=\"elementor-element elementor-element-4261ff39 e-flex e-con-boxed e-con e-parent\" data-id=\"4261ff39\" data-element_type=\"container\" data-e-type=\"container\" data-settings=\"{&quot;background_background&quot;:&quot;classic&quot;}\">\n\t\t\t\t\t<div class=\"e-con-inner\">\n\t\t\t\t<div class=\"elementor-element elementor-element-2a9caaaf elementor-widget-tablet__width-initial elementor-widget elementor-widget-heading\" data-id=\"2a9caaaf\" data-element_type=\"widget\" data-e-type=\"widget\" data-widget_type=\"heading.default\">\n\t\t\t\t<div class=\"elementor-widget-container\">\n\t\t\t\t\t<div class=\"elementor-heading-title elementor-size-default\">PREPARE-SE PARA CONQUISTAR<\/div>\t\t\t\t<\/div>\n\t\t\t\t<\/div>\n\t\t\t\t<div class=\"elementor-element elementor-element-25666463 elementor-widget-mobile__width-initial elementor-widget elementor-widget-text-editor\" data-id=\"25666463\" data-element_type=\"widget\" data-e-type=\"widget\" data-widget_type=\"text-editor.default\">\n\t\t\t\t<div class=\"elementor-widget-container\">\n\t\t\t\t\t\t\t\t\t<p><strong>TODOS OS DIAS COM UM AUMENTO DE VITALIDADE DO MEL M\u00c1GICO<\/strong><\/p>\t\t\t\t\t\t\t\t<\/div>\n\t\t\t\t<\/div>\n\t\t\t\t<div class=\"elementor-element elementor-element-4e2eaac5 elementor-align-left elementor-mobile-align-left elementor-widget-mobile__width-initial elementor-widget elementor-widget-button\" data-id=\"4e2eaac5\" data-element_type=\"widget\" data-e-type=\"widget\" data-widget_type=\"button.default\">\n\t\t\t\t<div class=\"elementor-widget-container\">\n\t\t\t\t\t\t\t\t\t<div class=\"elementor-button-wrapper\">\n\t\t\t\t\t<a class=\"elementor-button elementor-button-link elementor-size-md elementor-animation-grow\" href=\"https:\/\/magichoney.com\/pt-br\/loja\/\">\n\t\t\t\t\t\t<span class=\"elementor-button-content-wrapper\">\n\t\t\t\t\t\t\t\t\t<span class=\"elementor-button-text\">LOJA DE VISITA<\/span>\n\t\t\t\t\t<\/span>\n\t\t\t\t\t<\/a>\n\t\t\t\t<\/div>\n\t\t\t\t\t\t\t\t<\/div>\n\t\t\t\t<\/div>\n\t\t\t\t\t<\/div>\n\t\t\t\t<\/div>\n\t\t\t\t<\/div>\n\t\t","protected":false},"excerpt":{"rendered":"<p>BLISTER DE MEL M\u00c1GICO DE 1 AMOSTRA PARA MULHERES SUA DOSE DE VITALIDADE INSTANT\u00c2NEA ENVELOPE DE 10 GRAMAS Magic Honey sobre de mulher \u00e9 um impulso instant\u00e2neo de vitalidade e energia em momentos-chave da sua vida. Foi concebido para proporcionar aquele impulso extra quando \u00e9 mais necess\u00e1rio, proporcionando uma dose concentrada de vitalidade e energia &#8230; <a title=\"Sobre de Mulher\" class=\"read-more\" href=\"https:\/\/magichoney.com\/pt-br\/sobre-de-mulher\/\" aria-label=\"Read more about Sobre de Mulher\">Ler mais<\/a><\/p>\n","protected":false},"author":1,"featured_media":0,"parent":0,"menu_order":0,"comment_status":"closed","ping_status":"closed","template":"elementor_header_footer","meta":{"footnotes":""},"class_list":["post-14662","page","type-page","status-publish"],"_links":{"self":[{"href":"https:\/\/magichoney.com\/pt-br\/wp-json\/wp\/v2\/pages\/14662","targetHints":{"allow":["GET"]}}],"collection":[{"href":"https:\/\/magichoney.com\/pt-br\/wp-json\/wp\/v2\/pages"}],"about":[{"href":"https:\/\/magichoney.com\/pt-br\/wp-json\/wp\/v2\/types\/page"}],"author":[{"embeddable":true,"href":"https:\/\/magichoney.com\/pt-br\/wp-json\/wp\/v2\/users\/1"}],"replies":[{"embeddable":true,"href":"https:\/\/magichoney.com\/pt-br\/wp-json\/wp\/v2\/comments?post=14662"}],"version-history":[{"count":5,"href":"https:\/\/magichoney.com\/pt-br\/wp-json\/wp\/v2\/pages\/14662\/revisions"}],"predecessor-version":[{"id":16241,"href":"https:\/\/magichoney.com\/pt-br\/wp-json\/wp\/v2\/pages\/14662\/revisions\/16241"}],"wp:attachment":[{"href":"https:\/\/magichoney.com\/pt-br\/wp-json\/wp\/v2\/media?parent=14662"}],"curies":[{"name":"wp","href":"https:\/\/api.w.org\/{rel}","templated":true}]}}