{"id":14658,"date":"2023-11-05T15:39:27","date_gmt":"2023-11-05T15:39:27","guid":{"rendered":"https:\/\/magichoney.com\/?page_id=14658"},"modified":"2023-11-20T20:47:24","modified_gmt":"2023-11-20T20:47:24","slug":"sobre-de-homem","status":"publish","type":"page","link":"https:\/\/magichoney.com\/pt-br\/sobre-de-homem\/","title":{"rendered":"Sobre de Homem"},"content":{"rendered":"\t\t<div data-elementor-type=\"wp-page\" data-elementor-id=\"14658\" class=\"elementor elementor-14658 elementor-13847\" data-elementor-post-type=\"page\">\n\t\t\t\t<div class=\"elementor-element elementor-element-190f51db e-flex e-con-boxed e-con e-parent\" data-id=\"190f51db\" data-element_type=\"container\" data-e-type=\"container\" data-settings=\"{&quot;background_background&quot;:&quot;classic&quot;}\">\n\t\t\t\t\t<div class=\"e-con-inner\">\n\t\t<div class=\"elementor-element elementor-element-1ecdee66 e-flex e-con-boxed e-con e-child\" data-id=\"1ecdee66\" data-element_type=\"container\" data-e-type=\"container\" data-settings=\"{&quot;background_background&quot;:&quot;classic&quot;}\">\n\t\t\t\t\t<div class=\"e-con-inner\">\n\t\t\t\t<div class=\"elementor-element elementor-element-4c412548 elementor-widget elementor-widget-spacer\" data-id=\"4c412548\" data-element_type=\"widget\" data-e-type=\"widget\" data-widget_type=\"spacer.default\">\n\t\t\t\t<div class=\"elementor-widget-container\">\n\t\t\t\t\t\t\t<div class=\"elementor-spacer\">\n\t\t\t<div class=\"elementor-spacer-inner\"><\/div>\n\t\t<\/div>\n\t\t\t\t\t\t<\/div>\n\t\t\t\t<\/div>\n\t\t\t\t\t<\/div>\n\t\t\t\t<\/div>\n\t\t\t\t\t<\/div>\n\t\t\t\t<\/div>\n\t\t<div class=\"elementor-element elementor-element-64127d41 e-flex e-con-boxed e-con e-parent\" data-id=\"64127d41\" data-element_type=\"container\" data-e-type=\"container\" data-settings=\"{&quot;background_background&quot;:&quot;classic&quot;}\">\n\t\t\t\t\t<div class=\"e-con-inner\">\n\t\t<div class=\"elementor-element elementor-element-2ff5f692 e-flex e-con-boxed e-con e-child\" data-id=\"2ff5f692\" data-element_type=\"container\" data-e-type=\"container\" data-settings=\"{&quot;background_background&quot;:&quot;classic&quot;}\">\n\t\t\t\t\t<div class=\"e-con-inner\">\n\t\t<div class=\"elementor-element elementor-element-339f9cdb e-con-full e-flex e-con e-child\" data-id=\"339f9cdb\" data-element_type=\"container\" data-e-type=\"container\">\n\t\t\t\t<div class=\"elementor-element elementor-element-7608e957 elementor-widget-mobile__width-initial elementor-widget elementor-widget-image\" data-id=\"7608e957\" data-element_type=\"widget\" data-e-type=\"widget\" data-widget_type=\"image.default\">\n\t\t\t\t<div class=\"elementor-widget-container\">\n\t\t\t\t\t\t\t\t\t\t\t\t\t\t\t<img fetchpriority=\"high\" decoding=\"async\" width=\"600\" height=\"289\" src=\"https:\/\/magichoney.com\/wp-content\/uploads\/2023\/10\/sachet-hombre.webp\" class=\"attachment-large size-large wp-image-12603\" alt=\"Sachet de hombre\" srcset=\"https:\/\/magichoney.com\/wp-content\/uploads\/2023\/10\/sachet-hombre.webp 600w, https:\/\/magichoney.com\/wp-content\/uploads\/2023\/10\/sachet-hombre-300x145.webp 300w\" sizes=\"(max-width: 600px) 100vw, 600px\" \/>\t\t\t\t\t\t\t\t\t\t\t\t\t\t\t<\/div>\n\t\t\t\t<\/div>\n\t\t\t\t<\/div>\n\t\t<div class=\"elementor-element elementor-element-1c16510 e-con-full e-flex e-con e-child\" data-id=\"1c16510\" data-element_type=\"container\" data-e-type=\"container\">\n\t\t\t\t<div class=\"elementor-element elementor-element-afb47b5 elementor-widget-mobile__width-initial elementor-widget elementor-widget-heading\" data-id=\"afb47b5\" data-element_type=\"widget\" data-e-type=\"widget\" data-widget_type=\"heading.default\">\n\t\t\t\t<div class=\"elementor-widget-container\">\n\t\t\t\t\t<h1 class=\"elementor-heading-title elementor-size-default\">SEU PARCEIRO SECRETO PARA NOITES INESQUEC\u00cdVEIS DE FESTA E PAIX\u00c3O BLISTER DE MEL M\u00c1GICO DE 1 PARA HOMENS<\/h1>\t\t\t\t<\/div>\n\t\t\t\t<\/div>\n\t\t\t\t<div class=\"elementor-element elementor-element-4ffa7ac1 elementor-widget elementor-widget-heading\" data-id=\"4ffa7ac1\" data-element_type=\"widget\" data-e-type=\"widget\" data-widget_type=\"heading.default\">\n\t\t\t\t<div class=\"elementor-widget-container\">\n\t\t\t\t\t<div class=\"elementor-heading-title elementor-size-default\">ENVELOPE DE 10 GRAMAS<\/div>\t\t\t\t<\/div>\n\t\t\t\t<\/div>\n\t\t\t\t<div class=\"elementor-element elementor-element-430a2f25 elementor-widget elementor-widget-text-editor\" data-id=\"430a2f25\" data-element_type=\"widget\" data-e-type=\"widget\" data-widget_type=\"text-editor.default\">\n\t\t\t\t<div class=\"elementor-widget-container\">\n\t\t\t\t\t\t\t\t\t<p>Magic Honey em sua apresenta\u00e7\u00e3o em sobre de homem \u00e9 o seu aliado secreto, se voc\u00ea est\u00e1 planejando uma noite de festa e paix\u00e3o cheia de energia.<\/p>\t\t\t\t\t\t\t\t<\/div>\n\t\t\t\t<\/div>\n\t\t\t\t<div class=\"elementor-element elementor-element-4584d81d elementor-widget-mobile__width-initial elementor-widget elementor-widget-heading\" data-id=\"4584d81d\" data-element_type=\"widget\" data-e-type=\"widget\" data-widget_type=\"heading.default\">\n\t\t\t\t<div class=\"elementor-widget-container\">\n\t\t\t\t\t<h2 class=\"elementor-heading-title elementor-size-default\">CARACTER\u00cdSTICAS DO BLISTER DE 1<\/h2>\t\t\t\t<\/div>\n\t\t\t\t<\/div>\n\t\t\t\t<div class=\"elementor-element elementor-element-2527500 elementor-widget-mobile__width-initial elementor-widget elementor-widget-text-editor\" data-id=\"2527500\" data-element_type=\"widget\" data-e-type=\"widget\" data-widget_type=\"text-editor.default\">\n\t\t\t\t<div class=\"elementor-widget-container\">\n\t\t\t\t\t\t\t\t\t<ul><li style=\"font-weight: 400;\" aria-level=\"1\">A saqueta 1 permite lev\u00e1-lo para qualquer lugar e aumentar o seu desempenho a qualquer momento.<\/li><li style=\"font-weight: 400;\" aria-level=\"1\">Mant\u00e9m seu efeito por 24 horas.<\/li><li style=\"font-weight: 400;\" aria-level=\"1\">Ideal para momentos divertidos e noites incr\u00edveis.<\/li><\/ul>\t\t\t\t\t\t\t\t<\/div>\n\t\t\t\t<\/div>\n\t\t\t\t<\/div>\n\t\t\t\t\t<\/div>\n\t\t\t\t<\/div>\n\t\t\t\t\t<\/div>\n\t\t\t\t<\/div>\n\t\t<div class=\"elementor-element elementor-element-1b44cea8 e-flex e-con-boxed e-con e-parent\" data-id=\"1b44cea8\" data-element_type=\"container\" data-e-type=\"container\" data-settings=\"{&quot;background_background&quot;:&quot;classic&quot;}\">\n\t\t\t\t\t<div class=\"e-con-inner\">\n\t\t<div class=\"elementor-element elementor-element-1e1afe9a e-flex e-con-boxed e-con e-child\" data-id=\"1e1afe9a\" data-element_type=\"container\" data-e-type=\"container\" data-settings=\"{&quot;background_background&quot;:&quot;classic&quot;}\">\n\t\t\t\t\t<div class=\"e-con-inner\">\n\t\t\t\t<div class=\"elementor-element elementor-element-402fd2df elementor-widget elementor-widget-heading\" data-id=\"402fd2df\" data-element_type=\"widget\" data-e-type=\"widget\" data-widget_type=\"heading.default\">\n\t\t\t\t<div class=\"elementor-widget-container\">\n\t\t\t\t\t<h2 class=\"elementor-heading-title elementor-size-default\">ELEVAR A PAIX\u00c3O COM OS BENEF\u00cdCIOS DO 1 MAN BLISTER<\/h2>\t\t\t\t<\/div>\n\t\t\t\t<\/div>\n\t\t\t\t<div class=\"elementor-element elementor-element-787d1f2a elementor-widget-mobile__width-initial elementor-widget elementor-widget-text-editor\" data-id=\"787d1f2a\" data-element_type=\"widget\" data-e-type=\"widget\" data-widget_type=\"text-editor.default\">\n\t\t\t\t<div class=\"elementor-widget-container\">\n\t\t\t\t\t\t\t\t\t<p>Conhe\u00e7a os benef\u00edcios que voc\u00ea obter\u00e1 ao tomar Magic Honey em suas noites de aventura:<\/p>\t\t\t\t\t\t\t\t<\/div>\n\t\t\t\t<\/div>\n\t\t\t\t<div class=\"elementor-element elementor-element-67d6c153 elementor-widget elementor-widget-heading\" data-id=\"67d6c153\" data-element_type=\"widget\" data-e-type=\"widget\" data-widget_type=\"heading.default\">\n\t\t\t\t<div class=\"elementor-widget-container\">\n\t\t\t\t\t<h3 class=\"elementor-heading-title elementor-size-default\">DESPERTE SUA ENERGIA INTERIOR<\/h3>\t\t\t\t<\/div>\n\t\t\t\t<\/div>\n\t\t\t\t<div class=\"elementor-element elementor-element-33080895 elementor-widget-mobile__width-initial elementor-widget elementor-widget-text-editor\" data-id=\"33080895\" data-element_type=\"widget\" data-e-type=\"widget\" data-widget_type=\"text-editor.default\">\n\t\t\t\t<div class=\"elementor-widget-container\">\n\t\t\t\t\t\t\t\t\t<p>Cada pacote de mel masculino \u00e9 uma fonte de energia concentrada que prepara voc\u00ea para uma noite cheia de divers\u00e3o. Quer a festa se prolongue at\u00e9 altas horas da madrugada ou voc\u00ea se esforce ao m\u00e1ximo em privacidade, Magic Honey garante-lhe uma vitalidade ilimitada que o acompanhar\u00e1 durante toda a noite.<\/p>\t\t\t\t\t\t\t\t<\/div>\n\t\t\t\t<\/div>\n\t\t\t\t<div class=\"elementor-element elementor-element-7610b47d elementor-widget-mobile__width-initial elementor-widget elementor-widget-heading\" data-id=\"7610b47d\" data-element_type=\"widget\" data-e-type=\"widget\" data-widget_type=\"heading.default\">\n\t\t\t\t<div class=\"elementor-widget-container\">\n\t\t\t\t\t<h3 class=\"elementor-heading-title elementor-size-default\">ALCANCE RESIST\u00caNCIA INIGUAL\u00c1VEL<\/h3>\t\t\t\t<\/div>\n\t\t\t\t<\/div>\n\t\t\t\t<div class=\"elementor-element elementor-element-447d445 elementor-widget-mobile__width-initial elementor-widget elementor-widget-text-editor\" data-id=\"447d445\" data-element_type=\"widget\" data-e-type=\"widget\" data-widget_type=\"text-editor.default\">\n\t\t\t\t<div class=\"elementor-widget-container\">\n\t\t\t\t\t\t\t\t\t<p>A sinergia perfeita de amino\u00e1cidos como L-Glicina e L-Arginina, pensada para aumentar a sua resist\u00eancia e vitalidade. Com esta combina\u00e7\u00e3o poderosa, voc\u00ea estar\u00e1 preparado para enfrentar qualquer desafio com vigor renovado e resili\u00eancia duradoura.<\/p>\t\t\t\t\t\t\t\t<\/div>\n\t\t\t\t<\/div>\n\t\t\t\t<div class=\"elementor-element elementor-element-43f1a82c elementor-widget elementor-widget-heading\" data-id=\"43f1a82c\" data-element_type=\"widget\" data-e-type=\"widget\" data-widget_type=\"heading.default\">\n\t\t\t\t<div class=\"elementor-widget-container\">\n\t\t\t\t\t<h3 class=\"elementor-heading-title elementor-size-default\">VIVA UMA EXPERI\u00caNCIA INTENSA<\/h3>\t\t\t\t<\/div>\n\t\t\t\t<\/div>\n\t\t\t\t<div class=\"elementor-element elementor-element-1dcd9f36 elementor-widget-mobile__width-initial elementor-widget elementor-widget-text-editor\" data-id=\"1dcd9f36\" data-element_type=\"widget\" data-e-type=\"widget\" data-widget_type=\"text-editor.default\">\n\t\t\t\t<div class=\"elementor-widget-container\">\n\t\t\t\t\t\t\t\t\t<p>Um dos principais componentes do Magic Honey, a L-Arginina, demonstrou benef\u00edcios significativos na fun\u00e7\u00e3o er\u00e9til, o que pode levar a uma experi\u00eancia mais satisfat\u00f3ria e prazerosa.<\/p>\t\t\t\t\t\t\t\t<\/div>\n\t\t\t\t<\/div>\n\t\t\t\t<div class=\"elementor-element elementor-element-498f2cf8 elementor-widget elementor-widget-heading\" data-id=\"498f2cf8\" data-element_type=\"widget\" data-e-type=\"widget\" data-widget_type=\"heading.default\">\n\t\t\t\t<div class=\"elementor-widget-container\">\n\t\t\t\t\t<h3 class=\"elementor-heading-title elementor-size-default\">CLAREZA MENTAL<\/h3>\t\t\t\t<\/div>\n\t\t\t\t<\/div>\n\t\t\t\t<div class=\"elementor-element elementor-element-7666c00e elementor-widget-mobile__width-initial elementor-widget elementor-widget-text-editor\" data-id=\"7666c00e\" data-element_type=\"widget\" data-e-type=\"widget\" data-widget_type=\"text-editor.default\">\n\t\t\t\t<div class=\"elementor-widget-container\">\n\t\t\t\t\t\t\t\t\t<p>N\u00e3o deixe que nada o distraia da divers\u00e3o. O Magic Honey com vitaminas do complexo B, como B6 e B12, d\u00e1 a voc\u00ea a energia e a clareza mental que voc\u00ea precisa para se manter concentrado e alerta durante toda a festa. Desta forma voc\u00ea poder\u00e1 desfrutar ao m\u00e1ximo sem perder nenhum detalhe.<\/p>\t\t\t\t\t\t\t\t<\/div>\n\t\t\t\t<\/div>\n\t\t\t\t<div class=\"elementor-element elementor-element-87975db elementor-widget elementor-widget-heading\" data-id=\"87975db\" data-element_type=\"widget\" data-e-type=\"widget\" data-widget_type=\"heading.default\">\n\t\t\t\t<div class=\"elementor-widget-container\">\n\t\t\t\t\t<h3 class=\"elementor-heading-title elementor-size-default\">ELEVAR O SEU BEM-ESTAR<\/h3>\t\t\t\t<\/div>\n\t\t\t\t<\/div>\n\t\t\t\t<div class=\"elementor-element elementor-element-158c3838 elementor-widget-mobile__width-initial elementor-widget elementor-widget-text-editor\" data-id=\"158c3838\" data-element_type=\"widget\" data-e-type=\"widget\" data-widget_type=\"text-editor.default\">\n\t\t\t\t<div class=\"elementor-widget-container\">\n\t\t\t\t\t\t\t\t\t<p>Com Magic Honey voc\u00ea se sentir\u00e1 revitalizado e cheio de energia, pronto para aproveitar ao m\u00e1ximo cada momento e aproveitar ao m\u00e1ximo suas experi\u00eancias.<\/p>\t\t\t\t\t\t\t\t<\/div>\n\t\t\t\t<\/div>\n\t\t\t\t<div class=\"elementor-element elementor-element-3467528e elementor-widget__width-initial elementor-widget elementor-widget-heading\" data-id=\"3467528e\" data-element_type=\"widget\" data-e-type=\"widget\" data-widget_type=\"heading.default\">\n\t\t\t\t<div class=\"elementor-widget-container\">\n\t\t\t\t\t<h2 class=\"elementor-heading-title elementor-size-default\">CONHE\u00c7A O SEGREDO DO MEL PARA HOMENS<\/h2>\t\t\t\t<\/div>\n\t\t\t\t<\/div>\n\t\t\t\t<div class=\"elementor-element elementor-element-139bdfbb elementor-widget-mobile__width-initial elementor-widget elementor-widget-text-editor\" data-id=\"139bdfbb\" data-element_type=\"widget\" data-e-type=\"widget\" data-widget_type=\"text-editor.default\">\n\t\t\t\t<div class=\"elementor-widget-container\">\n\t\t\t\t\t\t\t\t\t<p>Se voc\u00ea quiser saber mais sobre os benef\u00edcios individuais de cada ingrediente, convidamos voc\u00ea a conhec\u00ea-lo em profundidade:<\/p>\t\t\t\t\t\t\t\t<\/div>\n\t\t\t\t<\/div>\n\t\t\t\t\t<\/div>\n\t\t\t\t<\/div>\n\t\t\t\t\t<\/div>\n\t\t\t\t<\/div>\n\t\t<div class=\"elementor-element elementor-element-2e0cd8dc e-flex e-con-boxed e-con e-parent\" data-id=\"2e0cd8dc\" data-element_type=\"container\" data-e-type=\"container\" data-settings=\"{&quot;background_background&quot;:&quot;classic&quot;}\">\n\t\t\t\t\t<div class=\"e-con-inner\">\n\t\t<div class=\"elementor-element elementor-element-2f748e65 e-con-full e-flex elementor-invisible e-con e-child\" data-id=\"2f748e65\" data-element_type=\"container\" data-e-type=\"container\" data-settings=\"{&quot;background_background&quot;:&quot;classic&quot;,&quot;animation&quot;:&quot;pulse&quot;}\">\n\t\t\t\t<div class=\"elementor-element elementor-element-5dcbf234 elementor-widget__width-inherit elementor-widget elementor-widget-heading\" data-id=\"5dcbf234\" data-element_type=\"widget\" data-e-type=\"widget\" data-widget_type=\"heading.default\">\n\t\t\t\t<div class=\"elementor-widget-container\">\n\t\t\t\t\t<h2 class=\"elementor-heading-title elementor-size-default\"><a href=\"https:\/\/magichoney.com\/pt-br\/vitamina-b\/\">VITAMINA B6<\/a><\/h2>\t\t\t\t<\/div>\n\t\t\t\t<\/div>\n\t\t\t\t<\/div>\n\t\t<div class=\"elementor-element elementor-element-1611e5b4 e-con-full e-flex elementor-invisible e-con e-child\" data-id=\"1611e5b4\" data-element_type=\"container\" data-e-type=\"container\" data-settings=\"{&quot;background_background&quot;:&quot;classic&quot;,&quot;animation&quot;:&quot;pulse&quot;}\">\n\t\t\t\t<div class=\"elementor-element elementor-element-53842970 elementor-widget__width-inherit elementor-widget elementor-widget-heading\" data-id=\"53842970\" data-element_type=\"widget\" data-e-type=\"widget\" data-widget_type=\"heading.default\">\n\t\t\t\t<div class=\"elementor-widget-container\">\n\t\t\t\t\t<h2 class=\"elementor-heading-title elementor-size-default\"><a href=\"https:\/\/magichoney.com\/pt-br\/arginina\/\">ARGININA<\/a><\/h2>\t\t\t\t<\/div>\n\t\t\t\t<\/div>\n\t\t\t\t<\/div>\n\t\t<div class=\"elementor-element elementor-element-69be08b e-con-full e-flex elementor-invisible e-con e-child\" data-id=\"69be08b\" data-element_type=\"container\" data-e-type=\"container\" data-settings=\"{&quot;background_background&quot;:&quot;classic&quot;,&quot;animation&quot;:&quot;pulse&quot;}\">\n\t\t\t\t<div class=\"elementor-element elementor-element-6b6475a4 elementor-widget__width-inherit elementor-widget elementor-widget-heading\" data-id=\"6b6475a4\" data-element_type=\"widget\" data-e-type=\"widget\" data-widget_type=\"heading.default\">\n\t\t\t\t<div class=\"elementor-widget-container\">\n\t\t\t\t\t<h2 class=\"elementor-heading-title elementor-size-default\"><a href=\"https:\/\/magichoney.com\/pt-br\/glicinias\/\">GLIC\u00cdNIAS<\/a><\/h2>\t\t\t\t<\/div>\n\t\t\t\t<\/div>\n\t\t\t\t<\/div>\n\t\t<div class=\"elementor-element elementor-element-3e91beda e-con-full e-flex elementor-invisible e-con e-child\" data-id=\"3e91beda\" data-element_type=\"container\" data-e-type=\"container\" data-settings=\"{&quot;background_background&quot;:&quot;classic&quot;,&quot;animation&quot;:&quot;pulse&quot;}\">\n\t\t\t\t<div class=\"elementor-element elementor-element-6a516d68 elementor-widget__width-inherit elementor-widget elementor-widget-heading\" data-id=\"6a516d68\" data-element_type=\"widget\" data-e-type=\"widget\" data-widget_type=\"heading.default\">\n\t\t\t\t<div class=\"elementor-widget-container\">\n\t\t\t\t\t<h2 class=\"elementor-heading-title elementor-size-default\"><a href=\"https:\/\/magichoney.com\/pt-br\/vitamina-b\/\">VITAMINA B12<\/a><\/h2>\t\t\t\t<\/div>\n\t\t\t\t<\/div>\n\t\t\t\t<\/div>\n\t\t\t\t\t<\/div>\n\t\t\t\t<\/div>\n\t\t<div class=\"elementor-element elementor-element-40ed8c67 e-flex e-con-boxed e-con e-parent\" data-id=\"40ed8c67\" data-element_type=\"container\" data-e-type=\"container\" data-settings=\"{&quot;background_background&quot;:&quot;classic&quot;}\">\n\t\t\t\t\t<div class=\"e-con-inner\">\n\t\t\t\t<div class=\"elementor-element elementor-element-7f7b8658 elementor-widget-mobile__width-initial elementor-widget elementor-widget-text-editor\" data-id=\"7f7b8658\" data-element_type=\"widget\" data-e-type=\"widget\" data-widget_type=\"text-editor.default\">\n\t\t\t\t<div class=\"elementor-widget-container\">\n\t\t\t\t\t\t\t\t\t<p>O blister Magic Honey 1 saqueta \u00e9 o seu parceiro secreto para uma noite inesquec\u00edvel cheia de energia e paix\u00e3o. Quer esteja a planear um encontro rom\u00e2ntico, uma festa com amigos ou uma noite de divers\u00e3o \u00edntima, Magic Honey d\u00e1-lhe o impulso de energia necess\u00e1rio para tornar esta ocasi\u00e3o especial.<\/p>\t\t\t\t\t\t\t\t<\/div>\n\t\t\t\t<\/div>\n\t\t\t\t\t<\/div>\n\t\t\t\t<\/div>\n\t\t<div class=\"elementor-element elementor-element-62e427ca e-flex e-con-boxed e-con e-parent\" data-id=\"62e427ca\" data-element_type=\"container\" data-e-type=\"container\" data-settings=\"{&quot;background_background&quot;:&quot;classic&quot;}\">\n\t\t\t\t\t<div class=\"e-con-inner\">\n\t\t\t\t<div class=\"elementor-element elementor-element-2f19f546 elementor-widget-tablet__width-initial elementor-widget__width-initial elementor-widget elementor-widget-heading\" data-id=\"2f19f546\" data-element_type=\"widget\" data-e-type=\"widget\" data-widget_type=\"heading.default\">\n\t\t\t\t<div class=\"elementor-widget-container\">\n\t\t\t\t\t<div class=\"elementor-heading-title elementor-size-default\">PREPARE-SE PARA UMA NOITE EMOCIONANTE E APAIXONANTE COM MEL M\u00c1GICO!<\/div>\t\t\t\t<\/div>\n\t\t\t\t<\/div>\n\t\t\t\t<div class=\"elementor-element elementor-element-3e9a0b6 elementor-align-left elementor-mobile-align-left elementor-widget-mobile__width-initial elementor-widget elementor-widget-button\" data-id=\"3e9a0b6\" data-element_type=\"widget\" data-e-type=\"widget\" data-widget_type=\"button.default\">\n\t\t\t\t<div class=\"elementor-widget-container\">\n\t\t\t\t\t\t\t\t\t<div class=\"elementor-button-wrapper\">\n\t\t\t\t\t<a class=\"elementor-button elementor-button-link elementor-size-md elementor-animation-grow\" href=\"https:\/\/magichoney.com\/pt-br\/loja\/\">\n\t\t\t\t\t\t<span class=\"elementor-button-content-wrapper\">\n\t\t\t\t\t\t\t\t\t<span class=\"elementor-button-text\">VISITE NOSSA LOJA<\/span>\n\t\t\t\t\t<\/span>\n\t\t\t\t\t<\/a>\n\t\t\t\t<\/div>\n\t\t\t\t\t\t\t\t<\/div>\n\t\t\t\t<\/div>\n\t\t\t\t\t<\/div>\n\t\t\t\t<\/div>\n\t\t\t\t<\/div>\n\t\t","protected":false},"excerpt":{"rendered":"<p>SEU PARCEIRO SECRETO PARA NOITES INESQUEC\u00cdVEIS DE FESTA E PAIX\u00c3O BLISTER DE MEL M\u00c1GICO DE 1 PARA HOMENS ENVELOPE DE 10 GRAMAS Magic Honey em sua apresenta\u00e7\u00e3o em sobre de homem \u00e9 o seu aliado secreto, se voc\u00ea est\u00e1 planejando uma noite de festa e paix\u00e3o cheia de energia. CARACTER\u00cdSTICAS DO BLISTER DE 1 A &#8230; <a title=\"Sobre de Homem\" class=\"read-more\" href=\"https:\/\/magichoney.com\/pt-br\/sobre-de-homem\/\" aria-label=\"Read more about Sobre de Homem\">Ler mais<\/a><\/p>\n","protected":false},"author":1,"featured_media":0,"parent":0,"menu_order":0,"comment_status":"closed","ping_status":"closed","template":"elementor_header_footer","meta":{"footnotes":""},"class_list":["post-14658","page","type-page","status-publish"],"_links":{"self":[{"href":"https:\/\/magichoney.com\/pt-br\/wp-json\/wp\/v2\/pages\/14658","targetHints":{"allow":["GET"]}}],"collection":[{"href":"https:\/\/magichoney.com\/pt-br\/wp-json\/wp\/v2\/pages"}],"about":[{"href":"https:\/\/magichoney.com\/pt-br\/wp-json\/wp\/v2\/types\/page"}],"author":[{"embeddable":true,"href":"https:\/\/magichoney.com\/pt-br\/wp-json\/wp\/v2\/users\/1"}],"replies":[{"embeddable":true,"href":"https:\/\/magichoney.com\/pt-br\/wp-json\/wp\/v2\/comments?post=14658"}],"version-history":[{"count":5,"href":"https:\/\/magichoney.com\/pt-br\/wp-json\/wp\/v2\/pages\/14658\/revisions"}],"predecessor-version":[{"id":16286,"href":"https:\/\/magichoney.com\/pt-br\/wp-json\/wp\/v2\/pages\/14658\/revisions\/16286"}],"wp:attachment":[{"href":"https:\/\/magichoney.com\/pt-br\/wp-json\/wp\/v2\/media?parent=14658"}],"curies":[{"name":"wp","href":"https:\/\/api.w.org\/{rel}","templated":true}]}}