{"id":4638,"date":"2022-02-14T21:06:12","date_gmt":"2022-02-14T21:06:12","guid":{"rendered":"https:\/\/magichoney.com\/product\/magic-honey-caja\/"},"modified":"2024-08-01T07:32:48","modified_gmt":"2024-08-01T07:32:48","slug":"magic-honey-caja","status":"publish","type":"product","link":"https:\/\/magichoney.com\/es\/producto\/magic-honey-caja\/","title":{"rendered":"Magic Honey Caja- Caja de 24 sobres (10 gramos cada uno)"},"content":{"rendered":"<p><span style=\"font-weight: 400; color: #000000;\">24 sobres de Miel Energizante 100% Natural.<\/span><\/p>\n<ul>\n<li style=\"font-weight: 400;\" aria-level=\"1\"><span style=\"font-weight: 400; color: #000000;\">97% Miel pura<\/span><\/li>\n<li style=\"font-weight: 400;\" aria-level=\"1\"><span style=\"font-weight: 400; color: #000000;\">1% Tongkat Ali<\/span><\/li>\n<li style=\"font-weight: 400;\" aria-level=\"1\"><span style=\"font-weight: 400; color: #000000;\">1% Guaran\u00e1<\/span><\/li>\n<li style=\"font-weight: 400;\" aria-level=\"1\"><span style=\"font-weight: 400; color: #000000;\">1% Canela<\/span><\/li>\n<\/ul>\n<p><span style=\"color: #000000;\"><b>Beneficios:<\/b><\/span><\/p>\n<ul>\n<li style=\"font-weight: 400;\" aria-level=\"1\"><span style=\"font-weight: 400; color: #000000;\"><strong>Potenciador:<\/strong> Lleva tus cualidades al m\u00e1ximo.<\/span><\/li>\n<li style=\"font-weight: 400;\" aria-level=\"1\"><span style=\"font-weight: 400; color: #000000;\"><strong>Inmunizante:<\/strong> Fortalece tu sistema inmunol\u00f3gico de forma natural<\/span><\/li>\n<li style=\"font-weight: 400;\" aria-level=\"1\"><span style=\"font-weight: 400; color: #000000;\"><strong>Energizante:<\/strong>Obtenga potencia y energ\u00eda extra con cada toma <\/span><\/li>\n<\/ul>\n<p><span style=\"font-weight: 400; color: #000000;\">Nuestra f\u00f3rmula aumenta la energ\u00eda del cuerpo hasta por 72 horas.<\/span><\/p>\n<p><span style=\"color: #000000;\"><b>\u00bfC\u00f3mo utilizar?<\/b><\/span><\/p>\n<p><span style=\"font-weight: 400; color: #000000;\">Se puede consumir directamente del sobre como un chute de poder y energ\u00eda, lo puedes agregar a tus jugos y funciona perfectamente como endulzante natural, puedes verter miel directamente en tus comidas favoritas. Cada sobre de Magic Honey 100% Miel Energizante Natural tendr\u00e1 un efecto de 72 horas, por lo que no se debe superar un consumo m\u00e1ximo de 2 sobres por semana.<\/span><\/p>\n","protected":false},"excerpt":{"rendered":"<p><span style=\"font-weight: 400; color: #000000;\">Mezcla perfecta entre naturaleza y ciencia, respondiendo as\u00ed a los requerimientos energ\u00e9ticos de los hombres, mejorando su desempe\u00f1o sexual y fortaleciendo su sistema inmunol\u00f3gico.<\/span><\/p>\n","protected":false},"featured_media":8817,"comment_status":"open","ping_status":"closed","template":"","meta":[],"product_brand":[],"product_cat":[62],"product_tag":[],"class_list":{"0":"post-4638","1":"product","2":"type-product","3":"status-publish","4":"has-post-thumbnail","6":"product_cat-magic-honey-es","7":"product_shipping_class-caja-magic-honey","9":"first","10":"outofstock","11":"taxable","12":"shipping-taxable","13":"purchasable","14":"product-type-simple"},"_links":{"self":[{"href":"https:\/\/magichoney.com\/es\/wp-json\/wp\/v2\/product\/4638","targetHints":{"allow":["GET"]}}],"collection":[{"href":"https:\/\/magichoney.com\/es\/wp-json\/wp\/v2\/product"}],"about":[{"href":"https:\/\/magichoney.com\/es\/wp-json\/wp\/v2\/types\/product"}],"replies":[{"embeddable":true,"href":"https:\/\/magichoney.com\/es\/wp-json\/wp\/v2\/comments?post=4638"}],"version-history":[{"count":1,"href":"https:\/\/magichoney.com\/es\/wp-json\/wp\/v2\/product\/4638\/revisions"}],"predecessor-version":[{"id":15408,"href":"https:\/\/magichoney.com\/es\/wp-json\/wp\/v2\/product\/4638\/revisions\/15408"}],"wp:featuredmedia":[{"embeddable":true,"href":"https:\/\/magichoney.com\/es\/wp-json\/wp\/v2\/media\/8817"}],"wp:attachment":[{"href":"https:\/\/magichoney.com\/es\/wp-json\/wp\/v2\/media?parent=4638"}],"wp:term":[{"taxonomy":"product_brand","embeddable":true,"href":"https:\/\/magichoney.com\/es\/wp-json\/wp\/v2\/product_brand?post=4638"},{"taxonomy":"product_cat","embeddable":true,"href":"https:\/\/magichoney.com\/es\/wp-json\/wp\/v2\/product_cat?post=4638"},{"taxonomy":"product_tag","embeddable":true,"href":"https:\/\/magichoney.com\/es\/wp-json\/wp\/v2\/product_tag?post=4638"}],"curies":[{"name":"wp","href":"https:\/\/api.w.org\/{rel}","templated":true}]}}