{"id":13805,"date":"2023-11-05T13:58:25","date_gmt":"2023-11-05T13:58:25","guid":{"rendered":"https:\/\/magichoney.com\/?post_type=product&#038;p=13805"},"modified":"2024-11-10T16:22:41","modified_gmt":"2024-11-10T16:22:41","slug":"caja-de-24-mujer","status":"publish","type":"product","link":"https:\/\/magichoney.com\/es\/producto\/caja-de-24-mujer\/","title":{"rendered":"Magic Honey Caja de 24 sobres para mujer (10 gramos cada uno)"},"content":{"rendered":"<p><span style=\"color: #000000;\">24 sobres de Miel Energizante 100% Natural para mujer.<\/span><\/p>\n<p><span style=\"color: #000000;\"><strong>Beneficios:<\/strong><\/span><\/p>\n<ul>\n<li><span style=\"color: #000000;\"><strong>Resistencia:<\/strong> Te mantiene en constante movimiento.<\/span><\/li>\n<li><span style=\"color: #000000;\"><strong>Inmunizante:<\/strong> Refuerza tu sistema inmunol\u00f3gico de forma natural.<\/span><\/li>\n<li><span style=\"color: #000000;\"><strong>Energizante:<\/strong> Obt\u00e9n una energia constante y sostenible.<\/span><\/li>\n<\/ul>\n<p><span style=\"color: #000000;\"><strong>\u00bfC\u00f3mo utilizar?<\/strong><\/span><br \/>\n<span style=\"color: #000000;\">Se puede consumir directamente del sobre como un chute de poder y energ\u00eda, lo puedes agregar a tus jugos y funciona perfectamente como endulzante natural, puedes verter miel directamente en tus comidas favoritas.<\/span><\/p>\n","protected":false},"excerpt":{"rendered":"<p><span style=\"font-weight: 400; color: #000000;\">Recupera tu vitalidad con Magic Honey para mujer. Nuestra f\u00f3rmula especial combina la esencia de la naturaleza y la nanotecnolog\u00eda para brindarte una renovada energ\u00eda y bienestar en medio del ajetreo de la vida moderna.<\/span><\/p>\n","protected":false},"featured_media":12583,"comment_status":"open","ping_status":"closed","template":"","meta":[],"product_brand":[],"product_cat":[62],"product_tag":[],"class_list":{"0":"post-13805","1":"product","2":"type-product","3":"status-publish","4":"has-post-thumbnail","6":"product_cat-magic-honey-es","7":"product_shipping_class-caja-magic-honey","9":"first","10":"outofstock","11":"taxable","12":"shipping-taxable","13":"purchasable","14":"product-type-simple"},"_links":{"self":[{"href":"https:\/\/magichoney.com\/es\/wp-json\/wp\/v2\/product\/13805","targetHints":{"allow":["GET"]}}],"collection":[{"href":"https:\/\/magichoney.com\/es\/wp-json\/wp\/v2\/product"}],"about":[{"href":"https:\/\/magichoney.com\/es\/wp-json\/wp\/v2\/types\/product"}],"replies":[{"embeddable":true,"href":"https:\/\/magichoney.com\/es\/wp-json\/wp\/v2\/comments?post=13805"}],"version-history":[{"count":5,"href":"https:\/\/magichoney.com\/es\/wp-json\/wp\/v2\/product\/13805\/revisions"}],"predecessor-version":[{"id":18039,"href":"https:\/\/magichoney.com\/es\/wp-json\/wp\/v2\/product\/13805\/revisions\/18039"}],"wp:featuredmedia":[{"embeddable":true,"href":"https:\/\/magichoney.com\/es\/wp-json\/wp\/v2\/media\/12583"}],"wp:attachment":[{"href":"https:\/\/magichoney.com\/es\/wp-json\/wp\/v2\/media?parent=13805"}],"wp:term":[{"taxonomy":"product_brand","embeddable":true,"href":"https:\/\/magichoney.com\/es\/wp-json\/wp\/v2\/product_brand?post=13805"},{"taxonomy":"product_cat","embeddable":true,"href":"https:\/\/magichoney.com\/es\/wp-json\/wp\/v2\/product_cat?post=13805"},{"taxonomy":"product_tag","embeddable":true,"href":"https:\/\/magichoney.com\/es\/wp-json\/wp\/v2\/product_tag?post=13805"}],"curies":[{"name":"wp","href":"https:\/\/api.w.org\/{rel}","templated":true}]}}