{"id":4583,"date":"2022-02-01T22:20:03","date_gmt":"2022-02-01T22:20:03","guid":{"rendered":"https:\/\/magichoney.com\/politicas-de-cookies\/"},"modified":"2023-11-09T20:44:06","modified_gmt":"2023-11-09T20:44:06","slug":"politicas-de-cookies","status":"publish","type":"page","link":"https:\/\/magichoney.com\/es\/politicas-de-cookies\/","title":{"rendered":"Pol\u00edticas de cookies"},"content":{"rendered":"\t\t<div data-elementor-type=\"wp-page\" data-elementor-id=\"4583\" class=\"elementor elementor-4583 elementor-50\" data-elementor-post-type=\"page\">\n\t\t\t\t<div class=\"elementor-element elementor-element-17f783a e-flex e-con-boxed e-con e-parent\" data-id=\"17f783a\" data-element_type=\"container\" data-e-type=\"container\">\n\t\t\t\t\t<div class=\"e-con-inner\">\n\t\t\t\t<div class=\"elementor-element elementor-element-aaf1427 elementor-widget elementor-widget-heading\" data-id=\"aaf1427\" data-element_type=\"widget\" data-e-type=\"widget\" data-widget_type=\"heading.default\">\n\t\t\t\t<div class=\"elementor-widget-container\">\n\t\t\t\t\t<h2 class=\"elementor-heading-title elementor-size-default\">Pol\u00edticas de cookies<\/h2>\t\t\t\t<\/div>\n\t\t\t\t<\/div>\n\t\t\t\t<div class=\"elementor-element elementor-element-a9d97c3 elementor-widget elementor-widget-text-editor\" data-id=\"a9d97c3\" data-element_type=\"widget\" data-e-type=\"widget\" data-widget_type=\"text-editor.default\">\n\t\t\t\t<div class=\"elementor-widget-container\">\n\t\t\t\t\t\t\t\t\t<p>Consideraciones Preliminares<br \/>Se entender\u00e1 por usuario toda persona que navegue por el sitio web themagichoney.com en adelante, simplemente el sitio web.<\/p><p>Editor significa el propietario del sitio web, que es MAGIC TEAM LLC y se identifica en el aviso legal.<\/p><p>Las cookies utilizadas en el navegador del usuario han sido instaladas con su autorizaci\u00f3n. Si en cualquier momento desea revocar esta autorizaci\u00f3n, puede hacerlo sin impedimento alguno. puede hacerlo sin impedimento alguno. Para ello, puede consultar el apartado Desactivaci\u00f3n o eliminaci\u00f3n de cookies, que se describe en estas pol\u00edticas.<\/p><p>El Editor es completamente libre de realizar los cambios que considere pertinentes en el sitio web. Para ello, puede a\u00f1adir secciones, funcionalidades o cualquier elemento que pueda generar el uso de nuevas cookies, por lo que se recomienda al usuario que consulte esta pol\u00edtica de cookies cada vez que acceda al sitio web, para estar al tanto de cualquier cambio que puede haber ocurrido desde la \u00faltima visita.<\/p><p>Definici\u00f3n y funci\u00f3n de las cookies<br \/>Las cookies son informaci\u00f3n que se almacena en el navegador del usuario de un sitio web para poder consultar la actividad anterior que ha tenido, as\u00ed como recordar ciertos datos para una pr\u00f3xima visita. Tambi\u00e9n pueden denominarse web beacons, p\u00edxeles, bugs, trackers, pero para los efectos de estas pol\u00edticas, se entender\u00e1n \u00fanicamente como cookies<\/p><p>Suelen almacenar datos t\u00e9cnicos, estad\u00edsticas de uso, personalizaci\u00f3n de perfiles, enlaces a redes sociales, administraci\u00f3n de preferencias personales, entre otras funciones, con el fin de poder adaptar el sitio web a las necesidades y configuraciones del usuario, mejorando as\u00ed la experiencia. navegaci\u00f3n, no aceptarlas podr\u00eda perjudicar el servicio que el sitio web desea ofrecer.<\/p><p>No son archivos de virus, spam, troyanos, gusanos, spyware, ni programaci\u00f3n publicitaria est\u00e1tica en la p\u00e1gina o en formato pop-up.<\/p><p>La informaci\u00f3n almacenada se refiere al navegador (Internet Explorer, Safari, Chrome, Firefox, etc.), y no al usuario, para verificar esto puede ingresar al mismo dominio web y verificar en dos navegadores diferentes que puede configurar diferentes preferencias en cada uno<\/p><p>Tipos de cookies seg\u00fan la entidad que las gestione<br \/>Las cookies pueden ser:<br \/>Propias: cuando sean gestionadas por el editor del sitio web Se env\u00edan al equipo terminal del usuario desde un equipo o dominio gestionado por el propio editor y desde el que se presta el servicio solicitado por el usuario.<br \/>De terceros: cuando sean gestionados por una persona f\u00edsica o jur\u00eddica distinta del editor.<br \/>Este sitio web utiliza cookies propias y de terceros.<\/p><p>Tipos de cookies seg\u00fan su finalidad<\/p><p>Seg\u00fan la funci\u00f3n que cumplan, las cookies pueden ser:<\/p><p>T\u00e9cnicas: Permiten la gesti\u00f3n operativa del sitio web, de forma que el usuario pueda navegar sin ning\u00fan problema. Pueden ayudar a controlar el tr\u00e1fico y la comunicaci\u00f3n de datos, identificar la sesi\u00f3n, acceder a partes de acceso restringido, recordar los elementos que integran un pedido, realizar el proceso de compra de un producto o servicio, gestionar el pago, controlar el fraude, realizar la solicitud de registro o participar en un evento, utilizar elementos de seguridad durante la navegaci\u00f3n, almacenar contenidos para la difusi\u00f3n de v\u00eddeos o sonido, habilitar contenidos din\u00e1micos (por ejemplo, cargar una animaci\u00f3n de un texto o imagen) o compartir contenidos a trav\u00e9s de redes sociales, entre otras muchas funciones que ofrece. puede tener.<br \/>Preferencias o personalizaci\u00f3n: son aqu\u00e9llas que permiten recordar informaci\u00f3n para que el usuario navegue por el sitio web con determinadas caracter\u00edsticas personalizadas, como por ejemplo el idioma, el n\u00famero de resultados a mostrar cuando el usuario realiza una b\u00fasqueda, el aspecto o contenido de la sitio web dependiendo del tipo de navegador del usuario, colores de fondo utilizados, imagen de perfil, entre otros.<br \/>De an\u00e1lisis o medici\u00f3n: permiten el seguimiento y an\u00e1lisis del comportamiento de los usuarios en el sitio web y en otros del titular de la cookie, por ejemplo, el tiempo que pasan en una determinada p\u00e1gina, las horas y los d\u00edas de mayor tr\u00e1fico.<br \/>Publicidad comportamental: son aqu\u00e9llas que almacenan informaci\u00f3n del comportamiento de los usuarios obtenida a trav\u00e9s de la observaci\u00f3n continuada de sus h\u00e1bitos de navegaci\u00f3n, lo que permite desarrollar un perfil espec\u00edfico para mostrar publicidad en funci\u00f3n del mismo. La intenci\u00f3n es mostrar anuncios relevantes y atractivos para el usuario.<br \/>Publicitarias: Son aqu\u00e9llas que permiten la gesti\u00f3n, de la forma m\u00e1s eficaz posible, de los espacios publicitarios de los que dispone el sitio web, en base a criterios como el contenido editado o la frecuencia en la que se muestran los anuncios.<br \/>Este sitio web utiliza cookies t\u00e9cnicas, de personalizaci\u00f3n, de an\u00e1lisis, publicitarias y de publicidad comportamental.<\/p><p>Algunas cookies pueden ser polivalentes, es decir, cumplir 2 o m\u00e1s funciones.<\/p><p>Tipos de cookies seg\u00fan su duraci\u00f3n:<\/p><p>Seg\u00fan el plazo de tiempo que permanecen activadas en el equipo terminal, las cookies pueden ser:<\/p><p>De sesi\u00f3n: Son un tipo de cookies dise\u00f1adas para recabar y almacenar datos mientras el usuario accede a una p\u00e1gina web. Se suelen emplear para almacenar informaci\u00f3n que solo interesa conservar para la prestaci\u00f3n del servicio solicitado por el usuario en una sola ocasi\u00f3n y desaparece al terminar la sesi\u00f3n como por ejemplo, una lista de productos elegidos, una selecci\u00f3n concreta de fotograf\u00edas, etc<br \/>Persistentes: Son un tipo de cookies en las que los datos siguen almacenados en el terminal y pueden ser accedidos y tratados durante un periodo definido por el responsable de la cookie, y que puede ir de unos minutos a varios a\u00f1os.<br \/>Consecuencias de deshabilitar las cookies<\/p><p>A modo de ejemplo, los posibles efectos de no autorizar el uso de cookies pueden ser los siguientes:<\/p><p>No se cargar\u00e1n los productos elegidos en la tienda, por lo que no se crear\u00e1 un carrito de la compra, impidiendo la posibilidad de finalizar con la adquisici\u00f3n de los productos deseados.<br \/>No podr\u00e1 acceder al \u00e1rea de clientes, al \u00e1rea personal, ni a ninguna que requiera confirmaci\u00f3n<br \/>No se recoger\u00e1n los datos necesarios para analizar el sitio web, impidiendo que el editor sepa c\u00f3mo mejorar<br \/>No podr\u00e1 compartir el contenido del sitio web en redes sociales como Facebook, Twitter, Instagram, entre otras.<br \/>No podr\u00e1s hacer comentarios en el blog.<br \/>. No podr\u00e1s utilizar ninguna red social, ya que todas utilizan cookies para poder ofrecer su servicio.<br \/>Es posible que no se muestre publicidad de terceros, lo que reduce los ingresos de quienes utilizan esta modalidad<br \/>En ciertos sitios de dominio web, su navegaci\u00f3n puede ser considerada spam porque no puede ser identificado<br \/>Varios. Esta lista es meramente ilustrativa, no limitativa.<br \/>Si el usuario ha eliminado las cookies y desea volver a navegar por este sitio web, debe volver a aceptar las cookies.<\/p><p>Cookies utilizadas en este sitio web<\/p><p>Este sitio web utiliza las siguientes cookies: t\u00e9cnicas, de personalizaci\u00f3n, de an\u00e1lisis, de publicidad comportamental.<\/p><p>Utilizamos el complemento GDPR Cookie Compliance, que activa la cookie moove_gdpr_popup por un tiempo limitado, para almacenar la intenci\u00f3n de consentimiento del usuario en relaci\u00f3n con la instalaci\u00f3n de cookies. Esta cookie es necesaria para el correcto funcionamiento del sitio web. This cookie is necessary for the proper functioning of the website.<\/p><p>A continuaci\u00f3n se detallan las cookies utilizadas por este sitio web, no obstante, debido a la imposibilidad t\u00e9cnica que esto pueda generar, no se pueden mostrar con exactitud las cookies utilizadas por terceros, pero se ha hecho todo lo posible para que el usuario disponga de toda la informaci\u00f3n necesaria.<\/p><p>Nombre Proveedor Descripci\u00f3n Duraci\u00f3n Tipo<br \/>moove_gdpr_popup magichoney.com almacena el estado de consentimiento de cookies del usuario para el dominio actual 30 d\u00edas Necesario<br \/>Desactivaci\u00f3n o eliminaci\u00f3n de cookies<\/p><p>En cualquier momento el usuario podr\u00e1 ejercer su derecho de rechazo de las cookies y en consecuencia podr\u00e1 desactivarlas o eliminarlas, excepto aquellas que sean necesarias para el funcionamiento del sitio web.<\/p><p>El usuario podr\u00e1 eliminar y\/o bloquear las cookies, para toda la navegaci\u00f3n que realice o para un determinado dominio web. Esta configuraci\u00f3n debe realizarse en cada navegador, si lo haces en un navegador y no en el resto del mismo dispositivo se entender\u00e1 que en los dem\u00e1s si aceptas el uso de cookies. El Editor no puede realizar esta acci\u00f3n por el usuario, debe realizarla de forma responsable e individualizada en cada navegador y\/o dispositivo que as\u00ed lo desee.<\/p><p>Como cada navegador tiene configuraciones diferentes, el usuario debe acudir a la secci\u00f3n de ayuda de cada uno para ver el caso en particular. En esta secci\u00f3n se mencionan los m\u00e1s comunes, sin embargo debido a actualizaciones de los navegadores o del sistema operativo que est\u00e9 utilizando, esto puede variar. El usuario deber\u00e1 acudir siempre a los manuales de uso de su navegador, esta gu\u00eda es meramente orientativa.<\/p><p>Chrome: Vaya a Men\u00fa \u2013 Configuraci\u00f3n (en Mac: Preferencias) \u2013 Configuraci\u00f3n avanzada \u2013 Privacidad \u2013 Aqu\u00ed elige si desea configurar las cookies o eliminar las cookies existentes. Para m\u00e1s informaci\u00f3n puedes visitar la ayuda de Chrome. https:\/\/support.google.com\/chrome\/answer\/95647?hl=es (si quieres puedes acortarlo o hacer un hiperv\u00ednculo, lo mismo en los dem\u00e1s)<br \/>Internet Explorer: Ve a Herramientas \u2013 Opciones de Internet \u2013 Privacidad \u2013 Privacidad \u2013 Configuraci\u00f3n \u2013 Opciones avanzadas. Configura lo que quieras. ara m\u00e1s informaci\u00f3n, puede visitar la secci\u00f3n de ayuda del propio navegador https:\/\/support.microsoft.com\/es-es\/help\/17442\/windows-internet-explorer-delete-manage-cookies<br \/>Firefox: Ir a Men\u00fa \u2013 Preferencias \u2013 Privacidad \u2013 Mostrar cookies \u2013 Configure lo que desee. Para m\u00e1s informaci\u00f3n puede visitar la secci\u00f3n de ayuda del navegador<br \/>https:\/\/www.mozilla.org\/es-ES\/privacy\/websites\/#cookies<br \/>Safari: Safari \u2013 Preferencias \u2013 Privacidad \u2013 Realice la configuraci\u00f3n deseada Para m\u00e1s informaci\u00f3n puede visitar la ayuda de Apple<br \/>https:\/\/support.apple.com\/es-es\/guide\/safari\/sfri11471\/mac<br \/>Avisos relacionados con las cookies<\/p><p>El Editor no se hace responsable de los fallos t\u00e9cnicos que el usuario pueda encontrar en el sitio web o en su navegador por manipular err\u00f3neamente la desactivaci\u00f3n o eliminaci\u00f3n de las cookies, en todo momento el usuario deber\u00e1 verificar la informaci\u00f3n sobre su desactivaci\u00f3n o eliminaci\u00f3n en la secci\u00f3n de ayuda de la navegador correspondiente. El usuario asume la responsabilidad de eliminar o desactivar las cookies en su navegador y por tanto asume las consecuencias que de ello se deriven.<\/p><p>En todo momento el usuario podr\u00e1 comunicarse con El Editor a trav\u00e9s de correo electr\u00f3nico. info@themagiconey.com.<\/p>\t\t\t\t\t\t\t\t<\/div>\n\t\t\t\t<\/div>\n\t\t\t\t\t<\/div>\n\t\t\t\t<\/div>\n\t\t\t\t<\/div>\n\t\t","protected":false},"excerpt":{"rendered":"<p>Pol\u00edticas de cookies Consideraciones PreliminaresSe entender\u00e1 por usuario toda persona que navegue por el sitio web themagichoney.com en adelante, simplemente el sitio web. Editor significa el propietario del sitio web, que es MAGIC TEAM LLC y se identifica en el aviso legal. Las cookies utilizadas en el navegador del usuario han sido instaladas con su &#8230; <a title=\"Pol\u00edticas de cookies\" class=\"read-more\" href=\"https:\/\/magichoney.com\/es\/politicas-de-cookies\/\" aria-label=\"Leer m\u00e1s sobre Pol\u00edticas de cookies\">Leer m\u00e1s<\/a><\/p>\n","protected":false},"author":1,"featured_media":0,"parent":0,"menu_order":0,"comment_status":"closed","ping_status":"closed","template":"elementor_header_footer","meta":{"footnotes":""},"class_list":["post-4583","page","type-page","status-publish"],"_links":{"self":[{"href":"https:\/\/magichoney.com\/es\/wp-json\/wp\/v2\/pages\/4583","targetHints":{"allow":["GET"]}}],"collection":[{"href":"https:\/\/magichoney.com\/es\/wp-json\/wp\/v2\/pages"}],"about":[{"href":"https:\/\/magichoney.com\/es\/wp-json\/wp\/v2\/types\/page"}],"author":[{"embeddable":true,"href":"https:\/\/magichoney.com\/es\/wp-json\/wp\/v2\/users\/1"}],"replies":[{"embeddable":true,"href":"https:\/\/magichoney.com\/es\/wp-json\/wp\/v2\/comments?post=4583"}],"version-history":[{"count":3,"href":"https:\/\/magichoney.com\/es\/wp-json\/wp\/v2\/pages\/4583\/revisions"}],"predecessor-version":[{"id":15361,"href":"https:\/\/magichoney.com\/es\/wp-json\/wp\/v2\/pages\/4583\/revisions\/15361"}],"wp:attachment":[{"href":"https:\/\/magichoney.com\/es\/wp-json\/wp\/v2\/media?parent=4583"}],"curies":[{"name":"wp","href":"https:\/\/api.w.org\/{rel}","templated":true}]}}