{"id":4578,"date":"2022-02-01T22:14:24","date_gmt":"2022-02-01T22:14:24","guid":{"rendered":"https:\/\/magichoney.com\/aviso-legal\/"},"modified":"2023-11-09T20:36:55","modified_gmt":"2023-11-09T20:36:55","slug":"aviso-legal","status":"publish","type":"page","link":"https:\/\/magichoney.com\/es\/aviso-legal\/","title":{"rendered":"Aviso Legal"},"content":{"rendered":"\t\t<div data-elementor-type=\"wp-page\" data-elementor-id=\"4578\" class=\"elementor elementor-4578 elementor-44\" data-elementor-post-type=\"page\">\n\t\t\t\t<div class=\"elementor-element elementor-element-fa27731 e-flex e-con-boxed e-con e-parent\" data-id=\"fa27731\" data-element_type=\"container\" data-e-type=\"container\">\n\t\t\t\t\t<div class=\"e-con-inner\">\n\t\t\t\t<div class=\"elementor-element elementor-element-203d7d7 elementor-widget elementor-widget-heading\" data-id=\"203d7d7\" data-element_type=\"widget\" data-e-type=\"widget\" data-widget_type=\"heading.default\">\n\t\t\t\t<div class=\"elementor-widget-container\">\n\t\t\t\t\t<h2 class=\"elementor-heading-title elementor-size-default\">AVISO LEGAL<\/h2>\t\t\t\t<\/div>\n\t\t\t\t<\/div>\n\t\t\t\t<div class=\"elementor-element elementor-element-bca14ab elementor-widget elementor-widget-text-editor\" data-id=\"bca14ab\" data-element_type=\"widget\" data-e-type=\"widget\" data-widget_type=\"text-editor.default\">\n\t\t\t\t<div class=\"elementor-widget-container\">\n\t\t\t\t\t\t\t\t\t<p><strong>DATOS IDENTIFICATIVOS<\/strong><\/p><p>De conformidad con el requerimiento legal establecido, se da cumplimiento a la obligaci\u00f3n de informar a todos los usuarios e interesados \u200b\u200bde que la responsabilidad y titularidad del dominio web magichoney.com, as\u00ed como de las redes sociales y del sitio web asociado, en adelante el \u201csitio web\u201d pertenece a\u00a0<strong>MAGIC TEAM LLC<\/strong>con domicilio en 601 Brickell Key Dr. Suite 700 Miami Fl 33131, Estados Unidos, en adelante Brickell Key Dr. Suite 700, Miami, Fl. 33131, y cuyo correo de contacto es info@themagichoney.com<\/p><p><strong>T\u00c9RMINOS Y CONDICIONES USO Y APLICACI\u00d3N<\/strong><\/p><p>Estos t\u00e9rminos y condiciones se aplican tanto a la p\u00e1gina principal de themagiconey.com como a aquellas otras que han sido creadas por<strong>MAGIC TEAM LLC<\/strong>\u00a0y que expresa e inequ\u00edvocamente indican que forman parte integrante de este sitio web<\/p><p><strong>USUARIOS<\/strong><\/p><p>Se entender\u00e1 por usuario toda persona que navegue por el sitio web, accediendo a cualquiera de sus p\u00e1ginas o secciones, simplemente accediendo y\/o utilizando este sitio web, aceptando desde dicho acceso y\/o uso, los t\u00e9rminos y condiciones aqu\u00ed reflejados.<\/p><p>En el caso de que el usuario desee contratar o adquirir alguno de los servicios o productos ofrecidos en el sitio web, ser\u00e1n igualmente de aplicaci\u00f3n las pol\u00edticas de contrataci\u00f3n, que ser\u00e1n de obligado cumplimiento para todos los usuarios con condiciones especiales, con condiciones de salud, problemas card\u00edacos o con marcapasos. debe consultar a su m\u00e9dico antes de consumir el producto.<\/p><p><strong>FORMULARIOS DE CONTACTO<\/strong><\/p><p>Si un usuario desea ponerse en contacto con<strong>MAGIC TEAM LLC<\/strong>\u00a0, puede enviar un correo electr\u00f3nico a la direcci\u00f3n info@themagiconey.com<\/p><p><strong>USO DEL SITIO WEB<\/strong><\/p><p>Toda la informaci\u00f3n gr\u00e1fica, textual, multimedia, fotograf\u00edas, im\u00e1genes, videos o cualquier otro formato de archivo digital que se encuentre en el sitio web, en lo sucesivo denominado como \u201clos contenidos\u201d, pertenecen a\u00a0<strong>MAGIC TEAM LLC<\/strong>\u00a0y est\u00e1n protegidos por las leyes nacionales e internacionales de derechos de autor.<\/p><p>El usuario asume la responsabilidad del uso del sitio web, no pudiendo emplearlos para:<\/p><p>Realizar actividades il\u00edcitas, ilegales o contrarias a la moral, las buenas costumbres, la buena fe y el orden p\u00fablico;<br \/>Hacer comentarios o difundir contenidos o propaganda de car\u00e1cter racista, xen\u00f3fobo, pornogr\u00e1fico, de apolog\u00eda del terrorismo, que atente contra los derechos humanos o civiles en general;<br \/>Causar da\u00f1os a la persona f\u00edsica, intelectual o moral a\u00a0<strong>MAGIC TEAM LLC<\/strong>\u00a0, a sus proveedores oa terceros;<br \/>Introducir o difundir virus inform\u00e1ticos o cualesquiera otros sistemas f\u00edsicos o l\u00f3gicos que sean susceptibles de provocar los da\u00f1os anteriormente mencionados;<br \/>Intentar acceder y\/o utilizar las cuentas de correo electr\u00f3nico de otros usuarios y modificar o manipular sus mensajes.<br \/><strong>MAGIC TEAM LLC<\/strong>se reserva el derecho de retirar todos aquellos comentarios que vulneren el respeto a la dignidad de la persona, que sean discriminatorios, xen\u00f3fobos, racistas, pornogr\u00e1ficos, que atenten contra la juventud o la infancia, el orden o la seguridad p\u00fablicos o que, a su juicio, no sean adecuados para publicaci\u00f3n En cualquier caso,<strong>MAGIC TEAM LLC<\/strong>\u00a0no ser\u00e1 responsable de las opiniones vertidas por los usuarios en cualquier herramienta de opini\u00f3n que contenga el sitio web.<\/p><p><strong>PROPIEDAD INTELECTUAL<\/strong><\/p><p><strong>MAGIC TEAM LLC<\/strong>\u00a0es titular de todos los derechos de propiedad intelectual e industrial del sitio web, as\u00ed como de los elementos contenidos en el mismo, a t\u00edtulo enunciativo pero no limitativo: im\u00e1genes, sonido, fotograf\u00edas, audio, v\u00eddeo, software , los textos, marcas, logotipos, combinaciones de colores, estructura, dise\u00f1o, selecci\u00f3n de materiales usados, programas necesarios para su funcionamiento, acceso y uso, quedando expresamente prohibida la reproducci\u00f3n, distribuci\u00f3n y comunicaci\u00f3n p\u00fablica, incluida su modalidad de comunicaci\u00f3n poner a disposici\u00f3n, todo o parte de los contenidos del sitio web, en cualquier soporte y por cualquier medio t\u00e9cnico, con o sin fines comerciales sin la autorizaci\u00f3n de\u00a0<strong>MAGIC TEAM LLC<\/strong><\/p><p>El usuario se compromete a respetar los derechos de autor propiedad de\u00a0<strong>MAGIC TEAM LLC<\/strong>\u00a0, pudiendo en consecuencia visualizar, imprimir, almacenar en un dispositivo electr\u00f3nico o virtual, pero \u00fanica y exclusivamente para su uso personal y privado ford, no pudiendo en ning\u00fan momento distribuirlos, reproducirlos, onerosa o gratuitamente, a terceros ni efectuar transformaci\u00f3n alguna de los mismos. En cualquier caso, siempre deber\u00e1 mencionar la autor\u00eda de\u00a0<strong>MAGIC TEAM LLC<\/strong>\u00a0y del sitio web cuando decida compartir cualquiera de los contenidos en cualquier red social, no pudiendo modificar, total o parcialmente, ninguno de los contenidos en ning\u00fan momento.<\/p><p>En cualquier caso, siempre deber\u00e1 mencionar la autor\u00eda de MAGIC TEAM LLC y del sitio web cuando decida compartir cualquiera de los contenidos en cualquier red social, no pudiendo modificar, total o parcialmente, ninguno de los contenidos en ning\u00fan momento.<\/p><p><strong>EXCLUSI\u00d3N DE GARANT\u00cdAS Y RESPONSABILIDAD<\/strong><\/p><p><strong>MAGIC TEAM LLC<\/strong>\u00a0ha adoptado todas las medidas tecnol\u00f3gicas necesarias en el sitio web, para evitar da\u00f1os y perjuicios de cualquier naturaleza que pudieran ocasionar, a t\u00edtulo enunciativo: errores u omisiones en los contenidos, la falta de disponibilidad del sitio web o la transmisi\u00f3n de virus o virus maliciosos o maliciosos. programas lesivos en los contenidos o en los datos de los usuarios, y no se hace responsable si en alg\u00fan momento alguna de estas medidas falla como consecuencia de un uso indebido y\/o abusivo por parte de un tercero.<\/p><p>El usuario deber\u00e1 abstenerse en todo momento de suprimir, alterar, eludir o manipular cualquier dispositivo de protecci\u00f3n o sistema de seguridad que estuviera instalado en el sitio web.<\/p><p><strong>MODIFICACIONES<\/strong><\/p><p><strong>MAGIC TEAM LLC<\/strong>\u00a0se reserva el derecho a realizar, sin previo aviso, las modificaciones que considere oportunas en el sitio web, pudiendo cambiar, eliminar o a\u00f1adir tanto los contenidos y servicios prestados a trav\u00e9s del mismo, como la forma en que estos aparecen presentados. o ubicados, as\u00ed como el dise\u00f1o y estructura de los mismos.<\/p><p><strong>ENLACES<\/strong><\/p><p><strong>MAGIC TEAM LLC<\/strong>\u00a0no tiene control sobre los enlaces y\/o contenidos externos que puedan existir en el sitio web, por lo que no se hace responsable de los mismos, ni garantizar\u00e1 la disponibilidad t\u00e9cnica, calidad, fiabilidad, exactitud, amplitud, veracidad o validez de ninguno de ellos. material o informaci\u00f3n contenida en los mismos, y estos enlaces externos no se entender\u00e1n como una posible asociaci\u00f3n, fusi\u00f3n, colaboraci\u00f3n o participaci\u00f3n con el titular y\/o responsable del dominio web al que est\u00e1n asociados.<\/p><p><strong>DERECHO DE EXCLUSI\u00d3N<\/strong><\/p><p><strong>MAGIC TEAM LLC<\/strong>se reserva el derecho a denegar o retirar el acceso a portal y\/o los servicios ofrecidos sin necesidad de preaviso, a instancia propia o de un tercero, a aquellos usuarios que incumplan los presentes t\u00e9rminos y condiciones.<\/p><p><strong>GARANT\u00cdA DE RESULTADOS<\/strong><\/p><p><strong>MAGIC TEAM LLC<\/strong>no ser\u00e1 responsable del \u00e9xito o fracaso de los usuarios en la aplicaci\u00f3n de la informaci\u00f3n que reciban del sitio web o de los servicios ofrecidos por\u00a0<strong>MAGIC TEAM LLC<\/strong>. El usuario ser\u00e1 el \u00fanico responsable de la aplicaci\u00f3n de lo aprendido con el material suministrado por\u00a0<strong>MAGIC TEAM LLC .<\/strong><\/p><p>Los contenidos que se suministran se dan de manera informativa, y\u00a0<strong>MAGIC TEAM LLC<\/strong>\u00a0no quiere en ning\u00fan momento sustituir ning\u00fan asesoramiento profesional personalizado que el usuario, cliente o participante requiera sobre un tema determinado, y no se hace responsable de los problemas que estos \u00faltimos puedan tener por el uso, correcto o no, de la informaci\u00f3n facilitada o por no tener en cuenta problemas sanitarios, ideol\u00f3gicos, econ\u00f3micos o de cualquier otra \u00edndole. que pudiera verse afectado por el contenido gratuito o no expuesto dentro del sitio web. .<\/p><p><strong>MODIFICACI\u00d3N DEL PRESENTE AVISO LEGAL Y DURACI\u00d3N<\/strong><\/p><p><strong>MAGIC TEAM LLC<\/strong>podr\u00e1 modificar, en cualquier momento, los t\u00e9rminos y condiciones aqu\u00ed establecidos, sin previo aviso y estar\u00e1n vigentes mientras se encuentren debidamente publicados.<\/p><p><strong>ACCIONES LEGALES<\/strong><\/p><p><strong>MAGIC TEAM LLC<\/strong>\u00a0podr\u00e1, en cualquier momento, emprender acciones legales de car\u00e1cter civil o penal, contra cualquier persona que haga un uso indebido de los contenidos expuestos en el sitio web, o por el incumplimiento de estos t\u00e9rminos y condiciones. Se aplicar\u00e1 en todo momento la legislaci\u00f3n del territorio de ESTADOS UNIDOS y en caso de conflicto las partes se someter\u00e1n a la jurisdicci\u00f3n de FLORIDA, ESTADOS UNIDOS, por ser el domicilio del titular de la web.<\/p>\t\t\t\t\t\t\t\t<\/div>\n\t\t\t\t<\/div>\n\t\t\t\t\t<\/div>\n\t\t\t\t<\/div>\n\t\t\t\t<\/div>\n\t\t","protected":false},"excerpt":{"rendered":"<p>AVISO LEGAL DATOS IDENTIFICATIVOS De conformidad con el requerimiento legal establecido, se da cumplimiento a la obligaci\u00f3n de informar a todos los usuarios e interesados \u200b\u200bde que la responsabilidad y titularidad del dominio web magichoney.com, as\u00ed como de las redes sociales y del sitio web asociado, en adelante el \u201csitio web\u201d pertenece a\u00a0MAGIC TEAM LLCcon &#8230; <a title=\"Aviso Legal\" class=\"read-more\" href=\"https:\/\/magichoney.com\/es\/aviso-legal\/\" aria-label=\"Leer m\u00e1s sobre Aviso Legal\">Leer m\u00e1s<\/a><\/p>\n","protected":false},"author":1,"featured_media":0,"parent":0,"menu_order":0,"comment_status":"closed","ping_status":"closed","template":"elementor_header_footer","meta":{"footnotes":""},"class_list":["post-4578","page","type-page","status-publish"],"_links":{"self":[{"href":"https:\/\/magichoney.com\/es\/wp-json\/wp\/v2\/pages\/4578","targetHints":{"allow":["GET"]}}],"collection":[{"href":"https:\/\/magichoney.com\/es\/wp-json\/wp\/v2\/pages"}],"about":[{"href":"https:\/\/magichoney.com\/es\/wp-json\/wp\/v2\/types\/page"}],"author":[{"embeddable":true,"href":"https:\/\/magichoney.com\/es\/wp-json\/wp\/v2\/users\/1"}],"replies":[{"embeddable":true,"href":"https:\/\/magichoney.com\/es\/wp-json\/wp\/v2\/comments?post=4578"}],"version-history":[{"count":3,"href":"https:\/\/magichoney.com\/es\/wp-json\/wp\/v2\/pages\/4578\/revisions"}],"predecessor-version":[{"id":15348,"href":"https:\/\/magichoney.com\/es\/wp-json\/wp\/v2\/pages\/4578\/revisions\/15348"}],"wp:attachment":[{"href":"https:\/\/magichoney.com\/es\/wp-json\/wp\/v2\/media?parent=4578"}],"curies":[{"name":"wp","href":"https:\/\/api.w.org\/{rel}","templated":true}]}}