{"id":4562,"date":"2022-02-01T22:31:00","date_gmt":"2022-02-01T22:31:00","guid":{"rendered":"https:\/\/magichoney.com\/compra-cancelacion-y-reembolso\/"},"modified":"2023-11-09T20:27:11","modified_gmt":"2023-11-09T20:27:11","slug":"compra-cancelacion-y-reembolso","status":"publish","type":"page","link":"https:\/\/magichoney.com\/es\/compra-cancelacion-y-reembolso\/","title":{"rendered":"Compra, cancelaci\u00f3n y reembolso"},"content":{"rendered":"\t\t<div data-elementor-type=\"wp-page\" data-elementor-id=\"4562\" class=\"elementor elementor-4562 elementor-61\" data-elementor-post-type=\"page\">\n\t\t\t\t<div class=\"elementor-element elementor-element-9438b9c e-flex e-con-boxed e-con e-parent\" data-id=\"9438b9c\" data-element_type=\"container\" data-e-type=\"container\">\n\t\t\t\t\t<div class=\"e-con-inner\">\n\t\t\t\t<div class=\"elementor-element elementor-element-bc01813 elementor-widget elementor-widget-heading\" data-id=\"bc01813\" data-element_type=\"widget\" data-e-type=\"widget\" data-widget_type=\"heading.default\">\n\t\t\t\t<div class=\"elementor-widget-container\">\n\t\t\t\t\t<h1 class=\"elementor-heading-title elementor-size-default\">COMPRA, CANCELACI\u00d3N Y REEMBOLSO<\/h1>\t\t\t\t<\/div>\n\t\t\t\t<\/div>\n\t\t\t\t<div class=\"elementor-element elementor-element-ac0fa87 elementor-widget elementor-widget-text-editor\" data-id=\"ac0fa87\" data-element_type=\"widget\" data-e-type=\"widget\" data-widget_type=\"text-editor.default\">\n\t\t\t\t<div class=\"elementor-widget-container\">\n\t\t\t\t\t\t\t\t\t<p>Pol\u00edticas Garant\u00eda de devoluci\u00f3n de dinero de 8 d\u00edas y pol\u00edtica de reembolso<\/p><p>En The Magic Team LLC, queremos asegurarnos de que est\u00e9 100 % satisfecho con su compra.<\/p><p>Si tiene alguna consulta t\u00e9cnica o comercial, no dude en contactarnos support@themagiconey.com<br \/>Si, despu\u00e9s de intentar resolver los problemas con el personal de soporte, siente que los productos que compr\u00f3 no cumplen con sus requisitos, nos encantar\u00eda saber de usted. sali\u00f3 mal y c\u00f3mo podemos mejorar, as\u00ed que incluya detalles sobre el motivo de su solicitud de reembolso<br \/>Nuestra pol\u00edtica ofrece un reembolso completo dentro de los 8 d\u00edas a partir de la fecha de compra y con el 80% del producto disponible sin consumir.<\/p><p>Los productos consumidos en una cantidad superior al 20% no ser\u00e1n reembolsables.<br \/><strong>The Magic Team LLC<\/strong>y nuestro proceso de pago procesan el reembolso de inmediato y hacen todo lo posible para reembolsar lo m\u00e1s r\u00e1pido posible. Su instituci\u00f3n financiera puede demorar hasta 20 d\u00edas para que el reembolso se refleje en su cuenta bancaria\/tarjeta. Se pueden encontrar m\u00e1s detalles a trav\u00e9s de\u00a0<a href=\"https:\/\/stripe.com\/es-us\" target=\"_blank\" rel=\"noopener nofollow\">Stripe.com<\/a>\u00a0en Tiempo de procesamiento del reembolso del cliente.<\/p><h2>Pol\u00edticas de cancelaci\u00f3n<\/h2><p>Si no est\u00e1 completamente satisfecho con su compra en nuestro sitio web https:\/\/magichoney.com, puede cancelarla dentro de las 24 horas posteriores a la realizaci\u00f3n del pago.<\/p><p>Pasadas las 24 horas el pedido est\u00e1 procesado y no ser\u00e1 posible cancelarlo. Sin embargo, puede ponerse en contacto con support@themagichoney.com y solicitar la cancelaci\u00f3n, aunque esto no est\u00e1 garantizado. Recibir\u00e1s un correo electr\u00f3nico confirmando si la cancelaci\u00f3n ha sido posible. Los pedidos ya enviados no se pueden cancelar, por lo que no se aplica ninguna de las dos opciones anteriores.<\/p><p>Tenga en cuenta que no es posible reactivar pedidos cancelados. Si desea recibir alguno de los productos que han sido cancelados, deber\u00e1 realizar un nuevo pedido. Cuando complete la cancelaci\u00f3n, recibir\u00e1 un correo electr\u00f3nico de confirmaci\u00f3n en la direcci\u00f3n de correo electr\u00f3nico asociada con su cuenta.<\/p><p><strong>Nota: El importe m\u00e1ximo de compras es de 4 cajas, si desea realizar un pedido superior deber\u00e1 realizar otra compra.<\/strong><\/p><h2>Aviso Legal<\/h2><p>La venta y despacho de los productos est\u00e1 sujeta a su disponibilidad y stock de productos. Cuando el producto no est\u00e9 disponible, MAGIC TEAM LLC notificar\u00e1 al cliente de inmediato y le reembolsar\u00e1 el valor total del precio pagado.<\/p>\t\t\t\t\t\t\t\t<\/div>\n\t\t\t\t<\/div>\n\t\t\t\t\t<\/div>\n\t\t\t\t<\/div>\n\t\t\t\t<\/div>\n\t\t","protected":false},"excerpt":{"rendered":"<p>COMPRA, CANCELACI\u00d3N Y REEMBOLSO Pol\u00edticas Garant\u00eda de devoluci\u00f3n de dinero de 8 d\u00edas y pol\u00edtica de reembolso En The Magic Team LLC, queremos asegurarnos de que est\u00e9 100 % satisfecho con su compra. Si tiene alguna consulta t\u00e9cnica o comercial, no dude en contactarnos support@themagiconey.comSi, despu\u00e9s de intentar resolver los problemas con el personal de &#8230; <a title=\"Compra, cancelaci\u00f3n y reembolso\" class=\"read-more\" href=\"https:\/\/magichoney.com\/es\/compra-cancelacion-y-reembolso\/\" aria-label=\"Leer m\u00e1s sobre Compra, cancelaci\u00f3n y reembolso\">Leer m\u00e1s<\/a><\/p>\n","protected":false},"author":1,"featured_media":0,"parent":0,"menu_order":0,"comment_status":"closed","ping_status":"closed","template":"elementor_header_footer","meta":{"footnotes":""},"class_list":["post-4562","page","type-page","status-publish"],"_links":{"self":[{"href":"https:\/\/magichoney.com\/es\/wp-json\/wp\/v2\/pages\/4562","targetHints":{"allow":["GET"]}}],"collection":[{"href":"https:\/\/magichoney.com\/es\/wp-json\/wp\/v2\/pages"}],"about":[{"href":"https:\/\/magichoney.com\/es\/wp-json\/wp\/v2\/types\/page"}],"author":[{"embeddable":true,"href":"https:\/\/magichoney.com\/es\/wp-json\/wp\/v2\/users\/1"}],"replies":[{"embeddable":true,"href":"https:\/\/magichoney.com\/es\/wp-json\/wp\/v2\/comments?post=4562"}],"version-history":[{"count":3,"href":"https:\/\/magichoney.com\/es\/wp-json\/wp\/v2\/pages\/4562\/revisions"}],"predecessor-version":[{"id":15328,"href":"https:\/\/magichoney.com\/es\/wp-json\/wp\/v2\/pages\/4562\/revisions\/15328"}],"wp:attachment":[{"href":"https:\/\/magichoney.com\/es\/wp-json\/wp\/v2\/media?parent=4562"}],"curies":[{"name":"wp","href":"https:\/\/api.w.org\/{rel}","templated":true}]}}