{"id":4521,"date":"2022-06-16T00:38:55","date_gmt":"2022-06-16T00:38:55","guid":{"rendered":"https:\/\/magichoney.com\/celebridades\/"},"modified":"2025-07-22T20:21:44","modified_gmt":"2025-07-22T20:21:44","slug":"celebridades","status":"publish","type":"page","link":"https:\/\/magichoney.com\/es\/celebridades\/","title":{"rendered":"Celebridades"},"content":{"rendered":"\t\t<div data-elementor-type=\"wp-page\" data-elementor-id=\"4521\" class=\"elementor elementor-4521 elementor-3493\" data-elementor-post-type=\"page\">\n\t\t\t\t<div class=\"elementor-element elementor-element-1e25f0c3 e-flex e-con-boxed e-con e-parent\" data-id=\"1e25f0c3\" data-element_type=\"container\" data-e-type=\"container\" data-settings=\"{&quot;background_background&quot;:&quot;classic&quot;}\">\n\t\t\t\t\t<div class=\"e-con-inner\">\n\t\t<div class=\"elementor-element elementor-element-5e987280 e-con-full e-flex e-con e-child\" data-id=\"5e987280\" data-element_type=\"container\" data-e-type=\"container\">\n\t\t\t\t<div class=\"elementor-element elementor-element-6b63d741 elementor-widget elementor-widget-image\" data-id=\"6b63d741\" data-element_type=\"widget\" data-e-type=\"widget\" data-widget_type=\"image.default\">\n\t\t\t\t<div class=\"elementor-widget-container\">\n\t\t\t\t\t\t\t\t\t\t\t\t\t\t\t\t<a href=\"https:\/\/magichoney.com\/es\/jailyne-ojeda\/\">\n\t\t\t\t\t\t\t<img fetchpriority=\"high\" decoding=\"async\" width=\"703\" height=\"600\" src=\"https:\/\/magichoney.com\/wp-content\/uploads\/2023\/11\/Jailyne-Ojeda-2.jpg\" class=\"attachment-large size-large wp-image-14956\" alt=\"\" srcset=\"https:\/\/magichoney.com\/wp-content\/uploads\/2023\/11\/Jailyne-Ojeda-2.jpg 703w, https:\/\/magichoney.com\/wp-content\/uploads\/2023\/11\/Jailyne-Ojeda-2-300x256.jpg 300w, https:\/\/magichoney.com\/wp-content\/uploads\/2023\/11\/Jailyne-Ojeda-2-600x512.jpg 600w\" sizes=\"(max-width: 703px) 100vw, 703px\" \/>\t\t\t\t\t\t\t\t<\/a>\n\t\t\t\t\t\t\t\t\t\t\t\t\t\t\t<\/div>\n\t\t\t\t<\/div>\n\t\t\t\t<\/div>\n\t\t<div class=\"elementor-element elementor-element-378dab19 e-con-full e-flex e-con e-child\" data-id=\"378dab19\" data-element_type=\"container\" data-e-type=\"container\">\n\t\t\t\t<div class=\"elementor-element elementor-element-1d18bb8a elementor-widget elementor-widget-heading\" data-id=\"1d18bb8a\" data-element_type=\"widget\" data-e-type=\"widget\" data-widget_type=\"heading.default\">\n\t\t\t\t<div class=\"elementor-widget-container\">\n\t\t\t\t\t<h1 class=\"elementor-heading-title elementor-size-default\"><a href=\"https:\/\/magichoney.com\/es\/jailyne-ojeda\/\">JAILYNE OJEDA<\/a><\/h1>\t\t\t\t<\/div>\n\t\t\t\t<\/div>\n\t\t\t\t<div class=\"elementor-element elementor-element-1f3948bc elementor-widget elementor-widget-text-editor\" data-id=\"1f3948bc\" data-element_type=\"widget\" data-e-type=\"widget\" data-widget_type=\"text-editor.default\">\n\t\t\t\t<div class=\"elementor-widget-container\">\n\t\t\t\t\t\t\t\t\t<p><strong>La modelo estadounidense tendencia en redes sociales se une a Magic Honey para presentar esta l\u00ednea de Magic Honey By Jailyne Ojeda, una miel energizante que te llevar\u00e1 a alcanzar tu m\u00e1ximo poder.<\/strong><\/p><p>Jailyne Ojeda es una modelo fitness, influencer y empresaria estadounidense, naci\u00f3 en California, Estados Unidos y desde muy peque\u00f1a comenz\u00f3 a revolucionar las redes sociales con su espectacular figura y belleza. La miel energizante 100% natural Magic Honey de Jailyne Ojeda ser\u00e1 el vitalizador que llenar\u00e1 tus d\u00edas de energ\u00eda, pasi\u00f3n y sensualidad.<\/p>\t\t\t\t\t\t\t\t<\/div>\n\t\t\t\t<\/div>\n\t\t\t\t<\/div>\n\t\t\t\t\t<\/div>\n\t\t\t\t<\/div>\n\t\t<div class=\"elementor-element elementor-element-9c8769d e-flex e-con-boxed e-con e-parent\" data-id=\"9c8769d\" data-element_type=\"container\" data-e-type=\"container\" data-settings=\"{&quot;background_background&quot;:&quot;classic&quot;}\">\n\t\t\t\t\t<div class=\"e-con-inner\">\n\t\t\t\t<div class=\"elementor-element elementor-element-2a480193 elementor-widget elementor-widget-image\" data-id=\"2a480193\" data-element_type=\"widget\" data-e-type=\"widget\" data-widget_type=\"image.default\">\n\t\t\t\t<div class=\"elementor-widget-container\">\n\t\t\t\t\t\t\t\t\t\t\t\t\t\t\t<img decoding=\"async\" width=\"800\" height=\"800\" src=\"https:\/\/magichoney.com\/wp-content\/uploads\/2022\/07\/Stephany-Gonzalez-1.png\" class=\"attachment-large size-large wp-image-4459\" alt=\"Stephany-Gonzalez\" srcset=\"https:\/\/magichoney.com\/wp-content\/uploads\/2022\/07\/Stephany-Gonzalez-1.png 800w, https:\/\/magichoney.com\/wp-content\/uploads\/2022\/07\/Stephany-Gonzalez-1-300x300.png 300w, https:\/\/magichoney.com\/wp-content\/uploads\/2022\/07\/Stephany-Gonzalez-1-150x150.png 150w, https:\/\/magichoney.com\/wp-content\/uploads\/2022\/07\/Stephany-Gonzalez-1-768x768.png 768w, https:\/\/magichoney.com\/wp-content\/uploads\/2022\/07\/Stephany-Gonzalez-1-100x100.png 100w, https:\/\/magichoney.com\/wp-content\/uploads\/2022\/07\/Stephany-Gonzalez-1-140x140.png 140w, https:\/\/magichoney.com\/wp-content\/uploads\/2022\/07\/Stephany-Gonzalez-1-500x500.png 500w, https:\/\/magichoney.com\/wp-content\/uploads\/2022\/07\/Stephany-Gonzalez-1-350x350.png 350w, https:\/\/magichoney.com\/wp-content\/uploads\/2022\/07\/Stephany-Gonzalez-1-600x600.png 600w\" sizes=\"(max-width: 800px) 100vw, 800px\" \/>\t\t\t\t\t\t\t\t\t\t\t\t\t\t\t<\/div>\n\t\t\t\t<\/div>\n\t\t\t\t\t<\/div>\n\t\t\t\t<\/div>\n\t\t<div class=\"elementor-element elementor-element-508de43 e-flex e-con-boxed e-con e-parent\" data-id=\"508de43\" data-element_type=\"container\" data-e-type=\"container\" data-settings=\"{&quot;background_background&quot;:&quot;classic&quot;}\">\n\t\t\t\t\t<div class=\"e-con-inner\">\n\t\t<div class=\"elementor-element elementor-element-68294ce6 e-con-full e-flex e-con e-child\" data-id=\"68294ce6\" data-element_type=\"container\" data-e-type=\"container\">\n\t\t\t\t<div class=\"elementor-element elementor-element-256b391f elementor-widget__width-inherit elementor-view-default elementor-widget elementor-widget-icon\" data-id=\"256b391f\" data-element_type=\"widget\" data-e-type=\"widget\" data-widget_type=\"icon.default\">\n\t\t\t\t<div class=\"elementor-widget-container\">\n\t\t\t\t\t\t\t<div class=\"elementor-icon-wrapper\">\n\t\t\t<div class=\"elementor-icon\">\n\t\t\t<svg aria-hidden=\"true\" class=\"e-font-icon-svg e-fab-instagram\" viewBox=\"0 0 448 512\" xmlns=\"http:\/\/www.w3.org\/2000\/svg\"><path d=\"M224.1 141c-63.6 0-114.9 51.3-114.9 114.9s51.3 114.9 114.9 114.9S339 319.5 339 255.9 287.7 141 224.1 141zm0 189.6c-41.1 0-74.7-33.5-74.7-74.7s33.5-74.7 74.7-74.7 74.7 33.5 74.7 74.7-33.6 74.7-74.7 74.7zm146.4-194.3c0 14.9-12 26.8-26.8 26.8-14.9 0-26.8-12-26.8-26.8s12-26.8 26.8-26.8 26.8 12 26.8 26.8zm76.1 27.2c-1.7-35.9-9.9-67.7-36.2-93.9-26.2-26.2-58-34.4-93.9-36.2-37-2.1-147.9-2.1-184.9 0-35.8 1.7-67.6 9.9-93.9 36.1s-34.4 58-36.2 93.9c-2.1 37-2.1 147.9 0 184.9 1.7 35.9 9.9 67.7 36.2 93.9s58 34.4 93.9 36.2c37 2.1 147.9 2.1 184.9 0 35.9-1.7 67.7-9.9 93.9-36.2 26.2-26.2 34.4-58 36.2-93.9 2.1-37 2.1-147.8 0-184.8zM398.8 388c-7.8 19.6-22.9 34.7-42.6 42.6-29.5 11.7-99.5 9-132.1 9s-102.7 2.6-132.1-9c-19.6-7.8-34.7-22.9-42.6-42.6-11.7-29.5-9-99.5-9-132.1s-2.6-102.7 9-132.1c7.8-19.6 22.9-34.7 42.6-42.6 29.5-11.7 99.5-9 132.1-9s102.7-2.6 132.1 9c19.6 7.8 34.7 22.9 42.6 42.6 11.7 29.5 9 99.5 9 132.1s2.7 102.7-9 132.1z\"><\/path><\/svg>\t\t\t<\/div>\n\t\t<\/div>\n\t\t\t\t\t\t<\/div>\n\t\t\t\t<\/div>\n\t\t\t\t<\/div>\n\t\t<div class=\"elementor-element elementor-element-be46008 e-con-full e-flex e-con e-child\" data-id=\"be46008\" data-element_type=\"container\" data-e-type=\"container\">\n\t\t\t\t<div class=\"elementor-element elementor-element-2eeb03ea elementor-widget elementor-widget-heading\" data-id=\"2eeb03ea\" data-element_type=\"widget\" data-e-type=\"widget\" data-widget_type=\"heading.default\">\n\t\t\t\t<div class=\"elementor-widget-container\">\n\t\t\t\t\t<h2 class=\"elementor-heading-title elementor-size-default\">STEPHANY GONZALEZ<\/h2>\t\t\t\t<\/div>\n\t\t\t\t<\/div>\n\t\t\t\t<\/div>\n\t\t\t\t\t<\/div>\n\t\t\t\t<\/div>\n\t\t\t\t<\/div>\n\t\t","protected":false},"excerpt":{"rendered":"<p>JAILYNE OJEDA La modelo estadounidense tendencia en redes sociales se une a Magic Honey para presentar esta l\u00ednea de Magic Honey By Jailyne Ojeda, una miel energizante que te llevar\u00e1 a alcanzar tu m\u00e1ximo poder. Jailyne Ojeda es una modelo fitness, influencer y empresaria estadounidense, naci\u00f3 en California, Estados Unidos y desde muy peque\u00f1a comenz\u00f3 &#8230; <a title=\"Celebridades\" class=\"read-more\" href=\"https:\/\/magichoney.com\/es\/celebridades\/\" aria-label=\"Leer m\u00e1s sobre Celebridades\">Leer m\u00e1s<\/a><\/p>\n","protected":false},"author":1,"featured_media":0,"parent":0,"menu_order":0,"comment_status":"closed","ping_status":"closed","template":"elementor_header_footer","meta":{"footnotes":""},"class_list":["post-4521","page","type-page","status-publish"],"_links":{"self":[{"href":"https:\/\/magichoney.com\/es\/wp-json\/wp\/v2\/pages\/4521","targetHints":{"allow":["GET"]}}],"collection":[{"href":"https:\/\/magichoney.com\/es\/wp-json\/wp\/v2\/pages"}],"about":[{"href":"https:\/\/magichoney.com\/es\/wp-json\/wp\/v2\/types\/page"}],"author":[{"embeddable":true,"href":"https:\/\/magichoney.com\/es\/wp-json\/wp\/v2\/users\/1"}],"replies":[{"embeddable":true,"href":"https:\/\/magichoney.com\/es\/wp-json\/wp\/v2\/comments?post=4521"}],"version-history":[{"count":5,"href":"https:\/\/magichoney.com\/es\/wp-json\/wp\/v2\/pages\/4521\/revisions"}],"predecessor-version":[{"id":28344,"href":"https:\/\/magichoney.com\/es\/wp-json\/wp\/v2\/pages\/4521\/revisions\/28344"}],"wp:attachment":[{"href":"https:\/\/magichoney.com\/es\/wp-json\/wp\/v2\/media?parent=4521"}],"curies":[{"name":"wp","href":"https:\/\/api.w.org\/{rel}","templated":true}]}}