{"id":14796,"date":"2023-11-08T16:39:59","date_gmt":"2023-11-08T16:39:59","guid":{"rendered":"https:\/\/magichoney.com\/?page_id=14796"},"modified":"2024-01-09T17:32:44","modified_gmt":"2024-01-09T17:32:44","slug":"extractos-de-hierba","status":"publish","type":"page","link":"https:\/\/magichoney.com\/es\/extractos-de-hierba\/","title":{"rendered":"Extractos de hierba"},"content":{"rendered":"\t\t<div data-elementor-type=\"wp-page\" data-elementor-id=\"14796\" class=\"elementor elementor-14796\" data-elementor-post-type=\"page\">\n\t\t\t\t<div class=\"elementor-element elementor-element-4b4f81f1 e-con-full e-flex e-con e-parent\" data-id=\"4b4f81f1\" data-element_type=\"container\" data-e-type=\"container\" data-settings=\"{&quot;background_background&quot;:&quot;classic&quot;}\">\n\t\t\t\t<\/div>\n\t\t<div class=\"elementor-element elementor-element-352f08a8 e-flex e-con-boxed e-con e-child\" data-id=\"352f08a8\" data-element_type=\"container\" data-e-type=\"container\">\n\t\t\t\t\t<div class=\"e-con-inner\">\n\t\t<div class=\"elementor-element elementor-element-64fc21f4 e-con-full e-flex e-con e-child\" data-id=\"64fc21f4\" data-element_type=\"container\" data-e-type=\"container\">\n\t\t\t\t<div class=\"elementor-element elementor-element-16ffe13e elementor-widget-mobile__width-initial elementor-widget elementor-widget-heading\" data-id=\"16ffe13e\" data-element_type=\"widget\" data-e-type=\"widget\" data-widget_type=\"heading.default\">\n\t\t\t\t<div class=\"elementor-widget-container\">\n\t\t\t\t\t<div class=\"elementor-heading-title elementor-size-default\">INGREDIENTES<\/div>\t\t\t\t<\/div>\n\t\t\t\t<\/div>\n\t\t\t\t<\/div>\n\t\t<div class=\"elementor-element elementor-element-cb35539 e-con-full e-flex e-con e-child\" data-id=\"cb35539\" data-element_type=\"container\" data-e-type=\"container\">\n\t\t\t\t<div class=\"elementor-element elementor-element-46326307 elementor-widget elementor-widget-heading\" data-id=\"46326307\" data-element_type=\"widget\" data-e-type=\"widget\" data-widget_type=\"heading.default\">\n\t\t\t\t<div class=\"elementor-widget-container\">\n\t\t\t\t\t<h1 class=\"elementor-heading-title elementor-size-default\">extractos de hierbas: Una alternativa natural y efectiva para mejorar la salud f\u00edsica<\/h1>\t\t\t\t<\/div>\n\t\t\t\t<\/div>\n\t\t\t\t<\/div>\n\t\t\t\t\t<\/div>\n\t\t\t\t<\/div>\n\t\t<div class=\"elementor-element elementor-element-2594b521 e-flex e-con-boxed e-con e-parent\" data-id=\"2594b521\" data-element_type=\"container\" data-e-type=\"container\" data-settings=\"{&quot;background_background&quot;:&quot;classic&quot;}\">\n\t\t\t\t\t<div class=\"e-con-inner\">\n\t\t\t\t<div class=\"elementor-element elementor-element-72fa0867 elementor-widget elementor-widget-heading\" data-id=\"72fa0867\" data-element_type=\"widget\" data-e-type=\"widget\" data-widget_type=\"heading.default\">\n\t\t\t\t<div class=\"elementor-widget-container\">\n\t\t\t\t\t<h2 class=\"elementor-heading-title elementor-size-default\">Isoflavonas de soya \u00bfqu\u00e9 es y para qu\u00e9 sirve?<\/h2>\t\t\t\t<\/div>\n\t\t\t\t<\/div>\n\t\t\t\t<div class=\"elementor-element elementor-element-1af8b45c elementor-widget elementor-widget-text-editor\" data-id=\"1af8b45c\" data-element_type=\"widget\" data-e-type=\"widget\" data-widget_type=\"text-editor.default\">\n\t\t\t\t<div class=\"elementor-widget-container\">\n\t\t\t\t\t\t\t\t\t<p><span style=\"font-weight: 400;\">Las isoflavonas de soya son un grupo de mol\u00e9culas presentes en vegetales conocidas como fitoestr\u00f3genos debido a su similitud con el estr\u00f3geno del cuerpo. Gracias a sus propiedades, estas mol\u00e9culas ofrecen una serie de beneficios para el organismo, especialmente durante la menopausia y otras etapas cr\u00edticas en la vida de la mujer. Adem\u00e1s de su presencia en la soya, tambi\u00e9n se pueden encontrar en alimentos como huevos, pistachos y tr\u00e9bol rojo, donde se complementan con biocanina A, daidze\u00edna y geniste\u00edna. Descubre m\u00e1s sobre este fascinante compuesto y sus implicaciones en la salud.<\/span><\/p>\t\t\t\t\t\t\t\t<\/div>\n\t\t\t\t<\/div>\n\t\t\t\t<div class=\"elementor-element elementor-element-6243d696 elementor-widget elementor-widget-heading\" data-id=\"6243d696\" data-element_type=\"widget\" data-e-type=\"widget\" data-widget_type=\"heading.default\">\n\t\t\t\t<div class=\"elementor-widget-container\">\n\t\t\t\t\t<h2 class=\"elementor-heading-title elementor-size-default\">Beneficios de la isoflavonas en la Mujer<\/h2>\t\t\t\t<\/div>\n\t\t\t\t<\/div>\n\t\t\t\t<div class=\"elementor-element elementor-element-415d0988 elementor-widget elementor-widget-text-editor\" data-id=\"415d0988\" data-element_type=\"widget\" data-e-type=\"widget\" data-widget_type=\"text-editor.default\">\n\t\t\t\t<div class=\"elementor-widget-container\">\n\t\t\t\t\t\t\t\t\t<p><span style=\"font-weight: 400;\">Las isoflavonas de soya tienen un impacto notable en la reducci\u00f3n de los s\u00edntomas premenstruales, incluidos los sofocos, el insomnio, la sequedad vaginal y la ansiedad relacionada con los cambios hormonales. Esta capacidad se debe a su intervenci\u00f3n en los receptores de estr\u00f3geno, especialmente en el estradiol, la forma m\u00e1s crucial de estr\u00f3geno en el cuerpo.<\/span><\/p><p><span style=\"font-weight: 400;\">Es esencial tener en cuenta que los efectos de las isoflavonas pueden variar dependiendo de la etapa hormonal en la que se encuentre la mujer, lo que puede resultar en efectos estrog\u00e9nicos o antiestr\u00f3genos seg\u00fan sea necesario.<\/span><\/p><p><span style=\"font-weight: 400;\">Adem\u00e1s, estas mol\u00e9culas tienen la capacidad de bloquear la uni\u00f3n de estr\u00f3genos m\u00e1s potentes que podr\u00edan desencadenar c\u00e1ncer en el cuello uterino o los test\u00edculos. A pesar de su similitud estructural con el estr\u00f3geno, la isoflavona no causa efectos negativos en los hombres, ya que su estructura es similar pero no id\u00e9ntica.<\/span><\/p><p><span style=\"font-weight: 400;\">En la menopausia, cuando los niveles de estr\u00f3geno disminuyen, la absorci\u00f3n de calcio, crucial para la salud \u00f3sea, puede verse afectada. Las isoflavonas permiten fortalecer los huesos y mejorar la estabilidad \u00f3sea en general durante este proceso.<\/span><\/p><p><span style=\"font-weight: 400;\">Aunque a menudo se asocia err\u00f3neamente con una vitamina, las isoflavonas son compuestos vegetales bioactivos presentes en la soya y pertenecen a la familia de los fitoestr\u00f3genos. A pesar de su similitud estructural con los estr\u00f3genos humanos, su actividad en el cuerpo es distinta y con efectos beneficiosos notables.<\/span><\/p>\t\t\t\t\t\t\t\t<\/div>\n\t\t\t\t<\/div>\n\t\t\t\t<div class=\"elementor-element elementor-element-15db0563 elementor-widget elementor-widget-heading\" data-id=\"15db0563\" data-element_type=\"widget\" data-e-type=\"widget\" data-widget_type=\"heading.default\">\n\t\t\t\t<div class=\"elementor-widget-container\">\n\t\t\t\t\t<h2 class=\"elementor-heading-title elementor-size-default\">Disfruta de magic honey para la mujer<\/h2>\t\t\t\t<\/div>\n\t\t\t\t<\/div>\n\t\t\t\t<div class=\"elementor-element elementor-element-62112f5d elementor-widget elementor-widget-text-editor\" data-id=\"62112f5d\" data-element_type=\"widget\" data-e-type=\"widget\" data-widget_type=\"text-editor.default\">\n\t\t\t\t<div class=\"elementor-widget-container\">\n\t\t\t\t\t\t\t\t\t<p><span style=\"font-weight: 400;\">\u00a1Siente la diferencia con la nueva f\u00f3rmula de Magic Honey para la mujer! Con su potente contenido de isoflavona y una cuidadosa mezcla de ingredientes naturales, este producto est\u00e1 dise\u00f1ado para potenciar tu resistencia diaria y mejorar la intimidad.<\/span><\/p><p><span style=\"font-weight: 400;\">\u00a1No te pierdas la oportunidad de disfrutar de una vida plena y llena de energ\u00eda con Magic Honey!<\/span><\/p>\t\t\t\t\t\t\t\t<\/div>\n\t\t\t\t<\/div>\n\t\t\t\t<div class=\"elementor-element elementor-element-eee618 elementor-widget elementor-widget-heading\" data-id=\"eee618\" data-element_type=\"widget\" data-e-type=\"widget\" data-widget_type=\"heading.default\">\n\t\t\t\t<div class=\"elementor-widget-container\">\n\t\t\t\t\t<h2 class=\"elementor-heading-title elementor-size-default\">\u00bfEs cierto que la Isoflavona de soya aumenta los senos o los gl\u00fateos?<\/h2>\t\t\t\t<\/div>\n\t\t\t\t<\/div>\n\t\t\t\t<div class=\"elementor-element elementor-element-37887828 elementor-widget elementor-widget-text-editor\" data-id=\"37887828\" data-element_type=\"widget\" data-e-type=\"widget\" data-widget_type=\"text-editor.default\">\n\t\t\t\t<div class=\"elementor-widget-container\">\n\t\t\t\t\t\t\t\t\t<p><span style=\"font-weight: 400;\">\u00a1Desmiente el mito! No existe evidencia cient\u00edfica s\u00f3lida que respalde la idea de que las isoflavonas de soya pueden aumentar el tama\u00f1o de los senos o los gl\u00fateos. Aunque se ha investigado a fondo su impacto en la salud en general, no se ha comprobado ning\u00fan efecto significativo en estas \u00e1reas espec\u00edficas del cuerpo. \u00a1Aclaremos los conceptos err\u00f3neos y enfoqu\u00e9monos en los hechos respaldados por la ciencia!<\/span><\/p>\t\t\t\t\t\t\t\t<\/div>\n\t\t\t\t<\/div>\n\t\t\t\t<div class=\"elementor-element elementor-element-412e81e9 elementor-widget elementor-widget-heading\" data-id=\"412e81e9\" data-element_type=\"widget\" data-e-type=\"widget\" data-widget_type=\"heading.default\">\n\t\t\t\t<div class=\"elementor-widget-container\">\n\t\t\t\t\t<h2 class=\"elementor-heading-title elementor-size-default\">Beneficios de la Isoflavona para la piel<\/h2>\t\t\t\t<\/div>\n\t\t\t\t<\/div>\n\t\t\t\t<div class=\"elementor-element elementor-element-e77e88d elementor-widget elementor-widget-text-editor\" data-id=\"e77e88d\" data-element_type=\"widget\" data-e-type=\"widget\" data-widget_type=\"text-editor.default\">\n\t\t\t\t<div class=\"elementor-widget-container\">\n\t\t\t\t\t\t\t\t\t<p><span style=\"font-weight: 400;\">\u00a1Revelaci\u00f3n asombrosa! Los estudios han evidenciado que la isoflavona de soya, en todas sus presentaciones, conlleva beneficios notables para la piel, gracias a su potente efecto antioxidante. Esto impide el envejecimiento prematuro, manteniendo la piel perfectamente hidratada y resplandeciente.<\/span><\/p><p><span style=\"font-weight: 400;\">No solo eso, su consumo a largo plazo promueve la recuperaci\u00f3n de la firmeza y el espesor de la epidermis, contrarrestando la sequedad, las manchas y las arrugas vinculadas al proceso de envejecimiento. \u00a1Experimenta los milagros de la isoflavona de soya para una piel radiante y juvenil! <\/span><\/p>\t\t\t\t\t\t\t\t<\/div>\n\t\t\t\t<\/div>\n\t\t\t\t<div class=\"elementor-element elementor-element-4c08f8bf elementor-widget elementor-widget-heading\" data-id=\"4c08f8bf\" data-element_type=\"widget\" data-e-type=\"widget\" data-widget_type=\"heading.default\">\n\t\t\t\t<div class=\"elementor-widget-container\">\n\t\t\t\t\t<h2 class=\"elementor-heading-title elementor-size-default\">\u00bfQu\u00e9 es el Tribulus?<\/h2>\t\t\t\t<\/div>\n\t\t\t\t<\/div>\n\t\t\t\t<div class=\"elementor-element elementor-element-344d8324 elementor-widget elementor-widget-text-editor\" data-id=\"344d8324\" data-element_type=\"widget\" data-e-type=\"widget\" data-widget_type=\"text-editor.default\">\n\t\t\t\t<div class=\"elementor-widget-container\">\n\t\t\t\t\t\t\t\t\t<p><span style=\"font-weight: 400;\">El Tribulus es una planta perenne que se encuentra en la familia Zygophyllaceae. Sus frutos espinosos albergan semillas que han sido tradicionalmente valoradas en la medicina herbal. Estas semillas son una fuente concentrada de compuestos bioactivos como saponinas esteroidales, flavonoides, alcaloides y fitoesteroles, considerados responsables de los efectos positivos que se asocian con el Tribulus.<\/span><\/p>\t\t\t\t\t\t\t\t<\/div>\n\t\t\t\t<\/div>\n\t\t\t\t<div class=\"elementor-element elementor-element-7e89ac2b elementor-widget elementor-widget-heading\" data-id=\"7e89ac2b\" data-element_type=\"widget\" data-e-type=\"widget\" data-widget_type=\"heading.default\">\n\t\t\t\t<div class=\"elementor-widget-container\">\n\t\t\t\t\t<h2 class=\"elementor-heading-title elementor-size-default\">\u00bfPara qu\u00e9 sirve la hierba de Tribulus?<\/h2>\t\t\t\t<\/div>\n\t\t\t\t<\/div>\n\t\t\t\t<div class=\"elementor-element elementor-element-560c00ea elementor-widget elementor-widget-text-editor\" data-id=\"560c00ea\" data-element_type=\"widget\" data-e-type=\"widget\" data-widget_type=\"text-editor.default\">\n\t\t\t\t<div class=\"elementor-widget-container\">\n\t\t\t\t\t\t\t\t\t<p><span style=\"font-weight: 400;\">La Hierba de Tribulus ha sido empleada en la medicina tradicional para tratar una amplia gama de afecciones, que incluyen problemas urinarios, trastornos sexuales, afecciones hep\u00e1ticas y problemas card\u00edacos.<\/span><\/p><p><span style=\"font-weight: 400;\">Adem\u00e1s, su uso como suplemento deportivo y potenciador del rendimiento sexual es conocido por su capacidad para mejorar la resistencia f\u00edsica y el impulso sexual, en combinaci\u00f3n con otros componentes naturales.<\/span><\/p>\t\t\t\t\t\t\t\t<\/div>\n\t\t\t\t<\/div>\n\t\t\t\t<div class=\"elementor-element elementor-element-5c452606 elementor-widget elementor-widget-heading\" data-id=\"5c452606\" data-element_type=\"widget\" data-e-type=\"widget\" data-widget_type=\"heading.default\">\n\t\t\t\t<div class=\"elementor-widget-container\">\n\t\t\t\t\t<h2 class=\"elementor-heading-title elementor-size-default\">Beneficios del tribulus en las mujeres<\/h2>\t\t\t\t<\/div>\n\t\t\t\t<\/div>\n\t\t\t\t<div class=\"elementor-element elementor-element-1a31ed4b elementor-widget elementor-widget-text-editor\" data-id=\"1a31ed4b\" data-element_type=\"widget\" data-e-type=\"widget\" data-widget_type=\"text-editor.default\">\n\t\t\t\t<div class=\"elementor-widget-container\">\n\t\t\t\t\t\t\t\t\t<p><span style=\"font-weight: 400;\">Aunque la mayor\u00eda de los estudios se han enfocado en los efectos del Tribulus en los hombres, tambi\u00e9n se ha investigado su impacto positivo en las mujeres.<\/span><\/p><p><span style=\"font-weight: 400;\">Algunas investigaciones sugieren que el Tribulus puede contribuir a mejorar la libido y aliviar los s\u00edntomas de la menopausia, como los sofocos y la sequedad vaginal.<\/span><\/p><p><span style=\"font-weight: 400;\">Disfruta de estos y otros beneficios con la nueva f\u00f3rmula de Magic Honey para la mujer, que contiene ingredientes naturales como la miel, vitamina B, tribulus, y otros componentes naturales que ayudan a aumentar el deseo sexual y la resistencia f\u00edsica.<\/span><\/p>\t\t\t\t\t\t\t\t<\/div>\n\t\t\t\t<\/div>\n\t\t\t\t<div class=\"elementor-element elementor-element-21ea49e5 elementor-widget elementor-widget-heading\" data-id=\"21ea49e5\" data-element_type=\"widget\" data-e-type=\"widget\" data-widget_type=\"heading.default\">\n\t\t\t\t<div class=\"elementor-widget-container\">\n\t\t\t\t\t<h2 class=\"elementor-heading-title elementor-size-default\">Beneficios del tribulus en los hombres<\/h2>\t\t\t\t<\/div>\n\t\t\t\t<\/div>\n\t\t\t\t<div class=\"elementor-element elementor-element-6d77de38 elementor-widget elementor-widget-text-editor\" data-id=\"6d77de38\" data-element_type=\"widget\" data-e-type=\"widget\" data-widget_type=\"text-editor.default\">\n\t\t\t\t<div class=\"elementor-widget-container\">\n\t\t\t\t\t\t\t\t\t<p><span style=\"font-weight: 400;\">Sin duda, los beneficios del Tribulus tambi\u00e9n se extienden a los hombres. Esta planta ha sido ampliamente promocionada como un potenciador del rendimiento y la salud sexual masculina.<\/span><\/p><p><span style=\"font-weight: 400;\">Investigaciones sugieren que el Tribulus puede aumentar los niveles de testosterona, mejorando as\u00ed la libido, la calidad del esperma y la funci\u00f3n er\u00e9ctil.<\/span><\/p><p><span style=\"font-weight: 400;\">Disfruta de los efectos revitalizantes del Tribulus con Magic Honey para el hombre, una f\u00f3rmula dise\u00f1ada para mejorar la resistencia y potenciar la vitalidad en tus momentos \u00edntimos.<\/span><\/p>\t\t\t\t\t\t\t\t<\/div>\n\t\t\t\t<\/div>\n\t\t\t\t<div class=\"elementor-element elementor-element-1e2afb8e elementor-widget elementor-widget-heading\" data-id=\"1e2afb8e\" data-element_type=\"widget\" data-e-type=\"widget\" data-widget_type=\"heading.default\">\n\t\t\t\t<div class=\"elementor-widget-container\">\n\t\t\t\t\t<h2 class=\"elementor-heading-title elementor-size-default\">C\u00f3mo se toma el Tribulus<\/h2>\t\t\t\t<\/div>\n\t\t\t\t<\/div>\n\t\t\t\t<div class=\"elementor-element elementor-element-7c380923 elementor-widget elementor-widget-text-editor\" data-id=\"7c380923\" data-element_type=\"widget\" data-e-type=\"widget\" data-widget_type=\"text-editor.default\">\n\t\t\t\t<div class=\"elementor-widget-container\">\n\t\t\t\t\t\t\t\t\t<p><span style=\"font-weight: 400;\">\u00a1Definitivamente! El Tribulus se encuentra disponible en diversas formas, desde c\u00e1psulas y tabletas hasta extractos l\u00edquidos y polvos. En el caso de Magic Honey, esta potente hierba se presenta en forma de miel, proporcionando a las mujeres una fuente concentrada de vitalidad y energ\u00eda para potenciar cada momento del d\u00eda. \u00a1No te quedes sin la oportunidad de elevar tu nivel de energ\u00eda y vitalidad!<\/span><\/p>\t\t\t\t\t\t\t\t<\/div>\n\t\t\t\t<\/div>\n\t\t\t\t<div class=\"elementor-element elementor-element-6d249554 elementor-widget elementor-widget-heading\" data-id=\"6d249554\" data-element_type=\"widget\" data-e-type=\"widget\" data-widget_type=\"heading.default\">\n\t\t\t\t<div class=\"elementor-widget-container\">\n\t\t\t\t\t<h2 class=\"elementor-heading-title elementor-size-default\">Hierba de Cabra en Celos: propiedades y beneficios para el bienestar de la mujer<\/h2>\t\t\t\t<\/div>\n\t\t\t\t<\/div>\n\t\t\t\t<div class=\"elementor-element elementor-element-797ec28e elementor-widget elementor-widget-text-editor\" data-id=\"797ec28e\" data-element_type=\"widget\" data-e-type=\"widget\" data-widget_type=\"text-editor.default\">\n\t\t\t\t<div class=\"elementor-widget-container\">\n\t\t\t\t\t\t\t\t\t<p><span style=\"font-weight: 400;\">La Hierba de Cabra en Celos, o Epimedium, ha sido un elemento central en la medicina tradicional china durante generaciones. Conocida tambi\u00e9n como Yin Yang Huo o Horny Goat Weed, esta planta herb\u00e1cea perenne ofrece una amplia gama de beneficios para el bienestar de la mujer. Sum\u00e9rgete en su fascinante mundo y descubre c\u00f3mo puede mejorar tu calidad de vida.<\/span><\/p>\t\t\t\t\t\t\t\t<\/div>\n\t\t\t\t<\/div>\n\t\t\t\t<div class=\"elementor-element elementor-element-54492739 elementor-widget elementor-widget-heading\" data-id=\"54492739\" data-element_type=\"widget\" data-e-type=\"widget\" data-widget_type=\"heading.default\">\n\t\t\t\t<div class=\"elementor-widget-container\">\n\t\t\t\t\t<h2 class=\"elementor-heading-title elementor-size-default\">\u00bfQu\u00e9 es la Hierba de cabra en celos y para que se utiliza?<\/h2>\t\t\t\t<\/div>\n\t\t\t\t<\/div>\n\t\t\t\t<div class=\"elementor-element elementor-element-7fa29d66 elementor-widget elementor-widget-text-editor\" data-id=\"7fa29d66\" data-element_type=\"widget\" data-e-type=\"widget\" data-widget_type=\"text-editor.default\">\n\t\t\t\t<div class=\"elementor-widget-container\">\n\t\t\t\t\t\t\t\t\t<p><span style=\"font-weight: 400;\">La Epimedium, perteneciente a la familia Berberidaceae, es originaria de regiones selectas de Asia y el Mediterr\u00e1neo. Abundante en compuestos bioactivos, como icariina, flavonoides y esteroides, se cree que esta planta contribuye a una serie de propiedades medicinales y beneficiosas para la salud.<\/span><\/p><p><span style=\"font-weight: 400;\">Esta planta ha sido utilizada en la medicina tradicional china durante siglos como un afrodis\u00edaco y un t\u00f3nico para mejorar la salud en general. Se cree que ayuda a aumentar la libido, mejorar la funci\u00f3n sexual y potenciar la energ\u00eda. Adem\u00e1s de sus beneficios para la funci\u00f3n sexual, tambi\u00e9n se ha utilizado para tratar otras afecciones como la fatiga cr\u00f3nica, la osteoporosis y los trastornos renales.<\/span><\/p><ul><li><span style=\"font-weight: 400;\"><strong>Mejora de la funci\u00f3n sexual:<\/strong> La Hierba de Cabra en Celos ha sido ampliamente utilizada para aumentar la libido y mejorar la funci\u00f3n sexual en las mujeres. Estimula la circulaci\u00f3n sangu\u00ednea y aumenta la sensibilidad en las \u00e1reas \u00edntimas, lo que puede resultar en una mayor satisfacci\u00f3n sexual.<\/span><\/li><li><span style=\"font-weight: 400;\"><strong>Alivio de los s\u00edntomas de la menopausia:<\/strong> Algunas mujeres experimentan s\u00edntomas inc\u00f3modos durante la menopausia, como sofocos, sequedad vaginal y cambios de humor. La Hierba de Cabra en Celos puede ayudar a aliviar estos s\u00edntomas al equilibrar los niveles hormonales y mejorar la circulaci\u00f3n.<\/span><\/li><li><span style=\"font-weight: 400;\"><strong>Incremento de la energ\u00eda y la vitalidad:<\/strong> Se cree que esta planta tiene propiedades t\u00f3nicas y estimulantes que pueden aumentar la energ\u00eda y reducir la fatiga en las mujeres.<\/span><\/li><\/ul><p>\u00a0<\/p><p><span style=\"font-weight: 400;\">Adem\u00e1s, <strong>Magic Honey para la mujer<\/strong> es un suplemento alimenticio que ayuda a <strong>aumentar el libido<\/strong> en las mujeres y <strong>refuerza su vitalidad<\/strong> en todo momento. Contiene hierba de cabra en celo, junto con otros ingredientes naturales esenciales para el bienestar f\u00edsico.<\/span><\/p>\t\t\t\t\t\t\t\t<\/div>\n\t\t\t\t<\/div>\n\t\t\t\t<div class=\"elementor-element elementor-element-6d36ba8c elementor-widget elementor-widget-heading\" data-id=\"6d36ba8c\" data-element_type=\"widget\" data-e-type=\"widget\" data-widget_type=\"heading.default\">\n\t\t\t\t<div class=\"elementor-widget-container\">\n\t\t\t\t\t<h2 class=\"elementor-heading-title elementor-size-default\">Usos de esta planta medicinal<\/h2>\t\t\t\t<\/div>\n\t\t\t\t<\/div>\n\t\t\t\t<div class=\"elementor-element elementor-element-13c5310f elementor-widget elementor-widget-text-editor\" data-id=\"13c5310f\" data-element_type=\"widget\" data-e-type=\"widget\" data-widget_type=\"text-editor.default\">\n\t\t\t\t<div class=\"elementor-widget-container\">\n\t\t\t\t\t\t\t\t\t<p><span style=\"font-weight: 400;\">Los suplementos de Hierba de Cabra en Celos est\u00e1n ampliamente disponibles en diversas formas, como c\u00e1psulas, tabletas o extractos l\u00edquidos. Estos se pueden adquirir en tiendas de alimentos saludables o a trav\u00e9s de plataformas en l\u00ednea, lo que brinda una conveniencia significativa para su consumo.<\/span><\/p><p><span style=\"font-weight: 400;\">Adem\u00e1s, para aquellos que prefieren m\u00e9todos m\u00e1s naturales, preparar t\u00e9 o decocciones con la Hierba de Cabra en Celos es una opci\u00f3n popular. El proceso implica hervir las hojas o los tallos de la planta en agua durante unos minutos, lo que resulta en una infusi\u00f3n beneficiosa y f\u00e1cil de consumir.<\/span><\/p>\t\t\t\t\t\t\t\t<\/div>\n\t\t\t\t<\/div>\n\t\t\t\t<div class=\"elementor-element elementor-element-54f0d8d1 elementor-widget-mobile__width-initial elementor-widget elementor-widget-heading\" data-id=\"54f0d8d1\" data-element_type=\"widget\" data-e-type=\"widget\" data-widget_type=\"heading.default\">\n\t\t\t\t<div class=\"elementor-widget-container\">\n\t\t\t\t\t<h3 class=\"elementor-heading-title elementor-size-default\">DESCUBRE M\u00c1S DE MAGIC HONEY PARA LA MUJER<\/h3>\t\t\t\t<\/div>\n\t\t\t\t<\/div>\n\t\t\t\t\t<\/div>\n\t\t\t\t<\/div>\n\t\t\t\t<\/div>\n\t\t","protected":false},"excerpt":{"rendered":"<p>INGREDIENTES extractos de hierbas: Una alternativa natural y efectiva para mejorar la salud f\u00edsica Isoflavonas de soya \u00bfqu\u00e9 es y para qu\u00e9 sirve? Las isoflavonas de soya son un grupo de mol\u00e9culas presentes en vegetales conocidas como fitoestr\u00f3genos debido a su similitud con el estr\u00f3geno del cuerpo. Gracias a sus propiedades, estas mol\u00e9culas ofrecen una &#8230; <a title=\"Extractos de hierba\" class=\"read-more\" href=\"https:\/\/magichoney.com\/es\/extractos-de-hierba\/\" aria-label=\"Leer m\u00e1s sobre Extractos de hierba\">Leer m\u00e1s<\/a><\/p>\n","protected":false},"author":1,"featured_media":0,"parent":0,"menu_order":0,"comment_status":"closed","ping_status":"closed","template":"elementor_header_footer","meta":{"footnotes":""},"class_list":["post-14796","page","type-page","status-publish"],"_links":{"self":[{"href":"https:\/\/magichoney.com\/es\/wp-json\/wp\/v2\/pages\/14796","targetHints":{"allow":["GET"]}}],"collection":[{"href":"https:\/\/magichoney.com\/es\/wp-json\/wp\/v2\/pages"}],"about":[{"href":"https:\/\/magichoney.com\/es\/wp-json\/wp\/v2\/types\/page"}],"author":[{"embeddable":true,"href":"https:\/\/magichoney.com\/es\/wp-json\/wp\/v2\/users\/1"}],"replies":[{"embeddable":true,"href":"https:\/\/magichoney.com\/es\/wp-json\/wp\/v2\/comments?post=14796"}],"version-history":[{"count":5,"href":"https:\/\/magichoney.com\/es\/wp-json\/wp\/v2\/pages\/14796\/revisions"}],"predecessor-version":[{"id":17211,"href":"https:\/\/magichoney.com\/es\/wp-json\/wp\/v2\/pages\/14796\/revisions\/17211"}],"wp:attachment":[{"href":"https:\/\/magichoney.com\/es\/wp-json\/wp\/v2\/media?parent=14796"}],"curies":[{"name":"wp","href":"https:\/\/api.w.org\/{rel}","templated":true}]}}