{"id":14744,"date":"2023-11-08T16:11:10","date_gmt":"2023-11-08T16:11:10","guid":{"rendered":"https:\/\/magichoney.com\/?page_id=14744"},"modified":"2024-01-09T17:49:13","modified_gmt":"2024-01-09T17:49:13","slug":"ginseng","status":"publish","type":"page","link":"https:\/\/magichoney.com\/es\/ginseng\/","title":{"rendered":"Ginseng"},"content":{"rendered":"\t\t<div data-elementor-type=\"wp-page\" data-elementor-id=\"14744\" class=\"elementor elementor-14744\" data-elementor-post-type=\"page\">\n\t\t\t\t<div class=\"elementor-element elementor-element-25fa233a e-con-full e-flex e-con e-parent\" data-id=\"25fa233a\" data-element_type=\"container\" data-e-type=\"container\" data-settings=\"{&quot;background_background&quot;:&quot;classic&quot;}\">\n\t\t\t\t<\/div>\n\t\t<div class=\"elementor-element elementor-element-5e5079ee e-flex e-con-boxed e-con e-parent\" data-id=\"5e5079ee\" data-element_type=\"container\" data-e-type=\"container\">\n\t\t\t\t\t<div class=\"e-con-inner\">\n\t\t<div class=\"elementor-element elementor-element-5c4014d4 e-con-full e-flex e-con e-child\" data-id=\"5c4014d4\" data-element_type=\"container\" data-e-type=\"container\">\n\t\t\t\t<div class=\"elementor-element elementor-element-3bd2ca67 elementor-widget-mobile__width-initial elementor-widget elementor-widget-heading\" data-id=\"3bd2ca67\" data-element_type=\"widget\" data-e-type=\"widget\" data-widget_type=\"heading.default\">\n\t\t\t\t<div class=\"elementor-widget-container\">\n\t\t\t\t\t<div class=\"elementor-heading-title elementor-size-default\">INGREDIENTES<\/div>\t\t\t\t<\/div>\n\t\t\t\t<\/div>\n\t\t\t\t<\/div>\n\t\t<div class=\"elementor-element elementor-element-48af0efe e-con-full e-flex e-con e-child\" data-id=\"48af0efe\" data-element_type=\"container\" data-e-type=\"container\">\n\t\t\t\t<div class=\"elementor-element elementor-element-555f23e elementor-widget elementor-widget-heading\" data-id=\"555f23e\" data-element_type=\"widget\" data-e-type=\"widget\" data-widget_type=\"heading.default\">\n\t\t\t\t<div class=\"elementor-widget-container\">\n\t\t\t\t\t<h1 class=\"elementor-heading-title elementor-size-default\">\u00bfQU\u00c9 ES EL GINSENG?: La ra\u00edz que potencia tu energ\u00eda y vitalidad<\/h1>\t\t\t\t<\/div>\n\t\t\t\t<\/div>\n\t\t\t\t<\/div>\n\t\t\t\t\t<\/div>\n\t\t\t\t<\/div>\n\t\t<div class=\"elementor-element elementor-element-15abbfaf e-flex e-con-boxed e-con e-parent\" data-id=\"15abbfaf\" data-element_type=\"container\" data-e-type=\"container\" data-settings=\"{&quot;background_background&quot;:&quot;classic&quot;}\">\n\t\t\t\t\t<div class=\"e-con-inner\">\n\t\t\t\t<div class=\"elementor-element elementor-element-12b2d57c elementor-widget elementor-widget-text-editor\" data-id=\"12b2d57c\" data-element_type=\"widget\" data-e-type=\"widget\" data-widget_type=\"text-editor.default\">\n\t\t\t\t<div class=\"elementor-widget-container\">\n\t\t\t\t\t\t\t\t\t<p><span style=\"font-weight: 400;\">El ginseng es una planta reconocida por sus propiedades revitalizantes y energizantes en diversas culturas asi\u00e1ticas y americanas. Conocido cient\u00edficamente como Panax ginseng, esta ra\u00edz ha sido ampliamente utilizada en la medicina tradicional por sus efectos positivos en la salud mental, sexual y f\u00edsica tanto de hombres como de mujeres.<\/span><\/p>\t\t\t\t\t\t\t\t<\/div>\n\t\t\t\t<\/div>\n\t\t\t\t<div class=\"elementor-element elementor-element-49026420 elementor-toc--minimized-on-tablet elementor-widget elementor-widget-table-of-contents\" data-id=\"49026420\" data-element_type=\"widget\" data-e-type=\"widget\" data-settings=\"{&quot;exclude_headings_by_selector&quot;:&quot;H1, H3&quot;,&quot;marker_view&quot;:&quot;bullets&quot;,&quot;headings_by_tags&quot;:[&quot;h2&quot;,&quot;h3&quot;,&quot;h4&quot;,&quot;h5&quot;,&quot;h6&quot;],&quot;icon&quot;:{&quot;value&quot;:&quot;fas fa-circle&quot;,&quot;library&quot;:&quot;fa-solid&quot;,&quot;rendered_tag&quot;:&quot;&lt;svg class=\\&quot;e-font-icon-svg e-fas-circle\\&quot; viewBox=\\&quot;0 0 512 512\\&quot; xmlns=\\&quot;http:\\\/\\\/www.w3.org\\\/2000\\\/svg\\&quot;&gt;&lt;path d=\\&quot;M256 8C119 8 8 119 8 256s111 248 248 248 248-111 248-248S393 8 256 8z\\&quot;&gt;&lt;\\\/path&gt;&lt;\\\/svg&gt;&quot;},&quot;no_headings_message&quot;:&quot;No se ha encontrado ning\\u00fan encabezado en esta p\\u00e1gina.&quot;,&quot;minimize_box&quot;:&quot;yes&quot;,&quot;minimized_on&quot;:&quot;tablet&quot;,&quot;hierarchical_view&quot;:&quot;yes&quot;,&quot;min_height&quot;:{&quot;unit&quot;:&quot;px&quot;,&quot;size&quot;:&quot;&quot;,&quot;sizes&quot;:[]},&quot;min_height_tablet&quot;:{&quot;unit&quot;:&quot;px&quot;,&quot;size&quot;:&quot;&quot;,&quot;sizes&quot;:[]},&quot;min_height_mobile&quot;:{&quot;unit&quot;:&quot;px&quot;,&quot;size&quot;:&quot;&quot;,&quot;sizes&quot;:[]}}\" data-widget_type=\"table-of-contents.default\">\n\t\t\t\t<div class=\"elementor-widget-container\">\n\t\t\t\t\t\t\t\t\t<div class=\"elementor-toc__header\">\n\t\t\t\t\t\t<div class=\"elementor-toc__header-title\">\n\t\t\t\t\u00cdNDICE\t\t\t<\/div>\n\t\t\t\t\t\t\t\t\t\t<div class=\"elementor-toc__toggle-button elementor-toc__toggle-button--expand\" role=\"button\" tabindex=\"0\" aria-controls=\"elementor-toc__49026420\" aria-expanded=\"true\" aria-label=\"Abrir la tabla de contenidos\"><svg aria-hidden=\"true\" class=\"e-font-icon-svg e-fas-chevron-down\" viewBox=\"0 0 448 512\" xmlns=\"http:\/\/www.w3.org\/2000\/svg\"><path d=\"M207.029 381.476L12.686 187.132c-9.373-9.373-9.373-24.569 0-33.941l22.667-22.667c9.357-9.357 24.522-9.375 33.901-.04L224 284.505l154.745-154.021c9.379-9.335 24.544-9.317 33.901.04l22.667 22.667c9.373 9.373 9.373 24.569 0 33.941L240.971 381.476c-9.373 9.372-24.569 9.372-33.942 0z\"><\/path><\/svg><\/div>\n\t\t\t\t<div class=\"elementor-toc__toggle-button elementor-toc__toggle-button--collapse\" role=\"button\" tabindex=\"0\" aria-controls=\"elementor-toc__49026420\" aria-expanded=\"true\" aria-label=\"Cerrar la tabla de contenidos\"><svg aria-hidden=\"true\" class=\"e-font-icon-svg e-fas-chevron-up\" viewBox=\"0 0 448 512\" xmlns=\"http:\/\/www.w3.org\/2000\/svg\"><path d=\"M240.971 130.524l194.343 194.343c9.373 9.373 9.373 24.569 0 33.941l-22.667 22.667c-9.357 9.357-24.522 9.375-33.901.04L224 227.495 69.255 381.516c-9.379 9.335-24.544 9.317-33.901-.04l-22.667-22.667c-9.373-9.373-9.373-24.569 0-33.941L207.03 130.525c9.372-9.373 24.568-9.373 33.941-.001z\"><\/path><\/svg><\/div>\n\t\t\t\t\t<\/div>\n\t\t\t\t<div id=\"elementor-toc__49026420\" class=\"elementor-toc__body\">\n\t\t\t<div class=\"elementor-toc__spinner-container\">\n\t\t\t\t<svg class=\"elementor-toc__spinner eicon-animation-spin e-font-icon-svg e-eicon-loading\" aria-hidden=\"true\" viewBox=\"0 0 1000 1000\" xmlns=\"http:\/\/www.w3.org\/2000\/svg\"><path d=\"M500 975V858C696 858 858 696 858 500S696 142 500 142 142 304 142 500H25C25 237 238 25 500 25S975 237 975 500 763 975 500 975Z\"><\/path><\/svg>\t\t\t<\/div>\n\t\t<\/div>\n\t\t\t\t\t\t<\/div>\n\t\t\t\t<\/div>\n\t\t\t\t\t<\/div>\n\t\t\t\t<\/div>\n\t\t<div class=\"elementor-element elementor-element-7d467677 e-flex e-con-boxed e-con e-parent\" data-id=\"7d467677\" data-element_type=\"container\" data-e-type=\"container\" data-settings=\"{&quot;background_background&quot;:&quot;classic&quot;}\">\n\t\t\t\t\t<div class=\"e-con-inner\">\n\t\t\t\t<div class=\"elementor-element elementor-element-6255c19a elementor-widget elementor-widget-heading\" data-id=\"6255c19a\" data-element_type=\"widget\" data-e-type=\"widget\" data-widget_type=\"heading.default\">\n\t\t\t\t<div class=\"elementor-widget-container\">\n\t\t\t\t\t<h2 class=\"elementor-heading-title elementor-size-default\">Propiedades del ginseng<\/h2>\t\t\t\t<\/div>\n\t\t\t\t<\/div>\n\t\t\t\t<div class=\"elementor-element elementor-element-54aedc elementor-widget elementor-widget-text-editor\" data-id=\"54aedc\" data-element_type=\"widget\" data-e-type=\"widget\" data-widget_type=\"text-editor.default\">\n\t\t\t\t<div class=\"elementor-widget-container\">\n\t\t\t\t\t\t\t\t\t<p><span style=\"font-weight: 400;\">El ginseng ha sido valorado a lo largo de los siglos por sus propiedades terap\u00e9uticas. Entre sus diversos beneficios, se ha observado que:<\/span><\/p><ul><li style=\"font-weight: 400;\" aria-level=\"1\"><span style=\"font-weight: 400;\">Activa el sistema inmunitario: fomenta la proliferaci\u00f3n de linfocitos y, en pacientes con sistemas inmunitarios comprometidos, fortalece las defensas y ayuda a combatir agentes infecciosos.<\/span><\/li><li style=\"font-weight: 400;\" aria-level=\"1\"><span style=\"font-weight: 400;\">Aumenta el rendimiento f\u00edsico y mental: aten\u00faa los efectos del cansancio psicof\u00edsico derivado del estr\u00e9s y las actividades f\u00edsicas intensas.<\/span><\/li><li style=\"font-weight: 400;\" aria-level=\"1\"><span style=\"font-weight: 400;\">Estimula el sistema cardiovascular: reduce la presi\u00f3n arterial, lo que previene la formaci\u00f3n de co\u00e1gulos y enfermedades relacionadas con la aterosclerosis.<\/span><\/li><li style=\"font-weight: 400;\" aria-level=\"1\"><span style=\"font-weight: 400;\">Mejora la calidad de vida en la vejez: contribuye a que las personas mayores mantengan un sistema inmunol\u00f3gico resistente, una circulaci\u00f3n saludable y previene problemas cerebrales.<\/span><\/li><\/ul>\t\t\t\t\t\t\t\t<\/div>\n\t\t\t\t<\/div>\n\t\t\t\t<div class=\"elementor-element elementor-element-29aea144 elementor-widget elementor-widget-heading\" data-id=\"29aea144\" data-element_type=\"widget\" data-e-type=\"widget\" data-widget_type=\"heading.default\">\n\t\t\t\t<div class=\"elementor-widget-container\">\n\t\t\t\t\t<h2 class=\"elementor-heading-title elementor-size-default\">Beneficios del ginseng<\/h2>\t\t\t\t<\/div>\n\t\t\t\t<\/div>\n\t\t\t\t<div class=\"elementor-element elementor-element-33366b5f elementor-widget elementor-widget-text-editor\" data-id=\"33366b5f\" data-element_type=\"widget\" data-e-type=\"widget\" data-widget_type=\"text-editor.default\">\n\t\t\t\t<div class=\"elementor-widget-container\">\n\t\t\t\t\t\t\t\t\t<p><span style=\"font-weight: 400;\">El ginseng ha demostrado tener varios beneficios notables para la salud. Algunas de sus funciones clave incluyen:<\/span><\/p><ul><li style=\"font-weight: 400;\" aria-level=\"1\"><span style=\"font-weight: 400;\">Reducci\u00f3n de la inflamaci\u00f3n: se ha comprobado que el ginseng posee propiedades antiinflamatorias y antioxidantes. El consumo de 2 gramos de ginseng rojo coreano tres veces al d\u00eda puede tener efectos significativos en la reducci\u00f3n de la inflamaci\u00f3n, incluso durante un per\u00edodo de 72 horas.<\/span><\/li><li style=\"font-weight: 400;\" aria-level=\"1\"><span style=\"font-weight: 400;\">Mejora de la funci\u00f3n cerebral: el ginseng es conocido por su capacidad para mejorar la memoria y contrarrestar el cansancio y la fatiga emocional. Sin embargo, su eficacia puede disminuir con el uso prolongado.<\/span><\/li><li style=\"font-weight: 400;\" aria-level=\"1\"><span style=\"font-weight: 400;\">Reducci\u00f3n de la disfunci\u00f3n er\u00e9ctil: uno de los beneficios m\u00e1s destacados del ginseng, particularmente en los hombres, es su capacidad para proteger los vasos sangu\u00edneos y el tejido del pene, lo que puede contribuir a su funcionamiento normal durante las relaciones sexuales.<\/span><\/li><li style=\"font-weight: 400;\" aria-level=\"1\"><span style=\"font-weight: 400;\">Aumento de los niveles de energ\u00eda: el ginseng ayuda a reducir el estr\u00e9s oxidativo y la fatiga, lo que se traduce en una mayor energ\u00eda y vitalidad para actividades deportivas o rutinas diarias.<\/span><\/li><\/ul><p><span style=\"font-weight: 400;\">En la actualidad, el ginseng est\u00e1 disponible en diversas formas, como c\u00e1psulas que mejoran la memoria y la resistencia f\u00edsica. Adem\u00e1s, su presentaci\u00f3n en crema es reconocida por su eficacia en el tratamiento del acn\u00e9 y como parte de varios tratamientos capilares.<\/span><\/p>\t\t\t\t\t\t\t\t<\/div>\n\t\t\t\t<\/div>\n\t\t\t\t<div class=\"elementor-element elementor-element-7a60dba0 elementor-widget elementor-widget-heading\" data-id=\"7a60dba0\" data-element_type=\"widget\" data-e-type=\"widget\" data-widget_type=\"heading.default\">\n\t\t\t\t<div class=\"elementor-widget-container\">\n\t\t\t\t\t<h2 class=\"elementor-heading-title elementor-size-default\">Beneficios del ginseng en la mujer<\/h2>\t\t\t\t<\/div>\n\t\t\t\t<\/div>\n\t\t\t\t\t<\/div>\n\t\t\t\t<\/div>\n\t\t<div class=\"elementor-element elementor-element-7039dcfa e-flex e-con-boxed e-con e-parent\" data-id=\"7039dcfa\" data-element_type=\"container\" data-e-type=\"container\" data-settings=\"{&quot;background_background&quot;:&quot;classic&quot;}\">\n\t\t\t\t\t<div class=\"e-con-inner\">\n\t\t<div class=\"elementor-element elementor-element-55ea020b e-con-full e-flex e-con e-child\" data-id=\"55ea020b\" data-element_type=\"container\" data-e-type=\"container\">\n\t\t\t\t<div class=\"elementor-element elementor-element-32abdef8 elementor-widget elementor-widget-text-editor\" data-id=\"32abdef8\" data-element_type=\"widget\" data-e-type=\"widget\" data-widget_type=\"text-editor.default\">\n\t\t\t\t<div class=\"elementor-widget-container\">\n\t\t\t\t\t\t\t\t\t<table><tbody><tr><td><p><span><strong>Equilibrio hormonal:<\/strong> se ha observado que el ginseng contribuye al equilibrio de los niveles hormonales en las mujeres, particularmente durante la menopausia. Este equilibrio puede ayudar a aliviar los s\u00edntomas como los sofocos, la sequedad vaginal y los cambios de humor.<\/span><\/p><\/td><\/tr><\/tbody><\/table>\t\t\t\t\t\t\t\t<\/div>\n\t\t\t\t<\/div>\n\t\t\t\t<\/div>\n\t\t<div class=\"elementor-element elementor-element-1eb7398d e-con-full e-flex e-con e-child\" data-id=\"1eb7398d\" data-element_type=\"container\" data-e-type=\"container\">\n\t\t\t\t<div class=\"elementor-element elementor-element-fc2a13f elementor-widget elementor-widget-text-editor\" data-id=\"fc2a13f\" data-element_type=\"widget\" data-e-type=\"widget\" data-widget_type=\"text-editor.default\">\n\t\t\t\t<div class=\"elementor-widget-container\">\n\t\t\t\t\t\t\t\t\t<table><tbody><tr><td><p><span style=\"font-weight: 400;\"><strong>Aumento de la energ\u00eda: <\/strong>el ginseng es conocido por su capacidad para proporcionar un impulso de energ\u00eda, tanto f\u00edsica como mental, en las mujeres. Puede contrarrestar la fatiga y mejorar la resistencia, lo que permite a las mujeres mantenerse alerta y activas a lo largo del d\u00eda<\/span><\/p><\/td><\/tr><\/tbody><\/table>\t\t\t\t\t\t\t\t<\/div>\n\t\t\t\t<\/div>\n\t\t\t\t<\/div>\n\t\t<div class=\"elementor-element elementor-element-461e4a6e e-con-full e-flex e-con e-child\" data-id=\"461e4a6e\" data-element_type=\"container\" data-e-type=\"container\">\n\t\t\t\t<div class=\"elementor-element elementor-element-485cdbb4 elementor-widget elementor-widget-text-editor\" data-id=\"485cdbb4\" data-element_type=\"widget\" data-e-type=\"widget\" data-widget_type=\"text-editor.default\">\n\t\t\t\t<div class=\"elementor-widget-container\">\n\t\t\t\t\t\t\t\t\t<table><tbody><tr><td><p><b>Mejora cognitiva:<\/b><span> el ginseng tambi\u00e9n puede mejorar la memoria, el enfoque y la concentraci\u00f3n en las mujeres. Sus propiedades estimulantes pueden potenciar la funci\u00f3n cognitiva y promover una mayor claridad mental.<\/span><\/p><\/td><\/tr><\/tbody><\/table>\t\t\t\t\t\t\t\t<\/div>\n\t\t\t\t<\/div>\n\t\t\t\t<\/div>\n\t\t<div class=\"elementor-element elementor-element-390978f2 e-con-full e-flex e-con e-child\" data-id=\"390978f2\" data-element_type=\"container\" data-e-type=\"container\">\n\t\t\t\t<div class=\"elementor-element elementor-element-2f58c667 elementor-widget elementor-widget-text-editor\" data-id=\"2f58c667\" data-element_type=\"widget\" data-e-type=\"widget\" data-widget_type=\"text-editor.default\">\n\t\t\t\t<div class=\"elementor-widget-container\">\n\t\t\t\t\t\t\t\t\t<table><tbody><tr><td><p><b>Reducci\u00f3n del estr\u00e9s<\/b><span style=\"font-weight: 400;\">: se ha observado que el ginseng contribuye a reducir los niveles de cortisol, la hormona del estr\u00e9s. Esto puede promover un estado de \u00e1nimo m\u00e1s equilibrado y positivo, lo que a su vez puede ayudar a mejorar la salud mental y emocional en las mujeres.<\/span><\/p><\/td><\/tr><\/tbody><\/table>\t\t\t\t\t\t\t\t<\/div>\n\t\t\t\t<\/div>\n\t\t\t\t<\/div>\n\t\t\t\t\t<\/div>\n\t\t\t\t<\/div>\n\t\t<div class=\"elementor-element elementor-element-67492857 e-flex e-con-boxed e-con e-parent\" data-id=\"67492857\" data-element_type=\"container\" data-e-type=\"container\" data-settings=\"{&quot;background_background&quot;:&quot;classic&quot;}\">\n\t\t\t\t\t<div class=\"e-con-inner\">\n\t\t\t\t<div class=\"elementor-element elementor-element-5dc97db1 elementor-widget elementor-widget-text-editor\" data-id=\"5dc97db1\" data-element_type=\"widget\" data-e-type=\"widget\" data-widget_type=\"text-editor.default\">\n\t\t\t\t<div class=\"elementor-widget-container\">\n\t\t\t\t\t\t\t\t\t<p><span style=\"font-weight: 400;\">\u00a1Aprovecha al m\u00e1ximo la energ\u00eda y vitalidad que ofrece Magic Honey para la mujer! Con su combinaci\u00f3n \u00fanica de miel y ginseng, junto con otros ingredientes naturales, te garantiza el impulso que necesitas para enfrentar cada d\u00eda con fuerza y \u200b\u200bvigor. No te pierdas la oportunidad de experimentar una vida llena de energ\u00eda y vitalidad con Magic Honey para la mujer.<\/span><\/p>\t\t\t\t\t\t\t\t<\/div>\n\t\t\t\t<\/div>\n\t\t\t\t\t<\/div>\n\t\t\t\t<\/div>\n\t\t\t\t<\/div>\n\t\t","protected":false},"excerpt":{"rendered":"<p>INGREDIENTES \u00bfQU\u00c9 ES EL GINSENG?: La ra\u00edz que potencia tu energ\u00eda y vitalidad El ginseng es una planta reconocida por sus propiedades revitalizantes y energizantes en diversas culturas asi\u00e1ticas y americanas. Conocido cient\u00edficamente como Panax ginseng, esta ra\u00edz ha sido ampliamente utilizada en la medicina tradicional por sus efectos positivos en la salud mental, sexual &#8230; <a title=\"Ginseng\" class=\"read-more\" href=\"https:\/\/magichoney.com\/es\/ginseng\/\" aria-label=\"Leer m\u00e1s sobre Ginseng\">Leer m\u00e1s<\/a><\/p>\n","protected":false},"author":1,"featured_media":0,"parent":0,"menu_order":0,"comment_status":"closed","ping_status":"closed","template":"elementor_header_footer","meta":{"footnotes":""},"class_list":["post-14744","page","type-page","status-publish"],"_links":{"self":[{"href":"https:\/\/magichoney.com\/es\/wp-json\/wp\/v2\/pages\/14744","targetHints":{"allow":["GET"]}}],"collection":[{"href":"https:\/\/magichoney.com\/es\/wp-json\/wp\/v2\/pages"}],"about":[{"href":"https:\/\/magichoney.com\/es\/wp-json\/wp\/v2\/types\/page"}],"author":[{"embeddable":true,"href":"https:\/\/magichoney.com\/es\/wp-json\/wp\/v2\/users\/1"}],"replies":[{"embeddable":true,"href":"https:\/\/magichoney.com\/es\/wp-json\/wp\/v2\/comments?post=14744"}],"version-history":[{"count":5,"href":"https:\/\/magichoney.com\/es\/wp-json\/wp\/v2\/pages\/14744\/revisions"}],"predecessor-version":[{"id":17219,"href":"https:\/\/magichoney.com\/es\/wp-json\/wp\/v2\/pages\/14744\/revisions\/17219"}],"wp:attachment":[{"href":"https:\/\/magichoney.com\/es\/wp-json\/wp\/v2\/media?parent=14744"}],"curies":[{"name":"wp","href":"https:\/\/api.w.org\/{rel}","templated":true}]}}