{"id":14742,"date":"2023-11-08T16:10:48","date_gmt":"2023-11-08T16:10:48","guid":{"rendered":"https:\/\/magichoney.com\/?page_id=14742"},"modified":"2024-01-09T18:51:27","modified_gmt":"2024-01-09T18:51:27","slug":"glicina","status":"publish","type":"page","link":"https:\/\/magichoney.com\/es\/glicina\/","title":{"rendered":"Glicina"},"content":{"rendered":"\t\t<div data-elementor-type=\"wp-page\" data-elementor-id=\"14742\" class=\"elementor elementor-14742\" data-elementor-post-type=\"page\">\n\t\t\t\t<div class=\"elementor-element elementor-element-45e8d69c e-con-full e-flex e-con e-parent\" data-id=\"45e8d69c\" data-element_type=\"container\" data-e-type=\"container\" data-settings=\"{&quot;background_background&quot;:&quot;classic&quot;}\">\n\t\t\t\t<\/div>\n\t\t<div class=\"elementor-element elementor-element-7737f741 e-flex e-con-boxed e-con e-parent\" data-id=\"7737f741\" data-element_type=\"container\" data-e-type=\"container\">\n\t\t\t\t\t<div class=\"e-con-inner\">\n\t\t<div class=\"elementor-element elementor-element-413f8415 e-con-full e-flex e-con e-child\" data-id=\"413f8415\" data-element_type=\"container\" data-e-type=\"container\">\n\t\t\t\t<div class=\"elementor-element elementor-element-50fae42d elementor-widget-mobile__width-initial elementor-widget elementor-widget-heading\" data-id=\"50fae42d\" data-element_type=\"widget\" data-e-type=\"widget\" data-widget_type=\"heading.default\">\n\t\t\t\t<div class=\"elementor-widget-container\">\n\t\t\t\t\t<div class=\"elementor-heading-title elementor-size-default\">INGREDIENTES<\/div>\t\t\t\t<\/div>\n\t\t\t\t<\/div>\n\t\t\t\t<\/div>\n\t\t<div class=\"elementor-element elementor-element-7f827cb2 e-con-full e-flex e-con e-child\" data-id=\"7f827cb2\" data-element_type=\"container\" data-e-type=\"container\">\n\t\t\t\t<div class=\"elementor-element elementor-element-4df70014 elementor-widget elementor-widget-heading\" data-id=\"4df70014\" data-element_type=\"widget\" data-e-type=\"widget\" data-widget_type=\"heading.default\">\n\t\t\t\t<div class=\"elementor-widget-container\">\n\t\t\t\t\t<h1 class=\"elementor-heading-title elementor-size-default\">La Glicina: el amino\u00e1cido esencial para tu bienestar \u00d3ptimo<\/h1>\t\t\t\t<\/div>\n\t\t\t\t<\/div>\n\t\t\t\t<\/div>\n\t\t\t\t\t<\/div>\n\t\t\t\t<\/div>\n\t\t<div class=\"elementor-element elementor-element-567e75ff e-flex e-con-boxed e-con e-parent\" data-id=\"567e75ff\" data-element_type=\"container\" data-e-type=\"container\" data-settings=\"{&quot;background_background&quot;:&quot;classic&quot;}\">\n\t\t\t\t\t<div class=\"e-con-inner\">\n\t\t\t\t<div class=\"elementor-element elementor-element-32bc66c1 elementor-widget elementor-widget-text-editor\" data-id=\"32bc66c1\" data-element_type=\"widget\" data-e-type=\"widget\" data-widget_type=\"text-editor.default\">\n\t\t\t\t<div class=\"elementor-widget-container\">\n\t\t\t\t\t\t\t\t\t<p><span style=\"font-weight: 400;\">\u00bfAlguna vez has visto los maravillosos poderes de la glicina? Este amino\u00e1cido esencial puede ser la clave para desbloquear todo tu potencial de bienestar. Aunque puede que no hayas o\u00eddo hablar de \u00e9l antes, prep\u00e1rate para conocer su impacto profundo en tu salud y vitalidad. Descubre c\u00f3mo la glicina puede mejorar tu vida, independientemente de si eres hombre o mujer<\/span><\/p>\t\t\t\t\t\t\t\t<\/div>\n\t\t\t\t<\/div>\n\t\t\t\t<div class=\"elementor-element elementor-element-78c2a1f0 elementor-toc--minimized-on-tablet elementor-widget elementor-widget-table-of-contents\" data-id=\"78c2a1f0\" data-element_type=\"widget\" data-e-type=\"widget\" data-settings=\"{&quot;exclude_headings_by_selector&quot;:&quot;H1, H3&quot;,&quot;marker_view&quot;:&quot;bullets&quot;,&quot;headings_by_tags&quot;:[&quot;h2&quot;],&quot;icon&quot;:{&quot;value&quot;:&quot;fas fa-circle&quot;,&quot;library&quot;:&quot;fa-solid&quot;,&quot;rendered_tag&quot;:&quot;&lt;svg class=\\&quot;e-font-icon-svg e-fas-circle\\&quot; viewBox=\\&quot;0 0 512 512\\&quot; xmlns=\\&quot;http:\\\/\\\/www.w3.org\\\/2000\\\/svg\\&quot;&gt;&lt;path d=\\&quot;M256 8C119 8 8 119 8 256s111 248 248 248 248-111 248-248S393 8 256 8z\\&quot;&gt;&lt;\\\/path&gt;&lt;\\\/svg&gt;&quot;},&quot;no_headings_message&quot;:&quot;No se ha encontrado ning\\u00fan encabezado en esta p\\u00e1gina.&quot;,&quot;minimize_box&quot;:&quot;yes&quot;,&quot;minimized_on&quot;:&quot;tablet&quot;,&quot;hierarchical_view&quot;:&quot;yes&quot;,&quot;min_height&quot;:{&quot;unit&quot;:&quot;px&quot;,&quot;size&quot;:&quot;&quot;,&quot;sizes&quot;:[]},&quot;min_height_tablet&quot;:{&quot;unit&quot;:&quot;px&quot;,&quot;size&quot;:&quot;&quot;,&quot;sizes&quot;:[]},&quot;min_height_mobile&quot;:{&quot;unit&quot;:&quot;px&quot;,&quot;size&quot;:&quot;&quot;,&quot;sizes&quot;:[]}}\" data-widget_type=\"table-of-contents.default\">\n\t\t\t\t<div class=\"elementor-widget-container\">\n\t\t\t\t\t\t\t\t\t<div class=\"elementor-toc__header\">\n\t\t\t\t\t\t<div class=\"elementor-toc__header-title\">\n\t\t\t\t\u00cdNDICE\t\t\t<\/div>\n\t\t\t\t\t\t\t\t\t\t<div class=\"elementor-toc__toggle-button elementor-toc__toggle-button--expand\" role=\"button\" tabindex=\"0\" aria-controls=\"elementor-toc__78c2a1f0\" aria-expanded=\"true\" aria-label=\"Abrir la tabla de contenidos\"><svg aria-hidden=\"true\" class=\"e-font-icon-svg e-fas-chevron-down\" viewBox=\"0 0 448 512\" xmlns=\"http:\/\/www.w3.org\/2000\/svg\"><path d=\"M207.029 381.476L12.686 187.132c-9.373-9.373-9.373-24.569 0-33.941l22.667-22.667c9.357-9.357 24.522-9.375 33.901-.04L224 284.505l154.745-154.021c9.379-9.335 24.544-9.317 33.901.04l22.667 22.667c9.373 9.373 9.373 24.569 0 33.941L240.971 381.476c-9.373 9.372-24.569 9.372-33.942 0z\"><\/path><\/svg><\/div>\n\t\t\t\t<div class=\"elementor-toc__toggle-button elementor-toc__toggle-button--collapse\" role=\"button\" tabindex=\"0\" aria-controls=\"elementor-toc__78c2a1f0\" aria-expanded=\"true\" aria-label=\"Cerrar la tabla de contenidos\"><svg aria-hidden=\"true\" class=\"e-font-icon-svg e-fas-chevron-up\" viewBox=\"0 0 448 512\" xmlns=\"http:\/\/www.w3.org\/2000\/svg\"><path d=\"M240.971 130.524l194.343 194.343c9.373 9.373 9.373 24.569 0 33.941l-22.667 22.667c-9.357 9.357-24.522 9.375-33.901.04L224 227.495 69.255 381.516c-9.379 9.335-24.544 9.317-33.901-.04l-22.667-22.667c-9.373-9.373-9.373-24.569 0-33.941L207.03 130.525c9.372-9.373 24.568-9.373 33.941-.001z\"><\/path><\/svg><\/div>\n\t\t\t\t\t<\/div>\n\t\t\t\t<div id=\"elementor-toc__78c2a1f0\" class=\"elementor-toc__body\">\n\t\t\t<div class=\"elementor-toc__spinner-container\">\n\t\t\t\t<svg class=\"elementor-toc__spinner eicon-animation-spin e-font-icon-svg e-eicon-loading\" aria-hidden=\"true\" viewBox=\"0 0 1000 1000\" xmlns=\"http:\/\/www.w3.org\/2000\/svg\"><path d=\"M500 975V858C696 858 858 696 858 500S696 142 500 142 142 304 142 500H25C25 237 238 25 500 25S975 237 975 500 763 975 500 975Z\"><\/path><\/svg>\t\t\t<\/div>\n\t\t<\/div>\n\t\t\t\t\t\t<\/div>\n\t\t\t\t<\/div>\n\t\t\t\t\t<\/div>\n\t\t\t\t<\/div>\n\t\t<div class=\"elementor-element elementor-element-10674f2b e-flex e-con-boxed e-con e-parent\" data-id=\"10674f2b\" data-element_type=\"container\" data-e-type=\"container\" data-settings=\"{&quot;background_background&quot;:&quot;classic&quot;}\">\n\t\t\t\t\t<div class=\"e-con-inner\">\n\t\t\t\t<div class=\"elementor-element elementor-element-7c7524f2 elementor-widget elementor-widget-heading\" data-id=\"7c7524f2\" data-element_type=\"widget\" data-e-type=\"widget\" data-widget_type=\"heading.default\">\n\t\t\t\t<div class=\"elementor-widget-container\">\n\t\t\t\t\t<h2 class=\"elementor-heading-title elementor-size-default\">Beneficios de la glicina tanto para los hombres como para las mujeres <\/h2>\t\t\t\t<\/div>\n\t\t\t\t<\/div>\n\t\t\t\t\t<\/div>\n\t\t\t\t<\/div>\n\t\t<div class=\"elementor-element elementor-element-2de853ce e-flex e-con-boxed e-con e-parent\" data-id=\"2de853ce\" data-element_type=\"container\" data-e-type=\"container\" data-settings=\"{&quot;background_background&quot;:&quot;classic&quot;}\">\n\t\t\t\t\t<div class=\"e-con-inner\">\n\t\t<div class=\"elementor-element elementor-element-6784532 e-con-full e-flex e-con e-child\" data-id=\"6784532\" data-element_type=\"container\" data-e-type=\"container\">\n\t\t\t\t<div class=\"elementor-element elementor-element-15fb6eaa elementor-widget elementor-widget-heading\" data-id=\"15fb6eaa\" data-element_type=\"widget\" data-e-type=\"widget\" data-widget_type=\"heading.default\">\n\t\t\t\t<div class=\"elementor-widget-container\">\n\t\t\t\t\t<h2 class=\"elementor-heading-title elementor-size-default\">Para la mujer<\/h2>\t\t\t\t<\/div>\n\t\t\t\t<\/div>\n\t\t\t\t<div class=\"elementor-element elementor-element-845c284 elementor-widget elementor-widget-text-editor\" data-id=\"845c284\" data-element_type=\"widget\" data-e-type=\"widget\" data-widget_type=\"text-editor.default\">\n\t\t\t\t<div class=\"elementor-widget-container\">\n\t\t\t\t\t\t\t\t\t<p><span style=\"font-weight: 400;\">\u00a1Aumenta tu bienestar con la asombrosa glicina! Este incre\u00edble amino\u00e1cido es esencial para una funci\u00f3n nerviosa saludable, lo que contribuye a reducir la ansiedad y el estr\u00e9s, promoviendo un estado de calma y equilibrio.\u00a0<\/span><\/p><p><span style=\"font-weight: 400;\">Adem\u00e1s, la glicina es un aliado clave para mantener la piel, el cabello y las u\u00f1as en \u00f3ptimas condiciones al fomentar la producci\u00f3n de col\u00e1geno.\u00a0<\/span><\/p><p><span style=\"font-weight: 400;\">Tambi\u00e9n participa en el metabolismo y la regulaci\u00f3n de los niveles de az\u00facar en la sangre, proporcionando un impulso vital para mantener una energ\u00eda estable y un metabolismo saludable.<\/span><\/p>\t\t\t\t\t\t\t\t<\/div>\n\t\t\t\t<\/div>\n\t\t\t\t<\/div>\n\t\t<div class=\"elementor-element elementor-element-5cbc3943 e-con-full e-flex e-con e-child\" data-id=\"5cbc3943\" data-element_type=\"container\" data-e-type=\"container\">\n\t\t\t\t<div class=\"elementor-element elementor-element-2f718bd0 elementor-widget elementor-widget-heading\" data-id=\"2f718bd0\" data-element_type=\"widget\" data-e-type=\"widget\" data-widget_type=\"heading.default\">\n\t\t\t\t<div class=\"elementor-widget-container\">\n\t\t\t\t\t<h2 class=\"elementor-heading-title elementor-size-default\">Para el hombre<\/h2>\t\t\t\t<\/div>\n\t\t\t\t<\/div>\n\t\t\t\t<div class=\"elementor-element elementor-element-ca38127 elementor-widget elementor-widget-text-editor\" data-id=\"ca38127\" data-element_type=\"widget\" data-e-type=\"widget\" data-widget_type=\"text-editor.default\">\n\t\t\t\t<div class=\"elementor-widget-container\">\n\t\t\t\t\t\t\t\t\t<p><span style=\"font-weight: 400;\">\u00a1La glicina ofrece un apoyo integral para tu bienestar! Adem\u00e1s de promover la calidad del sue\u00f1o al inducir la relajaci\u00f3n y reducir el estr\u00e9s.<\/span><\/p><p><span style=\"font-weight: 400;\">\u00a0Este incre\u00edble amino\u00e1cido tambi\u00e9n impulsa la funci\u00f3n inmunol\u00f3gica al regular la respuesta inflamatoria y promover la producci\u00f3n de antioxidantes.\u00a0<\/span><\/p><p><span style=\"font-weight: 400;\">No solo eso, sino que la glicina contribuye a la salud cerebral al facilitar la s\u00edntesis y transmisi\u00f3n de neurotransmisores, protegiendo as\u00ed el cerebro contra el da\u00f1o oxidativo y la inflamaci\u00f3n. Con la glicina, estar\u00e1s fortaleciendo tu bienestar en m\u00faltiples frentes para una vida m\u00e1s plena y saludable.<\/span><\/p>\t\t\t\t\t\t\t\t<\/div>\n\t\t\t\t<\/div>\n\t\t\t\t<\/div>\n\t\t\t\t\t<\/div>\n\t\t\t\t<\/div>\n\t\t<div class=\"elementor-element elementor-element-75af5426 e-flex e-con-boxed e-con e-parent\" data-id=\"75af5426\" data-element_type=\"container\" data-e-type=\"container\" data-settings=\"{&quot;background_background&quot;:&quot;classic&quot;}\">\n\t\t\t\t\t<div class=\"e-con-inner\">\n\t\t\t\t<div class=\"elementor-element elementor-element-3950fd75 elementor-widget elementor-widget-heading\" data-id=\"3950fd75\" data-element_type=\"widget\" data-e-type=\"widget\" data-widget_type=\"heading.default\">\n\t\t\t\t<div class=\"elementor-widget-container\">\n\t\t\t\t\t<h2 class=\"elementor-heading-title elementor-size-default\">\u00a1Magic Honey para la Mujer es tu aliado perfecto para llevar tu energ\u00eda y vitalidad al siguiente nivel! \n<\/h2>\t\t\t\t<\/div>\n\t\t\t\t<\/div>\n\t\t\t\t<div class=\"elementor-element elementor-element-3bd20b3b elementor-widget elementor-widget-text-editor\" data-id=\"3bd20b3b\" data-element_type=\"widget\" data-e-type=\"widget\" data-widget_type=\"text-editor.default\">\n\t\t\t\t<div class=\"elementor-widget-container\">\n\t\t\t\t\t\t\t\t\t<p><span style=\"font-weight: 400;\">Dise\u00f1ado espec\u00edficamente para brindar un impulso adicional en tu rutina diaria, este producto no solo aumenta tu energ\u00eda, sino que tambi\u00e9n mejora tu estado de \u00e1nimo, promoviendo una sensaci\u00f3n general de bienestar y vitalidad. Con Magic Honey para la Mujer, estar\u00e1s lista para enfrentar cada d\u00eda con energ\u00eda renovada y un esp\u00edritu vibrante.<\/span><\/p>\t\t\t\t\t\t\t\t<\/div>\n\t\t\t\t<\/div>\n\t\t\t\t<div class=\"elementor-element elementor-element-33705e5d elementor-widget elementor-widget-heading\" data-id=\"33705e5d\" data-element_type=\"widget\" data-e-type=\"widget\" data-widget_type=\"heading.default\">\n\t\t\t\t<div class=\"elementor-widget-container\">\n\t\t\t\t\t<h2 class=\"elementor-heading-title elementor-size-default\">\u00a1Magic Honey para el Hombre es tu compa\u00f1ero ideal para un impulso energ\u00e9tico y un apoyo vital en tu vida diaria! <\/h2>\t\t\t\t<\/div>\n\t\t\t\t<\/div>\n\t\t\t\t<div class=\"elementor-element elementor-element-4763dd1e elementor-widget elementor-widget-text-editor\" data-id=\"4763dd1e\" data-element_type=\"widget\" data-e-type=\"widget\" data-widget_type=\"text-editor.default\">\n\t\t\t\t<div class=\"elementor-widget-container\">\n\t\t\t\t\t\t\t\t\t<p><span style=\"font-weight: 400;\">Con una f\u00f3rmula que incluye l-glicina, este producto no solo aumenta tu energ\u00eda y vitalidad, sino que tambi\u00e9n ofrece un respaldo especial para tu salud sexual. Magic Honey para el Hombre est\u00e1 aqu\u00ed para ayudarte a superar cada desaf\u00edo diario con una energ\u00eda renovada y disfrutar de una vida \u00edntima m\u00e1s satisfactoria.<\/span><\/p>\t\t\t\t\t\t\t\t<\/div>\n\t\t\t\t<\/div>\n\t\t\t\t<div class=\"elementor-element elementor-element-2546ef2f elementor-widget elementor-widget-heading\" data-id=\"2546ef2f\" data-element_type=\"widget\" data-e-type=\"widget\" data-widget_type=\"heading.default\">\n\t\t\t\t<div class=\"elementor-widget-container\">\n\t\t\t\t\t<h2 class=\"elementor-heading-title elementor-size-default\">\u00bfPor qu\u00e9 es importante la glicina?<\/h2>\t\t\t\t<\/div>\n\t\t\t\t<\/div>\n\t\t\t\t<div class=\"elementor-element elementor-element-61407823 elementor-widget elementor-widget-text-editor\" data-id=\"61407823\" data-element_type=\"widget\" data-e-type=\"widget\" data-widget_type=\"text-editor.default\">\n\t\t\t\t<div class=\"elementor-widget-container\">\n\t\t\t\t\t\t\t\t\t<p><span style=\"font-weight: 400;\">La glicina, aunque considerada no esencial, desempe\u00f1a un papel crucial en diversas funciones del cuerpo humano. Actuando como un componente esencial de las prote\u00ednas, apoya la formaci\u00f3n de tejidos musculares, tendones, piel y col\u00e1geno. Adem\u00e1s, su funci\u00f3n como neurotransmisor inhibidor en el sistema nervioso central promueve la comunicaci\u00f3n eficaz entre las c\u00e9lulas nerviosas. La L-glicina es indispensable en la s\u00edntesis de ADN, fosfol\u00edpidos, col\u00e1geno y elastina, y permite la producci\u00f3n de importantes sustancias como las purinas, el glutati\u00f3n y la creatina.<\/span><\/p>\t\t\t\t\t\t\t\t<\/div>\n\t\t\t\t<\/div>\n\t\t\t\t<div class=\"elementor-element elementor-element-735f023 elementor-widget elementor-widget-heading\" data-id=\"735f023\" data-element_type=\"widget\" data-e-type=\"widget\" data-widget_type=\"heading.default\">\n\t\t\t\t<div class=\"elementor-widget-container\">\n\t\t\t\t\t<h2 class=\"elementor-heading-title elementor-size-default\">\u00bfPara qu\u00e9 sirve la glicina?\n<\/h2>\t\t\t\t<\/div>\n\t\t\t\t<\/div>\n\t\t\t\t<div class=\"elementor-element elementor-element-457c1115 elementor-widget elementor-widget-text-editor\" data-id=\"457c1115\" data-element_type=\"widget\" data-e-type=\"widget\" data-widget_type=\"text-editor.default\">\n\t\t\t\t<div class=\"elementor-widget-container\">\n\t\t\t\t\t\t\t\t\t<p><span style=\"font-weight: 400;\">La L-glicina cumple un papel crucial en la s\u00edntesis de prote\u00ednas, contribuyendo a la formaci\u00f3n del col\u00e1geno, esencial para la salud de la piel, los huesos, los tendones y otros tejidos conectivos.\u00a0<\/span><\/p><p><span style=\"font-weight: 400;\">Adem\u00e1s de su funci\u00f3n en la s\u00edntesis de prote\u00ednas, la L-glicina desempe\u00f1a un papel clave en el sistema nervioso. Actuando como un neurotransmisor inhibitorio en el cerebro y la m\u00e9dula espinal, regula la excitabilidad neuronal y promueve la relajaci\u00f3n.<\/span><\/p>\t\t\t\t\t\t\t\t<\/div>\n\t\t\t\t<\/div>\n\t\t\t\t<div class=\"elementor-element elementor-element-b46acd2 elementor-widget elementor-widget-heading\" data-id=\"b46acd2\" data-element_type=\"widget\" data-e-type=\"widget\" data-widget_type=\"heading.default\">\n\t\t\t\t<div class=\"elementor-widget-container\">\n\t\t\t\t\t<h2 class=\"elementor-heading-title elementor-size-default\">Beneficios de la glicina en el sue\u00f1o<\/h2>\t\t\t\t<\/div>\n\t\t\t\t<\/div>\n\t\t\t\t<div class=\"elementor-element elementor-element-6cbe33d8 elementor-widget elementor-widget-text-editor\" data-id=\"6cbe33d8\" data-element_type=\"widget\" data-e-type=\"widget\" data-widget_type=\"text-editor.default\">\n\t\t\t\t<div class=\"elementor-widget-container\">\n\t\t\t\t\t\t\t\t\t<p><span style=\"font-weight: 400;\">Ingerir glicina antes de dormir ha demostrado, seg\u00fan varios estudios, mejorar la calidad del sue\u00f1o y reducir la fatiga y la somnolencia durante el d\u00eda. Tambi\u00e9n se ha observado que promueve una mayor agilidad mental en entornos de trabajo que requieren el uso constante de dispositivos tecnol\u00f3gicos, como las computadoras.<\/span><\/p>\t\t\t\t\t\t\t\t<\/div>\n\t\t\t\t<\/div>\n\t\t\t\t<div class=\"elementor-element elementor-element-6381bf07 elementor-widget elementor-widget-heading\" data-id=\"6381bf07\" data-element_type=\"widget\" data-e-type=\"widget\" data-widget_type=\"heading.default\">\n\t\t\t\t<div class=\"elementor-widget-container\">\n\t\t\t\t\t<h2 class=\"elementor-heading-title elementor-size-default\">La L-glicina previene enfermedades degenerativas\n<\/h2>\t\t\t\t<\/div>\n\t\t\t\t<\/div>\n\t\t\t\t<div class=\"elementor-element elementor-element-635a6b90 elementor-widget elementor-widget-text-editor\" data-id=\"635a6b90\" data-element_type=\"widget\" data-e-type=\"widget\" data-widget_type=\"text-editor.default\">\n\t\t\t\t<div class=\"elementor-widget-container\">\n\t\t\t\t\t\t\t\t\t<p><span style=\"font-weight: 400;\">El consumo directo de glicina ha sido estudiado ampliamente y se ha encontrado que ayuda a prevenir la degeneraci\u00f3n \u00f3sea y articular, as\u00ed como otras afecciones relacionadas que pueden resultar en lesiones. En comparaci\u00f3n con el uso de analg\u00e9sicos que solo alivian el dolor, el consumo de glicina ha demostrado efectos significativos en la mejora de la condici\u00f3n general de los individuos.<\/span><\/p>\t\t\t\t\t\t\t\t<\/div>\n\t\t\t\t<\/div>\n\t\t\t\t<div class=\"elementor-element elementor-element-17909503 elementor-widget elementor-widget-heading\" data-id=\"17909503\" data-element_type=\"widget\" data-e-type=\"widget\" data-widget_type=\"heading.default\">\n\t\t\t\t<div class=\"elementor-widget-container\">\n\t\t\t\t\t<h2 class=\"elementor-heading-title elementor-size-default\">La p\u00e9rdida de peso y la glicina<\/h2>\t\t\t\t<\/div>\n\t\t\t\t<\/div>\n\t\t\t\t<div class=\"elementor-element elementor-element-498c6ee3 elementor-widget elementor-widget-text-editor\" data-id=\"498c6ee3\" data-element_type=\"widget\" data-e-type=\"widget\" data-widget_type=\"text-editor.default\">\n\t\t\t\t<div class=\"elementor-widget-container\">\n\t\t\t\t\t\t\t\t\t<p><span style=\"font-weight: 400;\">La glicina en s\u00ed misma no se reconoce por tener propiedades espec\u00edficas para la p\u00e9rdida de peso. No obstante, una dieta equilibrada y un estilo de vida activo son fundamentales para lograr una p\u00e9rdida de peso efectiva y sostenible.<\/span><\/p><p><span style=\"font-weight: 400;\">Si est\u00e1s buscando perder peso, aqu\u00ed tienes algunas sugerencias pr\u00e1cticas:<\/span><\/p><ul><li style=\"font-weight: 400;\" aria-level=\"1\"><span style=\"font-weight: 400;\">Alimentaci\u00f3n equilibrada: Opta por una dieta rica en alimentos nutritivos como frutas, verduras, prote\u00ednas magras, granos integrales y grasas saludables. Evita los alimentos procesados y limita el consumo de az\u00facares y grasas saturadas.<\/span><\/li><li style=\"font-weight: 400;\" aria-level=\"1\"><span style=\"font-weight: 400;\">Control de porciones: Presta atenci\u00f3n a las porciones que consumes y evita comer en exceso. Utiliza platos m\u00e1s peque\u00f1os, mastica lentamente y escucha las se\u00f1ales de saciedad de tu cuerpo.<\/span><\/li><li style=\"font-weight: 400;\" aria-level=\"1\"><span style=\"font-weight: 400;\">Actividad f\u00edsica regular: Incorpora el ejercicio de forma regular en tu rutina diaria. Esto puede incluir caminar, correr, ejercicios cardiovasculares, levantar pesas o practicar actividades como el yoga o el pilates.<\/span><\/li><li style=\"font-weight: 400;\" aria-level=\"1\"><span style=\"font-weight: 400;\">Para obtener un impulso adicional en tu rutina diaria, considera la posibilidad de incluir Magic Honey, que puede proporcionar resistencia y vitalidad durante tus entrenamientos. Adem\u00e1s, su presentaci\u00f3n para hombres y mujeres facilita su inclusi\u00f3n en tu rutina diaria.<\/span><\/li><\/ul>\t\t\t\t\t\t\t\t<\/div>\n\t\t\t\t<\/div>\n\t\t\t\t<div class=\"elementor-element elementor-element-15b97d80 elementor-widget elementor-widget-heading\" data-id=\"15b97d80\" data-element_type=\"widget\" data-e-type=\"widget\" data-widget_type=\"heading.default\">\n\t\t\t\t<div class=\"elementor-widget-container\">\n\t\t\t\t\t<h2 class=\"elementor-heading-title elementor-size-default\">\u00a1Descubre la nueva f\u00f3rmula de Magic Honey con L-glicina! \n<\/h2>\t\t\t\t<\/div>\n\t\t\t\t<\/div>\n\t\t\t\t<div class=\"elementor-element elementor-element-355128f5 elementor-widget elementor-widget-text-editor\" data-id=\"355128f5\" data-element_type=\"widget\" data-e-type=\"widget\" data-widget_type=\"text-editor.default\">\n\t\t\t\t<div class=\"elementor-widget-container\">\n\t\t\t\t\t\t\t\t\t<p><span style=\"font-weight: 400;\">Con la reciente incorporaci\u00f3n de este amino\u00e1cido esencial, junto con l-arginina, vitaminas del grupo B y extractos de hierbas, Magic Honey est\u00e1 preparado para potenciar tu resistencia en todo momento. Esta innovaci\u00f3n te brinda beneficios adicionales para alcanzar un rendimiento \u00f3ptimo.<\/span><\/p>\t\t\t\t\t\t\t\t<\/div>\n\t\t\t\t<\/div>\n\t\t\t\t<div class=\"elementor-element elementor-element-32df72a3 elementor-widget elementor-widget-heading\" data-id=\"32df72a3\" data-element_type=\"widget\" data-e-type=\"widget\" data-widget_type=\"heading.default\">\n\t\t\t\t<div class=\"elementor-widget-container\">\n\t\t\t\t\t<h2 class=\"elementor-heading-title elementor-size-default\">\u00bfEn qu\u00e9 alimentos se obtienen L-glicina?<\/h2>\t\t\t\t<\/div>\n\t\t\t\t<\/div>\n\t\t\t\t<div class=\"elementor-element elementor-element-4a9328b9 elementor-widget elementor-widget-text-editor\" data-id=\"4a9328b9\" data-element_type=\"widget\" data-e-type=\"widget\" data-widget_type=\"text-editor.default\">\n\t\t\t\t<div class=\"elementor-widget-container\">\n\t\t\t\t\t\t\t\t\t<p><span style=\"font-weight: 400;\">La glicina se encuentra de forma natural en una variedad de alimentos. Aqu\u00ed hay una lista de algunos alimentos que son buenas fuentes de glicina:<\/span><\/p><ul><li style=\"font-weight: 400;\" aria-level=\"1\"><span style=\"font-weight: 400;\">Carne: especialmente aves como el pollo y el pavo, as\u00ed como carnes rojas como la carne de res y el cerdo.<\/span><\/li><li style=\"font-weight: 400;\" aria-level=\"1\"><span style=\"font-weight: 400;\">Pescado y mariscos: salm\u00f3n, at\u00fan, sardinas, camarones y vieiras<\/span><\/li><li style=\"font-weight: 400;\" aria-level=\"1\"><span style=\"font-weight: 400;\">Productos l\u00e1cteos: leche, yogur y queso, con especial \u00e9nfasis en el queso parmesano.<\/span><\/li><li style=\"font-weight: 400;\" aria-level=\"1\"><span style=\"font-weight: 400;\">Legumbres: frijoles, lentejas y guisantes<\/span><\/li><li style=\"font-weight: 400;\" aria-level=\"1\"><span style=\"font-weight: 400;\">Frutos secos y semillas: almendras, nueces, semillas de girasol y semillas de s\u00e9samo.<\/span><\/li><li style=\"font-weight: 400;\" aria-level=\"1\"><span style=\"font-weight: 400;\">Huevos: una fuente completa de prote\u00ednas.<\/span><\/li><\/ul>\t\t\t\t\t\t\t\t<\/div>\n\t\t\t\t<\/div>\n\t\t\t\t<div class=\"elementor-element elementor-element-53c36ebd elementor-align-center elementor-widget elementor-widget-button\" data-id=\"53c36ebd\" data-element_type=\"widget\" data-e-type=\"widget\" data-widget_type=\"button.default\">\n\t\t\t\t<div class=\"elementor-widget-container\">\n\t\t\t\t\t\t\t\t\t<div class=\"elementor-button-wrapper\">\n\t\t\t\t\t<a class=\"elementor-button elementor-button-link elementor-size-md elementor-animation-grow\" href=\"#\">\n\t\t\t\t\t\t<span class=\"elementor-button-content-wrapper\">\n\t\t\t\t\t\t\t\t\t<span class=\"elementor-button-text\">\u00a1DALE UN EXTRA DE ENERG\u00cdA A TUS ENTRENAMIENTOS!<\/span>\n\t\t\t\t\t<\/span>\n\t\t\t\t\t<\/a>\n\t\t\t\t<\/div>\n\t\t\t\t\t\t\t\t<\/div>\n\t\t\t\t<\/div>\n\t\t\t\t\t<\/div>\n\t\t\t\t<\/div>\n\t\t\t\t<\/div>\n\t\t","protected":false},"excerpt":{"rendered":"<p>INGREDIENTES La Glicina: el amino\u00e1cido esencial para tu bienestar \u00d3ptimo \u00bfAlguna vez has visto los maravillosos poderes de la glicina? Este amino\u00e1cido esencial puede ser la clave para desbloquear todo tu potencial de bienestar. Aunque puede que no hayas o\u00eddo hablar de \u00e9l antes, prep\u00e1rate para conocer su impacto profundo en tu salud y vitalidad. &#8230; <a title=\"Glicina\" class=\"read-more\" href=\"https:\/\/magichoney.com\/es\/glicina\/\" aria-label=\"Leer m\u00e1s sobre Glicina\">Leer m\u00e1s<\/a><\/p>\n","protected":false},"author":1,"featured_media":0,"parent":0,"menu_order":0,"comment_status":"closed","ping_status":"closed","template":"elementor_header_footer","meta":{"footnotes":""},"class_list":["post-14742","page","type-page","status-publish"],"_links":{"self":[{"href":"https:\/\/magichoney.com\/es\/wp-json\/wp\/v2\/pages\/14742","targetHints":{"allow":["GET"]}}],"collection":[{"href":"https:\/\/magichoney.com\/es\/wp-json\/wp\/v2\/pages"}],"about":[{"href":"https:\/\/magichoney.com\/es\/wp-json\/wp\/v2\/types\/page"}],"author":[{"embeddable":true,"href":"https:\/\/magichoney.com\/es\/wp-json\/wp\/v2\/users\/1"}],"replies":[{"embeddable":true,"href":"https:\/\/magichoney.com\/es\/wp-json\/wp\/v2\/comments?post=14742"}],"version-history":[{"count":5,"href":"https:\/\/magichoney.com\/es\/wp-json\/wp\/v2\/pages\/14742\/revisions"}],"predecessor-version":[{"id":17224,"href":"https:\/\/magichoney.com\/es\/wp-json\/wp\/v2\/pages\/14742\/revisions\/17224"}],"wp:attachment":[{"href":"https:\/\/magichoney.com\/es\/wp-json\/wp\/v2\/media?parent=14742"}],"curies":[{"name":"wp","href":"https:\/\/api.w.org\/{rel}","templated":true}]}}