{"id":13857,"date":"2023-11-05T15:43:19","date_gmt":"2023-11-05T15:43:19","guid":{"rendered":"https:\/\/magichoney.com\/?page_id=13857"},"modified":"2023-11-20T19:26:54","modified_gmt":"2023-11-20T19:26:54","slug":"sobre-de-mujer","status":"publish","type":"page","link":"https:\/\/magichoney.com\/es\/sobre-de-mujer\/","title":{"rendered":"Sobre de mujer"},"content":{"rendered":"\t\t<div data-elementor-type=\"wp-page\" data-elementor-id=\"13857\" class=\"elementor elementor-13857\" data-elementor-post-type=\"page\">\n\t\t\t\t<div class=\"elementor-element elementor-element-2301008 e-flex e-con-boxed e-con e-parent\" data-id=\"2301008\" data-element_type=\"container\" data-e-type=\"container\" data-settings=\"{&quot;background_background&quot;:&quot;classic&quot;}\">\n\t\t\t\t\t<div class=\"e-con-inner\">\n\t\t\t\t<div class=\"elementor-element elementor-element-54c9e997 elementor-widget elementor-widget-spacer\" data-id=\"54c9e997\" data-element_type=\"widget\" data-e-type=\"widget\" data-widget_type=\"spacer.default\">\n\t\t\t\t<div class=\"elementor-widget-container\">\n\t\t\t\t\t\t\t<div class=\"elementor-spacer\">\n\t\t\t<div class=\"elementor-spacer-inner\"><\/div>\n\t\t<\/div>\n\t\t\t\t\t\t<\/div>\n\t\t\t\t<\/div>\n\t\t\t\t\t<\/div>\n\t\t\t\t<\/div>\n\t\t<div class=\"elementor-element elementor-element-5a72daa5 e-flex e-con-boxed e-con e-parent\" data-id=\"5a72daa5\" data-element_type=\"container\" data-e-type=\"container\" data-settings=\"{&quot;background_background&quot;:&quot;classic&quot;}\">\n\t\t\t\t\t<div class=\"e-con-inner\">\n\t\t<div class=\"elementor-element elementor-element-75a1218f e-con-full e-flex e-con e-child\" data-id=\"75a1218f\" data-element_type=\"container\" data-e-type=\"container\">\n\t\t\t\t<div class=\"elementor-element elementor-element-2539875a elementor-widget-mobile__width-initial elementor-widget elementor-widget-image\" data-id=\"2539875a\" data-element_type=\"widget\" data-e-type=\"widget\" data-widget_type=\"image.default\">\n\t\t\t\t<div class=\"elementor-widget-container\">\n\t\t\t\t\t\t\t\t\t\t\t\t\t\t\t<img fetchpriority=\"high\" decoding=\"async\" width=\"599\" height=\"302\" src=\"https:\/\/magichoney.com\/wp-content\/uploads\/2023\/10\/sachet-mujer.webp\" class=\"attachment-large size-large wp-image-12601\" alt=\"Sachet de mujer\" srcset=\"https:\/\/magichoney.com\/wp-content\/uploads\/2023\/10\/sachet-mujer.webp 599w, https:\/\/magichoney.com\/wp-content\/uploads\/2023\/10\/sachet-mujer-300x151.webp 300w\" sizes=\"(max-width: 599px) 100vw, 599px\" \/>\t\t\t\t\t\t\t\t\t\t\t\t\t\t\t<\/div>\n\t\t\t\t<\/div>\n\t\t\t\t<\/div>\n\t\t<div class=\"elementor-element elementor-element-744c2609 e-con-full e-flex e-con e-child\" data-id=\"744c2609\" data-element_type=\"container\" data-e-type=\"container\">\n\t\t\t\t<div class=\"elementor-element elementor-element-15df6475 elementor-widget-mobile__width-initial elementor-widget elementor-widget-heading\" data-id=\"15df6475\" data-element_type=\"widget\" data-e-type=\"widget\" data-widget_type=\"heading.default\">\n\t\t\t\t<div class=\"elementor-widget-container\">\n\t\t\t\t\t<h1 class=\"elementor-heading-title elementor-size-default\">MAGIC HONEY SOBRE DE MUJER<br>TU DOSIS DE VITALIDAD INSTANT\u00c1NEA<\/h1>\t\t\t\t<\/div>\n\t\t\t\t<\/div>\n\t\t\t\t<div class=\"elementor-element elementor-element-fead3d6 elementor-widget elementor-widget-heading\" data-id=\"fead3d6\" data-element_type=\"widget\" data-e-type=\"widget\" data-widget_type=\"heading.default\">\n\t\t\t\t<div class=\"elementor-widget-container\">\n\t\t\t\t\t<div class=\"elementor-heading-title elementor-size-default\">SOBRE DE 10 GRAMOS<\/div>\t\t\t\t<\/div>\n\t\t\t\t<\/div>\n\t\t\t\t<div class=\"elementor-element elementor-element-6f625b5a elementor-widget-mobile__width-initial elementor-widget elementor-widget-text-editor\" data-id=\"6f625b5a\" data-element_type=\"widget\" data-e-type=\"widget\" data-widget_type=\"text-editor.default\">\n\t\t\t\t<div class=\"elementor-widget-container\">\n\t\t\t\t\t\t\t\t\t<p><span style=\"font-weight: 400;\">El Blister de 1 Sobre de Magic Honey ofrece a las mujeres un impulso instant\u00e1neo de vitalidad y energ\u00eda en momentos clave de sus vidas. Est\u00e1 dise\u00f1ado para brindar ese impulso adicional cuando m\u00e1s se necesita, proporcionando una dosis concentrada de vitalidad y energ\u00eda en un solo sobre. <\/span><\/p>\t\t\t\t\t\t\t\t<\/div>\n\t\t\t\t<\/div>\n\t\t\t\t<div class=\"elementor-element elementor-element-2224b38 elementor-widget-mobile__width-initial elementor-widget elementor-widget-heading\" data-id=\"2224b38\" data-element_type=\"widget\" data-e-type=\"widget\" data-widget_type=\"heading.default\">\n\t\t\t\t<div class=\"elementor-widget-container\">\n\t\t\t\t\t<h2 class=\"elementor-heading-title elementor-size-default\">CARACTER\u00cdSTICAS DE MAGIC HONEY  PARA LA MUJER<\/h2>\t\t\t\t<\/div>\n\t\t\t\t<\/div>\n\t\t\t\t<div class=\"elementor-element elementor-element-516fe278 elementor-widget elementor-widget-text-editor\" data-id=\"516fe278\" data-element_type=\"widget\" data-e-type=\"widget\" data-widget_type=\"text-editor.default\">\n\t\t\t\t<div class=\"elementor-widget-container\">\n\t\t\t\t\t\t\t\t\t<ul><li style=\"font-weight: 400;\" aria-level=\"1\"><span style=\"font-weight: 400;\">Con un sobre tendr\u00e1s toda la energ\u00eda que necesitas para tu d\u00eda.\u00a0<\/span><\/li><li style=\"font-weight: 400;\" aria-level=\"1\"><span style=\"font-weight: 400;\">F\u00e1cil de llevar.\u00a0<\/span><\/li><li style=\"font-weight: 400;\" aria-level=\"1\"><span style=\"font-weight: 400;\">Perfecto para encuentro de pasi\u00f3n, sorpresas o para entrenamientos de alta intensidad.\u00a0<\/span><\/li><li style=\"font-weight: 400;\" aria-level=\"1\"><span style=\"font-weight: 400;\">Recuerda que la miel para la mujer es energ\u00eda para tu d\u00eda a d\u00eda. <\/span><\/li><\/ul>\t\t\t\t\t\t\t\t<\/div>\n\t\t\t\t<\/div>\n\t\t\t\t<\/div>\n\t\t\t\t\t<\/div>\n\t\t\t\t<\/div>\n\t\t<div class=\"elementor-element elementor-element-349d6272 e-flex e-con-boxed e-con e-parent\" data-id=\"349d6272\" data-element_type=\"container\" data-e-type=\"container\" data-settings=\"{&quot;background_background&quot;:&quot;classic&quot;}\">\n\t\t\t\t\t<div class=\"e-con-inner\">\n\t\t\t\t<div class=\"elementor-element elementor-element-69981930 elementor-widget-mobile__width-initial elementor-widget elementor-widget-heading\" data-id=\"69981930\" data-element_type=\"widget\" data-e-type=\"widget\" data-widget_type=\"heading.default\">\n\t\t\t\t<div class=\"elementor-widget-container\">\n\t\t\t\t\t<h2 class=\"elementor-heading-title elementor-size-default\">DISFRUTA DE LOS BENEFICIOS DE UNA DOSIS INST\u00c1NTANEA <\/h2>\t\t\t\t<\/div>\n\t\t\t\t<\/div>\n\t\t\t\t<div class=\"elementor-element elementor-element-55eeacf6 elementor-widget-mobile__width-initial elementor-widget elementor-widget-text-editor\" data-id=\"55eeacf6\" data-element_type=\"widget\" data-e-type=\"widget\" data-widget_type=\"text-editor.default\">\n\t\t\t\t<div class=\"elementor-widget-container\">\n\t\t\t\t\t\t\t\t\t<p><span style=\"font-weight: 400;\">La nueva f\u00f3rmula para la mujer de magic Honey te da la energ\u00eda necesaria para afrontar cada obst\u00e1culo en tu d\u00eda a d\u00eda.\u00a0<\/span><\/p>\t\t\t\t\t\t\t\t<\/div>\n\t\t\t\t<\/div>\n\t\t\t\t<div class=\"elementor-element elementor-element-491b89f3 elementor-widget elementor-widget-heading\" data-id=\"491b89f3\" data-element_type=\"widget\" data-e-type=\"widget\" data-widget_type=\"heading.default\">\n\t\t\t\t<div class=\"elementor-widget-container\">\n\t\t\t\t\t<h3 class=\"elementor-heading-title elementor-size-default\">ENERG\u00cdA INMEDIATA<\/h3>\t\t\t\t<\/div>\n\t\t\t\t<\/div>\n\t\t\t\t<div class=\"elementor-element elementor-element-3d946c2d elementor-widget-mobile__width-initial elementor-widget elementor-widget-text-editor\" data-id=\"3d946c2d\" data-element_type=\"widget\" data-e-type=\"widget\" data-widget_type=\"text-editor.default\">\n\t\t\t\t<div class=\"elementor-widget-container\">\n\t\t\t\t\t\t\t\t\t<p><span style=\"font-weight: 400;\">Con su f\u00f3rmula \u00fanica y poderosa, Magic Honey es tu aliado confiable para recargar tu energ\u00eda y enfrentar los desaf\u00edos diarios con renovada determinaci\u00f3n. Con un solo sobre, puedes tener energ\u00eda para todo un d\u00eda.\u00a0<\/span><\/p>\t\t\t\t\t\t\t\t<\/div>\n\t\t\t\t<\/div>\n\t\t\t\t<div class=\"elementor-element elementor-element-d4c1a9d elementor-widget-mobile__width-initial elementor-widget elementor-widget-heading\" data-id=\"d4c1a9d\" data-element_type=\"widget\" data-e-type=\"widget\" data-widget_type=\"heading.default\">\n\t\t\t\t<div class=\"elementor-widget-container\">\n\t\t\t\t\t<h3 class=\"elementor-heading-title elementor-size-default\">MAYOR RESISTENCIA<\/h3>\t\t\t\t<\/div>\n\t\t\t\t<\/div>\n\t\t\t\t<div class=\"elementor-element elementor-element-73ff365 elementor-widget-mobile__width-initial elementor-widget elementor-widget-text-editor\" data-id=\"73ff365\" data-element_type=\"widget\" data-e-type=\"widget\" data-widget_type=\"text-editor.default\">\n\t\t\t\t<div class=\"elementor-widget-container\">\n\t\t\t\t\t\t\t\t\t<p><span style=\"font-weight: 400;\">Los amino\u00e1cidos esenciales L-Glicina y L-Arginina son tus aliados para obtener una resistencia adicional en tu d\u00eda a d\u00eda. Estos nutrientes clave te brindan el apoyo necesario para mantener un ritmo constante en tus entrenamientos de alta intensidad o en esos encuentros \u00edntimos.\u00a0\u00a0<\/span><\/p>\t\t\t\t\t\t\t\t<\/div>\n\t\t\t\t<\/div>\n\t\t\t\t<div class=\"elementor-element elementor-element-72c431ad elementor-widget elementor-widget-heading\" data-id=\"72c431ad\" data-element_type=\"widget\" data-e-type=\"widget\" data-widget_type=\"heading.default\">\n\t\t\t\t<div class=\"elementor-widget-container\">\n\t\t\t\t\t<h3 class=\"elementor-heading-title elementor-size-default\">CLARIDAD MENTAL<\/h3>\t\t\t\t<\/div>\n\t\t\t\t<\/div>\n\t\t\t\t<div class=\"elementor-element elementor-element-694bc425 elementor-widget-mobile__width-initial elementor-widget elementor-widget-text-editor\" data-id=\"694bc425\" data-element_type=\"widget\" data-e-type=\"widget\" data-widget_type=\"text-editor.default\">\n\t\t\t\t<div class=\"elementor-widget-container\">\n\t\t\t\t\t\t\t\t\t<p><span style=\"font-weight: 400;\">La mente despejada es un gran factor para el rendimiento, la combinaci\u00f3n de vitaminas del complejo B, como la B3 y la B9, te mantendr\u00e1 enfocada y alerta. Esto es esencial para abordar cualquier tarea con confianza y eficacia.<\/span><\/p>\t\t\t\t\t\t\t\t<\/div>\n\t\t\t\t<\/div>\n\t\t\t\t<div class=\"elementor-element elementor-element-7b741b3f elementor-widget elementor-widget-heading\" data-id=\"7b741b3f\" data-element_type=\"widget\" data-e-type=\"widget\" data-widget_type=\"heading.default\">\n\t\t\t\t<div class=\"elementor-widget-container\">\n\t\t\t\t\t<h3 class=\"elementor-heading-title elementor-size-default\">COMODIDAD PORT\u00c1TIL<\/h3>\t\t\t\t<\/div>\n\t\t\t\t<\/div>\n\t\t\t\t<div class=\"elementor-element elementor-element-7bf32c62 elementor-widget-mobile__width-initial elementor-widget elementor-widget-text-editor\" data-id=\"7bf32c62\" data-element_type=\"widget\" data-e-type=\"widget\" data-widget_type=\"text-editor.default\">\n\t\t\t\t<div class=\"elementor-widget-container\">\n\t\t\t\t\t\t\t\t\t<p><span style=\"font-weight: 400;\">El blister de 1 sobre es compacto y f\u00e1cil de llevar contigo. Puedes guardarlo en tu bolso, mochila o incluso en tu bolsillo para tenerlo a mano siempre que lo necesites.<\/span><\/p>\t\t\t\t\t\t\t\t<\/div>\n\t\t\t\t<\/div>\n\t\t\t\t\t<\/div>\n\t\t\t\t<\/div>\n\t\t<div class=\"elementor-element elementor-element-4261ff39 e-flex e-con-boxed e-con e-parent\" data-id=\"4261ff39\" data-element_type=\"container\" data-e-type=\"container\" data-settings=\"{&quot;background_background&quot;:&quot;classic&quot;}\">\n\t\t\t\t\t<div class=\"e-con-inner\">\n\t\t\t\t<div class=\"elementor-element elementor-element-2a9caaaf elementor-widget-tablet__width-initial elementor-widget elementor-widget-heading\" data-id=\"2a9caaaf\" data-element_type=\"widget\" data-e-type=\"widget\" data-widget_type=\"heading.default\">\n\t\t\t\t<div class=\"elementor-widget-container\">\n\t\t\t\t\t<div class=\"elementor-heading-title elementor-size-default\">PREP\u00c1RATE PARA CONQUISTAR<\/div>\t\t\t\t<\/div>\n\t\t\t\t<\/div>\n\t\t\t\t<div class=\"elementor-element elementor-element-25666463 elementor-widget-mobile__width-initial elementor-widget elementor-widget-text-editor\" data-id=\"25666463\" data-element_type=\"widget\" data-e-type=\"widget\" data-widget_type=\"text-editor.default\">\n\t\t\t\t<div class=\"elementor-widget-container\">\n\t\t\t\t\t\t\t\t\t<p><strong>CADA D\u00cdA CON UN IMPULSO DE VITALIDAD DE MAGIC HONEY<\/strong><\/p>\t\t\t\t\t\t\t\t<\/div>\n\t\t\t\t<\/div>\n\t\t\t\t<div class=\"elementor-element elementor-element-4e2eaac5 elementor-align-left elementor-mobile-align-left elementor-widget-mobile__width-initial elementor-widget elementor-widget-button\" data-id=\"4e2eaac5\" data-element_type=\"widget\" data-e-type=\"widget\" data-widget_type=\"button.default\">\n\t\t\t\t<div class=\"elementor-widget-container\">\n\t\t\t\t\t\t\t\t\t<div class=\"elementor-button-wrapper\">\n\t\t\t\t\t<a class=\"elementor-button elementor-button-link elementor-size-md elementor-animation-grow\" href=\"https:\/\/magichoney.com\/es\/tienda\/\">\n\t\t\t\t\t\t<span class=\"elementor-button-content-wrapper\">\n\t\t\t\t\t\t\t\t\t<span class=\"elementor-button-text\">VISITAR TIENDA<\/span>\n\t\t\t\t\t<\/span>\n\t\t\t\t\t<\/a>\n\t\t\t\t<\/div>\n\t\t\t\t\t\t\t\t<\/div>\n\t\t\t\t<\/div>\n\t\t\t\t\t<\/div>\n\t\t\t\t<\/div>\n\t\t\t\t<\/div>\n\t\t","protected":false},"excerpt":{"rendered":"<p>MAGIC HONEY SOBRE DE MUJER TU DOSIS DE VITALIDAD INSTANT\u00c1NEA SOBRE DE 10 GRAMOS El Blister de 1 Sobre de Magic Honey ofrece a las mujeres un impulso instant\u00e1neo de vitalidad y energ\u00eda en momentos clave de sus vidas. Est\u00e1 dise\u00f1ado para brindar ese impulso adicional cuando m\u00e1s se necesita, proporcionando una dosis concentrada de &#8230; <a title=\"Sobre de mujer\" class=\"read-more\" href=\"https:\/\/magichoney.com\/es\/sobre-de-mujer\/\" aria-label=\"Leer m\u00e1s sobre Sobre de mujer\">Leer m\u00e1s<\/a><\/p>\n","protected":false},"author":1,"featured_media":0,"parent":0,"menu_order":0,"comment_status":"closed","ping_status":"closed","template":"elementor_header_footer","meta":{"footnotes":""},"class_list":["post-13857","page","type-page","status-publish"],"_links":{"self":[{"href":"https:\/\/magichoney.com\/es\/wp-json\/wp\/v2\/pages\/13857","targetHints":{"allow":["GET"]}}],"collection":[{"href":"https:\/\/magichoney.com\/es\/wp-json\/wp\/v2\/pages"}],"about":[{"href":"https:\/\/magichoney.com\/es\/wp-json\/wp\/v2\/types\/page"}],"author":[{"embeddable":true,"href":"https:\/\/magichoney.com\/es\/wp-json\/wp\/v2\/users\/1"}],"replies":[{"embeddable":true,"href":"https:\/\/magichoney.com\/es\/wp-json\/wp\/v2\/comments?post=13857"}],"version-history":[{"count":5,"href":"https:\/\/magichoney.com\/es\/wp-json\/wp\/v2\/pages\/13857\/revisions"}],"predecessor-version":[{"id":16233,"href":"https:\/\/magichoney.com\/es\/wp-json\/wp\/v2\/pages\/13857\/revisions\/16233"}],"wp:attachment":[{"href":"https:\/\/magichoney.com\/es\/wp-json\/wp\/v2\/media?parent=13857"}],"curies":[{"name":"wp","href":"https:\/\/api.w.org\/{rel}","templated":true}]}}