{"id":13847,"date":"2023-11-05T15:39:27","date_gmt":"2023-11-05T15:39:27","guid":{"rendered":"https:\/\/magichoney.com\/?page_id=13847"},"modified":"2023-11-20T20:34:27","modified_gmt":"2023-11-20T20:34:27","slug":"sobre-de-hombre","status":"publish","type":"page","link":"https:\/\/magichoney.com\/es\/sobre-de-hombre\/","title":{"rendered":"Sobre de Hombre"},"content":{"rendered":"\t\t<div data-elementor-type=\"wp-page\" data-elementor-id=\"13847\" class=\"elementor elementor-13847\" data-elementor-post-type=\"page\">\n\t\t\t\t<div class=\"elementor-element elementor-element-190f51db e-flex e-con-boxed e-con e-parent\" data-id=\"190f51db\" data-element_type=\"container\" data-e-type=\"container\" data-settings=\"{&quot;background_background&quot;:&quot;classic&quot;}\">\n\t\t\t\t\t<div class=\"e-con-inner\">\n\t\t<div class=\"elementor-element elementor-element-1ecdee66 e-flex e-con-boxed e-con e-child\" data-id=\"1ecdee66\" data-element_type=\"container\" data-e-type=\"container\" data-settings=\"{&quot;background_background&quot;:&quot;classic&quot;}\">\n\t\t\t\t\t<div class=\"e-con-inner\">\n\t\t\t\t<div class=\"elementor-element elementor-element-4c412548 elementor-widget elementor-widget-spacer\" data-id=\"4c412548\" data-element_type=\"widget\" data-e-type=\"widget\" data-widget_type=\"spacer.default\">\n\t\t\t\t<div class=\"elementor-widget-container\">\n\t\t\t\t\t\t\t<div class=\"elementor-spacer\">\n\t\t\t<div class=\"elementor-spacer-inner\"><\/div>\n\t\t<\/div>\n\t\t\t\t\t\t<\/div>\n\t\t\t\t<\/div>\n\t\t\t\t\t<\/div>\n\t\t\t\t<\/div>\n\t\t\t\t\t<\/div>\n\t\t\t\t<\/div>\n\t\t<div class=\"elementor-element elementor-element-64127d41 e-flex e-con-boxed e-con e-parent\" data-id=\"64127d41\" data-element_type=\"container\" data-e-type=\"container\" data-settings=\"{&quot;background_background&quot;:&quot;classic&quot;}\">\n\t\t\t\t\t<div class=\"e-con-inner\">\n\t\t<div class=\"elementor-element elementor-element-2ff5f692 e-flex e-con-boxed e-con e-child\" data-id=\"2ff5f692\" data-element_type=\"container\" data-e-type=\"container\" data-settings=\"{&quot;background_background&quot;:&quot;classic&quot;}\">\n\t\t\t\t\t<div class=\"e-con-inner\">\n\t\t<div class=\"elementor-element elementor-element-339f9cdb e-con-full e-flex e-con e-child\" data-id=\"339f9cdb\" data-element_type=\"container\" data-e-type=\"container\">\n\t\t\t\t<div class=\"elementor-element elementor-element-7608e957 elementor-widget-mobile__width-initial elementor-widget elementor-widget-image\" data-id=\"7608e957\" data-element_type=\"widget\" data-e-type=\"widget\" data-widget_type=\"image.default\">\n\t\t\t\t<div class=\"elementor-widget-container\">\n\t\t\t\t\t\t\t\t\t\t\t\t\t\t\t<img fetchpriority=\"high\" decoding=\"async\" width=\"600\" height=\"289\" src=\"https:\/\/magichoney.com\/wp-content\/uploads\/2023\/10\/sachet-hombre.webp\" class=\"attachment-large size-large wp-image-12604\" alt=\"Sachet de hombre\" srcset=\"https:\/\/magichoney.com\/wp-content\/uploads\/2023\/10\/sachet-hombre.webp 600w, https:\/\/magichoney.com\/wp-content\/uploads\/2023\/10\/sachet-hombre-300x145.webp 300w\" sizes=\"(max-width: 600px) 100vw, 600px\" \/>\t\t\t\t\t\t\t\t\t\t\t\t\t\t\t<\/div>\n\t\t\t\t<\/div>\n\t\t\t\t<\/div>\n\t\t<div class=\"elementor-element elementor-element-1c16510 e-con-full e-flex e-con e-child\" data-id=\"1c16510\" data-element_type=\"container\" data-e-type=\"container\">\n\t\t\t\t<div class=\"elementor-element elementor-element-afb47b5 elementor-widget-mobile__width-initial elementor-widget elementor-widget-heading\" data-id=\"afb47b5\" data-element_type=\"widget\" data-e-type=\"widget\" data-widget_type=\"heading.default\">\n\t\t\t\t<div class=\"elementor-widget-container\">\n\t\t\t\t\t<h1 class=\"elementor-heading-title elementor-size-default\">TU SOCIO SECRETO PARA NOCHES DE FIESTA Y PASI\u00d3N INOLVIDABLES MAGIC HONEY SOBRE DE HOMBRE<\/h1>\t\t\t\t<\/div>\n\t\t\t\t<\/div>\n\t\t\t\t<div class=\"elementor-element elementor-element-4ffa7ac1 elementor-widget elementor-widget-heading\" data-id=\"4ffa7ac1\" data-element_type=\"widget\" data-e-type=\"widget\" data-widget_type=\"heading.default\">\n\t\t\t\t<div class=\"elementor-widget-container\">\n\t\t\t\t\t<div class=\"elementor-heading-title elementor-size-default\">SOBRE DE 10 GRAMOS<\/div>\t\t\t\t<\/div>\n\t\t\t\t<\/div>\n\t\t\t\t<div class=\"elementor-element elementor-element-430a2f25 elementor-widget elementor-widget-text-editor\" data-id=\"430a2f25\" data-element_type=\"widget\" data-e-type=\"widget\" data-widget_type=\"text-editor.default\">\n\t\t\t\t<div class=\"elementor-widget-container\">\n\t\t\t\t\t\t\t\t\t<p><span style=\"font-weight: 400;\">Si est\u00e1s planeando una noche de fiesta y pasi\u00f3n llena de energ\u00eda, Magic Honey en su presentaci\u00f3n de blister de 1 sobre es tu aliado secreto. <\/span><\/p>\t\t\t\t\t\t\t\t<\/div>\n\t\t\t\t<\/div>\n\t\t\t\t<div class=\"elementor-element elementor-element-4584d81d elementor-widget-mobile__width-initial elementor-widget elementor-widget-heading\" data-id=\"4584d81d\" data-element_type=\"widget\" data-e-type=\"widget\" data-widget_type=\"heading.default\">\n\t\t\t\t<div class=\"elementor-widget-container\">\n\t\t\t\t\t<h2 class=\"elementor-heading-title elementor-size-default\">CARACTER\u00cdSTICAS DEL SOBRE DE HOMBRE<\/h2>\t\t\t\t<\/div>\n\t\t\t\t<\/div>\n\t\t\t\t<div class=\"elementor-element elementor-element-2527500 elementor-widget-mobile__width-initial elementor-widget elementor-widget-text-editor\" data-id=\"2527500\" data-element_type=\"widget\" data-e-type=\"widget\" data-widget_type=\"text-editor.default\">\n\t\t\t\t<div class=\"elementor-widget-container\">\n\t\t\t\t\t\t\t\t\t<ul><li style=\"font-weight: 400;\" aria-level=\"1\"><span style=\"font-weight: 400;\">El sobre de 1 te permite llevarlo a donde sea y aumentar tu rendimiento en cualquier momento.\u00a0<\/span><\/li><li style=\"font-weight: 400;\" aria-level=\"1\"><span style=\"font-weight: 400;\">Mantiene su efecto de 24 horas.\u00a0<\/span><\/li><li style=\"font-weight: 400;\" aria-level=\"1\"><span style=\"font-weight: 400;\">Ideal para momentos de diversi\u00f3n y noches incre\u00edbles. <\/span><\/li><\/ul>\t\t\t\t\t\t\t\t<\/div>\n\t\t\t\t<\/div>\n\t\t\t\t<\/div>\n\t\t\t\t\t<\/div>\n\t\t\t\t<\/div>\n\t\t\t\t\t<\/div>\n\t\t\t\t<\/div>\n\t\t<div class=\"elementor-element elementor-element-1b44cea8 e-flex e-con-boxed e-con e-parent\" data-id=\"1b44cea8\" data-element_type=\"container\" data-e-type=\"container\" data-settings=\"{&quot;background_background&quot;:&quot;classic&quot;}\">\n\t\t\t\t\t<div class=\"e-con-inner\">\n\t\t<div class=\"elementor-element elementor-element-1e1afe9a e-flex e-con-boxed e-con e-child\" data-id=\"1e1afe9a\" data-element_type=\"container\" data-e-type=\"container\" data-settings=\"{&quot;background_background&quot;:&quot;classic&quot;}\">\n\t\t\t\t\t<div class=\"e-con-inner\">\n\t\t\t\t<div class=\"elementor-element elementor-element-402fd2df elementor-widget elementor-widget-heading\" data-id=\"402fd2df\" data-element_type=\"widget\" data-e-type=\"widget\" data-widget_type=\"heading.default\">\n\t\t\t\t<div class=\"elementor-widget-container\">\n\t\t\t\t\t<h2 class=\"elementor-heading-title elementor-size-default\">ELEVA LA PASI\u00d3N CON LOS BENEFICIOS DEL BLISTER DE 1 HOMBRE <\/h2>\t\t\t\t<\/div>\n\t\t\t\t<\/div>\n\t\t\t\t<div class=\"elementor-element elementor-element-787d1f2a elementor-widget-mobile__width-initial elementor-widget elementor-widget-text-editor\" data-id=\"787d1f2a\" data-element_type=\"widget\" data-e-type=\"widget\" data-widget_type=\"text-editor.default\">\n\t\t\t\t<div class=\"elementor-widget-container\">\n\t\t\t\t\t\t\t\t\t<p><span style=\"font-weight: 400;\">Conoce los beneficios que conseguir\u00e1s al tomar Magic Honey en tus noches de aventura:\u00a0<\/span><\/p>\t\t\t\t\t\t\t\t<\/div>\n\t\t\t\t<\/div>\n\t\t\t\t<div class=\"elementor-element elementor-element-67d6c153 elementor-widget elementor-widget-heading\" data-id=\"67d6c153\" data-element_type=\"widget\" data-e-type=\"widget\" data-widget_type=\"heading.default\">\n\t\t\t\t<div class=\"elementor-widget-container\">\n\t\t\t\t\t<h3 class=\"elementor-heading-title elementor-size-default\">DESPIERTA TU ENERG\u00cdA INTERIOR<\/h3>\t\t\t\t<\/div>\n\t\t\t\t<\/div>\n\t\t\t\t<div class=\"elementor-element elementor-element-33080895 elementor-widget-mobile__width-initial elementor-widget elementor-widget-text-editor\" data-id=\"33080895\" data-element_type=\"widget\" data-e-type=\"widget\" data-widget_type=\"text-editor.default\">\n\t\t\t\t<div class=\"elementor-widget-container\">\n\t\t\t\t\t\t\t\t\t<p><span style=\"font-weight: 400;\">Cada sobre de <\/span><b>miel para hombre<\/b><span style=\"font-weight: 400;\"> es una fuente de energ\u00eda concentrada que te prepara para una noche llena de diversi\u00f3n. Ya sea que la fiesta se extienda hasta altas horas de la madrugada o que te exijas al m\u00e1ximo en la intimidad, Magic Honey te garantiza una <\/span><b>vitalidad sin l\u00edmites<\/b><span style=\"font-weight: 400;\"> que te acompa\u00f1ar\u00e1 durante toda la velada.<\/span><\/p>\t\t\t\t\t\t\t\t<\/div>\n\t\t\t\t<\/div>\n\t\t\t\t<div class=\"elementor-element elementor-element-7610b47d elementor-widget-mobile__width-initial elementor-widget elementor-widget-heading\" data-id=\"7610b47d\" data-element_type=\"widget\" data-e-type=\"widget\" data-widget_type=\"heading.default\">\n\t\t\t\t<div class=\"elementor-widget-container\">\n\t\t\t\t\t<h3 class=\"elementor-heading-title elementor-size-default\">ALCANZA UNA RESISTENCIA SIN IGUAL<\/h3>\t\t\t\t<\/div>\n\t\t\t\t<\/div>\n\t\t\t\t<div class=\"elementor-element elementor-element-447d445 elementor-widget-mobile__width-initial elementor-widget elementor-widget-text-editor\" data-id=\"447d445\" data-element_type=\"widget\" data-e-type=\"widget\" data-widget_type=\"text-editor.default\">\n\t\t\t\t<div class=\"elementor-widget-container\">\n\t\t\t\t\t\t\t\t\t<p><span style=\"font-weight: 400;\">La sinergia perfecta de amino\u00e1cidos como la L-Glicina y la L-Arginina, dise\u00f1ada para potenciar tu resistencia y vitalidad. Con esta poderosa combinaci\u00f3n, estar\u00e1s preparado para enfrentar cualquier desaf\u00edo con un vigor renovado y una resistencia duradera.\u00a0<\/span><\/p>\t\t\t\t\t\t\t\t<\/div>\n\t\t\t\t<\/div>\n\t\t\t\t<div class=\"elementor-element elementor-element-43f1a82c elementor-widget elementor-widget-heading\" data-id=\"43f1a82c\" data-element_type=\"widget\" data-e-type=\"widget\" data-widget_type=\"heading.default\">\n\t\t\t\t<div class=\"elementor-widget-container\">\n\t\t\t\t\t<h3 class=\"elementor-heading-title elementor-size-default\">VIVE UNA EXPERIENCIA INTENSA<\/h3>\t\t\t\t<\/div>\n\t\t\t\t<\/div>\n\t\t\t\t<div class=\"elementor-element elementor-element-1dcd9f36 elementor-widget-mobile__width-initial elementor-widget elementor-widget-text-editor\" data-id=\"1dcd9f36\" data-element_type=\"widget\" data-e-type=\"widget\" data-widget_type=\"text-editor.default\">\n\t\t\t\t<div class=\"elementor-widget-container\">\n\t\t\t\t\t\t\t\t\t<p><span style=\"font-weight: 400;\">Uno de los componentes clave de Magic Honey, la L-Arginina, ha demostrado beneficios significativos en la funci\u00f3n er\u00e9ctil, lo que puede conducir a una experiencia m\u00e1s satisfactoria y placentera.\u00a0<\/span><\/p>\t\t\t\t\t\t\t\t<\/div>\n\t\t\t\t<\/div>\n\t\t\t\t<div class=\"elementor-element elementor-element-498f2cf8 elementor-widget elementor-widget-heading\" data-id=\"498f2cf8\" data-element_type=\"widget\" data-e-type=\"widget\" data-widget_type=\"heading.default\">\n\t\t\t\t<div class=\"elementor-widget-container\">\n\t\t\t\t\t<h3 class=\"elementor-heading-title elementor-size-default\">CLARIDAD MENTAL<\/h3>\t\t\t\t<\/div>\n\t\t\t\t<\/div>\n\t\t\t\t<div class=\"elementor-element elementor-element-7666c00e elementor-widget-mobile__width-initial elementor-widget elementor-widget-text-editor\" data-id=\"7666c00e\" data-element_type=\"widget\" data-e-type=\"widget\" data-widget_type=\"text-editor.default\">\n\t\t\t\t<div class=\"elementor-widget-container\">\n\t\t\t\t\t\t\t\t\t<p><span style=\"font-weight: 400;\">No dejes que nada te distraiga de la diversi\u00f3n. Magic Honey con vitaminas del complejo B como la B6 y la B12 te brinda la energ\u00eda y claridad mental que necesitas para mantenerte enfocado y alerta durante toda la fiesta. As\u00ed podr\u00e1s disfrutar plenamente sin perderte ni un solo detalle.<\/span><\/p>\t\t\t\t\t\t\t\t<\/div>\n\t\t\t\t<\/div>\n\t\t\t\t<div class=\"elementor-element elementor-element-87975db elementor-widget elementor-widget-heading\" data-id=\"87975db\" data-element_type=\"widget\" data-e-type=\"widget\" data-widget_type=\"heading.default\">\n\t\t\t\t<div class=\"elementor-widget-container\">\n\t\t\t\t\t<h3 class=\"elementor-heading-title elementor-size-default\">ELEVA TU BIENESTAR<\/h3>\t\t\t\t<\/div>\n\t\t\t\t<\/div>\n\t\t\t\t<div class=\"elementor-element elementor-element-158c3838 elementor-widget-mobile__width-initial elementor-widget elementor-widget-text-editor\" data-id=\"158c3838\" data-element_type=\"widget\" data-e-type=\"widget\" data-widget_type=\"text-editor.default\">\n\t\t\t\t<div class=\"elementor-widget-container\">\n\t\t\t\t\t\t\t\t\t<p><span style=\"font-weight: 400;\">Con Magic Honey, te sentir\u00e1s revitalizado y lleno de energ\u00eda, listo para disfrutar al m\u00e1ximo cada momento y sacar el m\u00e1ximo provecho de tus experiencias.<\/span><\/p>\t\t\t\t\t\t\t\t<\/div>\n\t\t\t\t<\/div>\n\t\t\t\t<div class=\"elementor-element elementor-element-3467528e elementor-widget__width-initial elementor-widget elementor-widget-heading\" data-id=\"3467528e\" data-element_type=\"widget\" data-e-type=\"widget\" data-widget_type=\"heading.default\">\n\t\t\t\t<div class=\"elementor-widget-container\">\n\t\t\t\t\t<h2 class=\"elementor-heading-title elementor-size-default\">CONOCE EL SECRETO DE LA MIEL PARA HOMBRES<\/h2>\t\t\t\t<\/div>\n\t\t\t\t<\/div>\n\t\t\t\t<div class=\"elementor-element elementor-element-139bdfbb elementor-widget-mobile__width-initial elementor-widget elementor-widget-text-editor\" data-id=\"139bdfbb\" data-element_type=\"widget\" data-e-type=\"widget\" data-widget_type=\"text-editor.default\">\n\t\t\t\t<div class=\"elementor-widget-container\">\n\t\t\t\t\t\t\t\t\t<p><span style=\"font-weight: 400;\">Si quieres saber m\u00e1s de los beneficios individuales de cada ingrediente, te invitamos a conocerlo a profundidad:\u00a0<\/span><\/p>\t\t\t\t\t\t\t\t<\/div>\n\t\t\t\t<\/div>\n\t\t\t\t\t<\/div>\n\t\t\t\t<\/div>\n\t\t\t\t\t<\/div>\n\t\t\t\t<\/div>\n\t\t<div class=\"elementor-element elementor-element-2e0cd8dc e-flex e-con-boxed e-con e-parent\" data-id=\"2e0cd8dc\" data-element_type=\"container\" data-e-type=\"container\" data-settings=\"{&quot;background_background&quot;:&quot;classic&quot;}\">\n\t\t\t\t\t<div class=\"e-con-inner\">\n\t\t<div class=\"elementor-element elementor-element-2f748e65 e-con-full e-flex elementor-invisible e-con e-child\" data-id=\"2f748e65\" data-element_type=\"container\" data-e-type=\"container\" data-settings=\"{&quot;background_background&quot;:&quot;classic&quot;,&quot;animation&quot;:&quot;pulse&quot;}\">\n\t\t\t\t<div class=\"elementor-element elementor-element-5dcbf234 elementor-widget__width-inherit elementor-widget elementor-widget-heading\" data-id=\"5dcbf234\" data-element_type=\"widget\" data-e-type=\"widget\" data-widget_type=\"heading.default\">\n\t\t\t\t<div class=\"elementor-widget-container\">\n\t\t\t\t\t<h2 class=\"elementor-heading-title elementor-size-default\"><a href=\"https:\/\/magichoney.com\/es\/vitamina-b\/\">VITAMINA B6<\/a><\/h2>\t\t\t\t<\/div>\n\t\t\t\t<\/div>\n\t\t\t\t<\/div>\n\t\t<div class=\"elementor-element elementor-element-1611e5b4 e-con-full e-flex elementor-invisible e-con e-child\" data-id=\"1611e5b4\" data-element_type=\"container\" data-e-type=\"container\" data-settings=\"{&quot;background_background&quot;:&quot;classic&quot;,&quot;animation&quot;:&quot;pulse&quot;}\">\n\t\t\t\t<div class=\"elementor-element elementor-element-53842970 elementor-widget__width-inherit elementor-widget elementor-widget-heading\" data-id=\"53842970\" data-element_type=\"widget\" data-e-type=\"widget\" data-widget_type=\"heading.default\">\n\t\t\t\t<div class=\"elementor-widget-container\">\n\t\t\t\t\t<h2 class=\"elementor-heading-title elementor-size-default\"><a href=\"https:\/\/magichoney.com\/es\/arginina\/\">ARGININA<\/a><\/h2>\t\t\t\t<\/div>\n\t\t\t\t<\/div>\n\t\t\t\t<\/div>\n\t\t<div class=\"elementor-element elementor-element-69be08b e-con-full e-flex elementor-invisible e-con e-child\" data-id=\"69be08b\" data-element_type=\"container\" data-e-type=\"container\" data-settings=\"{&quot;background_background&quot;:&quot;classic&quot;,&quot;animation&quot;:&quot;pulse&quot;}\">\n\t\t\t\t<div class=\"elementor-element elementor-element-6b6475a4 elementor-widget__width-inherit elementor-widget elementor-widget-heading\" data-id=\"6b6475a4\" data-element_type=\"widget\" data-e-type=\"widget\" data-widget_type=\"heading.default\">\n\t\t\t\t<div class=\"elementor-widget-container\">\n\t\t\t\t\t<h2 class=\"elementor-heading-title elementor-size-default\"><a href=\"https:\/\/magichoney.com\/es\/glicina\/\">GLICINA<\/a><\/h2>\t\t\t\t<\/div>\n\t\t\t\t<\/div>\n\t\t\t\t<\/div>\n\t\t<div class=\"elementor-element elementor-element-3e91beda e-con-full e-flex elementor-invisible e-con e-child\" data-id=\"3e91beda\" data-element_type=\"container\" data-e-type=\"container\" data-settings=\"{&quot;background_background&quot;:&quot;classic&quot;,&quot;animation&quot;:&quot;pulse&quot;}\">\n\t\t\t\t<div class=\"elementor-element elementor-element-6a516d68 elementor-widget__width-inherit elementor-widget elementor-widget-heading\" data-id=\"6a516d68\" data-element_type=\"widget\" data-e-type=\"widget\" data-widget_type=\"heading.default\">\n\t\t\t\t<div class=\"elementor-widget-container\">\n\t\t\t\t\t<h2 class=\"elementor-heading-title elementor-size-default\"><a href=\"https:\/\/magichoney.com\/es\/vitamina-b\/\">VITAMINA B12<\/a><\/h2>\t\t\t\t<\/div>\n\t\t\t\t<\/div>\n\t\t\t\t<\/div>\n\t\t\t\t\t<\/div>\n\t\t\t\t<\/div>\n\t\t<div class=\"elementor-element elementor-element-40ed8c67 e-flex e-con-boxed e-con e-parent\" data-id=\"40ed8c67\" data-element_type=\"container\" data-e-type=\"container\" data-settings=\"{&quot;background_background&quot;:&quot;classic&quot;}\">\n\t\t\t\t\t<div class=\"e-con-inner\">\n\t\t\t\t<div class=\"elementor-element elementor-element-7f7b8658 elementor-widget-mobile__width-initial elementor-widget elementor-widget-text-editor\" data-id=\"7f7b8658\" data-element_type=\"widget\" data-e-type=\"widget\" data-widget_type=\"text-editor.default\">\n\t\t\t\t<div class=\"elementor-widget-container\">\n\t\t\t\t\t\t\t\t\t<p><span style=\"font-weight: 400;\">El blister de 1 sobre de Magic Honey es tu socio secreto para una noche inolvidable llena de energ\u00eda y pasi\u00f3n. Ya sea que est\u00e9s planeando una cita rom\u00e1ntica, una fiesta con amigos o una noche de diversi\u00f3n \u00edntima, Magic Honey te proporciona el impulso de energ\u00eda necesario para hacer que esta ocasi\u00f3n sea especial.\u00a0<\/span><\/p>\t\t\t\t\t\t\t\t<\/div>\n\t\t\t\t<\/div>\n\t\t\t\t\t<\/div>\n\t\t\t\t<\/div>\n\t\t<div class=\"elementor-element elementor-element-62e427ca e-flex e-con-boxed e-con e-parent\" data-id=\"62e427ca\" data-element_type=\"container\" data-e-type=\"container\" data-settings=\"{&quot;background_background&quot;:&quot;classic&quot;}\">\n\t\t\t\t\t<div class=\"e-con-inner\">\n\t\t\t\t<div class=\"elementor-element elementor-element-2f19f546 elementor-widget-tablet__width-initial elementor-widget__width-initial elementor-widget elementor-widget-heading\" data-id=\"2f19f546\" data-element_type=\"widget\" data-e-type=\"widget\" data-widget_type=\"heading.default\">\n\t\t\t\t<div class=\"elementor-widget-container\">\n\t\t\t\t\t<div class=\"elementor-heading-title elementor-size-default\">\u00a1PREP\u00c1RATE PARA UNA NOCHE EMOCIONANTE Y APASIONADA CON MAGIC HONEY!<\/div>\t\t\t\t<\/div>\n\t\t\t\t<\/div>\n\t\t\t\t<div class=\"elementor-element elementor-element-3e9a0b6 elementor-align-left elementor-mobile-align-left elementor-widget-mobile__width-initial elementor-widget elementor-widget-button\" data-id=\"3e9a0b6\" data-element_type=\"widget\" data-e-type=\"widget\" data-widget_type=\"button.default\">\n\t\t\t\t<div class=\"elementor-widget-container\">\n\t\t\t\t\t\t\t\t\t<div class=\"elementor-button-wrapper\">\n\t\t\t\t\t<a class=\"elementor-button elementor-button-link elementor-size-md elementor-animation-grow\" href=\"https:\/\/magichoney.com\/es\/tienda\/\">\n\t\t\t\t\t\t<span class=\"elementor-button-content-wrapper\">\n\t\t\t\t\t\t\t\t\t<span class=\"elementor-button-text\">VISITA NUESTRA TIENDA<\/span>\n\t\t\t\t\t<\/span>\n\t\t\t\t\t<\/a>\n\t\t\t\t<\/div>\n\t\t\t\t\t\t\t\t<\/div>\n\t\t\t\t<\/div>\n\t\t\t\t\t<\/div>\n\t\t\t\t<\/div>\n\t\t\t\t<\/div>\n\t\t","protected":false},"excerpt":{"rendered":"<p>TU SOCIO SECRETO PARA NOCHES DE FIESTA Y PASI\u00d3N INOLVIDABLES MAGIC HONEY SOBRE DE HOMBRE SOBRE DE 10 GRAMOS Si est\u00e1s planeando una noche de fiesta y pasi\u00f3n llena de energ\u00eda, Magic Honey en su presentaci\u00f3n de blister de 1 sobre es tu aliado secreto. CARACTER\u00cdSTICAS DEL SOBRE DE HOMBRE El sobre de 1 te &#8230; <a title=\"Sobre de Hombre\" class=\"read-more\" href=\"https:\/\/magichoney.com\/es\/sobre-de-hombre\/\" aria-label=\"Leer m\u00e1s sobre Sobre de Hombre\">Leer m\u00e1s<\/a><\/p>\n","protected":false},"author":1,"featured_media":0,"parent":0,"menu_order":0,"comment_status":"closed","ping_status":"closed","template":"elementor_header_footer","meta":{"footnotes":""},"class_list":["post-13847","page","type-page","status-publish"],"_links":{"self":[{"href":"https:\/\/magichoney.com\/es\/wp-json\/wp\/v2\/pages\/13847","targetHints":{"allow":["GET"]}}],"collection":[{"href":"https:\/\/magichoney.com\/es\/wp-json\/wp\/v2\/pages"}],"about":[{"href":"https:\/\/magichoney.com\/es\/wp-json\/wp\/v2\/types\/page"}],"author":[{"embeddable":true,"href":"https:\/\/magichoney.com\/es\/wp-json\/wp\/v2\/users\/1"}],"replies":[{"embeddable":true,"href":"https:\/\/magichoney.com\/es\/wp-json\/wp\/v2\/comments?post=13847"}],"version-history":[{"count":5,"href":"https:\/\/magichoney.com\/es\/wp-json\/wp\/v2\/pages\/13847\/revisions"}],"predecessor-version":[{"id":16277,"href":"https:\/\/magichoney.com\/es\/wp-json\/wp\/v2\/pages\/13847\/revisions\/16277"}],"wp:attachment":[{"href":"https:\/\/magichoney.com\/es\/wp-json\/wp\/v2\/media?parent=13847"}],"curies":[{"name":"wp","href":"https:\/\/api.w.org\/{rel}","templated":true}]}}