{"id":13821,"date":"2023-11-05T15:00:28","date_gmt":"2023-11-05T15:00:28","guid":{"rendered":"https:\/\/magichoney.com\/?page_id=13821"},"modified":"2024-04-07T17:42:05","modified_gmt":"2024-04-07T17:42:05","slug":"magic-delay","status":"publish","type":"page","link":"https:\/\/magichoney.com\/es\/magic-delay\/","title":{"rendered":"Magic Delay"},"content":{"rendered":"\t\t<div data-elementor-type=\"wp-page\" data-elementor-id=\"13821\" class=\"elementor elementor-13821\" data-elementor-post-type=\"page\">\n\t\t\t\t<div class=\"elementor-element elementor-element-605afe0 e-flex e-con-boxed e-con e-parent\" data-id=\"605afe0\" data-element_type=\"container\" data-e-type=\"container\" data-settings=\"{&quot;background_background&quot;:&quot;classic&quot;}\">\n\t\t\t\t\t<div class=\"e-con-inner\">\n\t\t\t\t<div class=\"elementor-element elementor-element-c6f33f4 elementor-widget-tablet__width-initial elementor-widget__width-inherit elementor-widget-mobile__width-inherit elementor-widget elementor-widget-heading\" data-id=\"c6f33f4\" data-element_type=\"widget\" data-e-type=\"widget\" data-widget_type=\"heading.default\">\n\t\t\t\t<div class=\"elementor-widget-container\">\n\t\t\t\t\t<div class=\"elementor-heading-title elementor-size-default\">PR\u00d3XIMAMENTE<\/div>\t\t\t\t<\/div>\n\t\t\t\t<\/div>\n\t\t\t\t<div class=\"elementor-element elementor-element-c20a64c elementor-widget-mobile__width-inherit elementor-widget elementor-widget-heading\" data-id=\"c20a64c\" data-element_type=\"widget\" data-e-type=\"widget\" data-widget_type=\"heading.default\">\n\t\t\t\t<div class=\"elementor-widget-container\">\n\t\t\t\t\t<div class=\"elementor-heading-title elementor-size-default\">DESCUBRE NUESTROS PRODUCTOS DISPONIBLES<\/div>\t\t\t\t<\/div>\n\t\t\t\t<\/div>\n\t\t\t\t<div class=\"elementor-element elementor-element-8c98b71 elementor-align-left elementor-mobile-align-left elementor-widget-mobile__width-inherit elementor-widget elementor-widget-button\" data-id=\"8c98b71\" data-element_type=\"widget\" data-e-type=\"widget\" data-widget_type=\"button.default\">\n\t\t\t\t<div class=\"elementor-widget-container\">\n\t\t\t\t\t\t\t\t\t<div class=\"elementor-button-wrapper\">\n\t\t\t\t\t<a class=\"elementor-button elementor-button-link elementor-size-md elementor-animation-grow\" href=\"https:\/\/magichoney.com\/es\/tienda\/\">\n\t\t\t\t\t\t<span class=\"elementor-button-content-wrapper\">\n\t\t\t\t\t\t\t\t\t<span class=\"elementor-button-text\">VISITAR TIENDA<\/span>\n\t\t\t\t\t<\/span>\n\t\t\t\t\t<\/a>\n\t\t\t\t<\/div>\n\t\t\t\t\t\t\t\t<\/div>\n\t\t\t\t<\/div>\n\t\t\t\t\t<\/div>\n\t\t\t\t<\/div>\n\t\t<div class=\"elementor-element elementor-element-e528cdb e-flex e-con-boxed e-con e-parent\" data-id=\"e528cdb\" data-element_type=\"container\" data-e-type=\"container\" data-settings=\"{&quot;background_background&quot;:&quot;classic&quot;}\">\n\t\t\t\t\t<div class=\"e-con-inner\">\n\t\t<div class=\"elementor-element elementor-element-5509672 e-con-full e-flex e-con e-child\" data-id=\"5509672\" data-element_type=\"container\" data-e-type=\"container\">\n\t\t\t\t<div class=\"elementor-element elementor-element-c2db85 elementor-widget__width-inherit elementor-widget elementor-widget-image\" data-id=\"c2db85\" data-element_type=\"widget\" data-e-type=\"widget\" data-widget_type=\"image.default\">\n\t\t\t\t<div class=\"elementor-widget-container\">\n\t\t\t\t\t\t\t\t\t\t\t\t\t\t\t<img fetchpriority=\"high\" decoding=\"async\" width=\"600\" height=\"599\" src=\"https:\/\/magichoney.com\/wp-content\/uploads\/2023\/10\/magic-delay.webp\" class=\"attachment-full size-full wp-image-12619\" alt=\"Magic Delay\" srcset=\"https:\/\/magichoney.com\/wp-content\/uploads\/2023\/10\/magic-delay.webp 600w, https:\/\/magichoney.com\/wp-content\/uploads\/2023\/10\/magic-delay-300x300.webp 300w, https:\/\/magichoney.com\/wp-content\/uploads\/2023\/10\/magic-delay-100x100.webp 100w, https:\/\/magichoney.com\/wp-content\/uploads\/2023\/10\/magic-delay-150x150.webp 150w, https:\/\/magichoney.com\/wp-content\/uploads\/2023\/10\/magic-delay-140x140.webp 140w, https:\/\/magichoney.com\/wp-content\/uploads\/2023\/10\/magic-delay-500x500.webp 500w, https:\/\/magichoney.com\/wp-content\/uploads\/2023\/10\/magic-delay-350x350.webp 350w\" sizes=\"(max-width: 600px) 100vw, 600px\" \/>\t\t\t\t\t\t\t\t\t\t\t\t\t\t\t<\/div>\n\t\t\t\t<\/div>\n\t\t\t\t<\/div>\n\t\t<div class=\"elementor-element elementor-element-7ae9e79 e-con-full e-flex e-con e-child\" data-id=\"7ae9e79\" data-element_type=\"container\" data-e-type=\"container\">\n\t\t\t\t<div class=\"elementor-element elementor-element-6050037a elementor-widget-mobile__width-initial elementor-widget elementor-widget-heading\" data-id=\"6050037a\" data-element_type=\"widget\" data-e-type=\"widget\" data-widget_type=\"heading.default\">\n\t\t\t\t<div class=\"elementor-widget-container\">\n\t\t\t\t\t<h1 class=\"elementor-heading-title elementor-size-default\">Retardo M\u00e1gico Descubre c\u00f3mo detener el tiempo con Magic Delay<\/h1>\t\t\t\t<\/div>\n\t\t\t\t<\/div>\n\t\t\t\t<div class=\"elementor-element elementor-element-4399431 elementor-widget elementor-widget-heading\" data-id=\"4399431\" data-element_type=\"widget\" data-e-type=\"widget\" data-widget_type=\"heading.default\">\n\t\t\t\t<div class=\"elementor-widget-container\">\n\t\t\t\t\t<h2 class=\"elementor-heading-title elementor-size-default\">12 TOALLITAS<\/h2>\t\t\t\t<\/div>\n\t\t\t\t<\/div>\n\t\t\t\t<div class=\"elementor-element elementor-element-4fac7da2 elementor-widget-mobile__width-initial elementor-widget elementor-widget-text-editor\" data-id=\"4fac7da2\" data-element_type=\"widget\" data-e-type=\"widget\" data-widget_type=\"text-editor.default\">\n\t\t\t\t<div class=\"elementor-widget-container\">\n\t\t\t\t\t\t\t\t\t<p><span style=\"font-weight: 400;\">Prolongar la duraci\u00f3n o durar m\u00e1s son una de las cuestiones que se hacen los hombres cuando est\u00e1n en su momento de placer. Pero es momento de darle respuesta y mostrarte la soluci\u00f3n para ese momento tan especial.\u00a0<\/span><\/p>\t\t\t\t\t\t\t\t<\/div>\n\t\t\t\t<\/div>\n\t\t\t\t<div class=\"elementor-element elementor-element-4a926090 elementor-widget-mobile__width-initial elementor-widget elementor-widget-heading\" data-id=\"4a926090\" data-element_type=\"widget\" data-e-type=\"widget\" data-widget_type=\"heading.default\">\n\t\t\t\t<div class=\"elementor-widget-container\">\n\t\t\t\t\t<h2 class=\"elementor-heading-title elementor-size-default\">Beneficios de Magic Delay<\/h2>\t\t\t\t<\/div>\n\t\t\t\t<\/div>\n\t\t\t\t<div class=\"elementor-element elementor-element-22bdf36 elementor-widget-mobile__width-inherit elementor-widget elementor-widget-text-editor\" data-id=\"22bdf36\" data-element_type=\"widget\" data-e-type=\"widget\" data-widget_type=\"text-editor.default\">\n\t\t\t\t<div class=\"elementor-widget-container\">\n\t\t\t\t\t\t\t\t\t<p><span style=\"font-weight: 400;\">Descubre una forma revolucionaria de potenciar tu vida \u00edntima y alcanzar un placer duradero. Magic Delay ha sido creado con un enfoque innovador para brindarte una experiencia \u00edntima m\u00e1s plena y satisfactoria. Con su f\u00f3rmula org\u00e1nica y efectiva, estas toallitas retardantes discretas te permiten disfrutar de momentos \u00edntimos m\u00e1s prolongados y gratificantes. Sum\u00e9rgete en un mundo de sensaciones renovadas y descubre los m\u00faltiples beneficios que Magic Delay tiene para ofrecer. \u00a1Prep\u00e1rate para vivir una experiencia \u00edntima inolvidable<\/span><\/p><ul><li style=\"font-weight: 400;\" aria-level=\"1\"><span style=\"font-weight: 400;\">Prolonga la duraci\u00f3n de los encuentros \u00edntimos para una experiencia m\u00e1s satisfactoria.<\/span><\/li><li style=\"font-weight: 400;\" aria-level=\"1\"><span style=\"font-weight: 400;\">Mejora la sensibilidad y el placer, permitiendo una conexi\u00f3n m\u00e1s profunda.<\/span><\/li><li style=\"font-weight: 400;\" aria-level=\"1\"><span style=\"font-weight: 400;\">Ayuda a mantener la erecci\u00f3n por per\u00edodos m\u00e1s prolongados, potenciando el rendimiento sexual.<\/span><\/li><li style=\"font-weight: 400;\" aria-level=\"1\"><span style=\"font-weight: 400;\">Proporciona cuidado y estimulaci\u00f3n sexual, elevando la experiencia a un nivel superior.<\/span><\/li><li style=\"font-weight: 400;\" aria-level=\"1\"><span style=\"font-weight: 400;\">Previene irritaciones y molestias, asegurando una experiencia c\u00f3moda y placentera.<\/span><\/li><li style=\"font-weight: 400;\" aria-level=\"1\"><span style=\"font-weight: 400;\">Ofrece propiedades antibacterianas, promoviendo una higiene \u00edntima \u00f3ptima y una sensaci\u00f3n de frescura.<\/span><\/li><li style=\"font-weight: 400;\" aria-level=\"1\"><span style=\"font-weight: 400;\">Son f\u00e1ciles de utilizar, por ser de uso t\u00f3pico<\/span><\/li><\/ul><p><span style=\"font-weight: 400;\">Despierta tu potencial en cada encuentro con <\/span><b>Magic Honey para Hombres<\/b><span style=\"font-weight: 400;\"> y Magic Delay. Experimenta momentos \u00edntimos m\u00e1s intensos y duraderos que te dejar\u00e1n sin aliento. Ya sea para fortalecer tu vitalidad o prolongar tus experiencias \u00edntimas, esta combinaci\u00f3n te brinda una sinfon\u00eda de placer y energ\u00eda. Atr\u00e9vete a vivir una vida \u00edntima plena y satisfactoria.<\/span><\/p>\t\t\t\t\t\t\t\t<\/div>\n\t\t\t\t<\/div>\n\t\t\t\t<\/div>\n\t\t\t\t\t<\/div>\n\t\t\t\t<\/div>\n\t\t<div class=\"elementor-element elementor-element-4826386d e-flex e-con-boxed e-con e-parent\" data-id=\"4826386d\" data-element_type=\"container\" data-e-type=\"container\" data-settings=\"{&quot;background_background&quot;:&quot;classic&quot;}\">\n\t\t\t\t\t<div class=\"e-con-inner\">\n\t\t\t\t<div class=\"elementor-element elementor-element-4dd04f9 elementor-widget-mobile__width-initial elementor-widget elementor-widget-heading\" data-id=\"4dd04f9\" data-element_type=\"widget\" data-e-type=\"widget\" data-widget_type=\"heading.default\">\n\t\t\t\t<div class=\"elementor-widget-container\">\n\t\t\t\t\t<h3 class=\"elementor-heading-title elementor-size-default\">ACLARAMOS TUS DUDAS<\/h3>\t\t\t\t<\/div>\n\t\t\t\t<\/div>\n\t\t\t\t<div class=\"elementor-element elementor-element-2b5a72d9 elementor-widget elementor-widget-heading\" data-id=\"2b5a72d9\" data-element_type=\"widget\" data-e-type=\"widget\" data-widget_type=\"heading.default\">\n\t\t\t\t<div class=\"elementor-widget-container\">\n\t\t\t\t\t<h2 class=\"elementor-heading-title elementor-size-default\">\u00bfQu\u00e9 es y para qu\u00e9 sirve Magic Delay? <\/h2>\t\t\t\t<\/div>\n\t\t\t\t<\/div>\n\t\t\t\t<div class=\"elementor-element elementor-element-5d5ea68a elementor-widget-mobile__width-inherit elementor-widget elementor-widget-text-editor\" data-id=\"5d5ea68a\" data-element_type=\"widget\" data-e-type=\"widget\" data-widget_type=\"text-editor.default\">\n\t\t\t\t<div class=\"elementor-widget-container\">\n\t\t\t\t\t\t\t\t\t<p><span style=\"font-weight: 400;\">\u00bfQuieres prolongar el placer y la intimidad? Descubre c\u00f3mo Magic Delay redefine tu experiencia \u00edntima con su f\u00f3rmula org\u00e1nica en toallitas retardantes discretas. Experimenta la emoci\u00f3n de un mayor disfrute sexual sin preocupaciones.\u00a0<\/span><\/p><p><span style=\"font-weight: 400;\">Con Magic Delay, no solo disfrutar\u00e1s de encuentros m\u00e1s prolongados, sino que tambi\u00e9n te beneficiar\u00e1n de su poder para mantener la erecci\u00f3n y mejorar la sensibilidad. Adem\u00e1s si te preocupa la higiene \u00edntima y la prevenir las irritaciones \u00a1Magic Delay tiene todo bajo control! apoy\u00e1ndote a alcanzar una experiencia suave y placentera.<\/span><\/p><p><span style=\"font-weight: 400;\">\u00bfEst\u00e1s listo para descubrir un nuevo mundo de placer y cuidado \u00edntimo? \u00a1Prueba Magic Delay hoy y transforma tu vida sexual con una sola toallita!<\/span><\/p>\t\t\t\t\t\t\t\t<\/div>\n\t\t\t\t<\/div>\n\t\t\t\t<div class=\"elementor-element elementor-element-7b135339 elementor-widget elementor-widget-heading\" data-id=\"7b135339\" data-element_type=\"widget\" data-e-type=\"widget\" data-widget_type=\"heading.default\">\n\t\t\t\t<div class=\"elementor-widget-container\">\n\t\t\t\t\t<h2 class=\"elementor-heading-title elementor-size-default\">\u00bfC\u00d3MO SE UTILIZA MAGIC DELAY?<\/h2>\t\t\t\t<\/div>\n\t\t\t\t<\/div>\n\t\t\t\t<div class=\"elementor-element elementor-element-7948867b elementor-widget-mobile__width-inherit elementor-widget elementor-widget-text-editor\" data-id=\"7948867b\" data-element_type=\"widget\" data-e-type=\"widget\" data-widget_type=\"text-editor.default\">\n\t\t\t\t<div class=\"elementor-widget-container\">\n\t\t\t\t\t\t\t\t\t<p><span style=\"font-weight: 400;\">Experimenta el placer sin l\u00edmites con Magic Delay, que se presenta en un paquete discreto que contiene 12 toallitas org\u00e1nicas retardantes. Su aplicaci\u00f3n es f\u00e1cil y r\u00e1pida: simplemente desliza una toallita sobre el miembro de 20 a 30 minutos antes de tu encuentro \u00edntimo. Prepara tu momento especial y disfruta de encuentros prolongados y llenos de pasi\u00f3n. \u00a1Atr\u00e9vete a descubrir una nueva dimensi\u00f3n de placer con Magic Delay!<\/span><\/p>\t\t\t\t\t\t\t\t<\/div>\n\t\t\t\t<\/div>\n\t\t\t\t<div class=\"elementor-element elementor-element-679152f elementor-widget elementor-widget-heading\" data-id=\"679152f\" data-element_type=\"widget\" data-e-type=\"widget\" data-widget_type=\"heading.default\">\n\t\t\t\t<div class=\"elementor-widget-container\">\n\t\t\t\t\t<h3 class=\"elementor-heading-title elementor-size-default\">MAGIC TIPS<\/h3>\t\t\t\t<\/div>\n\t\t\t\t<\/div>\n\t\t\t\t<div class=\"elementor-element elementor-element-27d17034 elementor-widget elementor-widget-heading\" data-id=\"27d17034\" data-element_type=\"widget\" data-e-type=\"widget\" data-widget_type=\"heading.default\">\n\t\t\t\t<div class=\"elementor-widget-container\">\n\t\t\t\t\t<h2 class=\"elementor-heading-title elementor-size-default\">\u00bfInteresado en trucos para disfrutar de una mayor resistencia en la cama?<\/h2>\t\t\t\t<\/div>\n\t\t\t\t<\/div>\n\t\t\t\t<div class=\"elementor-element elementor-element-7bef095c elementor-widget-mobile__width-inherit elementor-widget elementor-widget-text-editor\" data-id=\"7bef095c\" data-element_type=\"widget\" data-e-type=\"widget\" data-widget_type=\"text-editor.default\">\n\t\t\t\t<div class=\"elementor-widget-container\">\n\t\t\t\t\t\t\t\t\t<p><span style=\"font-weight: 400;\">Adem\u00e1s de utilizar Magic Delay, hay algunos consejos y t\u00e9cnicas que pueden ayudarte a prolongar el placer y alcanzar nuevas cotas de satisfacci\u00f3n en tus relaciones \u00edntimas. Desde ejercicios espec\u00edficos para fortalecer ciertos m\u00fasculos hasta pr\u00e1cticas de control de la respiraci\u00f3n, hay una variedad de enfoques que pueden contribuir a mejorar tu resistencia sexual. Acompa\u00f1a el uso de Magic Delay con estos trucos y descubre un mundo de placer prolongado y satisfactorio.<\/span><\/p>\t\t\t\t\t\t\t\t<\/div>\n\t\t\t\t<\/div>\n\t\t\t\t<div class=\"elementor-element elementor-element-4732c98 elementor-widget elementor-widget-heading\" data-id=\"4732c98\" data-element_type=\"widget\" data-e-type=\"widget\" data-widget_type=\"heading.default\">\n\t\t\t\t<div class=\"elementor-widget-container\">\n\t\t\t\t\t<h3 class=\"elementor-heading-title elementor-size-default\">Ejercicios de respiraci\u00f3n<\/h3>\t\t\t\t<\/div>\n\t\t\t\t<\/div>\n\t\t\t\t<div class=\"elementor-element elementor-element-9b0c12b elementor-widget-mobile__width-inherit elementor-widget elementor-widget-text-editor\" data-id=\"9b0c12b\" data-element_type=\"widget\" data-e-type=\"widget\" data-widget_type=\"text-editor.default\">\n\t\t\t\t<div class=\"elementor-widget-container\">\n\t\t\t\t\t\t\t\t\t<p><span style=\"font-weight: 400;\">En muchas ocasiones a la hora de mantener relaciones sexuales los nervios y la excitaci\u00f3n toman protagonismo, por lo que es recomendable realizar previamente ejercicios de respiraci\u00f3n para bajar y controlar el ritmo card\u00edaco, evitando as\u00ed la eyaculaci\u00f3n precoz.<\/span><\/p>\t\t\t\t\t\t\t\t<\/div>\n\t\t\t\t<\/div>\n\t\t\t\t<div class=\"elementor-element elementor-element-f8765ef elementor-widget elementor-widget-heading\" data-id=\"f8765ef\" data-element_type=\"widget\" data-e-type=\"widget\" data-widget_type=\"heading.default\">\n\t\t\t\t<div class=\"elementor-widget-container\">\n\t\t\t\t\t<h3 class=\"elementor-heading-title elementor-size-default\">Entrena y controla tu mente<\/h3>\t\t\t\t<\/div>\n\t\t\t\t<\/div>\n\t\t\t\t<div class=\"elementor-element elementor-element-0c1fdf2 elementor-widget-mobile__width-inherit elementor-widget elementor-widget-text-editor\" data-id=\"0c1fdf2\" data-element_type=\"widget\" data-e-type=\"widget\" data-widget_type=\"text-editor.default\">\n\t\t\t\t<div class=\"elementor-widget-container\">\n\t\t\t\t\t\t\t\t\t<p><span style=\"font-weight: 400;\">El \u00f3rgano sexual m\u00e1s poderoso del cuerpo es el cerebro, es por ello que al practicar esta actividad la mente se enfoca \u00fanicamente en el placer y de ah\u00ed proviene el control; Todas las dudas, inseguridades y preocupaciones debes sacar de tu mente, ya que pueden ser la causa de que no dures mucho en la cama, as\u00ed que conc\u00e9ntrate en disfrutar el momento.<\/span><\/p>\t\t\t\t\t\t\t\t<\/div>\n\t\t\t\t<\/div>\n\t\t\t\t<div class=\"elementor-element elementor-element-b00fc1b elementor-widget elementor-widget-heading\" data-id=\"b00fc1b\" data-element_type=\"widget\" data-e-type=\"widget\" data-widget_type=\"heading.default\">\n\t\t\t\t<div class=\"elementor-widget-container\">\n\t\t\t\t\t<h3 class=\"elementor-heading-title elementor-size-default\">Entrena f\u00edsicamente tu cuerpo<\/h3>\t\t\t\t<\/div>\n\t\t\t\t<\/div>\n\t\t\t\t<div class=\"elementor-element elementor-element-efe5106 elementor-widget-mobile__width-inherit elementor-widget elementor-widget-text-editor\" data-id=\"efe5106\" data-element_type=\"widget\" data-e-type=\"widget\" data-widget_type=\"text-editor.default\">\n\t\t\t\t<div class=\"elementor-widget-container\">\n\t\t\t\t\t\t\t\t\t<p><span style=\"font-weight: 400;\">Es recomendable que lleves una vida f\u00edsicamente activa, evitando el sedentarismo; lo cual te ayudar\u00e1 y te permitir\u00e1 obtener grandes beneficios tanto a nivel f\u00edsico como psicol\u00f3gico, obteniendo m\u00e1s energ\u00eda y aguante a la hora de tener relaciones sexuales.<\/span><\/p>\t\t\t\t\t\t\t\t<\/div>\n\t\t\t\t<\/div>\n\t\t\t\t<div class=\"elementor-element elementor-element-6b97a21 elementor-widget elementor-widget-heading\" data-id=\"6b97a21\" data-element_type=\"widget\" data-e-type=\"widget\" data-widget_type=\"heading.default\">\n\t\t\t\t<div class=\"elementor-widget-container\">\n\t\t\t\t\t<h3 class=\"elementor-heading-title elementor-size-default\">Ejercicios de Kegel para fortalecer el suelo p\u00e9lvico<\/h3>\t\t\t\t<\/div>\n\t\t\t\t<\/div>\n\t\t\t\t<div class=\"elementor-element elementor-element-0fd1d39 elementor-widget-mobile__width-inherit elementor-widget elementor-widget-text-editor\" data-id=\"0fd1d39\" data-element_type=\"widget\" data-e-type=\"widget\" data-widget_type=\"text-editor.default\">\n\t\t\t\t<div class=\"elementor-widget-container\">\n\t\t\t\t\t\t\t\t\t<p><span style=\"font-weight: 400;\">Este ejercicio lo practican habitualmente las mujeres, pero no hay problema de que los hombres tambi\u00e9n lo practiquen, y consiste en realizar contracciones y relajaciones musculares para aumentar la fuerza y \u200b\u200bresistencia de la zona.<\/span><\/p>\t\t\t\t\t\t\t\t<\/div>\n\t\t\t\t<\/div>\n\t\t\t\t<div class=\"elementor-element elementor-element-e49fcf5 elementor-widget elementor-widget-heading\" data-id=\"e49fcf5\" data-element_type=\"widget\" data-e-type=\"widget\" data-widget_type=\"heading.default\">\n\t\t\t\t<div class=\"elementor-widget-container\">\n\t\t\t\t\t<h3 class=\"elementor-heading-title elementor-size-default\">Entrena con masturbaci\u00f3n masculina<\/h3>\t\t\t\t<\/div>\n\t\t\t\t<\/div>\n\t\t\t\t<div class=\"elementor-element elementor-element-e3018b3 elementor-widget-mobile__width-inherit elementor-widget elementor-widget-text-editor\" data-id=\"e3018b3\" data-element_type=\"widget\" data-e-type=\"widget\" data-widget_type=\"text-editor.default\">\n\t\t\t\t<div class=\"elementor-widget-container\">\n\t\t\t\t\t\t\t\t\t<p><span style=\"font-weight: 400;\">Esto te ayudar\u00e1 a controlar y aguantar m\u00e1s la cama, ya que es una forma de conseguir m\u00e1s pr\u00e1ctica.<\/span><\/p>\t\t\t\t\t\t\t\t<\/div>\n\t\t\t\t<\/div>\n\t\t\t\t<div class=\"elementor-element elementor-element-005b5b7 elementor-widget elementor-widget-heading\" data-id=\"005b5b7\" data-element_type=\"widget\" data-e-type=\"widget\" data-widget_type=\"heading.default\">\n\t\t\t\t<div class=\"elementor-widget-container\">\n\t\t\t\t\t<h3 class=\"elementor-heading-title elementor-size-default\">Practica posiciones que retrasan la eyaculaci\u00f3n<\/h3>\t\t\t\t<\/div>\n\t\t\t\t<\/div>\n\t\t\t\t<div class=\"elementor-element elementor-element-9fc9dfb elementor-widget-mobile__width-inherit elementor-widget elementor-widget-text-editor\" data-id=\"9fc9dfb\" data-element_type=\"widget\" data-e-type=\"widget\" data-widget_type=\"text-editor.default\">\n\t\t\t\t<div class=\"elementor-widget-container\">\n\t\t\t\t\t\t\t\t\t<p><span style=\"font-weight: 400;\">Estas posiciones son aquellas en las que no eres dominante, como la mujer encima o la posici\u00f3n de cuchara; que acabas disfrutando y controlando mejor; aunque es recomendable que pruebes las diferentes posiciones y decidas por ti mismo cu\u00e1les son las mejores posiciones para que dures m\u00e1s en la cama.<\/span><\/p>\t\t\t\t\t\t\t\t<\/div>\n\t\t\t\t<\/div>\n\t\t\t\t<div class=\"elementor-element elementor-element-dc33a6d elementor-widget elementor-widget-heading\" data-id=\"dc33a6d\" data-element_type=\"widget\" data-e-type=\"widget\" data-widget_type=\"heading.default\">\n\t\t\t\t<div class=\"elementor-widget-container\">\n\t\t\t\t\t<h3 class=\"elementor-heading-title elementor-size-default\">Jengibre en tus comidas o en infusi\u00f3n<\/h3>\t\t\t\t<\/div>\n\t\t\t\t<\/div>\n\t\t\t\t<div class=\"elementor-element elementor-element-945095c elementor-widget-mobile__width-inherit elementor-widget elementor-widget-text-editor\" data-id=\"945095c\" data-element_type=\"widget\" data-e-type=\"widget\" data-widget_type=\"text-editor.default\">\n\t\t\t\t<div class=\"elementor-widget-container\">\n\t\t\t\t\t\t\t\t\t<p><span style=\"font-weight: 400;\">El jengibre es afrodis\u00edaco, ayudando a estimular y aumentar el deseo sexual, aumentando la duraci\u00f3n de tus relaciones sexuales.<\/span><\/p>\t\t\t\t\t\t\t\t<\/div>\n\t\t\t\t<\/div>\n\t\t\t\t<div class=\"elementor-element elementor-element-90e60ba elementor-widget elementor-widget-heading\" data-id=\"90e60ba\" data-element_type=\"widget\" data-e-type=\"widget\" data-widget_type=\"heading.default\">\n\t\t\t\t<div class=\"elementor-widget-container\">\n\t\t\t\t\t<h3 class=\"elementor-heading-title elementor-size-default\">Miel en tu desayuno o merienda<\/h3>\t\t\t\t<\/div>\n\t\t\t\t<\/div>\n\t\t\t\t<div class=\"elementor-element elementor-element-7d2d64e elementor-widget-mobile__width-inherit elementor-widget elementor-widget-text-editor\" data-id=\"7d2d64e\" data-element_type=\"widget\" data-e-type=\"widget\" data-widget_type=\"text-editor.default\">\n\t\t\t\t<div class=\"elementor-widget-container\">\n\t\t\t\t\t\t\t\t\t<p><span style=\"font-weight: 400;\">Aqu\u00ed la protagonista de nuestros productos, la miel; un afrodis\u00edaco natural que apoya una mayor duraci\u00f3n en la cama; y por su sabor, puedes agregarlo a tu t\u00e9, yogur y cereal.<\/span><\/p>\t\t\t\t\t\t\t\t<\/div>\n\t\t\t\t<\/div>\n\t\t\t\t\t<\/div>\n\t\t\t\t<\/div>\n\t\t\t\t<\/div>\n\t\t","protected":false},"excerpt":{"rendered":"<p>PR\u00d3XIMAMENTE DESCUBRE NUESTROS PRODUCTOS DISPONIBLES VISITAR TIENDA Retardo M\u00e1gico Descubre c\u00f3mo detener el tiempo con Magic Delay 12 TOALLITAS Prolongar la duraci\u00f3n o durar m\u00e1s son una de las cuestiones que se hacen los hombres cuando est\u00e1n en su momento de placer. Pero es momento de darle respuesta y mostrarte la soluci\u00f3n para ese momento &#8230; <a title=\"Magic Delay\" class=\"read-more\" href=\"https:\/\/magichoney.com\/es\/magic-delay\/\" aria-label=\"Leer m\u00e1s sobre Magic Delay\">Leer m\u00e1s<\/a><\/p>\n","protected":false},"author":1,"featured_media":0,"parent":0,"menu_order":0,"comment_status":"closed","ping_status":"closed","template":"elementor_header_footer","meta":{"footnotes":""},"class_list":["post-13821","page","type-page","status-publish"],"_links":{"self":[{"href":"https:\/\/magichoney.com\/es\/wp-json\/wp\/v2\/pages\/13821","targetHints":{"allow":["GET"]}}],"collection":[{"href":"https:\/\/magichoney.com\/es\/wp-json\/wp\/v2\/pages"}],"about":[{"href":"https:\/\/magichoney.com\/es\/wp-json\/wp\/v2\/types\/page"}],"author":[{"embeddable":true,"href":"https:\/\/magichoney.com\/es\/wp-json\/wp\/v2\/users\/1"}],"replies":[{"embeddable":true,"href":"https:\/\/magichoney.com\/es\/wp-json\/wp\/v2\/comments?post=13821"}],"version-history":[{"count":5,"href":"https:\/\/magichoney.com\/es\/wp-json\/wp\/v2\/pages\/13821\/revisions"}],"predecessor-version":[{"id":20142,"href":"https:\/\/magichoney.com\/es\/wp-json\/wp\/v2\/pages\/13821\/revisions\/20142"}],"wp:attachment":[{"href":"https:\/\/magichoney.com\/es\/wp-json\/wp\/v2\/media?parent=13821"}],"curies":[{"name":"wp","href":"https:\/\/api.w.org\/{rel}","templated":true}]}}