{"id":13774,"date":"2023-11-04T21:14:38","date_gmt":"2023-11-04T21:14:38","guid":{"rendered":"https:\/\/magichoney.com\/?page_id=13774"},"modified":"2023-11-20T19:14:21","modified_gmt":"2023-11-20T19:14:21","slug":"blister-de-3-mujer","status":"publish","type":"page","link":"https:\/\/magichoney.com\/es\/blister-de-3-mujer\/","title":{"rendered":"Blister de 3 Mujer"},"content":{"rendered":"\t\t<div data-elementor-type=\"wp-page\" data-elementor-id=\"13774\" class=\"elementor elementor-13774\" data-elementor-post-type=\"page\">\n\t\t\t\t<div class=\"elementor-element elementor-element-2732956d e-flex e-con-boxed e-con e-parent\" data-id=\"2732956d\" data-element_type=\"container\" data-e-type=\"container\" data-settings=\"{&quot;background_background&quot;:&quot;classic&quot;}\">\n\t\t\t\t\t<div class=\"e-con-inner\">\n\t\t<div class=\"elementor-element elementor-element-7b0b1280 e-flex e-con-boxed e-con e-child\" data-id=\"7b0b1280\" data-element_type=\"container\" data-e-type=\"container\" data-settings=\"{&quot;background_background&quot;:&quot;classic&quot;}\">\n\t\t\t\t\t<div class=\"e-con-inner\">\n\t\t\t\t<div class=\"elementor-element elementor-element-ac86d41 elementor-widget elementor-widget-spacer\" data-id=\"ac86d41\" data-element_type=\"widget\" data-e-type=\"widget\" data-widget_type=\"spacer.default\">\n\t\t\t\t<div class=\"elementor-widget-container\">\n\t\t\t\t\t\t\t<div class=\"elementor-spacer\">\n\t\t\t<div class=\"elementor-spacer-inner\"><\/div>\n\t\t<\/div>\n\t\t\t\t\t\t<\/div>\n\t\t\t\t<\/div>\n\t\t\t\t\t<\/div>\n\t\t\t\t<\/div>\n\t\t\t\t\t<\/div>\n\t\t\t\t<\/div>\n\t\t<div class=\"elementor-element elementor-element-4940832d e-flex e-con-boxed e-con e-parent\" data-id=\"4940832d\" data-element_type=\"container\" data-e-type=\"container\" data-settings=\"{&quot;background_background&quot;:&quot;classic&quot;}\">\n\t\t\t\t\t<div class=\"e-con-inner\">\n\t\t<div class=\"elementor-element elementor-element-1fcc9307 e-flex e-con-boxed e-con e-child\" data-id=\"1fcc9307\" data-element_type=\"container\" data-e-type=\"container\" data-settings=\"{&quot;background_background&quot;:&quot;classic&quot;}\">\n\t\t\t\t\t<div class=\"e-con-inner\">\n\t\t<div class=\"elementor-element elementor-element-b3d4225 e-con-full e-flex e-con e-child\" data-id=\"b3d4225\" data-element_type=\"container\" data-e-type=\"container\">\n\t\t\t\t<div class=\"elementor-element elementor-element-13afd079 elementor-widget-tablet__width-initial elementor-widget-mobile__width-initial elementor-widget elementor-widget-image\" data-id=\"13afd079\" data-element_type=\"widget\" data-e-type=\"widget\" data-widget_type=\"image.default\">\n\t\t\t\t<div class=\"elementor-widget-container\">\n\t\t\t\t\t\t\t\t\t\t\t\t\t\t\t<img fetchpriority=\"high\" decoding=\"async\" width=\"600\" height=\"789\" src=\"https:\/\/magichoney.com\/wp-content\/uploads\/2023\/10\/blister-de-3-mujer.webp\" class=\"attachment-full size-full wp-image-12574\" alt=\"Bl\u00edster de 3 sobres para mujer\" srcset=\"https:\/\/magichoney.com\/wp-content\/uploads\/2023\/10\/blister-de-3-mujer.webp 600w, https:\/\/magichoney.com\/wp-content\/uploads\/2023\/10\/blister-de-3-mujer-228x300.webp 228w\" sizes=\"(max-width: 600px) 100vw, 600px\" \/>\t\t\t\t\t\t\t\t\t\t\t\t\t\t\t<\/div>\n\t\t\t\t<\/div>\n\t\t\t\t<\/div>\n\t\t<div class=\"elementor-element elementor-element-2f8bf537 e-con-full e-flex e-con e-child\" data-id=\"2f8bf537\" data-element_type=\"container\" data-e-type=\"container\">\n\t\t\t\t<div class=\"elementor-element elementor-element-370ef4c1 elementor-widget-mobile__width-initial elementor-widget__width-initial elementor-widget elementor-widget-heading\" data-id=\"370ef4c1\" data-element_type=\"widget\" data-e-type=\"widget\" data-widget_type=\"heading.default\">\n\t\t\t\t<div class=\"elementor-widget-container\">\n\t\t\t\t\t<h1 class=\"elementor-heading-title elementor-size-default\">Magic Honey Blister de 3 Sobres Energ\u00eda duradera para Mujeres Activas<\/h1>\t\t\t\t<\/div>\n\t\t\t\t<\/div>\n\t\t\t\t<div class=\"elementor-element elementor-element-2e8a0524 elementor-widget elementor-widget-heading\" data-id=\"2e8a0524\" data-element_type=\"widget\" data-e-type=\"widget\" data-widget_type=\"heading.default\">\n\t\t\t\t<div class=\"elementor-widget-container\">\n\t\t\t\t\t<div class=\"elementor-heading-title elementor-size-default\">(10 GRAMOS CADA UNO)<\/div>\t\t\t\t<\/div>\n\t\t\t\t<\/div>\n\t\t\t\t<div class=\"elementor-element elementor-element-2968cf94 elementor-widget-mobile__width-initial elementor-widget elementor-widget-text-editor\" data-id=\"2968cf94\" data-element_type=\"widget\" data-e-type=\"widget\" data-widget_type=\"text-editor.default\">\n\t\t\t\t<div class=\"elementor-widget-container\">\n\t\t\t\t\t\t\t\t\t<p><span style=\"font-weight: 400;\">Para las mujeres activas que buscan mantenerse en\u00e9rgicas y vitales durante t<\/span><b>odo un fin de semana <\/b><span style=\"font-weight: 400;\">o per\u00edodos de alta actividad, el Blister de 3 mujer de Magic Honey es la elecci\u00f3n perfecta. Este <\/span><b>pack te brinda<\/b><span style=\"font-weight: 400;\"> una fuente constante de energ\u00eda para que puedas disfrutar de cada momento sin agotarte.<\/span><\/p><p><span style=\"font-weight: 400;\">Con la combinaci\u00f3n \u00fanica de ingredientes de Magic Honey, cada sobre te proporciona el impulso necesario para enfrentar tus desaf\u00edos con vitalidad y entusiasmo.<\/span><\/p>\t\t\t\t\t\t\t\t<\/div>\n\t\t\t\t<\/div>\n\t\t\t\t<div class=\"elementor-element elementor-element-624317ba elementor-widget-mobile__width-initial elementor-widget elementor-widget-heading\" data-id=\"624317ba\" data-element_type=\"widget\" data-e-type=\"widget\" data-widget_type=\"heading.default\">\n\t\t\t\t<div class=\"elementor-widget-container\">\n\t\t\t\t\t<h2 class=\"elementor-heading-title elementor-size-default\">CARACTER\u00cdSTICAS DEL BLISTER DE 3 PARA MUJER<\/h2>\t\t\t\t<\/div>\n\t\t\t\t<\/div>\n\t\t\t\t<div class=\"elementor-element elementor-element-50ebd84 elementor-widget-mobile__width-initial elementor-widget elementor-widget-text-editor\" data-id=\"50ebd84\" data-element_type=\"widget\" data-e-type=\"widget\" data-widget_type=\"text-editor.default\">\n\t\t\t\t<div class=\"elementor-widget-container\">\n\t\t\t\t\t\t\t\t\t<ul><li>Si planeas un viaje corto, el set de 3 sobres es ideal.<\/li><li>Compacto y f\u00e1cil de llevar contigo.<\/li><li>Te proporciona energ\u00eda sostenida por todo un d\u00eda.<\/li><li>Mejora tu capacidad de concentraci\u00f3n en situaciones \u00edntimas y rom\u00e1nticas.<\/li><\/ul>\t\t\t\t\t\t\t\t<\/div>\n\t\t\t\t<\/div>\n\t\t\t\t<\/div>\n\t\t\t\t\t<\/div>\n\t\t\t\t<\/div>\n\t\t\t\t\t<\/div>\n\t\t\t\t<\/div>\n\t\t<div class=\"elementor-element elementor-element-4b2d71dd e-flex e-con-boxed e-con e-parent\" data-id=\"4b2d71dd\" data-element_type=\"container\" data-e-type=\"container\" data-settings=\"{&quot;background_background&quot;:&quot;classic&quot;}\">\n\t\t\t\t\t<div class=\"e-con-inner\">\n\t\t<div class=\"elementor-element elementor-element-25ec4ded e-flex e-con-boxed e-con e-child\" data-id=\"25ec4ded\" data-element_type=\"container\" data-e-type=\"container\" data-settings=\"{&quot;background_background&quot;:&quot;classic&quot;}\">\n\t\t\t\t\t<div class=\"e-con-inner\">\n\t\t\t\t<div class=\"elementor-element elementor-element-6886fcb9 elementor-widget-mobile__width-initial elementor-widget elementor-widget-heading\" data-id=\"6886fcb9\" data-element_type=\"widget\" data-e-type=\"widget\" data-widget_type=\"heading.default\">\n\t\t\t\t<div class=\"elementor-widget-container\">\n\t\t\t\t\t<h2 class=\"elementor-heading-title elementor-size-default\">Experimenta los beneficios al elegir Magic Honey para la mujer<\/h2>\t\t\t\t<\/div>\n\t\t\t\t<\/div>\n\t\t\t\t<div class=\"elementor-element elementor-element-30a4885c elementor-widget elementor-widget-heading\" data-id=\"30a4885c\" data-element_type=\"widget\" data-e-type=\"widget\" data-widget_type=\"heading.default\">\n\t\t\t\t<div class=\"elementor-widget-container\">\n\t\t\t\t\t<h3 class=\"elementor-heading-title elementor-size-default\">RESISTENCIA DE FIN DE SEMANA<\/h3>\t\t\t\t<\/div>\n\t\t\t\t<\/div>\n\t\t\t\t<div class=\"elementor-element elementor-element-1104ef12 elementor-widget-mobile__width-initial elementor-widget elementor-widget-text-editor\" data-id=\"1104ef12\" data-element_type=\"widget\" data-e-type=\"widget\" data-widget_type=\"text-editor.default\">\n\t\t\t\t<div class=\"elementor-widget-container\">\n\t\t\t\t\t\t\t\t\t<p><span style=\"font-weight: 400;\">Con tres sobres a tu disposici\u00f3n, estar\u00e1s preparada para enfrentar un fin de semana l<\/span><b>leno de actividades y aventuras.<\/b><span style=\"font-weight: 400;\"> Ya sea una escapada rom\u00e1ntica, una jornada de senderismo o simplemente un per\u00edodo de alta actividad, <\/span><b>Magic Honey te mantiene en movimiento<\/b><span style=\"font-weight: 400;\">.<\/span><\/p>\t\t\t\t\t\t\t\t<\/div>\n\t\t\t\t<\/div>\n\t\t\t\t<div class=\"elementor-element elementor-element-a767b29 elementor-widget elementor-widget-heading\" data-id=\"a767b29\" data-element_type=\"widget\" data-e-type=\"widget\" data-widget_type=\"heading.default\">\n\t\t\t\t<div class=\"elementor-widget-container\">\n\t\t\t\t\t<h3 class=\"elementor-heading-title elementor-size-default\">OBT\u00c9N ENERG\u00cdA CONSTANTE<\/h3>\t\t\t\t<\/div>\n\t\t\t\t<\/div>\n\t\t\t\t<div class=\"elementor-element elementor-element-164ba318 elementor-widget-mobile__width-initial elementor-widget elementor-widget-text-editor\" data-id=\"164ba318\" data-element_type=\"widget\" data-e-type=\"widget\" data-widget_type=\"text-editor.default\">\n\t\t\t\t<div class=\"elementor-widget-container\">\n\t\t\t\t\t\t\t\t\t<p><span style=\"font-weight: 400;\">A diferencia de los productos energ\u00e9ticos convencionales que pueden dar lugar a picos y ca\u00eddas de energ\u00eda, Magic Honey ofrece una energ\u00eda constante y sostenible. Esto significa que puedes disfrutar de tus actividades sin preocuparte por agotarte.<\/span><\/p>\t\t\t\t\t\t\t\t<\/div>\n\t\t\t\t<\/div>\n\t\t\t\t<div class=\"elementor-element elementor-element-be17a08 elementor-widget elementor-widget-heading\" data-id=\"be17a08\" data-element_type=\"widget\" data-e-type=\"widget\" data-widget_type=\"heading.default\">\n\t\t\t\t<div class=\"elementor-widget-container\">\n\t\t\t\t\t<h3 class=\"elementor-heading-title elementor-size-default\">POTENCIA TU ENERG\u00cdA VITAL<\/h3>\t\t\t\t<\/div>\n\t\t\t\t<\/div>\n\t\t\t\t<div class=\"elementor-element elementor-element-609bbe77 elementor-widget-mobile__width-initial elementor-widget elementor-widget-text-editor\" data-id=\"609bbe77\" data-element_type=\"widget\" data-e-type=\"widget\" data-widget_type=\"text-editor.default\">\n\t\t\t\t<div class=\"elementor-widget-container\">\n\t\t\t\t\t\t\t\t\t<p><span style=\"font-weight: 400;\">Los amino\u00e1cidos L-Glicina y L-Arginina en Magic Honey fortalecen tus m\u00fasculos y mejoran la circulaci\u00f3n sangu\u00ednea, lo que te brinda una sensaci\u00f3n de energ\u00eda que dura todo el fin de semana.<\/span><\/p>\t\t\t\t\t\t\t\t<\/div>\n\t\t\t\t<\/div>\n\t\t\t\t<div class=\"elementor-element elementor-element-5c2fd53d elementor-widget-mobile__width-initial elementor-widget elementor-widget-heading\" data-id=\"5c2fd53d\" data-element_type=\"widget\" data-e-type=\"widget\" data-widget_type=\"heading.default\">\n\t\t\t\t<div class=\"elementor-widget-container\">\n\t\t\t\t\t<h3 class=\"elementor-heading-title elementor-size-default\">VIVE MOMENTOS DE INTENSIDAD EN TU INTIMIDAD<\/h3>\t\t\t\t<\/div>\n\t\t\t\t<\/div>\n\t\t\t\t<div class=\"elementor-element elementor-element-61523d49 elementor-widget-mobile__width-initial elementor-widget elementor-widget-text-editor\" data-id=\"61523d49\" data-element_type=\"widget\" data-e-type=\"widget\" data-widget_type=\"text-editor.default\">\n\t\t\t\t<div class=\"elementor-widget-container\">\n\t\t\t\t\t\t\t\t\t<p><span style=\"font-weight: 400;\">Adem\u00e1s de mantener tu energ\u00eda f\u00edsica, la miel para la mujer te brinda un impulso adicional en la intimidad. Esta caracter\u00edstica es perfecta para disfrutar de un fin de semana en pareja lleno de pasi\u00f3n y momentos especiales. Con Magic Honey, podr\u00e1s llevar tu conexi\u00f3n \u00edntima a un nivel m\u00e1s intenso y vibrante, creando recuerdos inolvidables y experiencias placenteras.<\/span><\/p>\t\t\t\t\t\t\t\t<\/div>\n\t\t\t\t<\/div>\n\t\t\t\t\t<\/div>\n\t\t\t\t<\/div>\n\t\t\t\t\t<\/div>\n\t\t\t\t<\/div>\n\t\t<div class=\"elementor-element elementor-element-67d47a0d e-flex e-con-boxed e-con e-parent\" data-id=\"67d47a0d\" data-element_type=\"container\" data-e-type=\"container\" data-settings=\"{&quot;background_background&quot;:&quot;classic&quot;}\">\n\t\t\t\t\t<div class=\"e-con-inner\">\n\t\t\t\t<div class=\"elementor-element elementor-element-329a8fb9 elementor-widget-tablet__width-initial elementor-widget__width-initial elementor-widget elementor-widget-heading\" data-id=\"329a8fb9\" data-element_type=\"widget\" data-e-type=\"widget\" data-widget_type=\"heading.default\">\n\t\t\t\t<div class=\"elementor-widget-container\">\n\t\t\t\t\t<div class=\"elementor-heading-title elementor-size-default\">\u00a1HAZ QUE TU FIN DE SEMANA SEA INVOLVIDABLE CON MAGIC HONEY!<\/div>\t\t\t\t<\/div>\n\t\t\t\t<\/div>\n\t\t\t\t<div class=\"elementor-element elementor-element-710366a3 elementor-align-left elementor-mobile-align-left elementor-widget-mobile__width-initial elementor-widget elementor-widget-button\" data-id=\"710366a3\" data-element_type=\"widget\" data-e-type=\"widget\" data-widget_type=\"button.default\">\n\t\t\t\t<div class=\"elementor-widget-container\">\n\t\t\t\t\t\t\t\t\t<div class=\"elementor-button-wrapper\">\n\t\t\t\t\t<a class=\"elementor-button elementor-button-link elementor-size-md elementor-animation-grow\" href=\"https:\/\/magichoney.com\/es\/tienda\/\">\n\t\t\t\t\t\t<span class=\"elementor-button-content-wrapper\">\n\t\t\t\t\t\t\t\t\t<span class=\"elementor-button-text\">VER M\u00c1S PRODUCTOS<\/span>\n\t\t\t\t\t<\/span>\n\t\t\t\t\t<\/a>\n\t\t\t\t<\/div>\n\t\t\t\t\t\t\t\t<\/div>\n\t\t\t\t<\/div>\n\t\t\t\t\t<\/div>\n\t\t\t\t<\/div>\n\t\t\t\t<\/div>\n\t\t","protected":false},"excerpt":{"rendered":"<p>Magic Honey Blister de 3 Sobres Energ\u00eda duradera para Mujeres Activas (10 GRAMOS CADA UNO) Magic Honey Blister de 3 sobres para mujer (10 gr c\/u) cantidad A\u00d1ADIR AL CARRITO Para las mujeres activas que buscan mantenerse en\u00e9rgicas y vitales durante todo un fin de semana o per\u00edodos de alta actividad, el Blister de 3 &#8230; <a title=\"Blister de 3 Mujer\" class=\"read-more\" href=\"https:\/\/magichoney.com\/es\/blister-de-3-mujer\/\" aria-label=\"Leer m\u00e1s sobre Blister de 3 Mujer\">Leer m\u00e1s<\/a><\/p>\n","protected":false},"author":1,"featured_media":0,"parent":0,"menu_order":0,"comment_status":"closed","ping_status":"closed","template":"elementor_header_footer","meta":{"footnotes":""},"class_list":["post-13774","page","type-page","status-publish"],"_links":{"self":[{"href":"https:\/\/magichoney.com\/es\/wp-json\/wp\/v2\/pages\/13774","targetHints":{"allow":["GET"]}}],"collection":[{"href":"https:\/\/magichoney.com\/es\/wp-json\/wp\/v2\/pages"}],"about":[{"href":"https:\/\/magichoney.com\/es\/wp-json\/wp\/v2\/types\/page"}],"author":[{"embeddable":true,"href":"https:\/\/magichoney.com\/es\/wp-json\/wp\/v2\/users\/1"}],"replies":[{"embeddable":true,"href":"https:\/\/magichoney.com\/es\/wp-json\/wp\/v2\/comments?post=13774"}],"version-history":[{"count":5,"href":"https:\/\/magichoney.com\/es\/wp-json\/wp\/v2\/pages\/13774\/revisions"}],"predecessor-version":[{"id":16223,"href":"https:\/\/magichoney.com\/es\/wp-json\/wp\/v2\/pages\/13774\/revisions\/16223"}],"wp:attachment":[{"href":"https:\/\/magichoney.com\/es\/wp-json\/wp\/v2\/media?parent=13774"}],"curies":[{"name":"wp","href":"https:\/\/api.w.org\/{rel}","templated":true}]}}