{"id":13763,"date":"2023-11-04T21:04:23","date_gmt":"2023-11-04T21:04:23","guid":{"rendered":"https:\/\/magichoney.com\/?page_id=13763"},"modified":"2023-11-20T19:07:32","modified_gmt":"2023-11-20T19:07:32","slug":"caja-de-24-mujer","status":"publish","type":"page","link":"https:\/\/magichoney.com\/es\/caja-de-24-mujer\/","title":{"rendered":"Caja de 24 Mujer"},"content":{"rendered":"\t\t<div data-elementor-type=\"wp-page\" data-elementor-id=\"13763\" class=\"elementor elementor-13763\" data-elementor-post-type=\"page\">\n\t\t\t\t<div class=\"elementor-element elementor-element-63c8d435 e-flex e-con-boxed e-con e-parent\" data-id=\"63c8d435\" data-element_type=\"container\" data-e-type=\"container\" data-settings=\"{&quot;background_background&quot;:&quot;classic&quot;}\">\n\t\t\t\t\t<div class=\"e-con-inner\">\n\t\t<div class=\"elementor-element elementor-element-381722b4 e-flex e-con-boxed e-con e-child\" data-id=\"381722b4\" data-element_type=\"container\" data-e-type=\"container\" data-settings=\"{&quot;background_background&quot;:&quot;classic&quot;}\">\n\t\t\t\t\t<div class=\"e-con-inner\">\n\t\t\t\t<div class=\"elementor-element elementor-element-2f1c791a elementor-widget elementor-widget-spacer\" data-id=\"2f1c791a\" data-element_type=\"widget\" data-e-type=\"widget\" data-widget_type=\"spacer.default\">\n\t\t\t\t<div class=\"elementor-widget-container\">\n\t\t\t\t\t\t\t<div class=\"elementor-spacer\">\n\t\t\t<div class=\"elementor-spacer-inner\"><\/div>\n\t\t<\/div>\n\t\t\t\t\t\t<\/div>\n\t\t\t\t<\/div>\n\t\t\t\t\t<\/div>\n\t\t\t\t<\/div>\n\t\t\t\t\t<\/div>\n\t\t\t\t<\/div>\n\t\t<div class=\"elementor-element elementor-element-4117f4a0 e-flex e-con-boxed e-con e-parent\" data-id=\"4117f4a0\" data-element_type=\"container\" data-e-type=\"container\" data-settings=\"{&quot;background_background&quot;:&quot;classic&quot;}\">\n\t\t\t\t\t<div class=\"e-con-inner\">\n\t\t<div class=\"elementor-element elementor-element-1915cfb2 e-flex e-con-boxed e-con e-child\" data-id=\"1915cfb2\" data-element_type=\"container\" data-e-type=\"container\" data-settings=\"{&quot;background_background&quot;:&quot;classic&quot;}\">\n\t\t\t\t\t<div class=\"e-con-inner\">\n\t\t<div class=\"elementor-element elementor-element-1f72a00 e-con-full e-flex e-con e-child\" data-id=\"1f72a00\" data-element_type=\"container\" data-e-type=\"container\">\n\t\t\t\t<div class=\"elementor-element elementor-element-d5826dd elementor-widget-mobile__width-initial elementor-widget elementor-widget-image\" data-id=\"d5826dd\" data-element_type=\"widget\" data-e-type=\"widget\" data-widget_type=\"image.default\">\n\t\t\t\t<div class=\"elementor-widget-container\">\n\t\t\t\t\t\t\t\t\t\t\t\t\t\t\t<img fetchpriority=\"high\" decoding=\"async\" width=\"600\" height=\"600\" src=\"https:\/\/magichoney.com\/wp-content\/uploads\/2023\/10\/caja-de-24-mujeres.webp\" class=\"attachment-full size-full wp-image-12583\" alt=\"Caja de 24 sobres para mujer\" srcset=\"https:\/\/magichoney.com\/wp-content\/uploads\/2023\/10\/caja-de-24-mujeres.webp 600w, https:\/\/magichoney.com\/wp-content\/uploads\/2023\/10\/caja-de-24-mujeres-300x300.webp 300w, https:\/\/magichoney.com\/wp-content\/uploads\/2023\/10\/caja-de-24-mujeres-100x100.webp 100w, https:\/\/magichoney.com\/wp-content\/uploads\/2023\/10\/caja-de-24-mujeres-150x150.webp 150w, https:\/\/magichoney.com\/wp-content\/uploads\/2023\/10\/caja-de-24-mujeres-140x140.webp 140w, https:\/\/magichoney.com\/wp-content\/uploads\/2023\/10\/caja-de-24-mujeres-500x500.webp 500w, https:\/\/magichoney.com\/wp-content\/uploads\/2023\/10\/caja-de-24-mujeres-350x350.webp 350w\" sizes=\"(max-width: 600px) 100vw, 600px\" \/>\t\t\t\t\t\t\t\t\t\t\t\t\t\t\t<\/div>\n\t\t\t\t<\/div>\n\t\t\t\t<\/div>\n\t\t<div class=\"elementor-element elementor-element-4dd36030 e-con-full e-flex e-con e-child\" data-id=\"4dd36030\" data-element_type=\"container\" data-e-type=\"container\">\n\t\t\t\t<div class=\"elementor-element elementor-element-6c19d4e6 elementor-widget-mobile__width-initial elementor-widget elementor-widget-heading\" data-id=\"6c19d4e6\" data-element_type=\"widget\" data-e-type=\"widget\" data-widget_type=\"heading.default\">\n\t\t\t\t<div class=\"elementor-widget-container\">\n\t\t\t\t\t<h1 class=\"elementor-heading-title elementor-size-default\">Magic Honey para Mujer<br>Eleva tu Vitalidad con la Caja de 24 sobres<\/h1>\t\t\t\t<\/div>\n\t\t\t\t<\/div>\n\t\t\t\t<div class=\"elementor-element elementor-element-25630f33 elementor-widget elementor-widget-heading\" data-id=\"25630f33\" data-element_type=\"widget\" data-e-type=\"widget\" data-widget_type=\"heading.default\">\n\t\t\t\t<div class=\"elementor-widget-container\">\n\t\t\t\t\t<div class=\"elementor-heading-title elementor-size-default\">SOBRES DE 10 GRAMOS<\/div>\t\t\t\t<\/div>\n\t\t\t\t<\/div>\n\t\t\t\t<div class=\"elementor-element elementor-element-528ef19b elementor-widget-mobile__width-initial elementor-widget elementor-widget-text-editor\" data-id=\"528ef19b\" data-element_type=\"widget\" data-e-type=\"widget\" data-widget_type=\"text-editor.default\">\n\t\t\t\t<div class=\"elementor-widget-container\">\n\t\t\t\t\t\t\t\t\t<p>Recupera tu vitalidad con Magic Honey Caja de 24 mujer. Nuestra f\u00f3rmula especial combina la esencia de la naturaleza y la nanotecnolog\u00eda para brindarte energ\u00eda renovada y bienestar en medio del ajetreo y el bullicio de la vida moderna.<\/p>\t\t\t\t\t\t\t\t<\/div>\n\t\t\t\t<\/div>\n\t\t\t\t<div class=\"elementor-element elementor-element-699c557a elementor-widget-mobile__width-initial elementor-widget elementor-widget-heading\" data-id=\"699c557a\" data-element_type=\"widget\" data-e-type=\"widget\" data-widget_type=\"heading.default\">\n\t\t\t\t<div class=\"elementor-widget-container\">\n\t\t\t\t\t<h2 class=\"elementor-heading-title elementor-size-default\">CARACTER\u00cdSTICAS<\/h2>\t\t\t\t<\/div>\n\t\t\t\t<\/div>\n\t\t\t\t<div class=\"elementor-element elementor-element-56e1fe7c elementor-widget elementor-widget-text-editor\" data-id=\"56e1fe7c\" data-element_type=\"widget\" data-e-type=\"widget\" data-widget_type=\"text-editor.default\">\n\t\t\t\t<div class=\"elementor-widget-container\">\n\t\t\t\t\t\t\t\t\t<ul><li style=\"font-weight: 400;\" aria-level=\"1\"><span style=\"font-weight: 400;\">Su caja de 24 sobres es ideal para tener ese impulso de energ\u00eda diaria en todos tus entrenamientos y vida cotidiana.\u00a0<\/span><\/li><li style=\"font-weight: 400;\" aria-level=\"1\"><span style=\"font-weight: 400;\">Puedes agregar la miel m\u00e1gica en tus recetas favoritas, postres, tus batidos o bebidas.\u00a0<\/span><\/li><li style=\"font-weight: 400;\" aria-level=\"1\"><span style=\"font-weight: 400;\">Un sobre te da energ\u00eda por 24 hrs.\u00a0<\/span><\/li><li style=\"font-weight: 400;\" aria-level=\"1\"><span style=\"font-weight: 400;\">Para sentir los efectos de la nueva f\u00f3rmula de Magic Honey para la mujer, se recomienda tomarla por 7 d\u00edas seguidos.<\/span><\/li><\/ul>\t\t\t\t\t\t\t\t<\/div>\n\t\t\t\t<\/div>\n\t\t\t\t<\/div>\n\t\t\t\t\t<\/div>\n\t\t\t\t<\/div>\n\t\t\t\t\t<\/div>\n\t\t\t\t<\/div>\n\t\t<div class=\"elementor-element elementor-element-131fd91e e-flex e-con-boxed e-con e-parent\" data-id=\"131fd91e\" data-element_type=\"container\" data-e-type=\"container\" data-settings=\"{&quot;background_background&quot;:&quot;classic&quot;}\">\n\t\t\t\t\t<div class=\"e-con-inner\">\n\t\t\t\t<div class=\"elementor-element elementor-element-73050d67 elementor-widget elementor-widget-text-editor\" data-id=\"73050d67\" data-element_type=\"widget\" data-e-type=\"widget\" data-widget_type=\"text-editor.default\">\n\t\t\t\t<div class=\"elementor-widget-container\">\n\t\t\t\t\t\t\t\t\t<p><span style=\"font-weight: 400;\">Magic Honey ha sido dise\u00f1ado para contrarrestar los efectos del agotamiento y las m\u00faltiples responsabilidades que a menudo nos dejan exhaustas. Ya sea que enfrentes largas jornadas laborales o te encuentres abrumada por las tareas diarias, la miel para la mujer est\u00e1 aqu\u00ed para brindarte el impulso que necesitas.\u00a0<\/span><\/p>\t\t\t\t\t\t\t\t<\/div>\n\t\t\t\t<\/div>\n\t\t\t\t<div class=\"elementor-element elementor-element-254624fc elementor-widget-mobile__width-initial elementor-widget elementor-widget-heading\" data-id=\"254624fc\" data-element_type=\"widget\" data-e-type=\"widget\" data-widget_type=\"heading.default\">\n\t\t\t\t<div class=\"elementor-widget-container\">\n\t\t\t\t\t<h2 class=\"elementor-heading-title elementor-size-default\">EL SECRETO DE MAGIC HONEY UNA F\u00d3RMULA PODEROSA<\/h2>\t\t\t\t<\/div>\n\t\t\t\t<\/div>\n\t\t\t\t<div class=\"elementor-element elementor-element-5692818b elementor-widget-mobile__width-initial elementor-widget elementor-widget-text-editor\" data-id=\"5692818b\" data-element_type=\"widget\" data-e-type=\"widget\" data-widget_type=\"text-editor.default\">\n\t\t\t\t<div class=\"elementor-widget-container\">\n\t\t\t\t\t\t\t\t\t<p><span style=\"font-weight: 400;\">Conoce c\u00f3mo se distingue la miel de la mujer por su excepcional composici\u00f3n qu\u00edmica, cuidadosamente seleccionada para las necesidades espec\u00edficas de las mujeres:<\/span><\/p>\t\t\t\t\t\t\t\t<\/div>\n\t\t\t\t<\/div>\n\t\t\t\t\t<\/div>\n\t\t\t\t<\/div>\n\t\t<div class=\"elementor-element elementor-element-337fdc8 e-flex e-con-boxed e-con e-parent\" data-id=\"337fdc8\" data-element_type=\"container\" data-e-type=\"container\" data-settings=\"{&quot;background_background&quot;:&quot;classic&quot;}\">\n\t\t\t\t\t<div class=\"e-con-inner\">\n\t\t<div class=\"elementor-element elementor-element-671a290 e-con-full e-flex elementor-invisible e-con e-child\" data-id=\"671a290\" data-element_type=\"container\" data-e-type=\"container\" data-settings=\"{&quot;background_background&quot;:&quot;classic&quot;,&quot;animation&quot;:&quot;pulse&quot;}\">\n\t\t\t\t<div class=\"elementor-element elementor-element-4aa624d8 elementor-widget__width-inherit elementor-widget elementor-widget-heading\" data-id=\"4aa624d8\" data-element_type=\"widget\" data-e-type=\"widget\" data-widget_type=\"heading.default\">\n\t\t\t\t<div class=\"elementor-widget-container\">\n\t\t\t\t\t<h2 class=\"elementor-heading-title elementor-size-default\"><a href=\"https:\/\/magichoney.com\/es\/miel-de-abeja\/\">MIEL DE ABEJAS<\/a><\/h2>\t\t\t\t<\/div>\n\t\t\t\t<\/div>\n\t\t\t\t<\/div>\n\t\t<div class=\"elementor-element elementor-element-733a3183 e-con-full e-flex elementor-invisible e-con e-child\" data-id=\"733a3183\" data-element_type=\"container\" data-e-type=\"container\" data-settings=\"{&quot;background_background&quot;:&quot;classic&quot;,&quot;animation&quot;:&quot;pulse&quot;}\">\n\t\t\t\t<div class=\"elementor-element elementor-element-4bf1ead7 elementor-widget__width-inherit elementor-widget elementor-widget-heading\" data-id=\"4bf1ead7\" data-element_type=\"widget\" data-e-type=\"widget\" data-widget_type=\"heading.default\">\n\t\t\t\t<div class=\"elementor-widget-container\">\n\t\t\t\t\t<h2 class=\"elementor-heading-title elementor-size-default\"><a href=\"https:\/\/magichoney.com\/es\/vitamina-b\/\">VITAMINA B<\/a><\/h2>\t\t\t\t<\/div>\n\t\t\t\t<\/div>\n\t\t\t\t<\/div>\n\t\t<div class=\"elementor-element elementor-element-2c13f88a e-con-full e-flex elementor-invisible e-con e-child\" data-id=\"2c13f88a\" data-element_type=\"container\" data-e-type=\"container\" data-settings=\"{&quot;background_background&quot;:&quot;classic&quot;,&quot;animation&quot;:&quot;pulse&quot;}\">\n\t\t\t\t<div class=\"elementor-element elementor-element-4a1032ae elementor-widget__width-inherit elementor-widget elementor-widget-heading\" data-id=\"4a1032ae\" data-element_type=\"widget\" data-e-type=\"widget\" data-widget_type=\"heading.default\">\n\t\t\t\t<div class=\"elementor-widget-container\">\n\t\t\t\t\t<h2 class=\"elementor-heading-title elementor-size-default\"><a href=\"https:\/\/magichoney.com\/es\/ginseng\/\">GINSENG<\/a><\/h2>\t\t\t\t<\/div>\n\t\t\t\t<\/div>\n\t\t\t\t<\/div>\n\t\t<div class=\"elementor-element elementor-element-4b6a4b67 e-con-full e-flex elementor-invisible e-con e-child\" data-id=\"4b6a4b67\" data-element_type=\"container\" data-e-type=\"container\" data-settings=\"{&quot;background_background&quot;:&quot;classic&quot;,&quot;animation&quot;:&quot;pulse&quot;}\">\n\t\t\t\t<div class=\"elementor-element elementor-element-7b8d9c81 elementor-widget__width-inherit elementor-widget elementor-widget-heading\" data-id=\"7b8d9c81\" data-element_type=\"widget\" data-e-type=\"widget\" data-widget_type=\"heading.default\">\n\t\t\t\t<div class=\"elementor-widget-container\">\n\t\t\t\t\t<h2 class=\"elementor-heading-title elementor-size-default\"><a href=\"https:\/\/magichoney.com\/es\/arginina\/\">ARGININA<\/a><\/h2>\t\t\t\t<\/div>\n\t\t\t\t<\/div>\n\t\t\t\t<\/div>\n\t\t\t\t\t<\/div>\n\t\t\t\t<\/div>\n\t\t<div class=\"elementor-element elementor-element-2f5b5be4 e-flex e-con-boxed e-con e-parent\" data-id=\"2f5b5be4\" data-element_type=\"container\" data-e-type=\"container\" data-settings=\"{&quot;background_background&quot;:&quot;classic&quot;}\">\n\t\t\t\t\t<div class=\"e-con-inner\">\n\t\t<div class=\"elementor-element elementor-element-352fda4e e-con-full e-flex elementor-invisible e-con e-child\" data-id=\"352fda4e\" data-element_type=\"container\" data-e-type=\"container\" data-settings=\"{&quot;background_background&quot;:&quot;classic&quot;,&quot;animation&quot;:&quot;pulse&quot;}\">\n\t\t\t\t<div class=\"elementor-element elementor-element-1b380d91 elementor-widget__width-inherit elementor-widget elementor-widget-heading\" data-id=\"1b380d91\" data-element_type=\"widget\" data-e-type=\"widget\" data-widget_type=\"heading.default\">\n\t\t\t\t<div class=\"elementor-widget-container\">\n\t\t\t\t\t<h2 class=\"elementor-heading-title elementor-size-default\"><a href=\"https:\/\/magichoney.com\/es\/glicina\/\">GLICINA<\/a><\/h2>\t\t\t\t<\/div>\n\t\t\t\t<\/div>\n\t\t\t\t<\/div>\n\t\t<div class=\"elementor-element elementor-element-4ffe6255 e-con-full e-flex elementor-invisible e-con e-child\" data-id=\"4ffe6255\" data-element_type=\"container\" data-e-type=\"container\" data-settings=\"{&quot;background_background&quot;:&quot;classic&quot;,&quot;animation&quot;:&quot;pulse&quot;}\">\n\t\t\t\t<div class=\"elementor-element elementor-element-6deadbb8 elementor-widget__width-inherit elementor-widget elementor-widget-heading\" data-id=\"6deadbb8\" data-element_type=\"widget\" data-e-type=\"widget\" data-widget_type=\"heading.default\">\n\t\t\t\t<div class=\"elementor-widget-container\">\n\t\t\t\t\t<h2 class=\"elementor-heading-title elementor-size-default\"><a href=\"https:\/\/magichoney.com\/es\/extractos-de-hierba\/\">HOJA CABRA<br>EN CELO<\/a><\/h2>\t\t\t\t<\/div>\n\t\t\t\t<\/div>\n\t\t\t\t<\/div>\n\t\t<div class=\"elementor-element elementor-element-624a338d e-con-full e-flex elementor-invisible e-con e-child\" data-id=\"624a338d\" data-element_type=\"container\" data-e-type=\"container\" data-settings=\"{&quot;background_background&quot;:&quot;classic&quot;,&quot;animation&quot;:&quot;pulse&quot;}\">\n\t\t\t\t<div class=\"elementor-element elementor-element-3825c231 elementor-widget__width-inherit elementor-widget elementor-widget-heading\" data-id=\"3825c231\" data-element_type=\"widget\" data-e-type=\"widget\" data-widget_type=\"heading.default\">\n\t\t\t\t<div class=\"elementor-widget-container\">\n\t\t\t\t\t<h2 class=\"elementor-heading-title elementor-size-default\"><a href=\"https:\/\/magichoney.com\/es\/extractos-de-hierba\/\">HOJA TRIBULUS<\/a><\/h2>\t\t\t\t<\/div>\n\t\t\t\t<\/div>\n\t\t\t\t<\/div>\n\t\t<div class=\"elementor-element elementor-element-4ac5e915 e-con-full e-flex elementor-invisible e-con e-child\" data-id=\"4ac5e915\" data-element_type=\"container\" data-e-type=\"container\" data-settings=\"{&quot;background_background&quot;:&quot;classic&quot;,&quot;animation&quot;:&quot;pulse&quot;}\">\n\t\t\t\t<div class=\"elementor-element elementor-element-450842f1 elementor-widget__width-inherit elementor-widget elementor-widget-heading\" data-id=\"450842f1\" data-element_type=\"widget\" data-e-type=\"widget\" data-widget_type=\"heading.default\">\n\t\t\t\t<div class=\"elementor-widget-container\">\n\t\t\t\t\t<h2 class=\"elementor-heading-title elementor-size-default\"><a href=\"https:\/\/magichoney.com\/es\/extractos-de-hierba\/\">ISOFLAVONA (EXTRACTO DE SOYA)<\/a><\/h2>\t\t\t\t<\/div>\n\t\t\t\t<\/div>\n\t\t\t\t<\/div>\n\t\t\t\t\t<\/div>\n\t\t\t\t<\/div>\n\t\t<div class=\"elementor-element elementor-element-1bc42743 e-flex e-con-boxed e-con e-parent\" data-id=\"1bc42743\" data-element_type=\"container\" data-e-type=\"container\" data-settings=\"{&quot;background_background&quot;:&quot;classic&quot;}\">\n\t\t\t\t\t<div class=\"e-con-inner\">\n\t\t<div class=\"elementor-element elementor-element-9be9b1a e-flex e-con-boxed e-con e-child\" data-id=\"9be9b1a\" data-element_type=\"container\" data-e-type=\"container\" data-settings=\"{&quot;background_background&quot;:&quot;classic&quot;}\">\n\t\t\t\t\t<div class=\"e-con-inner\">\n\t\t\t\t<div class=\"elementor-element elementor-element-5d84a4ea elementor-widget-mobile__width-initial elementor-widget__width-initial elementor-widget elementor-widget-heading\" data-id=\"5d84a4ea\" data-element_type=\"widget\" data-e-type=\"widget\" data-widget_type=\"heading.default\">\n\t\t\t\t<div class=\"elementor-widget-container\">\n\t\t\t\t\t<h2 class=\"elementor-heading-title elementor-size-default\">Descubre tu verdadera esencia femenina con sus beneficios<\/h2>\t\t\t\t<\/div>\n\t\t\t\t<\/div>\n\t\t\t\t<div class=\"elementor-element elementor-element-3938e6d7 elementor-widget elementor-widget-text-editor\" data-id=\"3938e6d7\" data-element_type=\"widget\" data-e-type=\"widget\" data-widget_type=\"text-editor.default\">\n\t\t\t\t<div class=\"elementor-widget-container\">\n\t\t\t\t\t\t\t\t\t<ul><li style=\"font-weight: 400;\" aria-level=\"1\"><span style=\"font-weight: 400;\">La miel pura de abeja es una fuente de energ\u00eda natural y est\u00e1 llena de antioxidantes que te ayudar\u00e1n a proteger el cuerpo contra el da\u00f1o de los radicales libres. Adem\u00e1s de su sabor dulce, la miel tambi\u00e9n se ha utilizado tradicionalmente por sus propiedades medicinales, como ayudar a aliviar el dolor de garganta y la tos.<\/span><\/li><li style=\"font-weight: 400;\" aria-level=\"1\"><span style=\"font-weight: 400;\">Los amino\u00e1cidos clave, como la L-Glicina y la L-Arginina, son fundamentales para fortalecer los m\u00fasculos y mejorar la circulaci\u00f3n sangu\u00ednea. Estos amino\u00e1cidos proporcionan una energ\u00eda duradera y apoyan la salud general del cuerpo.<\/span><\/li><li style=\"font-weight: 400;\" aria-level=\"1\"><span style=\"font-weight: 400;\">Las vitaminas B3 y B9, tambi\u00e9n conocidas como niacina y \u00e1cido f\u00f3lico respectivamente, son esenciales para aumentar la energ\u00eda y mejorar la resistencia. El complejo B desempe\u00f1a un papel importante en el metabolismo de los alimentos y en la producci\u00f3n de energ\u00eda en el cuerpo. Tambi\u00e9n se consideran aliadas naturales en la lucha contra la fatiga.<\/span><\/li><li style=\"font-weight: 400;\" aria-level=\"1\"><span style=\"font-weight: 400;\">Los extractos, como la soya, el ginseng, la hoja de cabra en celo, y la hierba de Tribulus. Ingredientes seleccionados por sus propiedades revitalizantes y su capacidad para aumentar la intensidad y el bienestar. El ginseng, por ejemplo, se ha utilizado tradicionalmente para aumentar la energ\u00eda y mejorar la resistencia f\u00edsica y mental. La hierba de Tribulus se ha utilizado en la medicina tradicional para mejorar la libido y el rendimiento sexual.<\/span><\/li><\/ul>\t\t\t\t\t\t\t\t<\/div>\n\t\t\t\t<\/div>\n\t\t\t\t\t<\/div>\n\t\t\t\t<\/div>\n\t\t\t\t\t<\/div>\n\t\t\t\t<\/div>\n\t\t<div class=\"elementor-element elementor-element-6d8a52fc e-flex e-con-boxed e-con e-parent\" data-id=\"6d8a52fc\" data-element_type=\"container\" data-e-type=\"container\" data-settings=\"{&quot;background_background&quot;:&quot;classic&quot;}\">\n\t\t\t\t\t<div class=\"e-con-inner\">\n\t\t\t\t<div class=\"elementor-element elementor-element-2f603b59 elementor-widget-tablet__width-initial elementor-widget__width-initial elementor-widget elementor-widget-heading\" data-id=\"2f603b59\" data-element_type=\"widget\" data-e-type=\"widget\" data-widget_type=\"heading.default\">\n\t\t\t\t<div class=\"elementor-widget-container\">\n\t\t\t\t\t<div class=\"elementor-heading-title elementor-size-default\">\u00a1NO TE PIERDAS LA OPORTUNIDAD DE EMPODERARTE Y BRILLAR<\/div>\t\t\t\t<\/div>\n\t\t\t\t<\/div>\n\t\t\t\t<div class=\"elementor-element elementor-element-360cb818 elementor-widget-mobile__width-initial elementor-widget elementor-widget-text-editor\" data-id=\"360cb818\" data-element_type=\"widget\" data-e-type=\"widget\" data-widget_type=\"text-editor.default\">\n\t\t\t\t<div class=\"elementor-widget-container\">\n\t\t\t\t\t\t\t\t\t<p><strong>COMO NUNCA ANTES! DESCUBRE EL PODER TRANSFORMADOR DE MAGIC HONEY PARA MUJER<\/strong><\/p>\t\t\t\t\t\t\t\t<\/div>\n\t\t\t\t<\/div>\n\t\t\t\t<div class=\"elementor-element elementor-element-28888f5 elementor-align-left elementor-mobile-align-left elementor-widget-mobile__width-initial elementor-widget elementor-widget-button\" data-id=\"28888f5\" data-element_type=\"widget\" data-e-type=\"widget\" data-widget_type=\"button.default\">\n\t\t\t\t<div class=\"elementor-widget-container\">\n\t\t\t\t\t\t\t\t\t<div class=\"elementor-button-wrapper\">\n\t\t\t\t\t<a class=\"elementor-button elementor-button-link elementor-size-md elementor-animation-grow\" href=\"https:\/\/magichoney.com\/es\/tienda\/\">\n\t\t\t\t\t\t<span class=\"elementor-button-content-wrapper\">\n\t\t\t\t\t\t\t\t\t<span class=\"elementor-button-text\">VISITAR TIENDA<\/span>\n\t\t\t\t\t<\/span>\n\t\t\t\t\t<\/a>\n\t\t\t\t<\/div>\n\t\t\t\t\t\t\t\t<\/div>\n\t\t\t\t<\/div>\n\t\t\t\t\t<\/div>\n\t\t\t\t<\/div>\n\t\t\t\t<\/div>\n\t\t","protected":false},"excerpt":{"rendered":"<p>Magic Honey para Mujer Eleva tu Vitalidad con la Caja de 24 sobres SOBRES DE 10 GRAMOS Magic Honey Caja de 24 sobres para mujer (10 gramos cada uno) cantidad A\u00d1ADIR AL CARRITO Recupera tu vitalidad con Magic Honey Caja de 24 mujer. Nuestra f\u00f3rmula especial combina la esencia de la naturaleza y la nanotecnolog\u00eda &#8230; <a title=\"Caja de 24 Mujer\" class=\"read-more\" href=\"https:\/\/magichoney.com\/es\/caja-de-24-mujer\/\" aria-label=\"Leer m\u00e1s sobre Caja de 24 Mujer\">Leer m\u00e1s<\/a><\/p>\n","protected":false},"author":1,"featured_media":0,"parent":0,"menu_order":0,"comment_status":"closed","ping_status":"closed","template":"elementor_header_footer","meta":{"footnotes":""},"class_list":["post-13763","page","type-page","status-publish"],"_links":{"self":[{"href":"https:\/\/magichoney.com\/es\/wp-json\/wp\/v2\/pages\/13763","targetHints":{"allow":["GET"]}}],"collection":[{"href":"https:\/\/magichoney.com\/es\/wp-json\/wp\/v2\/pages"}],"about":[{"href":"https:\/\/magichoney.com\/es\/wp-json\/wp\/v2\/types\/page"}],"author":[{"embeddable":true,"href":"https:\/\/magichoney.com\/es\/wp-json\/wp\/v2\/users\/1"}],"replies":[{"embeddable":true,"href":"https:\/\/magichoney.com\/es\/wp-json\/wp\/v2\/comments?post=13763"}],"version-history":[{"count":5,"href":"https:\/\/magichoney.com\/es\/wp-json\/wp\/v2\/pages\/13763\/revisions"}],"predecessor-version":[{"id":16219,"href":"https:\/\/magichoney.com\/es\/wp-json\/wp\/v2\/pages\/13763\/revisions\/16219"}],"wp:attachment":[{"href":"https:\/\/magichoney.com\/es\/wp-json\/wp\/v2\/media?parent=13763"}],"curies":[{"name":"wp","href":"https:\/\/api.w.org\/{rel}","templated":true}]}}