{"id":13746,"date":"2023-11-04T21:00:40","date_gmt":"2023-11-04T21:00:40","guid":{"rendered":"https:\/\/magichoney.com\/?page_id=13746"},"modified":"2023-11-27T15:20:10","modified_gmt":"2023-11-27T15:20:10","slug":"caja-de-24-hombre","status":"publish","type":"page","link":"https:\/\/magichoney.com\/es\/caja-de-24-hombre\/","title":{"rendered":"Caja de 24 hombre"},"content":{"rendered":"\t\t<div data-elementor-type=\"wp-page\" data-elementor-id=\"13746\" class=\"elementor elementor-13746\" data-elementor-post-type=\"page\">\n\t\t\t\t<div class=\"elementor-element elementor-element-7fd88162 e-flex e-con-boxed e-con e-parent\" data-id=\"7fd88162\" data-element_type=\"container\" data-e-type=\"container\" data-settings=\"{&quot;background_background&quot;:&quot;classic&quot;}\">\n\t\t\t\t\t<div class=\"e-con-inner\">\n\t\t\t\t<div class=\"elementor-element elementor-element-702f5b1a elementor-widget elementor-widget-spacer\" data-id=\"702f5b1a\" data-element_type=\"widget\" data-e-type=\"widget\" data-widget_type=\"spacer.default\">\n\t\t\t\t<div class=\"elementor-widget-container\">\n\t\t\t\t\t\t\t<div class=\"elementor-spacer\">\n\t\t\t<div class=\"elementor-spacer-inner\"><\/div>\n\t\t<\/div>\n\t\t\t\t\t\t<\/div>\n\t\t\t\t<\/div>\n\t\t\t\t\t<\/div>\n\t\t\t\t<\/div>\n\t\t<div class=\"elementor-element elementor-element-11090a81 e-flex e-con-boxed e-con e-parent\" data-id=\"11090a81\" data-element_type=\"container\" data-e-type=\"container\" data-settings=\"{&quot;background_background&quot;:&quot;classic&quot;}\">\n\t\t\t\t\t<div class=\"e-con-inner\">\n\t\t<div class=\"elementor-element elementor-element-23851af5 e-flex e-con-boxed e-con e-child\" data-id=\"23851af5\" data-element_type=\"container\" data-e-type=\"container\" data-settings=\"{&quot;background_background&quot;:&quot;classic&quot;}\">\n\t\t\t\t\t<div class=\"e-con-inner\">\n\t\t<div class=\"elementor-element elementor-element-5ed8e36c e-con-full e-flex e-con e-child\" data-id=\"5ed8e36c\" data-element_type=\"container\" data-e-type=\"container\">\n\t\t\t\t<div class=\"elementor-element elementor-element-598d548e elementor-widget-mobile__width-initial elementor-widget elementor-widget-image\" data-id=\"598d548e\" data-element_type=\"widget\" data-e-type=\"widget\" data-widget_type=\"image.default\">\n\t\t\t\t<div class=\"elementor-widget-container\">\n\t\t\t\t\t\t\t\t\t\t\t\t\t\t\t<img fetchpriority=\"high\" decoding=\"async\" width=\"600\" height=\"600\" src=\"https:\/\/magichoney.com\/wp-content\/uploads\/2023\/10\/caja-de-24-hombres.webp\" class=\"attachment-full size-full wp-image-12580\" alt=\"Caja de 24 sobres para hombres\" srcset=\"https:\/\/magichoney.com\/wp-content\/uploads\/2023\/10\/caja-de-24-hombres.webp 600w, https:\/\/magichoney.com\/wp-content\/uploads\/2023\/10\/caja-de-24-hombres-300x300.webp 300w, https:\/\/magichoney.com\/wp-content\/uploads\/2023\/10\/caja-de-24-hombres-100x100.webp 100w, https:\/\/magichoney.com\/wp-content\/uploads\/2023\/10\/caja-de-24-hombres-150x150.webp 150w, https:\/\/magichoney.com\/wp-content\/uploads\/2023\/10\/caja-de-24-hombres-140x140.webp 140w, https:\/\/magichoney.com\/wp-content\/uploads\/2023\/10\/caja-de-24-hombres-500x500.webp 500w, https:\/\/magichoney.com\/wp-content\/uploads\/2023\/10\/caja-de-24-hombres-350x350.webp 350w\" sizes=\"(max-width: 600px) 100vw, 600px\" \/>\t\t\t\t\t\t\t\t\t\t\t\t\t\t\t<\/div>\n\t\t\t\t<\/div>\n\t\t\t\t<\/div>\n\t\t<div class=\"elementor-element elementor-element-2459e675 e-con-full e-flex e-con e-child\" data-id=\"2459e675\" data-element_type=\"container\" data-e-type=\"container\">\n\t\t\t\t<div class=\"elementor-element elementor-element-cc981c7 elementor-widget elementor-widget-heading\" data-id=\"cc981c7\" data-element_type=\"widget\" data-e-type=\"widget\" data-widget_type=\"heading.default\">\n\t\t\t\t<div class=\"elementor-widget-container\">\n\t\t\t\t\t<div class=\"elementor-heading-title elementor-size-default\">PR\u00d3XIMAMENTE DISPONIBLE<\/div>\t\t\t\t<\/div>\n\t\t\t\t<\/div>\n\t\t\t\t<div class=\"elementor-element elementor-element-3de0c485 elementor-widget-mobile__width-initial elementor-widget elementor-widget-heading\" data-id=\"3de0c485\" data-element_type=\"widget\" data-e-type=\"widget\" data-widget_type=\"heading.default\">\n\t\t\t\t<div class=\"elementor-widget-container\">\n\t\t\t\t\t<h1 class=\"elementor-heading-title elementor-size-default\">MAGIC HONEY PARA HOMBRES IMPULSO DE ENERG\u00cdA Y VITALIDAD PARA TUS ENTRENAMIENTOS CAJA DE 24 SOBRES<\/h1>\t\t\t\t<\/div>\n\t\t\t\t<\/div>\n\t\t\t\t<div class=\"elementor-element elementor-element-6458e2a8 elementor-widget elementor-widget-heading\" data-id=\"6458e2a8\" data-element_type=\"widget\" data-e-type=\"widget\" data-widget_type=\"heading.default\">\n\t\t\t\t<div class=\"elementor-widget-container\">\n\t\t\t\t\t<div class=\"elementor-heading-title elementor-size-default\">SOBRES DE 10 GRAMOS CADA UNO<\/div>\t\t\t\t<\/div>\n\t\t\t\t<\/div>\n\t\t\t\t<div class=\"elementor-element elementor-element-4972a46b elementor-widget-mobile__width-initial elementor-widget elementor-widget-text-editor\" data-id=\"4972a46b\" data-element_type=\"widget\" data-e-type=\"widget\" data-widget_type=\"text-editor.default\">\n\t\t\t\t<div class=\"elementor-widget-container\">\n\t\t\t\t\t\t\t\t\t<p><span style=\"font-weight: 400;\">Magic Honey, una miel energizante trae su nueva presentaci\u00f3n de Caja de 24 hombre, dise\u00f1ada exclusivamente para hombres. Con su f\u00f3rmula \u00fanica combina lo mejor de la naturaleza y la innovaci\u00f3n nanotecnol\u00f3gica para aumentar tu energ\u00eda en cada entrenamiento.\u00a0<\/span><\/p>\t\t\t\t\t\t\t\t<\/div>\n\t\t\t\t<\/div>\n\t\t\t\t<div class=\"elementor-element elementor-element-2a9eb5e0 elementor-widget-mobile__width-initial elementor-widget elementor-widget-heading\" data-id=\"2a9eb5e0\" data-element_type=\"widget\" data-e-type=\"widget\" data-widget_type=\"heading.default\">\n\t\t\t\t<div class=\"elementor-widget-container\">\n\t\t\t\t\t<h2 class=\"elementor-heading-title elementor-size-default\">CARACTER\u00cdSTICAS DE MAGIC HONEY CAJA DE 24<\/h2>\t\t\t\t<\/div>\n\t\t\t\t<\/div>\n\t\t\t\t<div class=\"elementor-element elementor-element-1a30a3b6 elementor-widget elementor-widget-text-editor\" data-id=\"1a30a3b6\" data-element_type=\"widget\" data-e-type=\"widget\" data-widget_type=\"text-editor.default\">\n\t\t\t\t<div class=\"elementor-widget-container\">\n\t\t\t\t\t\t\t\t\t<ul><li style=\"font-weight: 400;\" aria-level=\"1\"><span style=\"font-weight: 400;\">Caja de 24 sobres para satisfacer las rutinas exigentes de alto nivel.<\/span><\/li><li style=\"font-weight: 400;\" aria-level=\"1\"><span style=\"font-weight: 400;\">F\u00f3rmula cuidadosamente elaborada para ofrecer resultados excepcionales.<\/span><\/li><li style=\"font-weight: 400;\" aria-level=\"1\"><span style=\"font-weight: 400;\">Refuerza tu vitalidad y rendimiento durante encuentros \u00edntimos.<\/span><\/li><li style=\"font-weight: 400;\" aria-level=\"1\"><span style=\"font-weight: 400;\">Proporciona un impulso adicional de energ\u00eda para abordar todos los desaf\u00edos de la vida.<\/span><\/li><\/ul>\t\t\t\t\t\t\t\t<\/div>\n\t\t\t\t<\/div>\n\t\t\t\t<\/div>\n\t\t\t\t\t<\/div>\n\t\t\t\t<\/div>\n\t\t\t\t\t<\/div>\n\t\t\t\t<\/div>\n\t\t<div class=\"elementor-element elementor-element-6fbebc96 e-flex e-con-boxed e-con e-parent\" data-id=\"6fbebc96\" data-element_type=\"container\" data-e-type=\"container\" data-settings=\"{&quot;background_background&quot;:&quot;classic&quot;}\">\n\t\t\t\t\t<div class=\"e-con-inner\">\n\t\t\t\t<div class=\"elementor-element elementor-element-5e79ca33 elementor-widget-mobile__width-initial elementor-widget elementor-widget-heading\" data-id=\"5e79ca33\" data-element_type=\"widget\" data-e-type=\"widget\" data-widget_type=\"heading.default\">\n\t\t\t\t<div class=\"elementor-widget-container\">\n\t\t\t\t\t<h2 class=\"elementor-heading-title elementor-size-default\">BENEFICIOS QUE MAGIC HONEY APORTA A TU ENTRENAMIENTO<\/h2>\t\t\t\t<\/div>\n\t\t\t\t<\/div>\n\t\t\t\t<div class=\"elementor-element elementor-element-5e814336 elementor-widget-mobile__width-initial elementor-widget elementor-widget-text-editor\" data-id=\"5e814336\" data-element_type=\"widget\" data-e-type=\"widget\" data-widget_type=\"text-editor.default\">\n\t\t\t\t<div class=\"elementor-widget-container\">\n\t\t\t\t\t\t\t\t\t<p><span style=\"font-weight: 400;\">Si eres un hombre activo que busca maximizar su rendimiento f\u00edsico y mental, Magic Honey en su presentaci\u00f3n de la caja de 24 sobres es tu aliado perfecto. Conoce alguno de sus beneficios:<\/span><\/p>\t\t\t\t\t\t\t\t<\/div>\n\t\t\t\t<\/div>\n\t\t\t\t<div class=\"elementor-element elementor-element-499fe054 elementor-widget elementor-widget-heading\" data-id=\"499fe054\" data-element_type=\"widget\" data-e-type=\"widget\" data-widget_type=\"heading.default\">\n\t\t\t\t<div class=\"elementor-widget-container\">\n\t\t\t\t\t<h3 class=\"elementor-heading-title elementor-size-default\">ENERG\u00cdA DURADERA<\/h3>\t\t\t\t<\/div>\n\t\t\t\t<\/div>\n\t\t\t\t<div class=\"elementor-element elementor-element-13ccccaa elementor-widget-mobile__width-initial elementor-widget elementor-widget-text-editor\" data-id=\"13ccccaa\" data-element_type=\"widget\" data-e-type=\"widget\" data-widget_type=\"text-editor.default\">\n\t\t\t\t<div class=\"elementor-widget-container\">\n\t\t\t\t\t\t\t\t\t<p><span style=\"font-weight: 400;\">Cada sobre de Magic Honey est\u00e1 lleno de ingredientes naturales y vitaminas del complejo B que te proporcionar\u00e1n un impulso de energ\u00eda sostenida. Dile adi\u00f3s a los bajones de energ\u00eda durante tu entrenamiento; estar\u00e1s listo para darlo todo de principio a fin.<\/span><\/p>\t\t\t\t\t\t\t\t<\/div>\n\t\t\t\t<\/div>\n\t\t\t\t<div class=\"elementor-element elementor-element-3c0cbff0 elementor-widget elementor-widget-heading\" data-id=\"3c0cbff0\" data-element_type=\"widget\" data-e-type=\"widget\" data-widget_type=\"heading.default\">\n\t\t\t\t<div class=\"elementor-widget-container\">\n\t\t\t\t\t<h3 class=\"elementor-heading-title elementor-size-default\">MAYOR RESISTENCIA<\/h3>\t\t\t\t<\/div>\n\t\t\t\t<\/div>\n\t\t\t\t<div class=\"elementor-element elementor-element-40985b70 elementor-widget-mobile__width-initial elementor-widget elementor-widget-text-editor\" data-id=\"40985b70\" data-element_type=\"widget\" data-e-type=\"widget\" data-widget_type=\"text-editor.default\">\n\t\t\t\t<div class=\"elementor-widget-container\">\n\t\t\t\t\t\t\t\t\t<p><span style=\"font-weight: 400;\">La Glicina y la L-Arginina presentes en la f\u00f3rmula para hombres son amino\u00e1cidos clave que fortalecen tus m\u00fasculos y mejoran la circulaci\u00f3n sangu\u00ednea. Lo que provoca\u00a0 una mayor resistencia durante los entrenamientos de alta intensidad y una recuperaci\u00f3n m\u00e1s r\u00e1pida.<\/span><\/p>\t\t\t\t\t\t\t\t<\/div>\n\t\t\t\t<\/div>\n\t\t\t\t<div class=\"elementor-element elementor-element-747b68c5 elementor-widget elementor-widget-heading\" data-id=\"747b68c5\" data-element_type=\"widget\" data-e-type=\"widget\" data-widget_type=\"heading.default\">\n\t\t\t\t<div class=\"elementor-widget-container\">\n\t\t\t\t\t<h3 class=\"elementor-heading-title elementor-size-default\">CONCENTRACI\u00d3N Y ENFOQUE<\/h3>\t\t\t\t<\/div>\n\t\t\t\t<\/div>\n\t\t\t\t<div class=\"elementor-element elementor-element-58860750 elementor-widget-mobile__width-initial elementor-widget elementor-widget-text-editor\" data-id=\"58860750\" data-element_type=\"widget\" data-e-type=\"widget\" data-widget_type=\"text-editor.default\">\n\t\t\t\t<div class=\"elementor-widget-container\">\n\t\t\t\t\t\t\t\t\t<p><span style=\"font-weight: 400;\">Las vitaminas del complejo B, en particular la B6 y la B12, han demostrado mejorar la concentraci\u00f3n y el enfoque mental. Lo que ayuda a realizar ejercicios con precisi\u00f3n y atenci\u00f3n, maximizando los resultados.<\/span><\/p>\t\t\t\t\t\t\t\t<\/div>\n\t\t\t\t<\/div>\n\t\t\t\t<div class=\"elementor-element elementor-element-40a4cc7 elementor-widget elementor-widget-heading\" data-id=\"40a4cc7\" data-element_type=\"widget\" data-e-type=\"widget\" data-widget_type=\"heading.default\">\n\t\t\t\t<div class=\"elementor-widget-container\">\n\t\t\t\t\t<h3 class=\"elementor-heading-title elementor-size-default\">REFUERZA TU SISTEMA INMUNE<\/h3>\t\t\t\t<\/div>\n\t\t\t\t<\/div>\n\t\t\t\t<div class=\"elementor-element elementor-element-123647dc elementor-widget-mobile__width-initial elementor-widget elementor-widget-text-editor\" data-id=\"123647dc\" data-element_type=\"widget\" data-e-type=\"widget\" data-widget_type=\"text-editor.default\">\n\t\t\t\t<div class=\"elementor-widget-container\">\n\t\t\t\t\t\t\t\t\t<p><span style=\"font-weight: 400;\">La rutina diaria puede debilitar tu sistema inmunol\u00f3gico. Las vitaminas del complejo B en Magic Honey son esenciales para un sistema inmunol\u00f3gico fuerte, ayud\u00e1ndote a mantenerte saludable incluso en medio de sesiones intensas de ejercicio.<\/span><\/p>\t\t\t\t\t\t\t\t<\/div>\n\t\t\t\t<\/div>\n\t\t\t\t<div class=\"elementor-element elementor-element-39e711af elementor-widget elementor-widget-heading\" data-id=\"39e711af\" data-element_type=\"widget\" data-e-type=\"widget\" data-widget_type=\"heading.default\">\n\t\t\t\t<div class=\"elementor-widget-container\">\n\t\t\t\t\t<h3 class=\"elementor-heading-title elementor-size-default\">VITALIDAD TODOS LOS D\u00cdAS<\/h3>\t\t\t\t<\/div>\n\t\t\t\t<\/div>\n\t\t\t\t<div class=\"elementor-element elementor-element-6f7910b5 elementor-widget-mobile__width-initial elementor-widget elementor-widget-text-editor\" data-id=\"6f7910b5\" data-element_type=\"widget\" data-e-type=\"widget\" data-widget_type=\"text-editor.default\">\n\t\t\t\t<div class=\"elementor-widget-container\">\n\t\t\t\t\t\t\t\t\t<p><span style=\"font-weight: 400;\">Nuestra f\u00f3rmula proporciona energ\u00eda f\u00edsica, y tambi\u00e9n revitaliza tu bienestar general. Experimentar\u00e1s una mayor vitalidad y te sentir\u00e1s m\u00e1s activo y en\u00e9rgico en todas las \u00e1reas de tu vida, no solo en el gimnasio.<\/span><\/p>\t\t\t\t\t\t\t\t<\/div>\n\t\t\t\t<\/div>\n\t\t\t\t<div class=\"elementor-element elementor-element-7a7c30b4 elementor-widget-mobile__width-initial elementor-widget elementor-widget-heading\" data-id=\"7a7c30b4\" data-element_type=\"widget\" data-e-type=\"widget\" data-widget_type=\"heading.default\">\n\t\t\t\t<div class=\"elementor-widget-container\">\n\t\t\t\t\t<h2 class=\"elementor-heading-title elementor-size-default\">DESCUBRE LOS INGREDIENTES DE MAGIC HONEY<\/h2>\t\t\t\t<\/div>\n\t\t\t\t<\/div>\n\t\t\t\t\t<\/div>\n\t\t\t\t<\/div>\n\t\t<div class=\"elementor-element elementor-element-1e5a56e3 e-flex e-con-boxed e-con e-parent\" data-id=\"1e5a56e3\" data-element_type=\"container\" data-e-type=\"container\" data-settings=\"{&quot;background_background&quot;:&quot;classic&quot;}\">\n\t\t\t\t\t<div class=\"e-con-inner\">\n\t\t<div class=\"elementor-element elementor-element-136c0362 e-con-full e-flex elementor-invisible e-con e-child\" data-id=\"136c0362\" data-element_type=\"container\" data-e-type=\"container\" data-settings=\"{&quot;background_background&quot;:&quot;classic&quot;,&quot;animation&quot;:&quot;pulse&quot;}\">\n\t\t\t\t<div class=\"elementor-element elementor-element-cb27b51 elementor-widget__width-inherit elementor-widget elementor-widget-heading\" data-id=\"cb27b51\" data-element_type=\"widget\" data-e-type=\"widget\" data-widget_type=\"heading.default\">\n\t\t\t\t<div class=\"elementor-widget-container\">\n\t\t\t\t\t<h2 class=\"elementor-heading-title elementor-size-default\"><a href=\"https:\/\/magichoney.com\/es\/vitamina-b\/\">VITAMINA B6<\/a><\/h2>\t\t\t\t<\/div>\n\t\t\t\t<\/div>\n\t\t\t\t<\/div>\n\t\t<div class=\"elementor-element elementor-element-7a3ff3d0 e-con-full e-flex elementor-invisible e-con e-child\" data-id=\"7a3ff3d0\" data-element_type=\"container\" data-e-type=\"container\" data-settings=\"{&quot;background_background&quot;:&quot;classic&quot;,&quot;animation&quot;:&quot;pulse&quot;}\">\n\t\t\t\t<div class=\"elementor-element elementor-element-386b932b elementor-widget__width-inherit elementor-widget elementor-widget-heading\" data-id=\"386b932b\" data-element_type=\"widget\" data-e-type=\"widget\" data-widget_type=\"heading.default\">\n\t\t\t\t<div class=\"elementor-widget-container\">\n\t\t\t\t\t<h2 class=\"elementor-heading-title elementor-size-default\"><a href=\"https:\/\/magichoney.com\/es\/arginina\/\">L-ARGININA<\/a><\/h2>\t\t\t\t<\/div>\n\t\t\t\t<\/div>\n\t\t\t\t<\/div>\n\t\t<div class=\"elementor-element elementor-element-310d22c1 e-con-full e-flex elementor-invisible e-con e-child\" data-id=\"310d22c1\" data-element_type=\"container\" data-e-type=\"container\" data-settings=\"{&quot;background_background&quot;:&quot;classic&quot;,&quot;animation&quot;:&quot;pulse&quot;}\">\n\t\t\t\t<div class=\"elementor-element elementor-element-5ade484f elementor-widget__width-inherit elementor-widget elementor-widget-heading\" data-id=\"5ade484f\" data-element_type=\"widget\" data-e-type=\"widget\" data-widget_type=\"heading.default\">\n\t\t\t\t<div class=\"elementor-widget-container\">\n\t\t\t\t\t<h2 class=\"elementor-heading-title elementor-size-default\"><a href=\"https:\/\/magichoney.com\/es\/glicina\/\">GLICINA<\/a><\/h2>\t\t\t\t<\/div>\n\t\t\t\t<\/div>\n\t\t\t\t<\/div>\n\t\t<div class=\"elementor-element elementor-element-5ce4f6c2 e-con-full e-flex elementor-invisible e-con e-child\" data-id=\"5ce4f6c2\" data-element_type=\"container\" data-e-type=\"container\" data-settings=\"{&quot;background_background&quot;:&quot;classic&quot;,&quot;animation&quot;:&quot;pulse&quot;}\">\n\t\t\t\t<div class=\"elementor-element elementor-element-17b98528 elementor-widget__width-inherit elementor-widget elementor-widget-heading\" data-id=\"17b98528\" data-element_type=\"widget\" data-e-type=\"widget\" data-widget_type=\"heading.default\">\n\t\t\t\t<div class=\"elementor-widget-container\">\n\t\t\t\t\t<h2 class=\"elementor-heading-title elementor-size-default\"><a href=\"https:\/\/magichoney.com\/es\/vitamina-b\/\">VITAMINA B12<\/a><\/h2>\t\t\t\t<\/div>\n\t\t\t\t<\/div>\n\t\t\t\t<\/div>\n\t\t\t\t\t<\/div>\n\t\t\t\t<\/div>\n\t\t<div class=\"elementor-element elementor-element-36869d2e e-flex e-con-boxed e-con e-parent\" data-id=\"36869d2e\" data-element_type=\"container\" data-e-type=\"container\" data-settings=\"{&quot;background_background&quot;:&quot;classic&quot;}\">\n\t\t\t\t\t<div class=\"e-con-inner\">\n\t\t\t\t<div class=\"elementor-element elementor-element-591435a6 elementor-widget-mobile__width-initial elementor-widget elementor-widget-heading\" data-id=\"591435a6\" data-element_type=\"widget\" data-e-type=\"widget\" data-widget_type=\"heading.default\">\n\t\t\t\t<div class=\"elementor-widget-container\">\n\t\t\t\t\t<h2 class=\"elementor-heading-title elementor-size-default\">C\u00d3MO INCLUIR MAGIC HONEY EN MI RUTINA DIARIA<\/h2>\t\t\t\t<\/div>\n\t\t\t\t<\/div>\n\t\t\t\t<div class=\"elementor-element elementor-element-5a8d527e elementor-widget elementor-widget-text-editor\" data-id=\"5a8d527e\" data-element_type=\"widget\" data-e-type=\"widget\" data-widget_type=\"text-editor.default\">\n\t\t\t\t<div class=\"elementor-widget-container\">\n\t\t\t\t\t\t\t\t\t<p><span style=\"font-weight: 400;\">Elige un momento conveniente durante tu rutina diaria deportiva para tomar Magic Honey. <\/span><\/p><ul><li><span style=\"font-weight: 400;\">Puede ser antes de hacer ejercicio para obtener un impulso de energ\u00eda o despu\u00e9s para ayudar en la recuperaci\u00f3n.<\/span><\/li><li><span style=\"font-weight: 400;\">Evita exceder la dosis recomendada por d\u00eda.\u00a0<\/span><\/li><li><span style=\"font-weight: 400;\">Puedes consumir Magic Honey directamente del sobre o mezclarlo con agua u otra bebida de tu elecci\u00f3n.\u00a0<\/span><\/li><\/ul><p><span style=\"font-weight: 400;\">Lo importante es ser constante al momento de tomarlo, para as\u00ed tener ese extra de energ\u00eda diariamente.\u00a0<\/span><\/p>\t\t\t\t\t\t\t\t<\/div>\n\t\t\t\t<\/div>\n\t\t\t\t\t<\/div>\n\t\t\t\t<\/div>\n\t\t<div class=\"elementor-element elementor-element-59f73fff e-flex e-con-boxed e-con e-parent\" data-id=\"59f73fff\" data-element_type=\"container\" data-e-type=\"container\" data-settings=\"{&quot;background_background&quot;:&quot;classic&quot;}\">\n\t\t\t\t\t<div class=\"e-con-inner\">\n\t\t\t\t<div class=\"elementor-element elementor-element-69dcc85f elementor-widget elementor-widget-heading\" data-id=\"69dcc85f\" data-element_type=\"widget\" data-e-type=\"widget\" data-widget_type=\"heading.default\">\n\t\t\t\t<div class=\"elementor-widget-container\">\n\t\t\t\t\t<h3 class=\"elementor-heading-title elementor-size-default\">PREGUNTAS FRECUENTES<\/h3>\t\t\t\t<\/div>\n\t\t\t\t<\/div>\n\t\t\t\t<div class=\"elementor-element elementor-element-6eef5c26 elementor-widget elementor-widget-heading\" data-id=\"6eef5c26\" data-element_type=\"widget\" data-e-type=\"widget\" data-widget_type=\"heading.default\">\n\t\t\t\t<div class=\"elementor-widget-container\">\n\t\t\t\t\t<h2 class=\"elementor-heading-title elementor-size-default\">\u00bfQU\u00c9 ES MAGIC HONEY?<\/h2>\t\t\t\t<\/div>\n\t\t\t\t<\/div>\n\t\t\t\t<div class=\"elementor-element elementor-element-5038e3f6 elementor-widget elementor-widget-text-editor\" data-id=\"5038e3f6\" data-element_type=\"widget\" data-e-type=\"widget\" data-widget_type=\"text-editor.default\">\n\t\t\t\t<div class=\"elementor-widget-container\">\n\t\t\t\t\t\t\t\t\t<p><span style=\"font-weight: 400;\">Magic Honey es una miel pura y nutritiva fortificada con una mezcla l-arginina y l-glicina, junto con complejos vitam\u00ednicos del grupo B.\u00a0\u00a0<\/span><\/p><p><span style=\"font-weight: 400;\">La f\u00f3rmula de Magic Honey permite aumentar los niveles de energ\u00eda para los entrenamientos.\u00a0<\/span><\/p><p><span style=\"font-weight: 400;\">Tambi\u00e9n fortalece el sistema inmunol\u00f3gico y ayuda en casos de impotencia sexual y\/o disfunci\u00f3n er\u00e9ctil. Un solo trago de Miel M\u00e1gica te llena de energ\u00eda y vitalidad durante 24 horas.<\/span><\/p>\t\t\t\t\t\t\t\t<\/div>\n\t\t\t\t<\/div>\n\t\t\t\t<div class=\"elementor-element elementor-element-3d1038ad elementor-widget elementor-widget-heading\" data-id=\"3d1038ad\" data-element_type=\"widget\" data-e-type=\"widget\" data-widget_type=\"heading.default\">\n\t\t\t\t<div class=\"elementor-widget-container\">\n\t\t\t\t\t<h2 class=\"elementor-heading-title elementor-size-default\">\u00bfC\u00d3MO PUEDO TOMAR MAGIC HONEY?<\/h2>\t\t\t\t<\/div>\n\t\t\t\t<\/div>\n\t\t\t\t<div class=\"elementor-element elementor-element-3482feae elementor-widget elementor-widget-text-editor\" data-id=\"3482feae\" data-element_type=\"widget\" data-e-type=\"widget\" data-widget_type=\"text-editor.default\">\n\t\t\t\t<div class=\"elementor-widget-container\">\n\t\t\t\t\t\t\t\t\t<p><span style=\"font-weight: 400;\">Puedes consumirlo directamente del sobre o hacer deliciosas recetas. Puedes darle un toque dulce a tus batidos de prote\u00edna o prepararlo en postres.\u00a0<\/span><\/p>\t\t\t\t\t\t\t\t<\/div>\n\t\t\t\t<\/div>\n\t\t\t\t<div class=\"elementor-element elementor-element-4b27ae37 elementor-widget elementor-widget-heading\" data-id=\"4b27ae37\" data-element_type=\"widget\" data-e-type=\"widget\" data-widget_type=\"heading.default\">\n\t\t\t\t<div class=\"elementor-widget-container\">\n\t\t\t\t\t<h2 class=\"elementor-heading-title elementor-size-default\">\u00bfQU\u00c9 SUCEDE CUANDO TOMAS MAGIC HONEY?<\/h2>\t\t\t\t<\/div>\n\t\t\t\t<\/div>\n\t\t\t\t<div class=\"elementor-element elementor-element-533f5192 elementor-widget elementor-widget-text-editor\" data-id=\"533f5192\" data-element_type=\"widget\" data-e-type=\"widget\" data-widget_type=\"text-editor.default\">\n\t\t\t\t<div class=\"elementor-widget-container\">\n\t\t\t\t\t\t\t\t\t<p><span style=\"font-weight: 400;\">Mejora tu rendimiento f\u00edsico en las actividades deportivas, refuerza tu sistema inmunol\u00f3gico, aumenta el deseo sexual y disminuye los problemas de libido.\u00a0<\/span><\/p>\t\t\t\t\t\t\t\t<\/div>\n\t\t\t\t<\/div>\n\t\t\t\t\t<\/div>\n\t\t\t\t<\/div>\n\t\t<div class=\"elementor-element elementor-element-25698f97 e-flex e-con-boxed e-con e-parent\" data-id=\"25698f97\" data-element_type=\"container\" data-e-type=\"container\" data-settings=\"{&quot;background_background&quot;:&quot;classic&quot;}\">\n\t\t\t\t\t<div class=\"e-con-inner\">\n\t\t\t\t<div class=\"elementor-element elementor-element-4e30786f elementor-widget-tablet__width-initial elementor-widget__width-initial elementor-widget elementor-widget-heading\" data-id=\"4e30786f\" data-element_type=\"widget\" data-e-type=\"widget\" data-widget_type=\"heading.default\">\n\t\t\t\t<div class=\"elementor-widget-container\">\n\t\t\t\t\t<div class=\"elementor-heading-title elementor-size-default\">\u00bfQUIERES SER IMPARABLE? SE PARTE DE LA MAGIA<\/div>\t\t\t\t<\/div>\n\t\t\t\t<\/div>\n\t\t\t\t<div class=\"elementor-element elementor-element-551bd33b elementor-align-left elementor-mobile-align-left elementor-widget-mobile__width-initial elementor-widget elementor-widget-button\" data-id=\"551bd33b\" data-element_type=\"widget\" data-e-type=\"widget\" data-widget_type=\"button.default\">\n\t\t\t\t<div class=\"elementor-widget-container\">\n\t\t\t\t\t\t\t\t\t<div class=\"elementor-button-wrapper\">\n\t\t\t\t\t<a class=\"elementor-button elementor-button-link elementor-size-md elementor-animation-grow\" href=\"https:\/\/magichoney.com\/es\/tienda\/\">\n\t\t\t\t\t\t<span class=\"elementor-button-content-wrapper\">\n\t\t\t\t\t\t\t\t\t<span class=\"elementor-button-text\">VISITAR TIENDA<\/span>\n\t\t\t\t\t<\/span>\n\t\t\t\t\t<\/a>\n\t\t\t\t<\/div>\n\t\t\t\t\t\t\t\t<\/div>\n\t\t\t\t<\/div>\n\t\t\t\t\t<\/div>\n\t\t\t\t<\/div>\n\t\t\t\t<\/div>\n\t\t","protected":false},"excerpt":{"rendered":"<p>PR\u00d3XIMAMENTE DISPONIBLE MAGIC HONEY PARA HOMBRES IMPULSO DE ENERG\u00cdA Y VITALIDAD PARA TUS ENTRENAMIENTOS CAJA DE 24 SOBRES SOBRES DE 10 GRAMOS CADA UNO Magic Honey, una miel energizante trae su nueva presentaci\u00f3n de Caja de 24 hombre, dise\u00f1ada exclusivamente para hombres. Con su f\u00f3rmula \u00fanica combina lo mejor de la naturaleza y la innovaci\u00f3n &#8230; <a title=\"Caja de 24 hombre\" class=\"read-more\" href=\"https:\/\/magichoney.com\/es\/caja-de-24-hombre\/\" aria-label=\"Leer m\u00e1s sobre Caja de 24 hombre\">Leer m\u00e1s<\/a><\/p>\n","protected":false},"author":1,"featured_media":0,"parent":0,"menu_order":0,"comment_status":"closed","ping_status":"closed","template":"elementor_header_footer","meta":{"footnotes":""},"class_list":["post-13746","page","type-page","status-publish"],"_links":{"self":[{"href":"https:\/\/magichoney.com\/es\/wp-json\/wp\/v2\/pages\/13746","targetHints":{"allow":["GET"]}}],"collection":[{"href":"https:\/\/magichoney.com\/es\/wp-json\/wp\/v2\/pages"}],"about":[{"href":"https:\/\/magichoney.com\/es\/wp-json\/wp\/v2\/types\/page"}],"author":[{"embeddable":true,"href":"https:\/\/magichoney.com\/es\/wp-json\/wp\/v2\/users\/1"}],"replies":[{"embeddable":true,"href":"https:\/\/magichoney.com\/es\/wp-json\/wp\/v2\/comments?post=13746"}],"version-history":[{"count":5,"href":"https:\/\/magichoney.com\/es\/wp-json\/wp\/v2\/pages\/13746\/revisions"}],"predecessor-version":[{"id":16484,"href":"https:\/\/magichoney.com\/es\/wp-json\/wp\/v2\/pages\/13746\/revisions\/16484"}],"wp:attachment":[{"href":"https:\/\/magichoney.com\/es\/wp-json\/wp\/v2\/media?parent=13746"}],"curies":[{"name":"wp","href":"https:\/\/api.w.org\/{rel}","templated":true}]}}